{"id":6,"date":"2019-04-17T13:00:21","date_gmt":"2019-04-17T10:00:21","guid":{"rendered":"http:\/\/teskongre.org\/fm2019\/?page_id=2"},"modified":"2025-06-30T11:28:42","modified_gmt":"2025-06-30T11:28:42","slug":"ornek-sayfa","status":"publish","type":"page","link":"https:\/\/teskongre.org\/fm2025\/","title":{"rendered":"ANA SAYFA"},"content":{"rendered":"<div class=\"wp-block-image\">\n<figure class=\"alignleft size-large is-resized\"><img loading=\"lazy\" decoding=\"async\" width=\"717\" height=\"1024\" src=\"https:\/\/teskongre.org\/fm2025\/wp-content\/uploads\/2025\/03\/1120x1600-717x1024.jpg\" alt=\"\" class=\"wp-image-777\" style=\"width:395px;height:auto\" srcset=\"https:\/\/teskongre.org\/fm2025\/wp-content\/uploads\/2025\/03\/1120x1600-717x1024.jpg 717w, https:\/\/teskongre.org\/fm2025\/wp-content\/uploads\/2025\/03\/1120x1600-210x300.jpg 210w, https:\/\/teskongre.org\/fm2025\/wp-content\/uploads\/2025\/03\/1120x1600-768x1097.jpg 768w, https:\/\/teskongre.org\/fm2025\/wp-content\/uploads\/2025\/03\/1120x1600-1075x1536.jpg 1075w, https:\/\/teskongre.org\/fm2025\/wp-content\/uploads\/2025\/03\/1120x1600-660x943.jpg 660w, https:\/\/teskongre.org\/fm2025\/wp-content\/uploads\/2025\/03\/1120x1600.jpg 1120w\" sizes=\"auto, (max-width: 717px) 100vw, 717px\" \/><\/figure>\n<\/div>\n\n\n<p class=\"has-text-align-left\">21. y\u00fczy\u0131lda bilim ve insanl\u0131k aras\u0131ndaki ili\u015fki b\u00fcy\u00fck bir d\u00f6n\u00fc\u015f\u00fcm ge\u00e7irmi\u015ftir. Bilim ve teknolojinin h\u0131zla geli\u015fmesi, insan hayat\u0131n\u0131 kolayla\u015ft\u0131rm\u0131\u015f ve d\u00fcnyay\u0131 daha k\u00fc\u00e7\u00fck bir yer haline getirmi\u015ftir. T\u0131p, enerji, ula\u015f\u0131m, ileti\u015fim gibi bir\u00e7ok alanda devrim niteli\u011finde geli\u015fmeler ya\u015fanm\u0131\u015f, insanlar uzak mesafelere daha h\u0131zl\u0131 ve d\u00fc\u015f\u00fck maliyetle seyahat edebilir hale gelmi\u015ftir. \u0130nternet sayesinde bilgiye eri\u015fim her zamankinden daha kolay olmu\u015f, t\u0131p alan\u0131ndaki ke\u015fifler sayesinde bir\u00e7ok hastal\u0131k tedavi edilebilir hale gelmi\u015f, yenilenebilir enerji kaynaklar\u0131 kullan\u0131larak daha s\u00fcrd\u00fcr\u00fclebilir bir gelecek hedeflenmi\u015ftir.<\/p>\n\n\n\n<p>Ancak bu ilerlemeler beraberinde ciddi sorunlar\u0131 da getirmi\u015ftir. \u0130klim de\u011fi\u015fikli\u011fi, \u00e7evre kirlili\u011fi ve siber g\u00fcvenlik gibi alanlarda yeni meydan okumalar ortaya \u00e7\u0131km\u0131\u015ft\u0131r. Bilim ve teknolojinin sundu\u011fu f\u0131rsatlar ile bu zorluklar\u0131 birlikte ele almak, dengeli ve s\u00fcrd\u00fcr\u00fclebilir bir kalk\u0131nma sa\u011flamak b\u00fcy\u00fck \u00f6nem ta\u015f\u0131maktad\u0131r. Bilimin ve teknolojinin do\u011fru y\u00f6nlendirilmesi, bilim insanlar\u0131n\u0131n disiplinli \u00e7al\u0131\u015fmalar\u0131yla m\u00fcmk\u00fcnd\u00fcr. T\u00fcrk milleti tarih boyunca bilime, akla, bilgiye ve teknolojiye b\u00fcy\u00fck \u00f6nem vermi\u015ftir. Cumhuriyetimizin kurucusu Mustafa Kemal Atat\u00fcrk\u2019\u00fcn, \u201cT\u00fcrk m\u00fchendislerinin al\u0131nlar\u0131nda parlayan \u0131\u015f\u0131k Cumhuriyet\u2019in gelece\u011fini ayd\u0131nlatacakt\u0131r.\u201d s\u00f6z\u00fc, bilim ve teknolojinin \u00fclkemiz i\u00e7in ta\u015f\u0131d\u0131\u011f\u0131 \u00f6nemi vurgulamaktad\u0131r.<\/p>\n\n\n\n<p>2025 y\u0131l\u0131, Prof. Dr. Oktay S\u0130NANO\u011eLU\u2019nun do\u011fumunun 90. vefat\u0131n\u0131n 10. y\u0131l\u0131 olmas\u0131 m\u00fcnasebetiyle \u00a0<strong>5. Uluslararas\u0131 T\u00fcrk D\u00fcnyas\u0131 M\u00fchendislik ve Fen Bilimleri Kongresi<\/strong>, Prof. Dr. Oktay S\u0130NANO\u011eLU an\u0131s\u0131na d\u00fczenlenmi\u015f onun hayalini kurdu\u011fu ve bizlere T\u00fcrk\u00e7e ve T\u00fcrk dili ile hedefler koydu\u011fu T\u00fcrk ve T\u00fcrkiye Y\u00fczy\u0131l\u0131nda T\u00fcrk D\u00fcnyas\u0131\u2019n\u0131n bilimsel \u00e7al\u0131\u015fmalar\u0131na katk\u0131 sunmay\u0131 ama\u00e7lamaktad\u0131r. Birle\u015fmi\u015f Milletler 2025 y\u0131l\u0131n\u0131\u00a0<strong>Uluslararas\u0131 Kuantum Bilimi ve Teknolojisi Y\u0131l\u0131 (IYQ)<\/strong>\u00a0ilan etmi\u015ftir. Kuantum biliminin 20. y\u00fczy\u0131ldaki teknolojik ilerlemeye katk\u0131lar\u0131 ve 21. y\u00fczy\u0131lda s\u00fcrd\u00fcr\u00fclebilir kalk\u0131nmaya olan etkileri kongremizde ele al\u0131nacakt\u0131r. Bu ba\u011flamda, kuantum alan\u0131nda \u00e7\u0131\u011f\u0131r a\u00e7an \u00e7al\u0131\u015fmalar yapan ve d\u00fcnya \u00e7ap\u0131nda tan\u0131nan Prof. Dr. Oktay S\u0130NANO\u011eLU\u2019nun an\u0131s\u0131na da bu kongrenin d\u00fczenlenmesi etkinli\u011fin anlam\u0131n\u0131 farkl\u0131 bir boyuta ta\u015f\u0131maktad\u0131r. Kongre, Uluslararas\u0131 Avrasya E\u011fitim Sendikalar\u0131 Birli\u011fi (UAESEB) ve T\u00fcrk E\u011fitim-Sen Genel Merkezi i\u015f birli\u011fiyle 4-7 Aral\u0131k 2025 tarihleri aras\u0131nda ger\u00e7ekle\u015ftirilecektir.<\/p>\n\n\n\n<p>Yale \u00dcniversitesi\u2019nde tam profes\u00f6rl\u00fck unvan\u0131n\u0131 kazanan en gen\u00e7 akademisyenlerden biri olan Sinano\u011flu, teorik kimya ve molek\u00fcler biyoloji alanlar\u0131nda geli\u015ftirdi\u011fi teorilerle bilim d\u00fcnyas\u0131nda b\u00fcy\u00fck kabul g\u00f6rm\u00fc\u015f, ayn\u0131 zamanda T\u00fcrk\u00e7enin bilim dili olarak kullan\u0131labilece\u011fini savunarak, bilim ve e\u011fitim sistemimize \u00f6nemli katk\u0131lar sunmu\u015ftur. Yabanc\u0131 dille e\u011fitime kar\u015f\u0131 \u00e7\u0131karak, bilim \u00fcretiminde anadil kullan\u0131m\u0131n\u0131n \u00f6nemini vurgulam\u0131\u015f ve T\u00fcrk gen\u00e7lerinin bilim \u00fcretiminde kendi dillerine g\u00fcvenmelerini sa\u011flamak i\u00e7in m\u00fccadele etmi\u015ftir. Kongremiz ayr\u0131ca,&nbsp;<strong>6 \u015eubat 2023 Kahramanmara\u015f depremleri<\/strong>&nbsp;ile ilgili bilimsel \u00e7al\u0131\u015fmalara da yer verecektir. Depremler sonucunda Adana, Ad\u0131yaman, Diyarbak\u0131r, Elaz\u0131\u011f, Gaziantep, Hatay, Kahramanmara\u015f, Kilis, Malatya, Osmaniye ve \u015eanl\u0131urfa illerinde b\u00fcy\u00fck y\u0131k\u0131mlar ya\u015fanm\u0131\u015f, binlerce vatanda\u015f\u0131m\u0131z hayat\u0131n\u0131 kaybetmi\u015f, milyonlarca insan\u0131n hayat\u0131 derinden etkilenmi\u015ftir. Kongremizde, afet y\u00f6netimi, yap\u0131 teknolojileri, yeni analiz ve hesaplama y\u00f6ntemleri, altyap\u0131 geli\u015ftirme, \u015fehirle\u015fme, toplumsal fark\u0131ndal\u0131k ve acil durum planlamalar\u0131 gibi konularda \u00f6zel oturumlar ve at\u00f6lye \u00e7al\u0131\u015fmalar\u0131 d\u00fczenlenecektir. T\u00fcrk E\u011fitim-Sen ve UAESEB olarak, 2016 y\u0131l\u0131ndan itibaren T\u00fcrk D\u00fcnyas\u0131\u2019nda akademik ve bilimsel i\u015f birliklerini geli\u015ftirmek amac\u0131yla uluslararas\u0131 kongreler d\u00fczenlemekteyiz.&nbsp;<strong>Uluslararas\u0131 T\u00fcrk D\u00fcnyas\u0131 E\u011fitim Bilimleri ve Sosyal Bilimler Kongresi<\/strong>&nbsp;ve&nbsp;<strong>Uluslararas\u0131 T\u00fcrk D\u00fcnyas\u0131 M\u00fchendislik ve Fen Bilimleri Kongresi<\/strong>&nbsp;ile her y\u0131l y\u00fczlerce akademisyeni bir araya getirerek bilimsel etkile\u015fim ve ortak projelere zemin haz\u0131rlamaktay\u0131z. Bug\u00fcne kadar Nobel \u00d6d\u00fcll\u00fc bilim insanlar\u0131n\u0131n da kat\u0131ld\u0131\u011f\u0131 bu kongreler, T\u00fcrk D\u00fcnyas\u0131 \u00fclkeleri aras\u0131nda bilimsel k\u00f6pr\u00fcler kurulmas\u0131na ve ortak akademik \u00e7al\u0131\u015fmalar\u0131n geli\u015ftirilmesine b\u00fcy\u00fck katk\u0131lar sunmu\u015ftur. Bilim insanlar\u0131n\u0131n \u00f6zverili \u00e7al\u0131\u015fmalar\u0131, insanl\u0131\u011f\u0131n gelece\u011fini \u015fekillendiren en \u00f6nemli unsurdur. Bu kongre, T\u00fcrk D\u00fcnyas\u0131\u2019nda bilim ve teknoloji alan\u0131nda ortak \u00e7al\u0131\u015fmalar y\u00fcr\u00fctmek, akademik i\u015f birliklerini g\u00fc\u00e7lendirmek ve bilimin \u0131\u015f\u0131\u011f\u0131nda ilerlemek i\u00e7in b\u00fcy\u00fck bir f\u0131rsatt\u0131r. Cumhuriyetimizin ikinci y\u00fczy\u0131l\u0131nda, bilimi, akl\u0131 ve ortak akl\u0131 rehber edinerek, bilimsel bilgi \u00fcretimini desteklemeye devam edece\u011fiz. Bu anlaml\u0131 kongreye katk\u0131 sunmak isteyen akademisyenleri, ara\u015ft\u0131rmac\u0131lar\u0131, e\u011fitimcileri ve bilim insanlar\u0131n\u0131, k\u0131ymetli eserleriyle aram\u0131zda g\u00f6rmekten b\u00fcy\u00fck bir onur duyaca\u011f\u0131z<\/p>\n\n\n\n<p><\/p>\n\n\n\n<p><\/p>\n\n\n\n<p><\/p>\n\n\n\n<p><\/p>\n\n\n\n<p><\/p>\n\n\n\n<p><\/p>\n\n\n\n<p><\/p>\n\n\n\n<p><\/p>\n","protected":false},"excerpt":{"rendered":"<p>21. y\u00fczy\u0131lda bilim ve insanl\u0131k aras\u0131ndaki ili\u015fki b\u00fcy\u00fck bir d\u00f6n\u00fc\u015f\u00fcm ge\u00e7irmi\u015ftir. Bilim ve teknolojinin h\u0131zla geli\u015fmesi, insan hayat\u0131n\u0131 kolayla\u015ft\u0131rm\u0131\u015f ve d\u00fcnyay\u0131 daha k\u00fc\u00e7\u00fck bir yer haline getirmi\u015ftir. T\u0131p, enerji, ula\u015f\u0131m, ileti\u015fim gibi bir\u00e7ok alanda devrim niteli\u011finde geli\u015fmeler ya\u015fanm\u0131\u015f, insanlar uzak mesafelere daha h\u0131zl\u0131 ve d\u00fc\u015f\u00fck maliyetle seyahat edebilir hale gelmi\u015ftir. \u0130nternet sayesinde bilgiye eri\u015fim her\u2026 <span class=\"read-more\"><a href=\"https:\/\/teskongre.org\/fm2025\/\">Read More &raquo;<\/a><\/span><\/p>\n","protected":false},"author":1,"featured_media":0,"parent":0,"menu_order":0,"comment_status":"closed","ping_status":"open","template":"","meta":{"footnotes":""},"class_list":["post-6","page","type-page","status-publish","hentry"],"_links":{"self":[{"href":"https:\/\/teskongre.org\/fm2025\/wp-json\/wp\/v2\/pages\/6","targetHints":{"allow":["GET"]}}],"collection":[{"href":"https:\/\/teskongre.org\/fm2025\/wp-json\/wp\/v2\/pages"}],"about":[{"href":"https:\/\/teskongre.org\/fm2025\/wp-json\/wp\/v2\/types\/page"}],"author":[{"embeddable":true,"href":"https:\/\/teskongre.org\/fm2025\/wp-json\/wp\/v2\/users\/1"}],"replies":[{"embeddable":true,"href":"https:\/\/teskongre.org\/fm2025\/wp-json\/wp\/v2\/comments?post=6"}],"version-history":[{"count":21,"href":"https:\/\/teskongre.org\/fm2025\/wp-json\/wp\/v2\/pages\/6\/revisions"}],"predecessor-version":[{"id":828,"href":"https:\/\/teskongre.org\/fm2025\/wp-json\/wp\/v2\/pages\/6\/revisions\/828"}],"wp:attachment":[{"href":"https:\/\/teskongre.org\/fm2025\/wp-json\/wp\/v2\/media?parent=6"}],"curies":[{"name":"wp","href":"https:\/\/api.w.org\/{rel}","templated":true}]}}