{"id":24,"date":"2019-04-17T13:34:49","date_gmt":"2019-04-17T10:34:49","guid":{"rendered":"http:\/\/teskongre.org\/fm2019\/?page_id=24"},"modified":"2026-04-17T08:41:43","modified_gmt":"2026-04-17T08:41:43","slug":"bildiri-kitapcigi","status":"publish","type":"page","link":"https:\/\/teskongre.org\/fm2025\/bildiri-kitapcigi\/","title":{"rendered":"Bildiri Kitap\u00e7\u0131\u011f\u0131"},"content":{"rendered":"\n<hr class=\"wp-block-separator has-alpha-channel-opacity\"\/>\n\n\n\n<p><strong>5. Uluslararas\u0131 T\u00fcrk D\u00fcnyas\u0131 M\u00fchendislik ve Fen Bilimleri Kongresi<\/strong> <strong>Bildiriler<\/strong> &#8211; <strong>Kitap B\u00f6l\u00fcmleri<\/strong><\/p>\n\n\n\n<p><a href=\"https:\/\/drive.google.com\/file\/d\/1wWia2V29l1KfgB-ykLUPaOAvgVTnnUt-\/view?usp=sharing\">Do\u011fa ve Ya\u015fam Bilimleri<\/a><\/p>\n\n\n\n<p><a href=\"https:\/\/drive.google.com\/file\/d\/19JNUW_0d0x1n8y1RSUj3_EOEIZ_o7TO1\/view?usp=sharing\">Bilgisayar, Elektrik-Elektronik, Malzeme ve Makine <\/a><\/p>\n\n\n\n<p><a href=\"https:\/\/drive.google.com\/file\/d\/1J-Fee4oXdtxGRFcA5c-zHInP9o73i-gm\/view?usp=sharing\">Dog\u0306a Yas\u0327am Bilimlerinde Gu\u0308ncel Gelis\u0327meler (FI\u0307ZI\u0307K, BI\u0307YOLOJI\u0307, KI\u0307MYA, MATEMATI\u0307K)<\/a><\/p>\n\n\n\n<p><a href=\"https:\/\/drive.google.com\/file\/d\/1cckscVimE_d_tHX1uctC2pCjutuDCWqF\/view?usp=sharing\">Mu\u0308hendislik ve Yer Bilimlerinde Gu\u0308ncel Gelis\u0327meler<\/a><\/p>\n\n\n\n<p><a href=\"https:\/\/drive.google.com\/file\/d\/1WEACRzXz9OdEPFJA_sq_DmC0IqXM5UST\/view?usp=sharing\">Mu\u0308hendislik Bilimlerinde Gu\u0308ncel Gelis\u0327meler<\/a><\/p>\n\n\n\n<p><a href=\"https:\/\/teskongre.org\/fm2025\/wp-content\/uploads\/2026\/04\/1-TURK-EGITIM-SEN-KONGRE-2025-OZETLER_26.pdf\" data-type=\"link\" data-id=\"https:\/\/teskongre.org\/fm2025\/wp-content\/uploads\/2026\/04\/1-TURK-EGITIM-SEN-KONGRE-2025-OZETLER_26.pdf\">Kongre \u00d6zet Kitap\u00e7\u0131\u011f\u0131<\/a><\/p>\n\n\n\n<hr class=\"wp-block-separator has-alpha-channel-opacity\"\/>\n\n\n\n<p><\/p>\n\n\n\n<p><a href=\"https:\/\/drive.google.com\/file\/d\/1RGnCRHRfma-QCtrR9FCK0WiZgPhrI3gm\/view?usp=sharing\">Ulusal ve Uluslararas\u0131 Yay\u0131nevi Belgesi<\/a><\/p>\n\n\n\n<p><a href=\"https:\/\/docs.google.com\/document\/d\/1PfZlwcCu8Gy3K6No-7s4yhTrlLaTnFN1\/edit?usp=sharing&amp;ouid=108368705255185754989&amp;rtpof=true&amp;sd=true\">Yazar S\u00f6zle\u015fmesi<\/a><\/p>\n\n\n\n<p><a href=\"https:\/\/docs.google.com\/document\/d\/1tIMVNax8ssYMlFXhy1b5yvsJZGyB7rP8\/edit?usp=sharing&amp;ouid=108368705255185754989&amp;rtpof=true&amp;sd=true\">Yazar Davet Mektubu<\/a><\/p>\n\n\n\n<p><a href=\"https:\/\/docs.google.com\/document\/d\/1na6BtfVmuCi9orIdUjz27Uo6M_DwiKVr\/edit?usp=sharing&amp;ouid=108368705255185754989&amp;rtpof=true&amp;sd=true\">Edit\u00f6r S\u00f6zle\u015fmesi<\/a><\/p>\n","protected":false},"excerpt":{"rendered":"<p>5. Uluslararas\u0131 T\u00fcrk D\u00fcnyas\u0131 M\u00fchendislik ve Fen Bilimleri Kongresi Bildiriler &#8211; Kitap B\u00f6l\u00fcmleri Do\u011fa ve Ya\u015fam Bilimleri Bilgisayar, Elektrik-Elektronik, Malzeme ve Makine Dog\u0306a Yas\u0327am Bilimlerinde Gu\u0308ncel Gelis\u0327meler (FI\u0307ZI\u0307K, BI\u0307YOLOJI\u0307, KI\u0307MYA, MATEMATI\u0307K) Mu\u0308hendislik ve Yer Bilimlerinde Gu\u0308ncel Gelis\u0327meler Mu\u0308hendislik Bilimlerinde Gu\u0308ncel Gelis\u0327meler Kongre \u00d6zet Kitap\u00e7\u0131\u011f\u0131 Ulusal ve Uluslararas\u0131 Yay\u0131nevi Belgesi Yazar S\u00f6zle\u015fmesi Yazar Davet Mektubu Edit\u00f6r\u2026 <span class=\"read-more\"><a href=\"https:\/\/teskongre.org\/fm2025\/bildiri-kitapcigi\/\">Read More &raquo;<\/a><\/span><\/p>\n","protected":false},"author":1,"featured_media":0,"parent":0,"menu_order":0,"comment_status":"closed","ping_status":"closed","template":"","meta":{"footnotes":""},"class_list":["post-24","page","type-page","status-publish","hentry"],"_links":{"self":[{"href":"https:\/\/teskongre.org\/fm2025\/wp-json\/wp\/v2\/pages\/24","targetHints":{"allow":["GET"]}}],"collection":[{"href":"https:\/\/teskongre.org\/fm2025\/wp-json\/wp\/v2\/pages"}],"about":[{"href":"https:\/\/teskongre.org\/fm2025\/wp-json\/wp\/v2\/types\/page"}],"author":[{"embeddable":true,"href":"https:\/\/teskongre.org\/fm2025\/wp-json\/wp\/v2\/users\/1"}],"replies":[{"embeddable":true,"href":"https:\/\/teskongre.org\/fm2025\/wp-json\/wp\/v2\/comments?post=24"}],"version-history":[{"count":52,"href":"https:\/\/teskongre.org\/fm2025\/wp-json\/wp\/v2\/pages\/24\/revisions"}],"predecessor-version":[{"id":895,"href":"https:\/\/teskongre.org\/fm2025\/wp-json\/wp\/v2\/pages\/24\/revisions\/895"}],"wp:attachment":[{"href":"https:\/\/teskongre.org\/fm2025\/wp-json\/wp\/v2\/media?parent=24"}],"curies":[{"name":"wp","href":"https:\/\/api.w.org\/{rel}","templated":true}]}}