{"id":6,"date":"2019-04-17T13:00:21","date_gmt":"2019-04-17T10:00:21","guid":{"rendered":"http:\/\/teskongre.org\/fm2019\/?page_id=2"},"modified":"2023-03-27T21:02:46","modified_gmt":"2023-03-27T21:02:46","slug":"ornek-sayfa","status":"publish","type":"page","link":"https:\/\/teskongre.org\/fm2023\/","title":{"rendered":"ANA SAYFA"},"content":{"rendered":"\n<p>K\u0131ymetli Bilim \u0130nsanlar\u0131\u2026<\/p>\n\n\n\n<p>21. y\u00fczy\u0131l, insanl\u0131k ve bilim aras\u0131ndaki ili\u015fkiyi b\u00fcy\u00fck \u00f6l\u00e7\u00fcde de\u011fi\u015ftirdi. Bilim ve teknolojinin h\u0131zl\u0131 geli\u015fimi, insanlar\u0131n hayat\u0131n\u0131 daha da kolayla\u015ft\u0131rd\u0131 ve d\u00fcnyay\u0131 daha k\u00fc\u00e7\u00fck bir yer haline getirdi. Bilim ve teknoloji; t\u0131p, enerji, ula\u015f\u0131m, ileti\u015fim ve daha bir\u00e7ok alanda devrim yaratt\u0131. \u0130nsanlar art\u0131k uzak mesafeleri \u00e7ok daha h\u0131zl\u0131 ve daha az maliyetle kat edebiliyorlar. \u0130nternet, herhangi bir yerden herhangi bir zamanda herkesin d\u00fcnya \u00e7ap\u0131ndaki bilgi havuzuna eri\u015fmesini sa\u011fl\u0131yor. Bu ilerlemeler, insanlar\u0131n hayatlar\u0131n\u0131 daha da uzat\u0131rken, hayat kalitelerini de art\u0131rd\u0131. T\u0131p alan\u0131nda yap\u0131lan ke\u015fifler sayesinde, bir\u00e7ok hastal\u0131\u011f\u0131n tedavisi m\u00fcmk\u00fcn hale geldi. Enerji alan\u0131nda ise, yenilenebilir enerji kaynaklar\u0131 kullan\u0131larak daha s\u00fcrd\u00fcr\u00fclebilir bir gelecek i\u00e7in \u00e7al\u0131\u015fmalar yap\u0131l\u0131yor.<\/p>\n\n\n\n<p>Ancak bu geli\u015fmelerin yan\u0131 s\u0131ra, baz\u0131 endi\u015fe verici sorunlar da ortaya \u00e7\u0131kt\u0131. \u0130klim de\u011fi\u015fikli\u011fi, \u00e7evre kirlili\u011fi ve di\u011fer \u00e7evresel sorunlar, insanl\u0131\u011f\u0131n kar\u015f\u0131 kar\u015f\u0131ya kald\u0131\u011f\u0131 b\u00fcy\u00fck zorluklardan baz\u0131lar\u0131d\u0131r. Bunun yan\u0131 s\u0131ra, dijital \u00e7a\u011f\u0131n getirdi\u011fi baz\u0131 sosyal sorunlar da mevcut, \u00f6zellikle de gizlilik, g\u00fcvenlik ve siber su\u00e7lar gibi 21. y\u00fczy\u0131l\u0131n insanl\u0131k ve bilim i\u00e7in getirdi\u011fi f\u0131rsatlar ve zorluklar birbirinden ayr\u0131 d\u00fc\u015f\u00fcn\u00fclemez. \u0130nsanlar, bu f\u0131rsatlar\u0131 de\u011ferlendirirken ayn\u0131 zamanda bu zorluklar\u0131 da ele almak zorundalar. Bunu yapmak i\u00e7in bilim ve teknolojinin geli\u015fmesini daha dengeli ve s\u00fcrd\u00fcr\u00fclebilir hale getirmeye y\u00f6nelik \u00e7abalar da \u00f6nemlidir.<\/p>\n\n\n\n<p>Bu t\u00fcr \u00e7al\u0131\u015fmalar\u0131n ger\u00e7ekle\u015fmesi bilim insanlar\u0131n\u0131n gayret ve disiplini neticesinde nihayet bulmaktad\u0131r. T\u00fcrk milleti de insanl\u0131k tarihinin ba\u015flang\u0131c\u0131ndan g\u00fcn\u00fcm\u00fcze kadar bilime, mant\u0131\u011fa, fene ve tekni\u011fe b\u00fcy\u00fck \u00f6nem vermi\u015ftir. Ulu \u00d6nder Mustafa Kemal Atat\u00fcrk\u2019\u00fcn \u201cT\u00fcrk m\u00fchendislerinin aln\u0131nda, Cumhuriyet istikbalini ayd\u0131nlatan \u0131\u015f\u0131k par\u0131ldar.\u201d s\u00f6zleriyle i\u015faret etti\u011fi de ge\u00e7mi\u015ften g\u00fcn\u00fcm\u00fcze kadar T\u00fcrk milletinin bu alan\u0131 \u00f6nemsemesinin g\u00f6stergesidir. Mustafa Kemal Atat\u00fcrk, T\u00fcrkiye Cumhuriyeti\u2019nin kurucusu ve ilk Cumhurba\u015fkan\u0131 olarak, modern T\u00fcrkiye\u2019nin in\u015fas\u0131nda b\u00fcy\u00fck bir rol oynam\u0131\u015ft\u0131r. Atat\u00fcrk, T\u00fcrk milletinin \u00e7a\u011fda\u015f d\u00fcnyada sayg\u0131n bir yer edinmesi i\u00e7in T\u00fcrkiye\u2019yi modernize etme ve Bat\u0131l\u0131la\u015ft\u0131rma \u00e7abalar\u0131nda \u00f6nc\u00fcl\u00fck etmi\u015ftir. Atat\u00fcrk, T\u00fcrkiye\u2019nin ba\u011f\u0131ms\u0131zl\u0131\u011f\u0131 ve b\u00fct\u00fcnl\u00fc\u011f\u00fc i\u00e7in m\u00fccadele eden bir liderdi ve \u00fclkenin siyasi, sosyal, k\u00fclt\u00fcrel ve ekonomik yap\u0131s\u0131n\u0131 de\u011fi\u015ftirmek i\u00e7in bir dizi reform ger\u00e7ekle\u015ftirdi. Bu reformlar aras\u0131nda, kad\u0131nlar\u0131n siyasi ve sosyal haklar\u0131n\u0131 kazanmas\u0131, T\u00fcrk alfabesinin Latin harfleriyle de\u011fi\u015ftirilmesi, modern e\u011fitim kurumlar\u0131n\u0131n a\u00e7\u0131lmas\u0131, e\u011fitim sisteminin modernize edilmesi ve sanayi sekt\u00f6r\u00fcn\u00fcn geli\u015ftirilmesi ilk akla gelenler olarak say\u0131labilir.<\/p>\n\n\n\n<p>2023 y\u0131l\u0131, T\u00fcrkiye Cumhuriyeti\u2019nin kurulu\u015funun y\u00fcz\u00fcnc\u00fc y\u0131l d\u00f6n\u00fcm\u00fcd\u00fcr ve bu \u00f6nemli d\u00f6n\u00fcm noktas\u0131, t\u00fcm T\u00fcrk milleti i\u00e7in b\u00fcy\u00fck bir anlam ifade etmektedir. 2023 y\u0131l\u0131, T\u00fcrkiye\u2019nin y\u00fcz\u00fcnc\u00fc y\u0131l d\u00f6n\u00fcm\u00fc i\u00e7in bir dizi kutlama ve etkinlik d\u00fczenlenecektir. Bu kutlamalar, T\u00fcrkiye Cumhuriyeti\u2019nin kurulu\u015funun \u00f6nemini ve Atat\u00fcrk\u2019\u00fcn T\u00fcrk milleti i\u00e7in yapt\u0131\u011f\u0131 b\u00fcy\u00fck katk\u0131lar\u0131 vurgulayacakt\u0131r. Ayr\u0131ca, T\u00fcrkiye\u2019nin gelecekteki hedeflerine ula\u015fmak i\u00e7in Atat\u00fcrk\u2019\u00fcn miras\u0131n\u0131 s\u00fcrd\u00fcrmek ve geli\u015ftirmek i\u00e7in bir f\u0131rsat olarak da de\u011ferlendirilecektir. Biz de bu y\u0131l d\u00f6rd\u00fcnc\u00fcs\u00fcn\u00fc d\u00fczenledi\u011fimiz bu kongreyi Cumhuriyetimizin 100.y\u0131l\u0131 an\u0131s\u0131na ger\u00e7ekle\u015ftirece\u011fiz.<\/p>\n\n\n\n<p>Uluslararas\u0131 T\u00fcrk D\u00fcnyas\u0131 M\u00fchendislik ve Fen Bilimleri Kongresi, T\u00fcrk D\u00fcnyas\u0131 \u00fclkelerinin sosyal ve k\u00fclt\u00fcrel alandaki i\u015fbirli\u011fini m\u00fchendislik ve fen bilimlerine y\u00f6nelik alanlara da ta\u015f\u0131ma gayretinin bir yans\u0131mas\u0131 olarak ortaya \u00e7\u0131kt\u0131. Bu t\u00fcr kongre ve organizasyonlar T\u00fcrk D\u00fcnyas\u0131n\u0131 olu\u015fturan \u00fclke ve topluluklar\u0131n bilim ve teknolojiyi olu\u015fturan bilgiyi payla\u015fabilmeleri a\u00e7\u0131s\u0131ndan \u00f6nemlidir. Ba\u015fta m\u00fchendislik ve fen bilimleri gibi sahalar olmak \u00fczere bir\u00e7ok alanda ger\u00e7ekle\u015ftirilecek ortak bilimsel kongre ve etkinlikler; T\u00fcrk D\u00fcnyas\u0131 i\u00e7inde yer alan ileti\u015fim ve kayna\u015fma s\u00fcre\u00e7lerine b\u00fcy\u00fck katk\u0131lar sa\u011flayacakt\u0131r. Ortak bilimsel faaliyetlerin k\u00fclt\u00fcre dayal\u0131 g\u00f6n\u00fcl k\u00f6pr\u00fclerini sa\u011flamla\u015ft\u0131raca\u011f\u0131 \u00e7ok a\u00e7\u0131kt\u0131r.<\/p>\n\n\n\n<p>6 \u015eubat 2023 tarihinde Kahramanmara\u015f ilinde meydana gelen ve toplamda 11 ilimizi etkileyen depremler hepimizi derinden yaralam\u0131\u015ft\u0131r. Ya\u015fanan depremler, T\u00fcrkiye\u2019nin do\u011fusunda ve g\u00fcney do\u011fusunda yer alan Adana, Ad\u0131yaman, Diyarbak\u0131r, Elaz\u0131\u011f, Gaziantep, Hatay, Kahramanmara\u015f, Kilis, Malatya, Osmaniye ve \u015eanl\u0131urfa illerinde onlarca insan\u0131m\u0131z\u0131n hayat\u0131n\u0131 kaybetmesine ve yaralanmas\u0131na, bina ve altyap\u0131 sistemlerimizde \u00f6nemli hasarlara neden olmu\u015ftur. Depremlerde hayat\u0131n\u0131 kaybeden vatanda\u015flar\u0131m\u0131z\u0131n ailelerine ve sevenlerine en derin \u00fcz\u00fcnt\u00fclerimizi iletiyor, yaral\u0131 kurtulan vatanda\u015flar\u0131m\u0131za acil \u015fifalar diliyoruz. Bu deprem gerek \u00fclkemizde gerekse d\u00fcnyada bilim camias\u0131nda pek \u00e7ok \u00f6ng\u00f6r\u00fc ve yakla\u015f\u0131mlar\u0131 de\u011fi\u015ftirecektir. Yeni hesap ve analiz y\u00f6ntemleri, ya\u015fam tarzlar\u0131, yap\u0131la\u015fmalar\u0131m\u0131z, alt yap\u0131 sistemleri, deprem acil m\u00fcdahale planlamalar\u0131, \u015fehirle\u015fmeler, toplumlar\u0131n bilin\u00e7lenmeleri vb. alanlarda bilimsel \u00e7al\u0131\u015fmalar yap\u0131larak daha ya\u015fanabilir bir d\u00fcnya hedefleri ger\u00e7ekle\u015ftirilecektir. Kongremizde, \u00f6zellikle deprem alan\u0131nda \u00f6zel b\u00f6l\u00fcmler ve kurullar ile \u00e7al\u0131\u015ftaylar d\u00fczenlenecektir.&nbsp;<\/p>\n\n\n\n<p>T\u00fcrk E\u011fitim-Sen ve UAESEB olarak; 2016 Y\u0131l\u0131n\u0131n UNESCO taraf\u0131ndan Hoca Ahmet Yesevi Y\u0131l\u0131 ilan edilmesi nedeniyle 1-4 Aral\u0131k 2016 tarihlerinde Uluslararas\u0131 T\u00fcrk D\u00fcnyas\u0131 E\u011fitim Bilimleri ve Sosyal Bilimler Kongresi\u2019ni d\u00fczenleyerek ba\u015flatm\u0131\u015f oldu\u011fumuz T\u00fcrk D\u00fcnyas\u0131\u2019na y\u00f6nelik uluslararas\u0131 kongreleri, 7-10 Aral\u0131k 2017 tarihleri aras\u0131nda Uluslararas\u0131 T\u00fcrk D\u00fcnyas\u0131 M\u00fchendislik ve Fen Bilimleri Kongresi, 6-9 Aral\u0131k 2018 tarihinde 2. Uluslararas\u0131 T\u00fcrk D\u00fcnyas\u0131 E\u011fitim Bilimleri ve Sosyal Bilimler Kongresini daha \u00f6nceki y\u0131llarda oldu\u011fu gibi farkl\u0131 alanlarda \u00e7al\u0131\u015fan yetkin bilim insanlar\u0131yla birlikte ger\u00e7ekle\u015ftirdik.<\/p>\n\n\n\n<p>7-10 Kas\u0131m 2019 tarihinde 2. Uluslararas\u0131 T\u00fcrk D\u00fcnyas\u0131 M\u00fchendislik ve Fen Bilimleri Kongresi, 2020 y\u0131l\u0131nda da \u201cBilge Tonyukuk Y\u0131l\u0131 An\u0131s\u0131na\u201d 3. Uluslararas\u0131 T\u00fcrk D\u00fcnyas\u0131 E\u011fitim Bilimleri ve Sosyal Bilimler Kongresi ile 22-24 Ekim 2021 tarihleri aras\u0131nda 3. Uluslararas\u0131 T\u00fcrk D\u00fcnyas\u0131 M\u00fchendislik ve Fen Bilimleri Kongresi\u2019ni maalesef i\u00e7inde bulundu\u011fumuz Covid-19 salg\u0131n\u0131 nedeniyle \u00e7evrimi\u00e7i platformlar \u00fczerinden ger\u00e7ekle\u015ftirdik. Kongrelere genel olarak her y\u0131l 1000\u2019den fazla akademisyen, ara\u015ft\u0131rmac\u0131 ve e\u011fitim \u00e7al\u0131\u015fan\u0131n\u0131n kat\u0131lmas\u0131, ortalama 500\u2019den fazla bildiri sunulmas\u0131 ve ciltlerce yay\u0131n\u0131n ortaya \u00e7\u0131kmas\u0131, uluslararas\u0131 kat\u0131l\u0131mlar neticesinde Nobel \u00f6d\u00fcll\u00fc ara\u015ft\u0131rmac\u0131lar ile T\u00fcrk D\u00fcnyas\u0131 ara\u015ft\u0131rmac\u0131lar\u0131n\u0131n kayna\u015farak yeni proje ve fikir al\u0131\u015fveri\u015finde bulunmas\u0131 duyulan tevecc\u00fch\u00fcn a\u00e7\u0131k bir g\u00f6stergesi olmu\u015ftur.<\/p>\n\n\n\n<p>19 May\u0131s 1919\u2019da ba\u015flayan milli m\u00fccadele; 9 Eyl\u00fcl 1922\u2019de \u201cB\u00fcy\u00fck Zafer\u201dle neticelenmi\u015ftir. 2022 y\u0131l\u0131n\u0131n B\u00fcy\u00fck zaferin 100. Y\u0131l\u0131 olmas\u0131 bak\u0131m\u0131ndan 4. Uluslararas\u0131 T\u00fcrk D\u00fcnyas\u0131 E\u011fitim Bilimleri ve Sosyal Bilimler Kongresi\u2019ni B\u00fcy\u00fck Zafer an\u0131s\u0131na d\u00fczenlemi\u015ftik. Ayn\u0131 bak\u0131\u015f ve heyecanla 2023 y\u0131l\u0131 Cumhuriyet\u2019in 100. Y\u0131l\u0131 olmas\u0131 m\u00fcnasebetiyle 4. Uluslararas\u0131 T\u00fcrk D\u00fcnyas\u0131 M\u00fchendislik ve Fen Bilimleri Kongresi\u2019ni de T\u00fcrkiye Cumhuriyeti\u2019nin 100. y\u0131l\u0131 an\u0131s\u0131na d\u00fczenleyece\u011fiz. Pek \u00e7ok k\u0131ymetli\u00a0\u00a0bilim insan\u0131n\u0131n nitelikli \u00e7al\u0131\u015fmas\u0131 ile kat\u0131laca\u011f\u0131 bu bilimsel etkinli\u011fin d\u00fczenlenmesinde eme\u011fi ge\u00e7ecek, katk\u0131 sunacak herkese pe\u015finen te\u015fekk\u00fcr ediyor, bu anlaml\u0131 ve de\u011ferli kongrenin ger\u00e7ekle\u015fmesinde T\u00fcrk ve D\u00fcnya bilimini destekleyen UAESEB ve T\u00fcrk E\u011fitim Sen\u2019e \u015f\u00fckranlar\u0131m\u0131z\u0131 sunuyoruz. Kongrede bulu\u015fmak \u00fczere\u2026<\/p>\n","protected":false},"excerpt":{"rendered":"<p>K\u0131ymetli Bilim \u0130nsanlar\u0131\u2026 21. y\u00fczy\u0131l, insanl\u0131k ve bilim aras\u0131ndaki ili\u015fkiyi b\u00fcy\u00fck \u00f6l\u00e7\u00fcde de\u011fi\u015ftirdi. Bilim ve teknolojinin h\u0131zl\u0131 geli\u015fimi, insanlar\u0131n hayat\u0131n\u0131 daha da kolayla\u015ft\u0131rd\u0131 ve d\u00fcnyay\u0131 daha k\u00fc\u00e7\u00fck bir yer haline getirdi. Bilim ve teknoloji; t\u0131p, enerji, ula\u015f\u0131m, ileti\u015fim ve daha bir\u00e7ok alanda devrim yaratt\u0131. \u0130nsanlar art\u0131k uzak mesafeleri \u00e7ok daha h\u0131zl\u0131 ve daha az maliyetle\u2026 <span class=\"read-more\"><a href=\"https:\/\/teskongre.org\/fm2023\/\">Read More &raquo;<\/a><\/span><\/p>\n","protected":false},"author":1,"featured_media":0,"parent":0,"menu_order":0,"comment_status":"closed","ping_status":"open","template":"","meta":{"footnotes":""},"class_list":["post-6","page","type-page","status-publish","hentry"],"_links":{"self":[{"href":"https:\/\/teskongre.org\/fm2023\/wp-json\/wp\/v2\/pages\/6","targetHints":{"allow":["GET"]}}],"collection":[{"href":"https:\/\/teskongre.org\/fm2023\/wp-json\/wp\/v2\/pages"}],"about":[{"href":"https:\/\/teskongre.org\/fm2023\/wp-json\/wp\/v2\/types\/page"}],"author":[{"embeddable":true,"href":"https:\/\/teskongre.org\/fm2023\/wp-json\/wp\/v2\/users\/1"}],"replies":[{"embeddable":true,"href":"https:\/\/teskongre.org\/fm2023\/wp-json\/wp\/v2\/comments?post=6"}],"version-history":[{"count":12,"href":"https:\/\/teskongre.org\/fm2023\/wp-json\/wp\/v2\/pages\/6\/revisions"}],"predecessor-version":[{"id":500,"href":"https:\/\/teskongre.org\/fm2023\/wp-json\/wp\/v2\/pages\/6\/revisions\/500"}],"wp:attachment":[{"href":"https:\/\/teskongre.org\/fm2023\/wp-json\/wp\/v2\/media?parent=6"}],"curies":[{"name":"wp","href":"https:\/\/api.w.org\/{rel}","templated":true}]}}