{"id":56,"date":"2019-04-17T13:37:38","date_gmt":"2019-04-17T10:37:38","guid":{"rendered":"http:\/\/teskongre.org\/fm2019\/?page_id=56"},"modified":"2023-03-08T08:19:40","modified_gmt":"2023-03-08T08:19:40","slug":"yurutme-kurulu","status":"publish","type":"page","link":"https:\/\/teskongre.org\/fm2023\/yurutme-kurulu\/","title":{"rendered":"Y\u00fcr\u00fctme Kurulu"},"content":{"rendered":"\n<p>Haydar URFALI (T\u00fcrk E\u011fitim Sen Genel Sekreteri)<\/p>\n\n\n\n<p>Seyit Ali KAPLAN (T\u00fcrk E\u011fitim Sen Genel Ba\u015fkan Yard\u0131mc\u0131s\u0131)<\/p>\n\n\n\n<p>Selahattin DOLGUN (T\u00fcrk E\u011fitim Sen Genel Ba\u015fkan Yard\u0131mc\u0131s\u0131)<\/p>\n\n\n\n<p>Cengiz KOCAKAPLAN (T\u00fcrk E\u011fitim Sen Genel Ba\u015fkan Yard\u0131mc\u0131s\u0131)<\/p>\n\n\n\n<p>Orhan K\u00dcT\u00dcK (T\u00fcrk E\u011fitim Sen Genel Ba\u015fkan Yard\u0131mc\u0131s\u0131)<\/p>\n\n\n\n<p>Erhan BAYRAM (T\u00fcrk E\u011fitim Sen Genel Ba\u015fkan Yard\u0131mc\u0131s\u0131)<\/p>\n","protected":false},"excerpt":{"rendered":"<p>Haydar URFALI (T\u00fcrk E\u011fitim Sen Genel Sekreteri) Seyit Ali KAPLAN (T\u00fcrk E\u011fitim Sen Genel Ba\u015fkan Yard\u0131mc\u0131s\u0131) Selahattin DOLGUN (T\u00fcrk E\u011fitim Sen Genel Ba\u015fkan Yard\u0131mc\u0131s\u0131) Cengiz KOCAKAPLAN (T\u00fcrk E\u011fitim Sen Genel Ba\u015fkan Yard\u0131mc\u0131s\u0131) Orhan K\u00dcT\u00dcK (T\u00fcrk E\u011fitim Sen Genel Ba\u015fkan Yard\u0131mc\u0131s\u0131) Erhan BAYRAM (T\u00fcrk E\u011fitim Sen Genel Ba\u015fkan Yard\u0131mc\u0131s\u0131)<\/p>\n","protected":false},"author":1,"featured_media":0,"parent":0,"menu_order":0,"comment_status":"closed","ping_status":"closed","template":"","meta":{"footnotes":""},"class_list":["post-56","page","type-page","status-publish","hentry"],"_links":{"self":[{"href":"https:\/\/teskongre.org\/fm2023\/wp-json\/wp\/v2\/pages\/56","targetHints":{"allow":["GET"]}}],"collection":[{"href":"https:\/\/teskongre.org\/fm2023\/wp-json\/wp\/v2\/pages"}],"about":[{"href":"https:\/\/teskongre.org\/fm2023\/wp-json\/wp\/v2\/types\/page"}],"author":[{"embeddable":true,"href":"https:\/\/teskongre.org\/fm2023\/wp-json\/wp\/v2\/users\/1"}],"replies":[{"embeddable":true,"href":"https:\/\/teskongre.org\/fm2023\/wp-json\/wp\/v2\/comments?post=56"}],"version-history":[{"count":6,"href":"https:\/\/teskongre.org\/fm2023\/wp-json\/wp\/v2\/pages\/56\/revisions"}],"predecessor-version":[{"id":466,"href":"https:\/\/teskongre.org\/fm2023\/wp-json\/wp\/v2\/pages\/56\/revisions\/466"}],"wp:attachment":[{"href":"https:\/\/teskongre.org\/fm2023\/wp-json\/wp\/v2\/media?parent=56"}],"curies":[{"name":"wp","href":"https:\/\/api.w.org\/{rel}","templated":true}]}}