{"id":54,"date":"2019-04-17T13:37:29","date_gmt":"2019-04-17T10:37:29","guid":{"rendered":"http:\/\/teskongre.org\/fm2019\/?page_id=54"},"modified":"2023-03-23T12:17:17","modified_gmt":"2023-03-23T12:17:17","slug":"yazim-kurallari","status":"publish","type":"page","link":"https:\/\/teskongre.org\/fm2023\/yazim-kurallari\/","title":{"rendered":"Yaz\u0131m Kurallar\u0131"},"content":{"rendered":"\n<div class=\"wp-block-group\"><div class=\"wp-block-group__inner-container is-layout-flow wp-block-group-is-layout-flow\">\n<p>\n4. Uluslararas\u0131 T\u00fcrk D\u00fcnyas\u0131 M\u00fchendislik ve Fen Bilimleri Kongresi yaz\u0131m kurallar\u0131n\u0131 g\u00f6rmek i\u00e7in ilgili linke t\u0131klay\u0131n\u0131z.<\/p>\n\n<p><a href=\"https:\/\/teskongre.org\/fm2023\/wp-content\/uploads\/2023\/03\/trk_yazim_kurallari-1.docx\">\nT\u00fcrk\u00e7e Yaz\u0131m Kurallar\u0131<\/a><\/p>\n\n<p>Please click on the following links for manuscript guidelines <\/p>\n<a id=\"wp-block-file--media-e3af661e-66ba-4741-be4e-d0c2189ef09c\" href=\"https:\/\/teskongre.org\/fm2023\/wp-content\/uploads\/2023\/03\/eng_yazim_kurallari.docx\">English Manuscript Guidelines<\/a><p>\n<\/p>\n<\/div><\/div>\n\n\n\n<p>\n<font color=\"red\">\n*** Bildirilerin ilk g\u00f6nderimi a\u015famas\u0131nda Benzerlik raporu y\u00fcklenmelidir.<br>\n(iThenticate \/ Turnitin &#8211; maksimum benzerlik oran\u0131 %20&#8217;nin alt\u0131nda olmal\u0131d\u0131r.)<br>\nBenzerlik raporu y\u00fcklenmeyen bildiriler iade edilecektir.\n<\/font>\n<\/p>\n","protected":false},"excerpt":{"rendered":"<p>4. Uluslararas\u0131 T\u00fcrk D\u00fcnyas\u0131 M\u00fchendislik ve Fen Bilimleri Kongresi yaz\u0131m kurallar\u0131n\u0131 g\u00f6rmek i\u00e7in ilgili linke t\u0131klay\u0131n\u0131z. T\u00fcrk\u00e7e Yaz\u0131m Kurallar\u0131 Please click on the following links for manuscript guidelines English Manuscript Guidelines *** Bildirilerin ilk g\u00f6nderimi a\u015famas\u0131nda Benzerlik raporu y\u00fcklenmelidir. (iThenticate \/ Turnitin &#8211; maksimum benzerlik oran\u0131 %20&#8217;nin alt\u0131nda olmal\u0131d\u0131r.) Benzerlik raporu y\u00fcklenmeyen bildiriler iade edilecektir.<\/p>\n","protected":false},"author":1,"featured_media":0,"parent":0,"menu_order":0,"comment_status":"closed","ping_status":"closed","template":"","meta":{"footnotes":""},"class_list":["post-54","page","type-page","status-publish","hentry"],"_links":{"self":[{"href":"https:\/\/teskongre.org\/fm2023\/wp-json\/wp\/v2\/pages\/54","targetHints":{"allow":["GET"]}}],"collection":[{"href":"https:\/\/teskongre.org\/fm2023\/wp-json\/wp\/v2\/pages"}],"about":[{"href":"https:\/\/teskongre.org\/fm2023\/wp-json\/wp\/v2\/types\/page"}],"author":[{"embeddable":true,"href":"https:\/\/teskongre.org\/fm2023\/wp-json\/wp\/v2\/users\/1"}],"replies":[{"embeddable":true,"href":"https:\/\/teskongre.org\/fm2023\/wp-json\/wp\/v2\/comments?post=54"}],"version-history":[{"count":12,"href":"https:\/\/teskongre.org\/fm2023\/wp-json\/wp\/v2\/pages\/54\/revisions"}],"predecessor-version":[{"id":493,"href":"https:\/\/teskongre.org\/fm2023\/wp-json\/wp\/v2\/pages\/54\/revisions\/493"}],"wp:attachment":[{"href":"https:\/\/teskongre.org\/fm2023\/wp-json\/wp\/v2\/media?parent=54"}],"curies":[{"name":"wp","href":"https:\/\/api.w.org\/{rel}","templated":true}]}}