{"id":44,"date":"2019-04-17T13:36:42","date_gmt":"2019-04-17T10:36:42","guid":{"rendered":"http:\/\/teskongre.org\/fm2019\/?page_id=44"},"modified":"2023-10-23T09:02:31","modified_gmt":"2023-10-23T09:02:31","slug":"onemli-tarihler","status":"publish","type":"page","link":"https:\/\/teskongre.org\/fm2023\/onemli-tarihler\/","title":{"rendered":"\u00d6nemli Tarihler"},"content":{"rendered":"\n<p>\u00d6zet G\u00f6nderme:&nbsp;01 Mart &#8211; 15 Temmuz 2023<\/p>\n\n\n\n<p>(Abstract Submission:<strong>&nbsp;<\/strong>01 March &#8211; 15 July 2023)<\/p>\n\n\n\n<p>\u00d6zet De\u011ferlendirmelerinin Yazarlara Bildirilmesi:&nbsp;20 Temmuz 2023<\/p>\n\n\n\n<p>(Abstract Notification:<strong>&nbsp;<\/strong>20 July 2023)<\/p>\n\n\n\n<p>Tam Metinlerin G\u00f6nderilmesi:\u00a021 Temmuz \u2013  1 Kas\u0131m 2023<\/p>\n\n\n\n<p>(Full Paper Submission:<strong>\u00a0<\/strong>21 July \u2013 1 November 2023)<\/p>\n\n\n\n<p>Tam Metin De\u011ferlendirmelerinin Yazarlara G\u00f6nderilmesi:\u00a0 7 Kas\u0131m 2023<\/p>\n\n\n\n<p>(Full Paper Notification:<strong>\u00a0<\/strong> 7 November 2023)<\/p>\n\n\n\n<p>D\u00fczeltilmi\u015f Tam Metinlerin G\u00f6nderilmesi:\u00a010 Kas\u0131m 2023<\/p>\n\n\n\n<p>(Reviewed Full Paper Submission:<strong>\u00a0<\/strong>10 November 2023)<\/p>\n\n\n\n<p>Program\u0131n \u0130lan Edilmesi: 15 Kas\u0131m 2023<\/p>\n\n\n\n<p>(Announcment of the Program: 15 November 2023)<\/p>\n","protected":false},"excerpt":{"rendered":"<p>\u00d6zet G\u00f6nderme:&nbsp;01 Mart &#8211; 15 Temmuz 2023 (Abstract Submission:&nbsp;01 March &#8211; 15 July 2023) \u00d6zet De\u011ferlendirmelerinin Yazarlara Bildirilmesi:&nbsp;20 Temmuz 2023 (Abstract Notification:&nbsp;20 July 2023) Tam Metinlerin G\u00f6nderilmesi:\u00a021 Temmuz \u2013 1 Kas\u0131m 2023 (Full Paper Submission:\u00a021 July \u2013 1 November 2023) Tam Metin De\u011ferlendirmelerinin Yazarlara G\u00f6nderilmesi:\u00a0 7 Kas\u0131m 2023 (Full Paper Notification:\u00a0 7 November 2023) D\u00fczeltilmi\u015f\u2026 <span class=\"read-more\"><a href=\"https:\/\/teskongre.org\/fm2023\/onemli-tarihler\/\">Read More &raquo;<\/a><\/span><\/p>\n","protected":false},"author":1,"featured_media":0,"parent":0,"menu_order":0,"comment_status":"closed","ping_status":"closed","template":"","meta":{"footnotes":""},"class_list":["post-44","page","type-page","status-publish","hentry"],"_links":{"self":[{"href":"https:\/\/teskongre.org\/fm2023\/wp-json\/wp\/v2\/pages\/44","targetHints":{"allow":["GET"]}}],"collection":[{"href":"https:\/\/teskongre.org\/fm2023\/wp-json\/wp\/v2\/pages"}],"about":[{"href":"https:\/\/teskongre.org\/fm2023\/wp-json\/wp\/v2\/types\/page"}],"author":[{"embeddable":true,"href":"https:\/\/teskongre.org\/fm2023\/wp-json\/wp\/v2\/users\/1"}],"replies":[{"embeddable":true,"href":"https:\/\/teskongre.org\/fm2023\/wp-json\/wp\/v2\/comments?post=44"}],"version-history":[{"count":11,"href":"https:\/\/teskongre.org\/fm2023\/wp-json\/wp\/v2\/pages\/44\/revisions"}],"predecessor-version":[{"id":587,"href":"https:\/\/teskongre.org\/fm2023\/wp-json\/wp\/v2\/pages\/44\/revisions\/587"}],"wp:attachment":[{"href":"https:\/\/teskongre.org\/fm2023\/wp-json\/wp\/v2\/media?parent=44"}],"curies":[{"name":"wp","href":"https:\/\/api.w.org\/{rel}","templated":true}]}}