{"id":30,"date":"2019-04-17T13:35:22","date_gmt":"2019-04-17T13:35:22","guid":{"rendered":"http:\/\/teskongre.org\/fm2019\/?page_id=30"},"modified":"2023-07-10T10:54:21","modified_gmt":"2023-07-10T10:54:21","slug":"duzenleme-kurulu","status":"publish","type":"page","link":"https:\/\/teskongre.org\/fm2023\/duzenleme-kurulu\/","title":{"rendered":"D\u00fczenleme Kurulu"},"content":{"rendered":"\n<p>Prof. Dr. Seyhan FIRAT (Gazi \u00dcniversitesi) \u2013 Ba\u015fkan<\/p>\n\n\n\n<p>Prof. Dr. Haluk KORALAY (Gazi \u00dcniversitesi) \u2013 Ba\u015fkan Yard\u0131mc\u0131s\u0131<\/p>\n\n\n\n<p>Prof. Dr. Recep B\u0130RG\u00dcL (Carroll College)<\/p>\n\n\n\n<p>Prof. Dr. Abid ABU-TAIR (British University in Dubai)<\/p>\n\n\n\n<p>Prof. Dr. Jamal KHAT\u0130B (Beirut Arab University)<\/p>\n\n\n\n<p>Prof. Dr. John KINUTHIA (University of South Wales)<\/p>\n\n\n\n<p>Prof. Dr. G\u00fcrkan \u00d6ZDEN (Dokuz Eyl\u00fcl \u00dcniversitesi)<\/p>\n\n\n\n<p>Prof. Dr. M. Hakan HOCAO\u011eLU (\u0130stanbul Ticaret \u00dcniversitesi)<\/p>\n\n\n\n<p>Prof. Dr. Mustafa G\u00dcNAY (Karab\u00fck \u00dcniversitesi)<\/p>\n\n\n\n<p>Prof. Dr. \u015eemsettin KILIN\u00c7ARSLAN (S\u00fcleyman Demirel \u00dcniversitesi)<\/p>\n\n\n\n<p>Prof. Dr. Murat Erhan BALCI (Bal\u0131kesir \u00dcniversitesi)<\/p>\n\n\n\n<p>Prof. Dr. \u0130smail \u015eAH\u0130N (Gazi \u00dcniversitesi)<\/p>\n\n\n\n<p>Do\u00e7. Dr. Nihat D\u00d6NGEL (Gazi \u00dcniversitesi)<\/p>\n\n\n\n<p>Prof. Dr. \u00d6zcan YAL\u00c7INKAYA (Gazi \u00dcniversitesi)<\/p>\n\n\n\n<p>Prof. Dr. Feray K\u00d6\u00c7KAR (Bal\u0131kesir \u00dcniversitesi)<\/p>\n\n\n\n<p>Prof. Dr. Osman KOLA (Adana Alparslan T\u00fcrke\u015f Bilim ve Teknoloji \u00dcniversitesi)<\/p>\n\n\n\n<p>Prof. Dr. Yasin ALEMDA\u011e (Karadeniz Teknik \u00dcniversitesi)<\/p>\n\n\n\n<p>Prof. Dr. Cevdet S\u00f6\u011f\u00fctl\u00fc (Gazi \u00dcniversitesi)<\/p>\n\n\n\n<p>Do\u00e7. Dr. \u0130lker TEK\u0130N (Karab\u00fck \u00dcniversitesi)<\/p>\n\n\n\n<p>Do\u00e7. Dr. Osman \u00d6ZKARACA (Mu\u011fla S\u0131tk\u0131 Ko\u00e7man \u00dcniversitesi)<\/p>\n\n\n\n<p>Do\u00e7. Dr. Adem TEKEREK (Gazi \u00dcniversitesi)<\/p>\n\n\n\n<p>Do\u00e7. Dr. Yakup KAYA (Karab\u00fck \u00dcniversitesi)<\/p>\n\n\n\n<p>Do\u00e7. Dr. Nuray GED\u0130K \u2013 (Bal\u0131kesir \u00dcniversitesi)<\/p>\n\n\n\n<p>Do\u00e7. Dr. Mustafa KARABOYACI (S\u00fcleyman Demirel \u00dcniversitesi)<\/p>\n\n\n\n<p>Do\u00e7. Dr. Hamza KANDEM\u0130R (Isparta Uygulamal\u0131 Bilimler \u00dcniversitesi)<\/p>\n\n\n\n<p>Dr. \u00d6\u011fr. \u00dcyesi Tuba G\u00d6ZEL (Gebze Teknik \u00dcniversitesi)<\/p>\n\n\n\n<p>Dr. \u00d6\u011fr. \u00dcyesi Abdullah BERAM (Pamukkale \u00dcniversitesi)<\/p>\n\n\n\n<p>Dr. \u00d6\u011fr. \u00dcyesi Serkan \u00d6ZDEM\u0130R (Isparta Uygulamal\u0131 Bilimler \u00dcniversitesi)<\/p>\n\n\n\n<p>Dr. \u00d6mer BOYACI (Pamukkale \u00dcniversitesi)<\/p>\n","protected":false},"excerpt":{"rendered":"<p>Prof. Dr. Seyhan FIRAT (Gazi \u00dcniversitesi) \u2013 Ba\u015fkan Prof. Dr. Haluk KORALAY (Gazi \u00dcniversitesi) \u2013 Ba\u015fkan Yard\u0131mc\u0131s\u0131 Prof. Dr. Recep B\u0130RG\u00dcL (Carroll College) Prof. Dr. Abid ABU-TAIR (British University in Dubai) Prof. Dr. Jamal KHAT\u0130B (Beirut Arab University) Prof. Dr. John KINUTHIA (University of South Wales) Prof. Dr. G\u00fcrkan \u00d6ZDEN (Dokuz Eyl\u00fcl \u00dcniversitesi) Prof. Dr.\u2026 <span class=\"read-more\"><a href=\"https:\/\/teskongre.org\/fm2023\/duzenleme-kurulu\/\">Read More &raquo;<\/a><\/span><\/p>\n","protected":false},"author":1,"featured_media":0,"parent":0,"menu_order":0,"comment_status":"closed","ping_status":"closed","template":"","meta":{"footnotes":""},"class_list":["post-30","page","type-page","status-publish","hentry"],"_links":{"self":[{"href":"https:\/\/teskongre.org\/fm2023\/wp-json\/wp\/v2\/pages\/30","targetHints":{"allow":["GET"]}}],"collection":[{"href":"https:\/\/teskongre.org\/fm2023\/wp-json\/wp\/v2\/pages"}],"about":[{"href":"https:\/\/teskongre.org\/fm2023\/wp-json\/wp\/v2\/types\/page"}],"author":[{"embeddable":true,"href":"https:\/\/teskongre.org\/fm2023\/wp-json\/wp\/v2\/users\/1"}],"replies":[{"embeddable":true,"href":"https:\/\/teskongre.org\/fm2023\/wp-json\/wp\/v2\/comments?post=30"}],"version-history":[{"count":18,"href":"https:\/\/teskongre.org\/fm2023\/wp-json\/wp\/v2\/pages\/30\/revisions"}],"predecessor-version":[{"id":545,"href":"https:\/\/teskongre.org\/fm2023\/wp-json\/wp\/v2\/pages\/30\/revisions\/545"}],"wp:attachment":[{"href":"https:\/\/teskongre.org\/fm2023\/wp-json\/wp\/v2\/media?parent=30"}],"curies":[{"name":"wp","href":"https:\/\/api.w.org\/{rel}","templated":true}]}}