{"id":28,"date":"2019-04-17T13:35:09","date_gmt":"2019-04-17T10:35:09","guid":{"rendered":"http:\/\/teskongre.org\/fm2019\/?page_id=28"},"modified":"2024-08-01T09:24:14","modified_gmt":"2024-08-01T09:24:14","slug":"bilim-kurulu","status":"publish","type":"page","link":"https:\/\/teskongre.org\/fm2023\/bilim-kurulu\/","title":{"rendered":"Bilim Kurulu"},"content":{"rendered":"\n<p>Prof. Dr. Abid ABU-TAIR (British University in Dubai)<\/p>\n\n\n\n<p>Prof. Dr. Ahmed F. ZOBAA (Brunel University)<\/p>\n\n\n\n<p>Prof. Dr. Adil EL-KORDI (Beirut Arab University)<\/p>\n\n\n\n<p>Prof. Dr. Ali Fuat BOZ (Sakarya Uygulamal\u0131 Bilimler \u00dcniversitesi)<\/p>\n\n\n\n<p>Prof. Dr. Adilkhan ZHANGAZ\u0130YEV (Taraz State Pedagogical University)<\/p>\n\n\n\n<p>Prof. Dr. Abd\u0131kal\u0131kov Ak\u0131lbek ABDIKALIKOV\u0130CH (K\u0131rg\u0131z Devlet \u0130n\u015faat, Ula\u015f\u0131m ve Mimarl\u0131k \u00dcniversitesi)<\/p>\n\n\n\n<p>Prof. Dr. Adel ELKORD\u0130 (Beirut Arab University)<\/p>\n\n\n\n<p>Prof. Dr. Agron BAJRAKTARI (University of Applied Sciences in Ferizaj)<\/p>\n\n\n\n<p>Prof. Dr. Andres SECO (University of Navarre)<\/p>\n\n\n\n<p>Prof. Dr. \u018flizad\u0259 Rasim \u0130SMAYIL O\u011eLU (Azerbaycan Teknik \u00dcniversitesi)<\/p>\n\n\n\n<p>Prof. Dr. \u018fliyev \u018fli B\u0130NN\u018fT O\u011eLU (Azerbaycan Mimarl\u0131k ve \u0130n\u015faat \u00dcniversitesi )<\/p>\n\n\n\n<p>Prof. Dr. \u018fhm\u0259dov Hikm\u0259t \u0130N\u015eALLA O\u011eLU (Bak\u00fc Devlet \u00dcniversitesi)<\/p>\n\n\n\n<p>Prof. Dr. Germ\u00e1n F. DE LA FUENTE ( Zaragoza University)<\/p>\n\n\n\n<p>Prof. Dr. Behnam MOHAMMADI-IVATLOO (University of Tabriz)<\/p>\n\n\n\n<p>Prof. Dr. Can HA\u015e\u0130MO\u011eLU (Sakarya Uygulamal\u0131 Bilimler \u00dcniversitesi)<\/p>\n\n\n\n<p>Prof. Dr. \u00c7etin ELMAS (Gazi \u00dcniversitesi)<\/p>\n\n\n\n<p>Prof. Dr. F. P. Garcia MARQUEZ (University of Castilla-La Mancha)<\/p>\n\n\n\n<p>Prof. Dr. Jamal KHAT\u0130B (Beirut Arab University)<\/p>\n\n\n\n<p>Prof. Dr. Jerzy SMARDZEWSK\u0130 (Pozman University)<\/p>\n\n\n\n<p>Prof. Dr. John KINUTHIA (University Of South Wales)<\/p>\n\n\n\n<p>Prof. Dr. Luis Alberto ANGUREL ( Zaragoza University)<\/p>\n\n\n\n<p>Prof. Dr. Marat ZHUR\u0130NOV (National Academy of Science of the Kazakhstan)<\/p>\n\n\n\n<p>Prof. Dr. Md Shahriar HOSSA\u0130N (University Of Wollongong Australia)<\/p>\n\n\n\n<p>Prof. Dr. Musayev Na\u011f\u0131 ALM\u018fMM\u018fD O\u011eLU (Bak\u00fc Devlet \u00dcniversitesi)<\/p>\n\n\n\n<p>Prof. Dr. Neamullah KHAN (NCEAC University of Sindlt)<\/p>\n\n\n\n<p>Prof. Dr. Najib CHEGGOUR (Florida State University)<\/p>\n\n\n\n<p>Prof. Dr. Naoyuki AMEMIYA (Kyoto University)<\/p>\n\n\n\n<p>Prof. Dr. Nihat Sinan I\u015eIK (Gazi \u00dcniversitesi )<\/p>\n\n\n\n<p>Prof. Dr. Tayirov Mitalip TAY\u0130ROV\u0130CH (Batken Devlet \u00dcniversitesi)<\/p>\n\n\n\n<p>Prof. Dr. Pascal NZOKOU (Michagan State University)<\/p>\n\n\n\n<p>Prof. Dr. Alaattin KA\u00c7AL (Dumlup\u0131nar \u00dcniversitesi)<\/p>\n\n\n\n<p>Prof. Dr. Recep B\u0130RG\u00dcL (Carroll College)<\/p>\n\n\n\n<p>Prof. Dr. G\u00fcrkan \u00d6ZDEN (Dokuz Eyl\u00fcl \u00dcniversitesi)<\/p>\n\n\n\n<p>Prof. Dr. Igbal BABAYEV (Azerbaijan Technical University)<\/p>\n\n\n\n<p>Prof. Dr. Maksud BOBOJANOV (Tashkent State Technical University)<\/p>\n\n\n\n<p>Prof. Dr. M\u00fcrsel ERDAL (Gazi \u00dcniversitesi)<\/p>\n\n\n\n<p>Prof. Dr. Nurali YUSUFBEYL\u0130 (Azerbaijan Technical University)<\/p>\n\n\n\n<p>Prof. Dr. \u00d6mer EYERC\u0130O\u011eLU (Gaziantep \u00dcniversitesi)<\/p>\n\n\n\n<p>Prof. Dr. Sergey BUSH\u0130YEV (Azerbaijan Technical University)<\/p>\n\n\n\n<p>Prof. Dr. Saleh SULTANSOY (Tobb Teknoloji \u00dcniversitesi)<\/p>\n\n\n\n<p>Prof. Dr. Selami CANDAN (Gazi \u00dcniversitesi)<\/p>\n\n\n\n<p>Prof. Dr. Zulkhayir MANSUROV (Institute of Combustion Problems)<\/p>\n\n\n\n<p>Prof. Dr. Halim BOUSSABA\u0130NE (Project Management)<\/p>\n\n\n\n<p>Prof. Dr. Kareem TAHBOUB (Mechanical Engineering)<\/p>\n\n\n\n<p>Prof. Dr. \u015e\u0131x\u0259liyev Namiq Q\u00dcRB\u018fT O\u011eLU (Bak\u00fc Devlet \u00dcniversitesi)<\/p>\n\n\n\n<p>Prof. Dr. Zafer \u00dcS\u00dcNDA\u011e (Dumlup\u0131nar \u00dcniversitesi)<\/p>\n\n\n\n<p>Prof. Dr. Zulpuyev Abdivap ZUPUYEV\u0130CH (Batken Devlet \u00dcniversitesi)<\/p>\n\n\n\n<p>Prof. Dr. Qocayev Niftal\u0131 MEHRALI O\u011eLU (Bak\u00fc M\u00dchendislik \u00dcniversitesi)<\/p>\n\n\n\n<p>Prof. Dr. Necati \u00c7ATBA\u015e (University of Central Florida)<\/p>\n\n\n\n<p>Prof.Dr. M\u00fcmtaz \u00dcSMEN (Wayne State University)<\/p>\n\n\n\n<p>Prof. Dr. Tuncay Y\u0130\u011e\u0130T (S\u00fcleyman Demirel \u00dcniversitesi)<\/p>\n\n\n\n<p>Prof. Dr. Vilayet VEL\u0130YEV (Azerbaijan Technical University)<\/p>\n\n\n\n<p>Prof. Dr. Z. ABDUL-MALEK (Universiti Teknologi Malaysia)<\/p>\n\n\n\n<p>Prof. Dr. Sezer SORGUN (Nev\u015fehir Hac\u0131 Bekta\u015f Veli \u00dcniversitesi)<\/p>\n\n\n\n<p>Prof. Dr. Zeliha LEBLB\u0130C\u0130 (Nev\u015fehir Hac\u0131 Bekta\u015f Veli \u00dcniversitesi)<\/p>\n\n\n\n<p>Prof. Dr. Bayram DEV\u0130REN (Nev\u015fehir Hac\u0131 Bekta\u015f Veli \u00dcniversitesi)<\/p>\n\n\n\n<p>Prof. Dr. Nesimi AKTA\u015e (Nev\u015fehir Hac\u0131 Bekta\u015f Veli \u00dcniversitesi)<\/p>\n\n\n\n<p>Prof. Dr. Ersan KABALCI (Nev\u015fehir Hac\u0131 Bekta\u015f Veli \u00dcniversitesi)<\/p>\n\n\n\n<p>Prof. Dr. Zahide BAYER \u00d6ZT\u00dcRK (Nev\u015fehir Hac\u0131 Bekta\u015f Veli \u00dcniversitesi)<\/p>\n\n\n\n<p>Prof. Dr. Ali D\u0130\u015eL\u0130 (Gazi \u00dcniversitesi)<\/p>\n\n\n\n<p>Do\u00e7. Dr. Giuseppe LOPRENCIPE (Sapienza University of Rome)<\/p>\n\n\n\n<p>Do\u00e7. Dr. Ramazan \u00c7AKIRO\u011eLU (Gazi \u00dcniversitesi)<\/p>\n\n\n\n<p>Do\u00e7. Dr. Burak ERKAYMAN (Atat\u00fcrk \u00dcniversitesi)<\/p>\n\n\n\n<p>Do\u00e7. Dr. Meliha AKLIBA\u015eINDA (Nev\u015fehir Hac\u0131 Bekta\u015f Veli \u00dcniversitesi)<\/p>\n\n\n\n<p>Dr. \u00d6\u011fr. \u00dcyesi Nil\u00fcfer K\u00dc\u00c7\u00dcKDEVEC\u0130 (Nev\u015fehir Hac\u0131 Bekta\u015f Veli \u00dcniversitesi)<\/p>\n\n\n\n<p>Prof. Dr. Cevdet S\u00f6\u011f\u00fctl\u00fc Gazi \u00dcniversitesi<\/p>\n\n\n\n<p>Prof. Dr. Selim Acar Gazi \u00dcniversitesi<\/p>\n\n\n\n<p>Prof. Dr. Hakan Karsl\u0131 Karadeniz Teknik \u00dcniversitesi<\/p>\n\n\n\n<p>Do\u00e7. Dr. \u00d6zcan \u00d6ZYURT Karadeniz Teknik \u00dcniversitesi <\/p>\n\n\n\n<p>Prof. Dr. Kadriye Aydemir Amasya \u00dcniversitesi<\/p>\n\n\n\n<p>Do\u00e7. Dr. Ertan Y\u0131ld\u0131r\u0131m Gazi \u00dcniversitesi<\/p>\n\n\n\n<p>Prof. Dr. Hasan H\u00fcseyin \u00d6zt\u00fcrk \u00c7ukurova \u00dcniversitesi<\/p>\n\n\n\n<p>Dr. Hakan Ada Gazi \u00dcniversitesi<\/p>\n\n\n\n<p>Prof. Dr. Ahmet Durgutlu Gazi \u00dcniversitesi<\/p>\n\n\n\n<p>Do\u00e7. Dr. Taner Tun\u00e7 Ondokuz May\u0131s \u00dcniversitesi<\/p>\n\n\n\n<p>Associate Professor Raad AZZAWi (University of Texas at Arlington)<\/p>\n\n\n\n<p>Assoc. Prof. Dr. S. H. E. Abdel ALEEM (Valley High Institute of Eng. and Tech.)<\/p>\n\n\n\n<p>Assoc. Prof. Dr. Rrahim SEJD\u0130U (University of Applied Sciences in Ferizaj)<\/p>\n\n\n\n<p>Assistant Professor Himan Hojat JALAL\u0130 (University of Texas at Arlington)<\/p>\n\n\n\n<p>Assistant Professor Musab Aied Qissab AL-JANAB\u0130 (Al-Nahrain University)<\/p>\n\n\n\n<p>Associate Professor Lyubomir ZDRAVKOV (University of Architecture)<\/p>\n\n\n\n<p>Dr. Onur ALTUNTA\u015e (Milli Savunma \u00dcniversitesi)<\/p>\n\n\n\n<p>Dr. Mehrdad AGHAGHOL\u0130ZADEH (Southern Methodist University)<\/p>\n\n\n\n<p>Dr. Margaret CARTER (Manchester University)<\/p>\n\n\n\n<p>Dr. Mahsa Seyyedian CHOOB\u0130 (Techinical University Of Denmark)<\/p>\n\n\n\n<p>Dr. Michael L\u0130SYUK (Director for Development Georeconstruction Group of Companies)<\/p>\n\n\n\n<p>Dr. Abbas RABIEE (University of Zanjan)<\/p>\n\n\n\n<p>Dr. Ali AHMADIAN (University of Bonab)<\/p>\n\n\n\n<p>Dr. Amin Mohammadpour SHOTORBANI (University of British Columbia)<\/p>\n\n\n\n<p>Dr. D. R. ALMALYK (The Islam Karimov Tashkent State Technical University)<\/p>\n\n\n\n<p>Dr. Morteza Zare OSKOUEI (Qatar University)<\/p>\n\n\n\n<p>Dr. Pouya IFAE\u0130 (Kyung Hee University)<\/p>\n\n\n\n<p>Dr. Saeed PEYGHAMI (Aalborg University)<\/p>\n\n\n\n<p>Dr. Vahid VAHIDINASAB (Nottingham Trent University)<\/p>\n\n\n\n<p>Dr. Zeynep HASIRCI TU\u011eCU (Karadeniz Teknik \u00dcniversitesi)<\/p>\n","protected":false},"excerpt":{"rendered":"<p>Prof. Dr. Abid ABU-TAIR (British University in Dubai) Prof. Dr. Ahmed F. ZOBAA (Brunel University) Prof. Dr. Adil EL-KORDI (Beirut Arab University) Prof. Dr. Ali Fuat BOZ (Sakarya Uygulamal\u0131 Bilimler \u00dcniversitesi) Prof. Dr. Adilkhan ZHANGAZ\u0130YEV (Taraz State Pedagogical University) Prof. Dr. Abd\u0131kal\u0131kov Ak\u0131lbek ABDIKALIKOV\u0130CH (K\u0131rg\u0131z Devlet \u0130n\u015faat, Ula\u015f\u0131m ve Mimarl\u0131k \u00dcniversitesi) Prof. Dr. Adel ELKORD\u0130\u2026 <span class=\"read-more\"><a href=\"https:\/\/teskongre.org\/fm2023\/bilim-kurulu\/\">Read More &raquo;<\/a><\/span><\/p>\n","protected":false},"author":1,"featured_media":0,"parent":0,"menu_order":0,"comment_status":"closed","ping_status":"closed","template":"","meta":{"footnotes":""},"class_list":["post-28","page","type-page","status-publish","hentry"],"_links":{"self":[{"href":"https:\/\/teskongre.org\/fm2023\/wp-json\/wp\/v2\/pages\/28","targetHints":{"allow":["GET"]}}],"collection":[{"href":"https:\/\/teskongre.org\/fm2023\/wp-json\/wp\/v2\/pages"}],"about":[{"href":"https:\/\/teskongre.org\/fm2023\/wp-json\/wp\/v2\/types\/page"}],"author":[{"embeddable":true,"href":"https:\/\/teskongre.org\/fm2023\/wp-json\/wp\/v2\/users\/1"}],"replies":[{"embeddable":true,"href":"https:\/\/teskongre.org\/fm2023\/wp-json\/wp\/v2\/comments?post=28"}],"version-history":[{"count":18,"href":"https:\/\/teskongre.org\/fm2023\/wp-json\/wp\/v2\/pages\/28\/revisions"}],"predecessor-version":[{"id":609,"href":"https:\/\/teskongre.org\/fm2023\/wp-json\/wp\/v2\/pages\/28\/revisions\/609"}],"wp:attachment":[{"href":"https:\/\/teskongre.org\/fm2023\/wp-json\/wp\/v2\/media?parent=28"}],"curies":[{"name":"wp","href":"https:\/\/api.w.org\/{rel}","templated":true}]}}