{"id":236,"date":"2019-09-16T22:28:50","date_gmt":"2019-09-16T19:28:50","guid":{"rendered":"http:\/\/teskongre.org\/fm2019\/?page_id=236"},"modified":"2023-10-05T07:25:04","modified_gmt":"2023-10-05T07:25:04","slug":"cagrili-konusmacilar","status":"publish","type":"page","link":"https:\/\/teskongre.org\/fm2023\/cagrili-konusmacilar\/","title":{"rendered":"\u00c7a\u011fr\u0131l\u0131 Konu\u015fmac\u0131lar"},"content":{"rendered":"\n<p><strong>Prof. Dr. Kemal \u00d6nder \u00c7etin<\/strong>: 6 \u015eubat 2023 Kahramanmara\u015f depremleri \u00f6ncesi, s\u0131ras\u0131 ve sonras\u0131nda bize neler oldu? Geoteknik M\u00fchendisli\u011fi De\u011ferlendirmeleri<\/p>\n\n\n\n<figure class=\"wp-block-image size-large is-resized\"><img loading=\"lazy\" decoding=\"async\" src=\"https:\/\/teskongre.org\/fm2023\/wp-content\/uploads\/2023\/04\/KOC_2019_cropped-1-1024x999.jpg\" alt=\"\" class=\"wp-image-513\" width=\"205\" height=\"200\" srcset=\"https:\/\/teskongre.org\/fm2023\/wp-content\/uploads\/2023\/04\/KOC_2019_cropped-1-1024x999.jpg 1024w, https:\/\/teskongre.org\/fm2023\/wp-content\/uploads\/2023\/04\/KOC_2019_cropped-1-300x293.jpg 300w, https:\/\/teskongre.org\/fm2023\/wp-content\/uploads\/2023\/04\/KOC_2019_cropped-1-768x749.jpg 768w, https:\/\/teskongre.org\/fm2023\/wp-content\/uploads\/2023\/04\/KOC_2019_cropped-1-1536x1499.jpg 1536w, https:\/\/teskongre.org\/fm2023\/wp-content\/uploads\/2023\/04\/KOC_2019_cropped-1-660x644.jpg 660w, https:\/\/teskongre.org\/fm2023\/wp-content\/uploads\/2023\/04\/KOC_2019_cropped-1.jpg 1864w\" sizes=\"auto, (max-width: 205px) 100vw, 205px\" \/><\/figure>\n\n\n\n<p>Prof. \u00c7etin, Kaliforniya \u00dcniversitesi Berkeley&#8217;de doktora \u00e7al\u0131\u015fmas\u0131n\u0131n bir par\u00e7as\u0131 olarak, suya doygun kohezyonsuz zeminlerin sismik s\u0131v\u0131la\u015fma tetiklenme davran\u0131\u015f\u0131n\u0131 ara\u015ft\u0131rd\u0131. \u00d6nerilen tetikleme ili\u015fkisini ortaya koyan makalesi, 2006 y\u0131l\u0131nda ASCE Geo-Institute (Amerikan \u0130n\u015faat M\u00fchendisleri Derne\u011fi Geoteknik-Enstit\u00fcs\u00fc) taraf\u0131ndan verilen \u201cThomas A. Middlebrooks \u00dcst\u00fcn Profesyonel Ba\u015far\u0131 \u00d6d\u00fcl\u00fc\u201d n\u00fc ald\u0131. \u00d6nerdi\u011fi sismik zemin s\u0131v\u0131la\u015fmas\u0131 tetiklenme metodolojisi m\u00fchendislik uygulamalar\u0131nda geni\u015f \u00e7apta kabul g\u00f6rm\u00fc\u015f ve kullan\u0131lm\u0131\u015f, ayr\u0131ca AASHTO 2010 dahil olmak \u00fczere bir dizi m\u00fchendislik \u015fartname ve standard\u0131 i\u00e7in kullan\u0131lan de\u011ferlendirme y\u00f6ntemlerinin temelini olu\u015fturmu\u015ftur. 2022 y\u0131l\u0131nda Zemin Mekani\u011fi ve Geoteknik M\u00fchendisli\u011fi 18. Ulusal Konferans\u0131na, \u201cDaneli Zeminler Mekani\u011fi: Daneden Zemine\u2026\u201d ba\u015fl\u0131kl\u0131 sunumu ile Ord. Prof. Dr. Hamdi Peynircio\u011flu onursal konu\u015fmas\u0131n\u0131 vermek \u00fczere davet edilmi\u015ftir.&nbsp;<\/p>\n\n\n\n<p>Prof. \u00c7etin, deneysel ve teorik zemin mekani\u011fi, temel ve deprem m\u00fchendisli\u011fi alanlar\u0131nda ara\u015ft\u0131rma projelerinde yer almas\u0131n\u0131n yan\u0131 s\u0131ra, \u0130stanbul Marmaray Bat\u0131rma T\u00fcneli, \u0130stanbul Kanal\u0131, Gebze-\u0130zmir Otoyolu, Ankara-\u0130stanbul H\u0131zl\u0131 Tren, \u0130stanbul-Ankara-\u0130zmir Metro Hatlar\u0131, Var\u015fova-Polonya Metro Hatt\u0131, Efeler Jeotermal Santrali, Yemen-Sayhut Nishtun Otoyol T\u00fcneli, Kazan Soda Tesisi, Alpaslan II HES, Umman-Duqm Liman\u0131, T\u00fcrkmenba\u015f\u0131 Uluslararas\u0131 Liman\u0131, Akkuyu ve Sinop N\u00fckleer Santralleri gibi bir\u00e7ok ulusal ve uluslararas\u0131 projede geoteknik ve deprem m\u00fchendisli\u011fi konular\u0131nda dan\u0131\u015fmanl\u0131k yapm\u0131\u015ft\u0131r. M\u0131s\u0131r (2017), Malezya (2017), Filipinler (2018), Polonya (Eyl\u00fcl 2019) ve \u00d6zbekistan&#8217;da (Kas\u0131m 2019, Ocak 2023) n\u00fckleer santraller i\u00e7in g\u00fcvenlik gereksinimleri konulu \u00e7al\u0131\u015ftay ve denetlemelerde Uluslararas\u0131 Atom Enerjisi Ajans\u0131&#8217;na (IAEA) kurum d\u0131\u015f\u0131 uzman ve dan\u0131\u015fman olarak destek vermi\u015ftir.&nbsp;<\/p>\n\n\n\n<p>Prof. Dr. \u00c7etin&#8217;in geoteknik m\u00fchendisli\u011fi alan\u0131ndaki uzmanl\u0131\u011f\u0131 i) s\u0131\u011f temeller, ii) kaz\u0131kl\u0131 temeller, iii) derin kaz\u0131lar, iv) yeralt\u0131 yap\u0131lar\u0131 (\u00f6rne\u011fin: T\u00fcnel A\u00e7ma Makinesi Y\u00f6ntemi (TBM) ve yeni Avusturya t\u00fcnel a\u00e7ma y\u00f6ntemi (NATM), a\u00e7-kapa t\u00fcneller), v) istinat yap\u0131lar\u0131, vi) hidrolik yap\u0131lar (toprak dolgu, beton y\u00fczl\u00fc kaya dolgu, silindirle s\u0131k\u0131\u015ft\u0131r\u0131lm\u0131\u015f beton barajlar), vii) liman yap\u0131lar\u0131 ve dolgu, kaya n\u00fckleer tesisler, viii) \u015fev durayl\u0131l\u0131\u011f\u0131 de\u011ferlendirmeleri, ix) zemin iyile\u015ftirme, x) Yeralt\u0131 suyu d\u00fc\u015f\u00fcrme sistemleri (Temel \u00e7ukurunun susuzla\u015ft\u0131r\u0131lmas\u0131) xi) saha incelemeleri, sa\u011fl\u0131k ve performans izleme gibi tasar\u0131mlar ba\u015fta olmak \u00fczere, zemin ve yap\u0131sal sistemlerin tasar\u0131m ve performans de\u011ferlendirmesini i\u00e7erir. Benzer \u015fekilde, deprem m\u00fchendisli\u011findeki uzmanl\u0131\u011f\u0131 ise i) sismik zemin s\u0131v\u0131la\u015fmas\u0131n\u0131n tetiklenmesi, s\u0131v\u0131la\u015fma sonras\u0131 kesme dayan\u0131m\u0131 ve rijitlik tepkisi, yanal yay\u0131lma, ii) Arazide sismik zemin tepkisi, iii) sismik tehlike, iv) zemin yap\u0131 sistemlerinin 2 boyutlu ve 3 boyutlu statik ve sismik say\u0131sal modellemesi, v) mikro b\u00f6lgeleme, vi) hidrolik ve n\u00fckleer tesisler i\u00e7in yerle\u015fim de\u011ferlendirmelerini i\u00e7ermektedir.<\/p>\n\n\n\n<p>Prof. \u00c7etin, evli ve iki \u00e7ocuk babas\u0131 olup, \u00f6\u011fretim \u00fcyesi, dan\u0131\u015fman, ara\u015ft\u0131rmac\u0131 ve hakem olarak m\u00fchendislik camias\u0131na mutlu ve \u015fevkle hizmet etmeye devam etmektedir.<\/p>\n\n\n\n<hr class=\"wp-block-separator has-alpha-channel-opacity\"\/>\n\n\n\n<p><strong>Prof Geoffrey Levermore,<\/strong> BSc, ARCS, PhD, DIC, CEng, FCIBSE, MASHRAE, MEI<\/p>\n\n\n\n<figure class=\"wp-block-image size-full is-resized\"><img loading=\"lazy\" decoding=\"async\" src=\"https:\/\/teskongre.org\/fm2023\/wp-content\/uploads\/2023\/06\/Geoffrey.jpg\" alt=\"\" class=\"wp-image-531\" width=\"183\" height=\"244\"\/><\/figure>\n\n\n\n<p>Emeritus Professor, Dept of Mechanical, Aerospace &amp; Civil Engineering, The University of Manchester, UK. (2011 to present)<\/p>\n\n\n\n<p>Adjunct Professor, Chinese Agricultural University (CAU), College of lnformation and Electrical Engineering, Beijing, China.(2019 to present)<\/p>\n\n\n\n<p>Author of about 110 refereed journal papers, 49 invited papers and lectures and 25 book chapters and books. Investigator on grants worth \u00a314.53m,&nbsp; 17 with UK Research Councils worth \u00a312.75m, PI on 12 worth \u00a32.27m. Chair of the Task Group and editor of CIBSE Guide A Environmental Design, Chapter A2&nbsp; External Design Data 1999, 2006 and 2013.<\/p>\n\n\n\n<p>In 2007 one of the Lead Authors of the Intergovernmental Panel on Climate Change (IPCC) contributing to the award of the <em>Nobel Peace Prize<\/em> to the IPCC with Al Gore.<\/p>\n\n\n\n<p>From 2002 to 2009 Co-ordinator of Working Commission W108: \u2018Impact of climate change on the built environment\u2019 of the International Council for Research and Innovation in Building and Construction (CIB).<\/p>\n\n\n\n<p>In 2009 awarded a CIBSE Silver Medal.<\/p>\n\n\n\n<p>PI for EPSRC Scorchio grant (EP\/E017398\/1) which investigated the impact of climate change on vulnerable people and buildings.<\/p>\n\n\n\n<p>PI for EPSRC COPSE grant (EP\/F038178\/1) which developed future weather years, based on the UKCP09 climate projections, for building simulation. COPSE also analysed the urban heat island effect for Manchester.<\/p>\n\n\n\n<p>Still researching, analysing the urban heat island and its effects. Published 31 papers since 2011.<\/p>\n\n\n\n<hr class=\"wp-block-separator has-alpha-channel-opacity\"\/>\n\n\n\n<p><strong>Dr. Ahmed F. Zobaa<\/strong>, DSc, CEng, EUR.ING., IntPE(UK), FIET, FEI, FCIBSE, FIMechE, FAAS, SFHEA, SMIEEE<\/p>\n\n\n\n<figure class=\"wp-block-image size-full is-resized\"><img loading=\"lazy\" decoding=\"async\" src=\"http:\/\/teskongre.org\/fm2023ing\/wp-content\/uploads\/2023\/07\/ahmet-zobaa.jpg\" alt=\"\" class=\"wp-image-565\" width=\"213\" height=\"213\"\/><\/figure>\n\n\n\n<p>Dr. Zobaa&#8217;n\u0131n yolculu\u011fu M\u0131s\u0131r&#8217;daki Kahire \u00dcniversitesi&#8217;nde ba\u015flad\u0131 ve burada s\u0131ras\u0131yla 1992, 1997 ve 2002 y\u0131llar\u0131nda Elektrik G\u00fcc\u00fc ve Makineleri alan\u0131nda lisans, y\u00fcksek lisans ve doktora derecelerini ald\u0131. Akademik m\u00fckemmellik aray\u0131\u015f\u0131, 2010 y\u0131l\u0131nda Birle\u015fik Krall\u0131k&#8217;taki Exeter \u00dcniversitesi&#8217;nden Akademik Uygulama Lisans\u00fcst\u00fc Sertifikas\u0131 ve 2017 y\u0131l\u0131nda Birle\u015fik Krall\u0131k&#8217;taki Brunel \u00dcniversitesi&#8217;nden Bilim Doktoru unvan\u0131n\u0131 almas\u0131yla devam etti.<\/p>\n\n\n\n<p>Kariyeri, 1992-2007 y\u0131llar\u0131 aras\u0131nda Kahire \u00dcniversitesi&#8217;nde \u00d6\u011fretim G\u00f6revlisi, \u00d6\u011fretim Asistan\u0131 ve Yard\u0131mc\u0131 Do\u00e7ent olarak g\u00f6rev yapmaktan, 2007-2010 y\u0131llar\u0131 aras\u0131nda \u0130ngiltere&#8217;deki Exeter \u00dcniversitesi&#8217;nde yenilenebilir enerji alan\u0131nda K\u0131demli \u00d6\u011fretim G\u00f6revlisi olmaya kadar \u00e7e\u015fitli g\u00f6revlerde bulunmas\u0131n\u0131 sa\u011flam\u0131\u015ft\u0131r. Akademideki yolculu\u011fu, 2010-2019 y\u0131llar\u0131 aras\u0131nda g\u00fc\u00e7 sistemleri alan\u0131nda K\u0131demli \u00d6\u011fretim G\u00f6revlisi olarak g\u00f6rev yapt\u0131\u011f\u0131 Londra Brunel \u00dcniversitesi&#8217;nde devam etmi\u015ftir. Elektrik ve g\u00fc\u00e7 m\u00fchendisli\u011fi alan\u0131nda Okuyucu ve Brunel \u00dcniversitesi Londra, Birle\u015fik Krall\u0131k&#8217;ta Brunel Disiplinleraras\u0131 G\u00fc\u00e7 Sistemleri Ara\u015ft\u0131rma Merkezi \u00dcyesidir.<\/p>\n\n\n\n<p>G\u00fc\u00e7 m\u00fchendisli\u011fi ve yenilenebilir enerji alan\u0131ndaki kapsaml\u0131 katk\u0131lar\u0131yla tan\u0131nan Dr. Ahmed Faheem Zobaa&#8217;n\u0131n uzmanl\u0131\u011f\u0131, g\u00fc\u00e7 kalitesi, deniz yenilenebilir enerjisi, ak\u0131ll\u0131 \u015febekeler, enerji verimlili\u011fi ve ayd\u0131nlatma uygulamalar\u0131 gibi geni\u015f bir yelpazeyi kapsamaktad\u0131r.<\/p>\n\n\n\n<p>Dr. Zobaa, akademik katk\u0131lar\u0131n\u0131n \u00f6tesinde, Smart Grids and Sustainable Energy Journal&#8217;da Genel Yay\u0131n Y\u00f6netmeni ve \u00e7e\u015fitli uluslararas\u0131 dergilerde Yay\u0131n Kurulu \u00fcyesi, Edit\u00f6r, Yard\u0131mc\u0131 Edit\u00f6r ve Yay\u0131n Dan\u0131\u015fma Kurulu \u00fcyesi olarak g\u00f6rev yaparak \u00e7e\u015fitli profesyonel yay\u0131nlarda \u00f6nemli roller \u00fcstlenmi\u015ftir.<\/p>\n\n\n\n<p>Tan\u0131n\u0131rl\u0131\u011f\u0131 ve \u00fcyelikleri bir\u00e7ok sayg\u0131n kurumu kapsamaktad\u0131r. Kendisi tescilli bir Yeminli M\u00fchendis, Yeminli Enerji M\u00fchendisi, Avrupa M\u00fchendisi ve Uluslararas\u0131 Profesyonel M\u00fchendistir. Ayn\u0131 zamanda \u0130ngiltere M\u00fchendislik Konseyi, M\u0131s\u0131r M\u00fchendisler Sendikas\u0131 ve M\u0131s\u0131r M\u00fchendisler Derne\u011fi&#8217;nin kay\u0131tl\u0131 \u00fcyesidir. Dr. Zobaa&#8217;n\u0131n ayr\u0131ca Y\u00fcksek \u00d6\u011fretim Akademisi, \u0130ngiltere; M\u00fchendislik ve Teknoloji Enstit\u00fcs\u00fc, Enerji Enstit\u00fcs\u00fc, \u0130ngiltere; Yap\u0131 Hizmetleri M\u00fchendisleri Kurumu, \u0130ngiltere; Makine M\u00fchendisleri Kurumu, \u0130ngiltere; Kraliyet Sanat Toplulu\u011fu, \u0130ngiltere, Afrika Bilimler Akademisi ve E\u011fitim De\u011ferlendiricileri Kurumu, \u0130ngiltere&#8217;de burslar\u0131 bulunmaktad\u0131r. Kendisi ayn\u0131 zamanda IEEE&#8217;nin k\u0131demli \u00fcyesidir.<\/p>\n\n\n\n<hr class=\"wp-block-separator has-alpha-channel-opacity\"\/>\n\n\n\n<p><strong>Prof. Dr. G\u00fcrkan \u00d6ZDEN<\/strong>: 2023 Kahramanmara\u015f Depreminde Marjinal Zemin Davran\u0131\u015flar\u0131 <\/p>\n\n\n\n<div class=\"wp-block-group\"><div class=\"wp-block-group__inner-container is-layout-constrained wp-block-group-is-layout-constrained\">\n<figure class=\"wp-block-image size-full is-resized\"><img loading=\"lazy\" decoding=\"async\" src=\"https:\/\/teskongre.org\/fm2023\/wp-content\/uploads\/2023\/04\/PROF.-DR.-GURKAN-OZDEN-e1682760975957.jpeg\" alt=\"\" class=\"wp-image-508\" width=\"222\" height=\"208\" srcset=\"https:\/\/teskongre.org\/fm2023\/wp-content\/uploads\/2023\/04\/PROF.-DR.-GURKAN-OZDEN-e1682760975957.jpeg 369w, https:\/\/teskongre.org\/fm2023\/wp-content\/uploads\/2023\/04\/PROF.-DR.-GURKAN-OZDEN-e1682760975957-300x281.jpeg 300w\" sizes=\"auto, (max-width: 222px) 100vw, 222px\" \/><\/figure>\n\n\n\n<p>8 Temmuz 1965 tarihinde \u0130stanbul\u2019da d\u00fcnyaya gelmi\u015ftir. \u0130lk\u00f6\u011frenimini Konya ve daha sonra \u0130zmir\u2019de tamamlayan G\u00fcrkan \u00d6zden orta ve lise e\u011fitimini \u0130zmir\u2019de alm\u0131\u015ft\u0131r. \u0130stanbul Teknik \u00dcniversitesi \u0130n\u015faat Fak\u00fcltesi \u0130n\u015faat M\u00fchendisli\u011fi B\u00f6l\u00fcm\u00fcn\u00fc 1988 y\u0131l\u0131nda bitirmi\u015ftir. 3 Temmuz 1992\u2019de Dokuz Eyl\u00fcl \u00dcniversitesi Deniz Bilimleri Enstit\u00fcs\u00fc Deniz Yap\u0131lar\u0131 program\u0131n\u0131 tamamlayarak Y\u00fcksek M\u00fchendis s\u0131fat\u0131n\u0131 alm\u0131\u015f, 16 Aral\u0131k 1999 tarihinde ise Wayne State University taraf\u0131ndan kendisine Felsefe Doktoru (PhD) unvan\u0131 verilmi\u015ftir. G\u00fcrkan \u00d6zden 2000 y\u0131l\u0131ndan itibaren Dokuz Eyl\u00fcl \u00dcniversitesi \u0130n\u015faat M\u00fchendisli\u011fi B\u00f6l\u00fcm\u00fc Geoteknik Anabilim Dal\u0131nda \u00f6\u011fretim \u00fcyesi olarak g\u00f6rev yapmaktad\u0131r. Ba\u015fl\u0131ca akademik \u00e7al\u0131\u015fma alanlar\u0131 zemin dinami\u011fi, kaz\u0131k-zemin etkile\u015fimi olmakla birlikte Geoteknik M\u00fchendisli\u011fi disiplininin alt dallar\u0131 olan derin temel sistemleri, iksa yap\u0131lar\u0131, zemin iyile\u015ftirme y\u00f6ntemleri gibi konularda uluslararas\u0131 ve ulusal yay\u0131nlar\u0131, bildirileri ve m\u00fchendislik tasar\u0131mlar\u0131 mevcuttur. \u00c7ok say\u0131da bilimsel ara\u015ft\u0131rma projesinde y\u00fcr\u00fct\u00fcc\u00fc ve ara\u015ft\u0131rmac\u0131 olarak g\u00f6rev yapm\u0131\u015f olup be\u015f doktora ve yirminin \u00fczerinde y\u00fcksek lisans \u00f6\u011frencisine dan\u0131\u015fmanl\u0131k yapm\u0131\u015ft\u0131r.<\/p>\n<\/div><\/div>\n\n\n\n<hr class=\"wp-block-separator has-alpha-channel-opacity\"\/>\n\n\n\n<p><strong>Prof. Dr. Nihat Sinan I\u015eIK<\/strong>: Sahaya \u00d6zel Zemin Davran\u0131\u015f Analizleri ve Basen Yap\u0131lar\u0131n\u0131n Deprem Yer Hareketi \u00dczerindeki Etkileri<\/p>\n\n\n\n<figure class=\"wp-block-image size-full is-resized\"><img loading=\"lazy\" decoding=\"async\" src=\"https:\/\/teskongre.org\/fm2023\/wp-content\/uploads\/2023\/04\/NihatSinanISIK.jpg\" alt=\"\" class=\"wp-image-512\" width=\"223\" height=\"223\" srcset=\"https:\/\/teskongre.org\/fm2023\/wp-content\/uploads\/2023\/04\/NihatSinanISIK.jpg 200w, https:\/\/teskongre.org\/fm2023\/wp-content\/uploads\/2023\/04\/NihatSinanISIK-150x150.jpg 150w\" sizes=\"auto, (max-width: 223px) 100vw, 223px\" \/><\/figure>\n\n\n\n<p>Nihat Sinan I\u015f\u0131k 1997\u2019de Orta Do\u011fu Teknik \u00dcniversitesi Jeoloji M\u00fchendisli\u011fi B\u00f6l\u00fcm\u00fc\u2019nden mezun oldu. Ayn\u0131 y\u0131l yine ODT\u00dc Jeoloji M\u00fchendisli\u011fi B\u00f6l\u00fcm\u00fc\u2019nde Uygulamal\u0131 Jeoloji alan\u0131nda, Prof. Dr. Vedat DOYURAN\u2019\u0131n dan\u0131\u015fmal\u0131\u011f\u0131 alt\u0131nda Y\u00fcksek Lisans e\u011fitimine ba\u015flad\u0131. 1998 y\u0131l\u0131nda Gazi \u00dcniversitesi Teknik E\u011fitim Fak\u00fcltesi Yap\u0131 E\u011fitimi B\u00f6l\u00fcm\u00fc\u2019nde Ara\u015ft\u0131rma G\u00f6revlisi olarak \u00e7al\u0131\u015fmaya ba\u015flad\u0131. Gazi \u00dcniversitesi\u2019nde Zemin Mekani\u011fi Laboratuvar\u0131\u2019n\u0131n kurulmas\u0131nda g\u00f6rev ald\u0131. Y\u00fcksek Lisans E\u011fitimini tamamlad\u0131ktan sonra ODT\u00dc Jeoloji M\u00fchendisli\u011fi B\u00f6l\u00fcm\u00fc\u2019nde Uygulamal\u0131 Jeoloji alan\u0131nda Doktora e\u011fitimine ba\u015flad\u0131. Presiyometre Deneyinin Deneysel ve Say\u0131sal \u0130ncelenmesi adl\u0131 doktora tezini 2006 y\u0131l\u0131nda bitirdi; ayn\u0131 y\u0131l Gazi \u00dcniversitesi Teknik E\u011fitim Fak\u00fcltesi Yap\u0131 E\u011fitimi B\u00f6l\u00fcm\u00fc\u2019ne Yard\u0131mc\u0131 Do\u00e7ent olarak atand\u0131.&nbsp;Doktora&nbsp;teziyle M\u00fchendislik Jeolojisi Derne\u011fi\u2019nin verdi\u011fi Erguvanl\u0131 \u00f6d\u00fcl\u00fcn\u00fc ald\u0131.&nbsp;2011 y\u0131l\u0131nda Uygulamal\u0131 Jeoloji Alan\u0131nda Do\u00e7entlik \u00fcnvan\u0131n\u0131 ald\u0131, ayn\u0131 y\u0131l Gazi \u00dcniversitesi Teknoloji Fak\u00fcltesi \u0130n\u015faat M\u00fchendisli\u011fi B\u00f6l\u00fcm\u00fcne Do\u00e7ent olarak atand\u0131, 2017 y\u0131l\u0131ndan beri ayn\u0131 b\u00f6l\u00fcmde profes\u00f6r \u00fcnvan\u0131yla g\u00f6rev yapmaktad\u0131r.&nbsp;Uzmanl\u0131k alanlar\u0131 M\u00fchendislik Jeolojisi, Zemin ve Kaya Mekani\u011fi\u2019dir.<\/p>\n\n\n\n<hr class=\"wp-block-separator has-alpha-channel-opacity\"\/>\n\n\n\n<p><strong>Do\u00e7. Dr. Mufti Mahmud:<\/strong> Kapsay\u0131c\u0131 Bir Topluma Do\u011fru: E\u011fitim 5.0 i\u00e7in Ki\u015fiselle\u015ftirilmi\u015f \u00d6\u011frenim Sa\u011flamada Yapay Zeka<\/p>\n\n\n\n<figure class=\"wp-block-image size-large is-resized\"><img loading=\"lazy\" decoding=\"async\" src=\"https:\/\/teskongre.org\/fm2023\/wp-content\/uploads\/2023\/10\/Mufti-Portrait-1024x913.png\" alt=\"\" class=\"wp-image-579\" width=\"226\" height=\"201\" srcset=\"https:\/\/teskongre.org\/fm2023\/wp-content\/uploads\/2023\/10\/Mufti-Portrait-1024x913.png 1024w, https:\/\/teskongre.org\/fm2023\/wp-content\/uploads\/2023\/10\/Mufti-Portrait-300x267.png 300w, https:\/\/teskongre.org\/fm2023\/wp-content\/uploads\/2023\/10\/Mufti-Portrait-768x684.png 768w, https:\/\/teskongre.org\/fm2023\/wp-content\/uploads\/2023\/10\/Mufti-Portrait-1536x1369.png 1536w, https:\/\/teskongre.org\/fm2023\/wp-content\/uploads\/2023\/10\/Mufti-Portrait-660x588.png 660w, https:\/\/teskongre.org\/fm2023\/wp-content\/uploads\/2023\/10\/Mufti-Portrait.png 1544w\" sizes=\"auto, (max-width: 226px) 100vw, 226px\" \/><\/figure>\n\n\n\n<p>Mufti Mahmud, 2011 y\u0131l\u0131nda \u0130talya&#8217;daki Padova \u00dcniversitesi&#8217;nden bilgi m\u00fchendisli\u011fi alan\u0131nda doktora derecesini ald\u0131. Halen Birle\u015fik Krall\u0131k&#8217;taki Nottingham Trent \u00dcniversitesi (NTU) Bilgisayar Bilimleri B\u00f6l\u00fcm\u00fc&#8217;nde Bili\u015fsel Hesaplama alan\u0131nda Do\u00e7ent olarak g\u00f6rev yapmaktad\u0131r. Dr. Mahmud, 2020 y\u0131l\u0131ndan bu yana bilgisayar bilimlerinde d\u00fcnya \u00e7ap\u0131nda en \u00e7ok at\u0131f alan %2 bilim insan\u0131 aras\u0131nda yer almaktad\u0131r ve NTU VC \u00dcst\u00fcn Ara\u015ft\u0131rma \u00d6d\u00fcl\u00fc 2021 ve Marie-Curie doktora sonras\u0131 bursu sahibidir. Dr. Mahmud, NTU&#8217;da Birle\u015fik Krall\u0131k h\u00fck\u00fcmetinin ara\u015ft\u0131rma m\u00fckemmelli\u011fi \u00e7er\u00e7evesi i\u00e7in Bilgisayar Bilimi ve Enformatik de\u011ferlendirme biriminin koordinat\u00f6r\u00fc ve Bili\u015fsel Hesaplama ve Beyin Enformati\u011fi ara\u015ft\u0131rma grubunun grup lideridir. Hindistan, Banglade\u015f, \u0130talya, Bel\u00e7ika ve Birle\u015fik Krall\u0131k&#8217;ta end\u00fcstri ve akademide 18 y\u0131l\u0131 a\u015fk\u0131n deneyime sahip olan Dr. Mahmud, hesaplamal\u0131 zeka, uygulamal\u0131 veri analizi ve b\u00fcy\u00fck veri teknolojileri konular\u0131nda uzmand\u0131r ve \u00f6zellikle sa\u011fl\u0131k uygulamalar\u0131na odaklanmaktad\u0131r. A\u011fustos 2023 itibariyle, \u00f6nde gelen dergi ve konferanslarda 300&#8217;den fazla hakemli makale ve bildiri yay\u0131nlam\u0131\u015f ve bu alanlarda 18 cilt ve bir\u00e7ok dergi \u00f6zel say\u0131s\u0131n\u0131n (ortak) edit\u00f6rl\u00fc\u011f\u00fcn\u00fc yapm\u0131\u015ft\u0131r. Scopus&#8217;a g\u00f6re, Dr. Mahmud, 01\/2018 ile 03\/2022 tarihleri aras\u0131nda bilgisayar bilimleri alan\u0131nda Nottinghamshire, Birle\u015fik Krall\u0131k&#8217;taki \u00fcniversitelerden akademisyenler aras\u0131nda en fazla yay\u0131na sahiptir ve ayn\u0131 d\u00f6nemde Birle\u015fik Krall\u0131k&#8217;\u0131n East Midlands b\u00f6lgesindeki \u00fcniversitelerden bilgisayar bilimleri akademisyenleri aras\u0131nda \u00fc\u00e7\u00fcnc\u00fc s\u0131rada yer alm\u0131\u015ft\u0131r. Aktif bir ara\u015ft\u0131rmac\u0131 olarak Dr. Mahmud, toplamda 4,0 milyon sterlinden fazla hibe alm\u0131\u015f ve 50&#8217;den fazla ara\u015ft\u0131rma \u00f6\u011frencisine (doktora, y\u00fcksek lisans ve lisans) dan\u0131\u015fmanl\u0131k yapm\u0131\u015ft\u0131r. IEEE ve ACM K\u0131demli \u00dcyesi, \u0130ngiliz Bilgisayar Toplulu\u011fu Profesyonel \u00dcyesi ve Birle\u015fik Krall\u0131k Y\u00fcksek\u00f6\u011fretim Akademisi \u00dcyesidir. 2022-2023 y\u0131llar\u0131 aras\u0131nda IEEE Computational Intelligence Society (CIS) Ak\u0131ll\u0131 Sistem Uygulamas\u0131 ve Beyin Bili\u015fimi Teknik Komiteleri Ba\u015fkan\u0131, IEEE CIS Sa\u011fl\u0131k i\u00e7in Zeka Sistemleri G\u00f6rev G\u00fcc\u00fc \u00fcyesi, IEEE R8 \u0130nsani Faaliyetler Alt Komitesi dan\u0131\u015fman\u0131, IEEE \u0130ngiltere ve \u0130rlanda End\u00fcstri Uygulamalar\u0131 B\u00f6l\u00fcm\u00fc Yay\u0131nlar Ba\u015fkan\u0131 ve IEEE \u0130ngiltere ve \u0130rlanda SIGHT Komitesi Proje \u0130rtibat G\u00f6revlisi olarak g\u00f6rev yapmaktad\u0131r. Ayr\u0131ca IEEE-WCCI2020&#8217;nin yerel organizasyonunun koordinasyon ba\u015fkan\u0131; 2020, 2021 ve 2022&#8217;de Beyin Bili\u015fimi konferans\u0131n\u0131n Genel Ba\u015fkan\u0131; Uygulamal\u0131 Zeka ve Bili\u015fim konferans serisinin kurucu ba\u015fkan\u0131; ve IEEE-CICARE 2017, 2018, 2019, 2020, 2021 ve 2022&#8217;nin Sempozyum Ba\u015fkan\u0131 olarak g\u00f6rev yapm\u0131\u015ft\u0131r. Cognitive Computation dergisinde B\u00f6l\u00fcm Edit\u00f6r\u00fc (B\u00fcy\u00fck Veri Analiti\u011fi), Frontiers in Neuroscience dergisinde Yard\u0131mc\u0131 Edit\u00f6r ve Brain Informatics dergisinde B\u00f6lgesel Edit\u00f6r (Avrupa) olarak g\u00f6rev yapmaktad\u0131r. Ayr\u0131ca Applied Intelligence and Informatics (Springer Nature) ve Smart Healthcare Systems dergilerinde ba\u015f edit\u00f6r olarak g\u00f6rev yapmaktad\u0131r: From Data to Knowledge (Taylor &amp; Francis) kitap serilerinin ba\u015f edit\u00f6rl\u00fc\u011f\u00fcn\u00fc yapmaktad\u0131r.<\/p>\n","protected":false},"excerpt":{"rendered":"<p>Prof. Dr. Kemal \u00d6nder \u00c7etin: 6 \u015eubat 2023 Kahramanmara\u015f depremleri \u00f6ncesi, s\u0131ras\u0131 ve sonras\u0131nda bize neler oldu? Geoteknik M\u00fchendisli\u011fi De\u011ferlendirmeleri Prof. \u00c7etin, Kaliforniya \u00dcniversitesi Berkeley&#8217;de doktora \u00e7al\u0131\u015fmas\u0131n\u0131n bir par\u00e7as\u0131 olarak, suya doygun kohezyonsuz zeminlerin sismik s\u0131v\u0131la\u015fma tetiklenme davran\u0131\u015f\u0131n\u0131 ara\u015ft\u0131rd\u0131. \u00d6nerilen tetikleme ili\u015fkisini ortaya koyan makalesi, 2006 y\u0131l\u0131nda ASCE Geo-Institute (Amerikan \u0130n\u015faat M\u00fchendisleri Derne\u011fi Geoteknik-Enstit\u00fcs\u00fc) taraf\u0131ndan\u2026 <span class=\"read-more\"><a href=\"https:\/\/teskongre.org\/fm2023\/cagrili-konusmacilar\/\">Read More &raquo;<\/a><\/span><\/p>\n","protected":false},"author":1,"featured_media":0,"parent":0,"menu_order":0,"comment_status":"closed","ping_status":"closed","template":"","meta":{"footnotes":""},"class_list":["post-236","page","type-page","status-publish","hentry"],"_links":{"self":[{"href":"https:\/\/teskongre.org\/fm2023\/wp-json\/wp\/v2\/pages\/236","targetHints":{"allow":["GET"]}}],"collection":[{"href":"https:\/\/teskongre.org\/fm2023\/wp-json\/wp\/v2\/pages"}],"about":[{"href":"https:\/\/teskongre.org\/fm2023\/wp-json\/wp\/v2\/types\/page"}],"author":[{"embeddable":true,"href":"https:\/\/teskongre.org\/fm2023\/wp-json\/wp\/v2\/users\/1"}],"replies":[{"embeddable":true,"href":"https:\/\/teskongre.org\/fm2023\/wp-json\/wp\/v2\/comments?post=236"}],"version-history":[{"count":15,"href":"https:\/\/teskongre.org\/fm2023\/wp-json\/wp\/v2\/pages\/236\/revisions"}],"predecessor-version":[{"id":582,"href":"https:\/\/teskongre.org\/fm2023\/wp-json\/wp\/v2\/pages\/236\/revisions\/582"}],"wp:attachment":[{"href":"https:\/\/teskongre.org\/fm2023\/wp-json\/wp\/v2\/media?parent=236"}],"curies":[{"name":"wp","href":"https:\/\/api.w.org\/{rel}","templated":true}]}}