{"id":46,"date":"2019-04-17T13:36:51","date_gmt":"2019-04-17T10:36:51","guid":{"rendered":"http:\/\/teskongre.org\/fm2019\/?page_id=46"},"modified":"2021-05-01T11:53:50","modified_gmt":"2021-05-01T11:53:50","slug":"onur-kurulu","status":"publish","type":"page","link":"https:\/\/teskongre.org\/fm2021eng\/onur-kurulu\/","title":{"rendered":"Honorary Committee"},"content":{"rendered":"\n<p>Talip GEYLAN (T\u00fcrk E\u011fitim-Sen Genel Ba\u015fkan\u0131)<\/p>\n\n\n\n<p>Sattar MOHBAL\u0130YEV (Azerbaycan Ba\u011f\u0131ms\u0131z Sendikalar \u0130ttifak\u0131 Genel Ba\u015fkan\u0131)<\/p>\n\n\n\n<p>Ayg\u00fcl Muka\u015feva (Kazakistan \u0130lim ve E\u011fitim \u00c7al\u0131\u015fanlar\u0131 Sendikas\u0131 Genel Ba\u015fkan\u0131)<\/p>\n\n\n\n<p>Asylbek TOKTOKULOV (K\u0131rg\u0131zistan \u0130lim ve E\u011fitim \u00c7al\u0131\u015fanlar\u0131 Sendikas\u0131 Genel Ba\u015fkan\u0131)<\/p>\n\n\n\n<p>Erol Kala (Kosova T\u00fcrk \u00d6\u011fretmenler Derne\u011fi Genel Ba\u015fkan\u0131)<\/p>\n\n\n\n<p>Elvin Hasan (Makedonya Ufuk Derne\u011fi Genel Ba\u015fkan\u0131)<\/p>\n\n\n\n<p>Ali G\u00fclboy  (Irak T\u00fcrkmen E\u011fitimcileri \u00d6\u011fretmen \u00d6rg\u00fct\u00fc Genel Ba\u015fkan\u0131)<\/p>\n\n\n\n<p><p>Ak\u0131n Manga &#8211; K\u0131br\u0131s T\u00fcrk Memur Sen Genel Ba\u015fkan\u0131<\/p>\n<p>Leman Ali &#8211; Romanya T\u00fcrk Tatar K\u00f6kenli \u00d6\u011fretmenler Derne\u011fi Ba\u015fkan<\/p><\/p>\n","protected":false},"excerpt":{"rendered":"<p>Talip GEYLAN (T\u00fcrk E\u011fitim-Sen Genel Ba\u015fkan\u0131) Sattar MOHBAL\u0130YEV (Azerbaycan Ba\u011f\u0131ms\u0131z Sendikalar \u0130ttifak\u0131 Genel Ba\u015fkan\u0131) Ayg\u00fcl Muka\u015feva (Kazakistan \u0130lim ve E\u011fitim \u00c7al\u0131\u015fanlar\u0131 Sendikas\u0131 Genel Ba\u015fkan\u0131) Asylbek TOKTOKULOV (K\u0131rg\u0131zistan \u0130lim ve E\u011fitim \u00c7al\u0131\u015fanlar\u0131 Sendikas\u0131 Genel Ba\u015fkan\u0131) Erol Kala (Kosova T\u00fcrk \u00d6\u011fretmenler Derne\u011fi Genel Ba\u015fkan\u0131) Elvin Hasan (Makedonya Ufuk Derne\u011fi Genel Ba\u015fkan\u0131) Ali G\u00fclboy (Irak T\u00fcrkmen E\u011fitimcileri \u00d6\u011fretmen\u2026 <span class=\"read-more\"><a href=\"https:\/\/teskongre.org\/fm2021eng\/onur-kurulu\/\">Read More &raquo;<\/a><\/span><\/p>\n","protected":false},"author":1,"featured_media":0,"parent":0,"menu_order":0,"comment_status":"closed","ping_status":"closed","template":"","meta":{"footnotes":""},"class_list":["post-46","page","type-page","status-publish","hentry"],"_links":{"self":[{"href":"https:\/\/teskongre.org\/fm2021eng\/wp-json\/wp\/v2\/pages\/46","targetHints":{"allow":["GET"]}}],"collection":[{"href":"https:\/\/teskongre.org\/fm2021eng\/wp-json\/wp\/v2\/pages"}],"about":[{"href":"https:\/\/teskongre.org\/fm2021eng\/wp-json\/wp\/v2\/types\/page"}],"author":[{"embeddable":true,"href":"https:\/\/teskongre.org\/fm2021eng\/wp-json\/wp\/v2\/users\/1"}],"replies":[{"embeddable":true,"href":"https:\/\/teskongre.org\/fm2021eng\/wp-json\/wp\/v2\/comments?post=46"}],"version-history":[{"count":1,"href":"https:\/\/teskongre.org\/fm2021eng\/wp-json\/wp\/v2\/pages\/46\/revisions"}],"predecessor-version":[{"id":323,"href":"https:\/\/teskongre.org\/fm2021eng\/wp-json\/wp\/v2\/pages\/46\/revisions\/323"}],"wp:attachment":[{"href":"https:\/\/teskongre.org\/fm2021eng\/wp-json\/wp\/v2\/media?parent=46"}],"curies":[{"name":"wp","href":"https:\/\/api.w.org\/{rel}","templated":true}]}}