{"id":329,"date":"2021-05-01T12:12:40","date_gmt":"2021-05-01T12:12:40","guid":{"rendered":"http:\/\/teskongre.org\/fm2021eng\/?page_id=329"},"modified":"2021-05-01T12:12:40","modified_gmt":"2021-05-01T12:12:40","slug":"turkce-web-sitesi","status":"publish","type":"page","link":"https:\/\/teskongre.org\/fm2021eng\/turkce-web-sitesi\/","title":{"rendered":"T\u00dcRK\u00c7E WEB S\u0130TES\u0130"},"content":{"rendered":"\n<p>Kongrenin T\u00fcrk\u00e7e Web sitesine ula\u015fmak i\u00e7in l\u00fctfen <a href=\"http:\/\/teskongre.org\/fm2021\/\">t\u0131klay\u0131n\u0131z<\/a><\/p>\n","protected":false},"excerpt":{"rendered":"<p>Kongrenin T\u00fcrk\u00e7e Web sitesine ula\u015fmak i\u00e7in l\u00fctfen t\u0131klay\u0131n\u0131z<\/p>\n","protected":false},"author":1,"featured_media":0,"parent":0,"menu_order":0,"comment_status":"closed","ping_status":"closed","template":"","meta":{"footnotes":""},"class_list":["post-329","page","type-page","status-publish","hentry"],"_links":{"self":[{"href":"https:\/\/teskongre.org\/fm2021eng\/wp-json\/wp\/v2\/pages\/329","targetHints":{"allow":["GET"]}}],"collection":[{"href":"https:\/\/teskongre.org\/fm2021eng\/wp-json\/wp\/v2\/pages"}],"about":[{"href":"https:\/\/teskongre.org\/fm2021eng\/wp-json\/wp\/v2\/types\/page"}],"author":[{"embeddable":true,"href":"https:\/\/teskongre.org\/fm2021eng\/wp-json\/wp\/v2\/users\/1"}],"replies":[{"embeddable":true,"href":"https:\/\/teskongre.org\/fm2021eng\/wp-json\/wp\/v2\/comments?post=329"}],"version-history":[{"count":1,"href":"https:\/\/teskongre.org\/fm2021eng\/wp-json\/wp\/v2\/pages\/329\/revisions"}],"predecessor-version":[{"id":330,"href":"https:\/\/teskongre.org\/fm2021eng\/wp-json\/wp\/v2\/pages\/329\/revisions\/330"}],"wp:attachment":[{"href":"https:\/\/teskongre.org\/fm2021eng\/wp-json\/wp\/v2\/media?parent=329"}],"curies":[{"name":"wp","href":"https:\/\/api.w.org\/{rel}","templated":true}]}}