{"id":30,"date":"2019-04-17T13:35:22","date_gmt":"2019-04-17T13:35:22","guid":{"rendered":"http:\/\/teskongre.org\/fm2019\/?page_id=30"},"modified":"2021-05-01T11:49:07","modified_gmt":"2021-05-01T11:49:07","slug":"duzenleme-kurulu","status":"publish","type":"page","link":"https:\/\/teskongre.org\/fm2021eng\/duzenleme-kurulu\/","title":{"rendered":"Organizing Committee"},"content":{"rendered":"\n<p>Prof. Dr. Seyhan FIRAT \u0130n\u015faat M\u00fchendisli\u011fi Gazi \u00dcniversitesi (Ba\u015fkan)<br>Prof. Dr. Haluk KORALAY Fizik Gazi \u00dcniversitesi (Ba\u015fkan Yard\u0131mc\u0131s\u0131)<br>Prof. Dr. Recep B\u0130RG\u00dcL \u0130n\u015faat M\u00fchendisli\u011fi Mu\u011fla S\u0131tk\u0131 Ko\u00e7man \u00dcniversitesi<br>Prof. Dr. G\u00fcrkan \u00d6ZDEN \u0130n\u015faat M\u00fchendisli\u011fi Dokuz Eyl\u00fcl \u00dcniversitesi<br>Prof. Dr. M. Hakan HOCAO\u011eLU Elektronik M\u00fchendisli\u011fi Gebze Teknik \u00dcniversitesi<br>Prof. Dr. Ramazan KA\u00c7AR \u0130malat M\u00fchendisli\u011fi Karab\u00fck \u00dcniversitesi<br>Prof. Dr. \u00d6mer Faruk BAY Elektrik-Elektronik M\u00fchendisli\u011fi Gazi \u00dcniversitesi<br>Prof. Dr. \u015e\u00fckr\u00fc \u00c7AVDAR Fizik Gazi \u00dcniversitesi<br>Prof. Dr. Murat Erhan BALCI Elektrik-Elektronik M\u00fchendisli\u011fi Bal\u0131kesir \u00dcniversitesi<br>Prof. Dr. \u0130smail \u015eAH\u0130N End\u00fcstriyel Tasar\u0131m M\u00fchendisli\u011fi Gazi \u00dcniversitesi<br>Do\u00e7. Dr. Nihat D\u00d6NGEL A\u011fa\u00e7 i\u015fleri End\u00fcstri M\u00fchendisli\u011fi Gazi \u00dcniversitesi<br>Do\u00e7. Dr. Burak ERKAYMAN End\u00fcstri M\u00fchendisli\u011fi Anabilim Dal\u0131 Atat\u00fcrk \u00dcniversitesi<br>Do\u00e7. Dr. \u00d6zcan YAL\u00c7INKAYA Gazi \u00dcniversitesi<\/p>\n","protected":false},"excerpt":{"rendered":"<p>Prof. Dr. Seyhan FIRAT \u0130n\u015faat M\u00fchendisli\u011fi Gazi \u00dcniversitesi (Ba\u015fkan)Prof. Dr. Haluk KORALAY Fizik Gazi \u00dcniversitesi (Ba\u015fkan Yard\u0131mc\u0131s\u0131)Prof. Dr. Recep B\u0130RG\u00dcL \u0130n\u015faat M\u00fchendisli\u011fi Mu\u011fla S\u0131tk\u0131 Ko\u00e7man \u00dcniversitesiProf. Dr. G\u00fcrkan \u00d6ZDEN \u0130n\u015faat M\u00fchendisli\u011fi Dokuz Eyl\u00fcl \u00dcniversitesiProf. Dr. M. Hakan HOCAO\u011eLU Elektronik M\u00fchendisli\u011fi Gebze Teknik \u00dcniversitesiProf. Dr. Ramazan KA\u00c7AR \u0130malat M\u00fchendisli\u011fi Karab\u00fck \u00dcniversitesiProf. Dr. \u00d6mer Faruk BAY Elektrik-Elektronik\u2026 <span class=\"read-more\"><a href=\"https:\/\/teskongre.org\/fm2021eng\/duzenleme-kurulu\/\">Read More &raquo;<\/a><\/span><\/p>\n","protected":false},"author":1,"featured_media":0,"parent":0,"menu_order":0,"comment_status":"closed","ping_status":"closed","template":"","meta":{"footnotes":""},"class_list":["post-30","page","type-page","status-publish","hentry"],"_links":{"self":[{"href":"https:\/\/teskongre.org\/fm2021eng\/wp-json\/wp\/v2\/pages\/30","targetHints":{"allow":["GET"]}}],"collection":[{"href":"https:\/\/teskongre.org\/fm2021eng\/wp-json\/wp\/v2\/pages"}],"about":[{"href":"https:\/\/teskongre.org\/fm2021eng\/wp-json\/wp\/v2\/types\/page"}],"author":[{"embeddable":true,"href":"https:\/\/teskongre.org\/fm2021eng\/wp-json\/wp\/v2\/users\/1"}],"replies":[{"embeddable":true,"href":"https:\/\/teskongre.org\/fm2021eng\/wp-json\/wp\/v2\/comments?post=30"}],"version-history":[{"count":1,"href":"https:\/\/teskongre.org\/fm2021eng\/wp-json\/wp\/v2\/pages\/30\/revisions"}],"predecessor-version":[{"id":311,"href":"https:\/\/teskongre.org\/fm2021eng\/wp-json\/wp\/v2\/pages\/30\/revisions\/311"}],"wp:attachment":[{"href":"https:\/\/teskongre.org\/fm2021eng\/wp-json\/wp\/v2\/media?parent=30"}],"curies":[{"name":"wp","href":"https:\/\/api.w.org\/{rel}","templated":true}]}}