{"id":46,"date":"2019-04-17T13:36:51","date_gmt":"2019-04-17T10:36:51","guid":{"rendered":"http:\/\/teskongre.org\/fm2019\/?page_id=46"},"modified":"2024-10-18T12:36:35","modified_gmt":"2024-10-18T12:36:35","slug":"onur-kurulu","status":"publish","type":"page","link":"https:\/\/teskongre.org\/es2024\/onur-kurulu\/","title":{"rendered":"Onur Kurulu"},"content":{"rendered":"\n<p>Talip GEYLAN (UAESEB ve T\u00fcrk E\u011fitim-Sen Genel Ba\u015fkan\u0131)<\/p>\n\n\n\n<p>Araz PA\u015eAYEV (Azerbaycan Tahsil \u0130\u015f\u00e7ileri Azad Hemkarlar \u0130ttifak\u0131 &nbsp;Genel Ba\u015fkan\u0131)<\/p>\n\n\n\n<p>Ayg\u00fcl MUKA\u015eEVA (Kazakistan E\u011fitim, Bilim ve Y\u00fcksek\u00f6\u011fretim \u00c7al\u0131\u015fanlar\u0131 Sendikas\u0131 Genel Ba\u015fkan\u0131)<\/p>\n\n\n\n<p>Primkulov Musabay MAMATOV\u0130\u00c7 (K\u0131rg\u0131zistan Cumhuriyeti E\u011fitim ve Bilim \u00c7al\u0131\u015fanlar\u0131 Sendikas\u0131 Genel Ba\u015fkan\u0131)<\/p>\n\n\n\n<p>Rov\u015fan BED\u0130LOV(\u00d6zbekistan E\u011fitim ve Bilim \u00c7al\u0131\u015fanlar\u0131 Sendikas\u0131 Genel Ba\u015fkan\u0131)<\/p>\n\n\n\n<p>Erol KALA (Kosova T\u00fcrk \u00d6\u011fretmenler Derne\u011fi Ba\u015fkan\u0131)<\/p>\n\n\n\n<p>Elvin HASAN (Makedonya Ufuk Derne\u011fi Ba\u015fkan\u0131)<\/p>\n\n\n\n<p>Ali G\u00dcLBOY (Irak T\u00fcrkmen E\u011fitimcileri \u00d6\u011fretmen \u00d6rg\u00fct\u00fc Genel Ba\u015fkan\u0131)<\/p>\n\n\n\n<p>Ak\u0131n MANGA (K\u0131br\u0131s T\u00fcrk Memur Sen Genel Ba\u015fkan\u0131)<\/p>\n\n\n\n<p>Leman ALI (Romanya T\u00fcrk ve Tatar K\u00f6kenli \u00d6\u011fretmenler Derne\u011fi Ba\u015fkan\u0131)<\/p>\n","protected":false},"excerpt":{"rendered":"<p>Talip GEYLAN (UAESEB ve T\u00fcrk E\u011fitim-Sen Genel Ba\u015fkan\u0131) Araz PA\u015eAYEV (Azerbaycan Tahsil \u0130\u015f\u00e7ileri Azad Hemkarlar \u0130ttifak\u0131 &nbsp;Genel Ba\u015fkan\u0131) Ayg\u00fcl MUKA\u015eEVA (Kazakistan E\u011fitim, Bilim ve Y\u00fcksek\u00f6\u011fretim \u00c7al\u0131\u015fanlar\u0131 Sendikas\u0131 Genel Ba\u015fkan\u0131) Primkulov Musabay MAMATOV\u0130\u00c7 (K\u0131rg\u0131zistan Cumhuriyeti E\u011fitim ve Bilim \u00c7al\u0131\u015fanlar\u0131 Sendikas\u0131 Genel Ba\u015fkan\u0131) Rov\u015fan BED\u0130LOV(\u00d6zbekistan E\u011fitim ve Bilim \u00c7al\u0131\u015fanlar\u0131 Sendikas\u0131 Genel Ba\u015fkan\u0131) Erol KALA (Kosova T\u00fcrk \u00d6\u011fretmenler\u2026 <span class=\"read-more\"><a href=\"https:\/\/teskongre.org\/es2024\/onur-kurulu\/\">Read More &raquo;<\/a><\/span><\/p>\n","protected":false},"author":1,"featured_media":0,"parent":0,"menu_order":0,"comment_status":"closed","ping_status":"closed","template":"","meta":{"footnotes":""},"class_list":["post-46","page","type-page","status-publish","hentry"],"_links":{"self":[{"href":"https:\/\/teskongre.org\/es2024\/wp-json\/wp\/v2\/pages\/46","targetHints":{"allow":["GET"]}}],"collection":[{"href":"https:\/\/teskongre.org\/es2024\/wp-json\/wp\/v2\/pages"}],"about":[{"href":"https:\/\/teskongre.org\/es2024\/wp-json\/wp\/v2\/types\/page"}],"author":[{"embeddable":true,"href":"https:\/\/teskongre.org\/es2024\/wp-json\/wp\/v2\/users\/1"}],"replies":[{"embeddable":true,"href":"https:\/\/teskongre.org\/es2024\/wp-json\/wp\/v2\/comments?post=46"}],"version-history":[{"count":13,"href":"https:\/\/teskongre.org\/es2024\/wp-json\/wp\/v2\/pages\/46\/revisions"}],"predecessor-version":[{"id":718,"href":"https:\/\/teskongre.org\/es2024\/wp-json\/wp\/v2\/pages\/46\/revisions\/718"}],"wp:attachment":[{"href":"https:\/\/teskongre.org\/es2024\/wp-json\/wp\/v2\/media?parent=46"}],"curies":[{"name":"wp","href":"https:\/\/api.w.org\/{rel}","templated":true}]}}