{"id":44,"date":"2019-04-17T13:36:42","date_gmt":"2019-04-17T10:36:42","guid":{"rendered":"http:\/\/teskongre.org\/fm2019\/?page_id=44"},"modified":"2024-03-18T13:10:32","modified_gmt":"2024-03-18T13:10:32","slug":"onemli-tarihler","status":"publish","type":"page","link":"https:\/\/teskongre.org\/es2024\/onemli-tarihler\/","title":{"rendered":"\u00d6nemli Tarihler"},"content":{"rendered":"\n<p><strong>1 Nisan 2024:<\/strong> Kongre Kay\u0131t Sisteminin A\u00e7\u0131lmas\u0131  Opening of Congress Registration System<\/p>\n\n\n\n<p><strong>15 Eyl\u00fcl 2024:<\/strong> \u00d6zet G\u00f6nderimi \u0130\u00e7in Son Tarih<\/p>\n\n\n\n<p><strong>30 Eyl\u00fcl 2024<\/strong>: Kabul Edilen Bildiri \u00d6zetlerinin \u0130lan Edilmesi Deadline for Abstract Submission<\/p>\n\n\n\n<p><strong>15 Ekim 2024:<\/strong> Kongre \u00dccretlerinin Yat\u0131r\u0131lmas\u0131 \u0130\u00e7in Son Tarih  Deadline for Deposit of Congress Fees<\/p>\n\n\n\n<p><strong>1 Kas\u0131m 2024<\/strong> Kongre\u2019de Sunulacak Tam Metinlerin Kongre Sistemine Y\u00fcklenmesi \u0130\u00e7in Son Tarih<\/p>\n\n\n\n<p>Deadline for uploading the full texts to be presented at the Congress to the Congress System<\/p>\n\n\n\n<p><strong>10 Kas\u0131m 2024<\/strong> Kongre Program\u0131n\u0131n \u0130lan Edilmesi \u00a0\u00a0 Announcement of the Congress Program<\/p>\n\n\n\n<p><strong>15 Kas\u0131m 2024<\/strong>: Ula\u015f\u0131m Kay\u0131tlar\u0131n\u0131n Yap\u0131lmas\u0131 \u0130\u00e7in Son Tarih \u00a0\u00a0 Deadline for Transportation Registrations<\/p>\n\n\n\n<p><strong>21 Kas\u0131m 2024<\/strong>: Kongre Oteline Giri\u015f ve Kay\u0131tlar\u0131n Yap\u0131lmas\u0131 \u00a0\u00a0\u00a0 Check-in to the Congress Hotel and Registration<\/p>\n\n\n\n<p><strong>22-23 Kas\u0131m 2024<\/strong>: A\u00e7\u0131l\u0131\u015f, Kongre Bildirilerinin Sunulmas\u0131, \u00d6zel Oturumlar, Kapan\u0131\u015f ve Sonu\u00e7 Bildirgesinin Sunulmas\u0131  Opening, Presentation of Congress Papers, Special Sessions, Closing and Presentation of Final Declaration<\/p>\n\n\n\n<p><strong>24 Kas\u0131m 2024<\/strong>: Kongre Otelinden \u00c7\u0131k\u0131\u015flar\u0131n Yap\u0131lmas\u0131 \u00a0\u00a0 Check-out from the Congress Hotel<\/p>\n\n\n\n<p><strong>30 Kas\u0131m 2024<\/strong>: Bildiri Tam Metinlerinin Uluslararas\u0131 Kitap B\u00f6l\u00fcm\u00fc veya Bildiri Kitab\u0131nda Bas\u0131lmas\u0131 Noktas\u0131nda Tercihlerin \u0130\u015faretlenerek Bas\u0131lacak Son Halinin Sisteme Y\u00fcklenmesi \u0130\u00e7in Son Tarih.<\/p>\n\n\n\n<p>Deadline for the final version to be uploaded to the system by marking the preferences for the publication of the full texts of the proceedings in the International Book Chapter or Proceedings.<\/p>\n","protected":false},"excerpt":{"rendered":"<p>1 Nisan 2024: Kongre Kay\u0131t Sisteminin A\u00e7\u0131lmas\u0131 Opening of Congress Registration System 15 Eyl\u00fcl 2024: \u00d6zet G\u00f6nderimi \u0130\u00e7in Son Tarih 30 Eyl\u00fcl 2024: Kabul Edilen Bildiri \u00d6zetlerinin \u0130lan Edilmesi Deadline for Abstract Submission 15 Ekim 2024: Kongre \u00dccretlerinin Yat\u0131r\u0131lmas\u0131 \u0130\u00e7in Son Tarih Deadline for Deposit of Congress Fees 1 Kas\u0131m 2024 Kongre\u2019de Sunulacak Tam Metinlerin\u2026 <span class=\"read-more\"><a href=\"https:\/\/teskongre.org\/es2024\/onemli-tarihler\/\">Read More &raquo;<\/a><\/span><\/p>\n","protected":false},"author":1,"featured_media":0,"parent":0,"menu_order":0,"comment_status":"closed","ping_status":"closed","template":"","meta":{"footnotes":""},"class_list":["post-44","page","type-page","status-publish","hentry"],"_links":{"self":[{"href":"https:\/\/teskongre.org\/es2024\/wp-json\/wp\/v2\/pages\/44","targetHints":{"allow":["GET"]}}],"collection":[{"href":"https:\/\/teskongre.org\/es2024\/wp-json\/wp\/v2\/pages"}],"about":[{"href":"https:\/\/teskongre.org\/es2024\/wp-json\/wp\/v2\/types\/page"}],"author":[{"embeddable":true,"href":"https:\/\/teskongre.org\/es2024\/wp-json\/wp\/v2\/users\/1"}],"replies":[{"embeddable":true,"href":"https:\/\/teskongre.org\/es2024\/wp-json\/wp\/v2\/comments?post=44"}],"version-history":[{"count":12,"href":"https:\/\/teskongre.org\/es2024\/wp-json\/wp\/v2\/pages\/44\/revisions"}],"predecessor-version":[{"id":627,"href":"https:\/\/teskongre.org\/es2024\/wp-json\/wp\/v2\/pages\/44\/revisions\/627"}],"wp:attachment":[{"href":"https:\/\/teskongre.org\/es2024\/wp-json\/wp\/v2\/media?parent=44"}],"curies":[{"name":"wp","href":"https:\/\/api.w.org\/{rel}","templated":true}]}}