{"id":40,"date":"2019-04-17T13:36:22","date_gmt":"2019-04-17T10:36:22","guid":{"rendered":"http:\/\/teskongre.org\/fm2019\/?page_id=40"},"modified":"2024-03-18T13:07:12","modified_gmt":"2024-03-18T13:07:12","slug":"konu-basliklari","status":"publish","type":"page","link":"https:\/\/teskongre.org\/es2024\/konu-basliklari\/","title":{"rendered":"Konu Ba\u015fl\u0131klar\u0131"},"content":{"rendered":"\n<p>Antropoloji<\/p>\n\n\n\n<p>Arkeoloji<\/p>\n\n\n\n<p>Asya Tarihi<\/p>\n\n\n\n<p>Atat\u00fcrk \u0130lkeleri<\/p>\n\n\n\n<p>Avrupa Birli\u011fi<\/p>\n\n\n\n<p>Bankac\u0131l\u0131k ve Sigortac\u0131l\u0131k<\/p>\n\n\n\n<p>Be\u015feri ve \u0130ktisadi co\u011frafya<\/p>\n\n\n\n<p>Bilgi ve Belge Y\u00f6netimi<\/p>\n\n\n\n<p>Bilgisayar \u00d6\u011fretim Teknolojileri E\u011fitimi<\/p>\n\n\n\n<p>Co\u011frafya<\/p>\n\n\n\n<p>\u00c7a\u011fda\u015f D\u00fcnya Tarihi<\/p>\n\n\n\n<p>\u00c7a\u011fda\u015f T\u00fcrk Leh\u00e7eleri ve Edebiyatlar\u0131<\/p>\n\n\n\n<p>\u00c7eviribilim<\/p>\n\n\n\n<p>\u00c7ocuk Geli\u015fimi<\/p>\n\n\n\n<p>Dilbilimi<\/p>\n\n\n\n<p>Din K\u00fclt\u00fcr\u00fc ve Ahlak Bilgisi E\u011fitimi<\/p>\n\n\n\n<p>E\u011fitim Bilimleri<\/p>\n\n\n\n<p>Ekonometri<\/p>\n\n\n\n<p>Eski Anadolu Tarihi<\/p>\n\n\n\n<p>Eski \u00d6n Asya Tarihi<\/p>\n\n\n\n<p>Felsefe<\/p>\n\n\n\n<p>Filoloji<\/p>\n\n\n\n<p>Finans<\/p>\n\n\n\n<p>Gazetecilik ve Medya \u00c7al\u0131\u015fmalar\u0131<\/p>\n\n\n\n<p>Geleneksel T\u00fcrk Sanatlar\u0131<\/p>\n\n\n\n<p>Geli\u015fim Psikolojisi<\/p>\n\n\n\n<p>Genel T\u00fcrk Tarihi<\/p>\n\n\n\n<p>G\u00f6rsel \u0130leti\u015fim Tasar\u0131m\u0131<\/p>\n\n\n\n<p>G\u00fczel Sanatlar<\/p>\n\n\n\n<p>G\u00fczel Sanatlar E\u011fitimi<\/p>\n\n\n\n<p>Halk K\u00fclt\u00fcr\u00fc<\/p>\n\n\n\n<p>Halkla \u0130li\u015fkiler<\/p>\n\n\n\n<p>Hukuk<\/p>\n\n\n\n<p>\u0130ktisadi D\u00fc\u015f\u00fcnce<\/p>\n\n\n\n<p>\u0130ktisat<\/p>\n\n\n\n<p>\u0130ktisat Tarih<\/p>\n\n\n\n<p>\u0130lahiyat<\/p>\n\n\n\n<p>\u0130leti\u015fim \u00c7al\u0131\u015fmalar\u0131<\/p>\n\n\n\n<p>Kamu Y\u00f6netimi<\/p>\n\n\n\n<p>Klasik T\u00fcrk Edebiyat\u0131<\/p>\n\n\n\n<p>Maliye<\/p>\n\n\n\n<p>Muhasebe<\/p>\n\n\n\n<p>M\u00fcsl\u00fcman T\u00fcrk Devletleri ve Toplumlar\u0131 Tarihi<\/p>\n\n\n\n<p>Organizasyon<\/p>\n\n\n\n<p>Orta\u00f6\u011fretim Fen ve Matematik Alanlar E\u011fitimi<\/p>\n\n\n\n<p>Orta\u00f6\u011fretim Sosyal Alanlar E\u011fitimi<\/p>\n\n\n\n<p>Osmanl\u0131 Kurumlar\u0131 ve Medeniyeti<\/p>\n\n\n\n<p>\u00d6zel E\u011fitim<\/p>\n\n\n\n<p>Paleoantropoloji<\/p>\n\n\n\n<p>Pazarlama<\/p>\n\n\n\n<p>Psikoloji<\/p>\n\n\n\n<p>Rehberlik ve Psikolojik Dan\u0131\u015fmanl\u0131k<\/p>\n\n\n\n<p>Reklamc\u0131l\u0131k<\/p>\n\n\n\n<p>Sanat Tarihi<\/p>\n\n\n\n<p>Sinema<\/p>\n\n\n\n<p>Siyasal D\u00fc\u015f\u00fcnceler<\/p>\n\n\n\n<p>Siyasal Hayat ve Kurumlar<\/p>\n\n\n\n<p>Siyaset Bilim<\/p>\n\n\n\n<p>Sosyal Hizmet<\/p>\n\n\n\n<p>Sosyal Politika<\/p>\n\n\n\n<p>Sosyal ve K\u00fclt\u00fcrel Antropoloji<\/p>\n\n\n\n<p>Sosyal, Be\u015feri ve \u0130dari Bilimler<\/p>\n\n\n\n<p>Sosyoloji<\/p>\n\n\n\n<p>Tarih<\/p>\n\n\n\n<p>Temel E\u011fitim<\/p>\n\n\n\n<p>Turizm<\/p>\n\n\n\n<p>T\u00fcrk Dili<\/p>\n\n\n\n<p>T\u00fcrk D\u00fcnyas\u0131 \u0130le \u0130lgili B\u00f6lgesel \u00c7al\u0131\u015fmalar<\/p>\n\n\n\n<p>T\u00fcrk Halk Bilimi<\/p>\n\n\n\n<p>T\u00fcrk \u0130slam Edebiyat\u0131<\/p>\n\n\n\n<p>T\u00fcrk \u0130slam Sanat\u0131<\/p>\n\n\n\n<p>T\u00fcrk ve \u0130slam D\u00fc\u015f\u00fcnce Tarihi<\/p>\n\n\n\n<p>Uluslararas\u0131 \u0130ktisat<\/p>\n\n\n\n<p>Uluslararas\u0131 \u0130li\u015fkiler<\/p>\n\n\n\n<p>Uluslararas\u0131 Ticaret<\/p>\n\n\n\n<p>Yabanc\u0131 Dil E\u011fitimi<\/p>\n\n\n\n<p>Yeni T\u00fcrk Edebiyat\u0131<\/p>\n\n\n\n<p>Yerel Y\u00f6netimler<\/p>\n\n\n\n<p>Y\u00f6netim<\/p>\n\n\n\n<p>Y\u00fcksek\u00f6\u011fretim \u00c7al\u0131\u015fmalar\u0131<\/p>\n\n\n\n<p><\/p>\n","protected":false},"excerpt":{"rendered":"<p>Antropoloji Arkeoloji Asya Tarihi Atat\u00fcrk \u0130lkeleri Avrupa Birli\u011fi Bankac\u0131l\u0131k ve Sigortac\u0131l\u0131k Be\u015feri ve \u0130ktisadi co\u011frafya Bilgi ve Belge Y\u00f6netimi Bilgisayar \u00d6\u011fretim Teknolojileri E\u011fitimi Co\u011frafya \u00c7a\u011fda\u015f D\u00fcnya Tarihi \u00c7a\u011fda\u015f T\u00fcrk Leh\u00e7eleri ve Edebiyatlar\u0131 \u00c7eviribilim \u00c7ocuk Geli\u015fimi Dilbilimi Din K\u00fclt\u00fcr\u00fc ve Ahlak Bilgisi E\u011fitimi E\u011fitim Bilimleri Ekonometri Eski Anadolu Tarihi Eski \u00d6n Asya Tarihi Felsefe Filoloji Finans\u2026 <span class=\"read-more\"><a href=\"https:\/\/teskongre.org\/es2024\/konu-basliklari\/\">Read More &raquo;<\/a><\/span><\/p>\n","protected":false},"author":1,"featured_media":0,"parent":0,"menu_order":0,"comment_status":"closed","ping_status":"closed","template":"","meta":{"footnotes":""},"class_list":["post-40","page","type-page","status-publish","hentry"],"_links":{"self":[{"href":"https:\/\/teskongre.org\/es2024\/wp-json\/wp\/v2\/pages\/40","targetHints":{"allow":["GET"]}}],"collection":[{"href":"https:\/\/teskongre.org\/es2024\/wp-json\/wp\/v2\/pages"}],"about":[{"href":"https:\/\/teskongre.org\/es2024\/wp-json\/wp\/v2\/types\/page"}],"author":[{"embeddable":true,"href":"https:\/\/teskongre.org\/es2024\/wp-json\/wp\/v2\/users\/1"}],"replies":[{"embeddable":true,"href":"https:\/\/teskongre.org\/es2024\/wp-json\/wp\/v2\/comments?post=40"}],"version-history":[{"count":4,"href":"https:\/\/teskongre.org\/es2024\/wp-json\/wp\/v2\/pages\/40\/revisions"}],"predecessor-version":[{"id":624,"href":"https:\/\/teskongre.org\/es2024\/wp-json\/wp\/v2\/pages\/40\/revisions\/624"}],"wp:attachment":[{"href":"https:\/\/teskongre.org\/es2024\/wp-json\/wp\/v2\/media?parent=40"}],"curies":[{"name":"wp","href":"https:\/\/api.w.org\/{rel}","templated":true}]}}