{"id":38,"date":"2019-04-17T13:36:11","date_gmt":"2019-04-17T10:36:11","guid":{"rendered":"http:\/\/teskongre.org\/fm2019\/?page_id=38"},"modified":"2025-01-15T21:22:43","modified_gmt":"2025-01-15T21:22:43","slug":"kongre-programi","status":"publish","type":"page","link":"https:\/\/teskongre.org\/es2024\/kongre-programi\/","title":{"rendered":"Kongre Program\u0131"},"content":{"rendered":"\n<p><strong>5. Uluslararas\u0131 T\u00fcrk D\u00fcnyas\u0131 E\u011fitim Bilimleri ve Sosyal Bilimler Kongresi <\/strong><\/p>\n\n\n\n<p><a href=\"https:\/\/drive.google.com\/file\/d\/1qF2IIDV7MSCL9AUQnbbyOoqkLz8WZjYX\/view?usp=drivesdk\" data-type=\"link\" data-id=\"https:\/\/drive.google.com\/file\/d\/1qF2IIDV7MSCL9AUQnbbyOoqkLz8WZjYX\/view?usp=drivesdk\">Kongre Program\u0131 (Y\u00fcz Y\u00fcze)<\/a><\/p>\n\n\n\n<p><a href=\"https:\/\/drive.google.com\/file\/d\/1jVburskgQg-vDrjK0WZnXlScXRM5_RyG\/view?usp=sharing\" data-type=\"link\" data-id=\"https:\/\/drive.google.com\/file\/d\/1jVburskgQg-vDrjK0WZnXlScXRM5_RyG\/view?usp=sharing\">Kongre Program\u0131 (Online)<\/a><\/p>\n\n\n\n<hr class=\"wp-block-separator has-alpha-channel-opacity\"\/>\n\n\n\n<p><\/p>\n","protected":false},"excerpt":{"rendered":"<p>5. Uluslararas\u0131 T\u00fcrk D\u00fcnyas\u0131 E\u011fitim Bilimleri ve Sosyal Bilimler Kongresi Kongre Program\u0131 (Y\u00fcz Y\u00fcze) Kongre Program\u0131 (Online)<\/p>\n","protected":false},"author":1,"featured_media":0,"parent":0,"menu_order":0,"comment_status":"closed","ping_status":"closed","template":"","meta":{"footnotes":""},"class_list":["post-38","page","type-page","status-publish","hentry"],"_links":{"self":[{"href":"https:\/\/teskongre.org\/es2024\/wp-json\/wp\/v2\/pages\/38","targetHints":{"allow":["GET"]}}],"collection":[{"href":"https:\/\/teskongre.org\/es2024\/wp-json\/wp\/v2\/pages"}],"about":[{"href":"https:\/\/teskongre.org\/es2024\/wp-json\/wp\/v2\/types\/page"}],"author":[{"embeddable":true,"href":"https:\/\/teskongre.org\/es2024\/wp-json\/wp\/v2\/users\/1"}],"replies":[{"embeddable":true,"href":"https:\/\/teskongre.org\/es2024\/wp-json\/wp\/v2\/comments?post=38"}],"version-history":[{"count":21,"href":"https:\/\/teskongre.org\/es2024\/wp-json\/wp\/v2\/pages\/38\/revisions"}],"predecessor-version":[{"id":773,"href":"https:\/\/teskongre.org\/es2024\/wp-json\/wp\/v2\/pages\/38\/revisions\/773"}],"wp:attachment":[{"href":"https:\/\/teskongre.org\/es2024\/wp-json\/wp\/v2\/media?parent=38"}],"curies":[{"name":"wp","href":"https:\/\/api.w.org\/{rel}","templated":true}]}}