{"id":34,"date":"2019-04-17T13:35:51","date_gmt":"2019-04-17T10:35:51","guid":{"rendered":"http:\/\/teskongre.org\/fm2019\/?page_id=34"},"modified":"2024-10-07T11:09:58","modified_gmt":"2024-10-07T11:09:58","slug":"katilim-katilim-ucreti","status":"publish","type":"page","link":"https:\/\/teskongre.org\/es2024\/katilim-katilim-ucreti\/","title":{"rendered":"Konaklama, Kat\u0131l\u0131m &#8211; Kat\u0131l\u0131m \u00dccreti"},"content":{"rendered":"\n<p>Kongre, kat\u0131lmak isteyen b\u00fct\u00fcn bilim insan\u0131 ve ara\u015ft\u0131rmac\u0131lara a\u00e7\u0131kt\u0131r. T\u00fcrk E\u011fitim-Sen ve UAESEB \u00fcyesi olanlara kat\u0131l\u0131m \u00fccretinde indirimlidir. Kongre\u2019de bizzat bildiri sunan kat\u0131l\u0131mc\u0131lara bildirilerini sunduklar\u0131na dair kat\u0131l\u0131m serfikas\u0131 verilecektir. Kongre bildirilerinin \u201cKongre Kitab\u0131nda\u201d yer almas\u0131 i\u00e7in; kongre kay\u0131t i\u015flemlerinin tamamlanm\u0131\u015f olmas\u0131 ve bildirinin kongrede sunulmu\u015f olmas\u0131 gerekmektedir.<\/p>\n\n\n\n<p>T\u00fcrk E\u011fitim-Sen ve UAESEB \u00fcyesi olan, kongreye kat\u0131lmak isteyen kat\u0131l\u0131mc\u0131lardan sembolik bir kat\u0131l\u0131m \u00fccreti olarak 2000 TL al\u0131nacakt\u0131r. T\u00fcrk E\u011fitim-Sen \u00fcyesi olmayan kat\u0131l\u0131mc\u0131lardan 7500 TL \u00fccret al\u0131nacakt\u0131r. Bu \u00fccret kapsam\u0131nda&nbsp;<strong>Payla\u015f\u0131ml\u0131 odalarda<\/strong>&nbsp;21-24 Kas\u0131m 2024 tarihlerini i\u00e7eren \u00fc\u00e7 gece konaklama, kongre bask\u0131 giderleri, ikramlar ve havaalan\u0131ndan otele, otelden hava alan\u0131na transferler gibi b\u00fct\u00fcn kongre giderleri T\u00fcrk E\u011fitim-Sen taraf\u0131ndan kar\u015f\u0131lanacak; kat\u0131l\u0131mc\u0131lardan al\u0131nan s\u00f6z konusu sembolik \u00fccret d\u0131\u015f\u0131nda hi\u00e7bir \u00fccret talep edilmeyecektir. <strong>Her bildiri i\u00e7in yaln\u0131zca bir yazar\u0131n konaklama masraflar\u0131 kar\u015f\u0131lanacakt\u0131r<\/strong>.<\/p>\n\n\n\n<hr class=\"wp-block-separator has-alpha-channel-opacity\"\/>\n\n\n\n<p><strong>Kongre \u00fccretini yat\u0131rmak i\u00e7in gerekli hesap bilgileri<\/strong><\/p>\n\n\n\n<p><strong>AJDA CO\u015eAR<\/strong><\/p>\n\n\n\n<p><strong>TR41 0001 5001 5800 7297 0357 61<\/strong><\/p>\n\n\n\n<p>L\u00fctfen A\u00e7\u0131klama K\u0131sm\u0131na bildiri \/ bildiriler ID numaran\u0131z\u0131 yaz\u0131n\u0131z<\/p>\n\n\n\n<p><strong><em>Not: <\/em><\/strong>Her bildiri i\u00e7in yaln\u0131zca bir yazar\u0131n konaklama masraflar\u0131 kar\u015f\u0131lanacakt\u0131r.<\/p>\n\n\n\n<hr class=\"wp-block-separator has-alpha-channel-opacity\"\/>\n\n\n\n<p><strong>Kongrenin yap\u0131laca\u011f\u0131 otel bilgileri<\/strong><\/p>\n\n\n\n<p>Belconti Resort Hotel<br>Belek Mahallesi \u0130skele Caddesi<br>No:10-Z01 07500 Serik<br>Antalya T\u00fcrkiye<br>Email<br>info@belconti.com<br>callcenter@belconti.com<br>Telefon +90 444 50 95<\/p>\n\n\n\n<pre class=\"wp-block-code\"><code><iframe src=\"https:\/\/www.google.com\/maps\/embed?pb=!1m18!1m12!1m3!1d10738.574468460192!2d31.054186641526197!3d36.852119633482125!2m3!1f0!2f0!3f0!3m2!1i1024!2i768!4f13.1!3m3!1m2!1s0x14c37fdbf98c6215%3A0x7fe8921d997f46e9!2sBelconti%20Resort%20Otel!5e0!3m2!1str!2str!4v1725960184122!5m2!1str!2str\" width=\"600\" height=\"450\" style=\"border:0;\" allowfullscreen=\"\" loading=\"lazy\" referrerpolicy=\"no-referrer-when-downgrade\"><\/iframe><\/code><\/pre>\n","protected":false},"excerpt":{"rendered":"<p>Kongre, kat\u0131lmak isteyen b\u00fct\u00fcn bilim insan\u0131 ve ara\u015ft\u0131rmac\u0131lara a\u00e7\u0131kt\u0131r. T\u00fcrk E\u011fitim-Sen ve UAESEB \u00fcyesi olanlara kat\u0131l\u0131m \u00fccretinde indirimlidir. Kongre\u2019de bizzat bildiri sunan kat\u0131l\u0131mc\u0131lara bildirilerini sunduklar\u0131na dair kat\u0131l\u0131m serfikas\u0131 verilecektir. Kongre bildirilerinin \u201cKongre Kitab\u0131nda\u201d yer almas\u0131 i\u00e7in; kongre kay\u0131t i\u015flemlerinin tamamlanm\u0131\u015f olmas\u0131 ve bildirinin kongrede sunulmu\u015f olmas\u0131 gerekmektedir. T\u00fcrk E\u011fitim-Sen ve UAESEB \u00fcyesi olan, kongreye kat\u0131lmak\u2026 <span class=\"read-more\"><a href=\"https:\/\/teskongre.org\/es2024\/katilim-katilim-ucreti\/\">Read More &raquo;<\/a><\/span><\/p>\n","protected":false},"author":1,"featured_media":0,"parent":0,"menu_order":0,"comment_status":"closed","ping_status":"closed","template":"","meta":{"footnotes":""},"class_list":["post-34","page","type-page","status-publish","hentry"],"_links":{"self":[{"href":"https:\/\/teskongre.org\/es2024\/wp-json\/wp\/v2\/pages\/34","targetHints":{"allow":["GET"]}}],"collection":[{"href":"https:\/\/teskongre.org\/es2024\/wp-json\/wp\/v2\/pages"}],"about":[{"href":"https:\/\/teskongre.org\/es2024\/wp-json\/wp\/v2\/types\/page"}],"author":[{"embeddable":true,"href":"https:\/\/teskongre.org\/es2024\/wp-json\/wp\/v2\/users\/1"}],"replies":[{"embeddable":true,"href":"https:\/\/teskongre.org\/es2024\/wp-json\/wp\/v2\/comments?post=34"}],"version-history":[{"count":22,"href":"https:\/\/teskongre.org\/es2024\/wp-json\/wp\/v2\/pages\/34\/revisions"}],"predecessor-version":[{"id":709,"href":"https:\/\/teskongre.org\/es2024\/wp-json\/wp\/v2\/pages\/34\/revisions\/709"}],"wp:attachment":[{"href":"https:\/\/teskongre.org\/es2024\/wp-json\/wp\/v2\/media?parent=34"}],"curies":[{"name":"wp","href":"https:\/\/api.w.org\/{rel}","templated":true}]}}