{"id":28,"date":"2019-04-17T13:35:09","date_gmt":"2019-04-17T10:35:09","guid":{"rendered":"http:\/\/teskongre.org\/fm2019\/?page_id=28"},"modified":"2024-10-07T13:05:12","modified_gmt":"2024-10-07T13:05:12","slug":"bilim-kurulu","status":"publish","type":"page","link":"https:\/\/teskongre.org\/es2024\/bilim-kurulu\/","title":{"rendered":"Bilim Kurulu"},"content":{"rendered":"\n<p>Do\u00e7. Dr. Metin A\u00c7IKYILDIZ 7 Aral\u0131k \u00dcniversitesi<br>Prof. Dr. A. M\u00fcnir YILDIRIM \u00c7ukurova \u00dcniversitesi<br>Prof. Dr. Abdulkadir EMEKS\u0130Z \u0130stanbul \u00dcniversitesi<br>Prof. Dr. Abdulvahap Kara Mimar Sinan G\u00fczel Sanatlar \u00dcniversitesi<br>Prof. Dr. Abdulvahap \u00d6zcan Pamukkale \u00dcniversitesi<br>Prof. Dr. Adem BALKAYA Kafkas \u00dcniversitesi<br>Prof. Dr. Adem \u00d6\u011fer Nev\u015fehir Hac\u0131 Bekta\u015f Veli \u00dcniversitesi<br>Prof. Dr. Adnan P\u0131nar Necmettin Erbakan \u00dcniversitesi.<br>Prof. Dr. Ahmet Burhan \u00c7AKICI Karamano\u011flu Mehmetbey \u00dcniversitesi<br>Prof. Dr. Ahmet G\u00fcng\u00f6r Giresun \u00dcniversitesi<br>Prof. Dr. Ahmet O\u011fuz \u0130\u00e7imsoy Marmara \u00dcniversitesi<br>Prof. Dr. Ahmet O\u011fuz Nev\u015fehir Hac\u0131 Bekta\u015f Veli \u00dcniversitesi<br>Prof. Dr. Ahmet \u015eirin Marmara \u00dcniversitesi<br>Prof. Dr. Ak\u0131n B\u0130NG\u00d6L Kafkas \u00dcniversitesi<br>Prof. Dr. Ali G\u00fcl Gazi \u00dcniversitesi<br>Prof. Dr. Ali KAFKASYALI Binali Y\u0131ld\u0131r\u0131m \u00dcniversitesi<br>Prof. Dr. Ali Kafkasyali Giresun \u00dcniversitesi<br>Prof. Dr. Ali Meydan Nev\u015fehir Hac\u0131 Bekta\u015f Veli \u00dcniversitesi<br>Prof. Dr. Ali Osman Bilgili Atat\u00fcrk \u00dcniversitesi<br>Prof. Dr. Ali Satan Marmara \u00dcniversitesi<br>Prof. Dr. Ali Tilbe Nam\u0131k Kemal \u00dcniversitesi<br>Prof. Dr. Ali Ulvi Mehmeto\u011flu Marmara \u00dcniversitesi<br>Prof. Dr. Ali Yak\u0131c\u0131 Gazi \u00dcniversitesi<br>Prof. Dr. Ali Y\u0131ld\u0131r\u0131m F\u0131rat \u00dcniversitesi<br>Prof. Dr. Aliye Uslu \u00dcstten Gazi \u00dcniversitesi<br>Prof. Dr. Alparslan Ceylan Atat\u00fcrk \u00dcniversitesi<br>Prof. Dr. Alpaslan Demir Tokat Gaziosmanpa\u015fa \u00dcniversitesi<br>Prof. Dr. Altan Alperen Gazi \u00dcniversitesi<br>Prof. Dr. Arzu M. Demirk\u0131ran Marmara \u00dcniversitesi<br>Prof. Dr. Asim \u00c7oban Amasya \u00dcniversitesi<br>Prof. Dr. Asl\u0131han Sezgin Amasya \u00dcniversitesi<br>Prof. Dr. Aybaba Han\u00e7erlio\u011fullari Kastamonu \u00dcniversitesi<br>Prof. Dr. Aydin Usta Mimar Sinan G\u00fczel Sanatlar \u00dcniversitesi<br>Prof. Dr. Ay\u015fe Y\u00fccel \u00c7etin Gazi \u00dcniversitesi<br>Prof. Dr. Ay\u015fin Satan Marmara \u00dcniversitesi<br>Prof. Dr. Aytekin Soykan Marmara \u00dcniversitesi<br>Prof. Dr. Baki Asilt\u00fcrk Marmara \u00dcniversitesi<br>Prof. Dr. Bayram Durbilmez Nev\u015fehir Hac\u0131 Bekta\u015f Veli \u00dcniversitesi<br>Prof. Dr. Bedri Sarica Pamukkale \u00dcniversitesi<br>Prof. Dr. Behset Karaca S\u00fcleyman Demirel \u00dcniversitesi<br>Prof. Dr. Bekir KOCADA\u015e Ad\u0131yaman \u00dcniversitesi<br>Prof. Dr. Bekir Ko\u00e7lar Van Y\u00fcz\u00fcnc\u00fc Y\u0131l \u00dcniversitesi<br>Prof. Dr. Berat Birfin Bir Marmara \u00dcniversitesi<br>Prof. Dr. Bilgehan BAYD\u0130L Kastamonu \u00dcniversitesi<br>Prof. Dr. Birol Alver K\u0131r\u0131kkale \u00dcniversitesi<br>Prof. Dr. Birsen G\u00fczel Marmara \u00dcniversitesi<br>Prof. Dr. Bur\u00e7ak \u015eent\u00fcrk Marmara \u00dcniversitesi<br>Prof. Dr. B\u00fclent Bakar Marmara \u00dcniversitesi<br>Prof. Dr. Cahit Aksu- Trabzon \u00dcniversitesi<br>Prof. Dr. Cem Sefa S\u00fct\u00e7\u00fc Marmara \u00dcniversitesi<br>Prof. Dr. Cemal Y\u0131lmaz Gazi \u00dcniversitesi<br>Prof. Dr. Cemalettin \u00c7opuro\u011flu F\u0131rat \u00dcniversitesi<br>Prof. Dr. Cengiz \u00c7inar Gazi \u00dcniversitesi<br>Prof. Dr. Cevdet S\u00f6\u011f\u00fctl\u00fc Gazi \u00dcniversitesi<br>Prof. Dr. Cevdet Y\u0131lmaz \u00c7anakkale Onsekiz Mart \u00dcniversitesi<br>Prof. Dr. Cihangir Do\u011fan Marmara \u00dcniversitesi<br>Prof. Dr. \u00c7avu\u015f \u015eahin \u00c7anakkale Onsekiz Mart \u00dcniversitesi<br>Prof. Dr. \u00c7etin Elmas Gazi \u00dcniversitesi<br>Prof. Dr. Davut Hut Marmara \u00dcniversitesi<br>Prof. Dr. Din\u00e7er Ko\u00e7 \u0130stanbul \u00dcniversitesi<br>Prof. Dr. Durmu\u015f ARIK Ankara \u00dcniversitesi<br>Prof. Dr. Durmu\u015f Ekiz Trabzon \u00dcniversitesi<br>Prof. Dr. D\u00fcndar YENER Bolu Abant \u0130zzet Baysal \u00dcniversitesi<br>Prof. Dr. Ebru \u00d6zgen Marmara \u00dcniversitesi<br>Prof. Dr. Elnur Hasan M\u0130KA\u0130L Kafkas \u00dcniversitesi<br>Prof. Dr. Emel Poyraz Marmara \u00dcniversitesi<br>Prof. Dr. Emine Koyuncu Marmara \u00dcniversitesi<br>Prof. Dr. Emre \u00dcNAL Ni\u011fde \u00d6mer Halisdemir \u00dcniversitesi<br>Prof. Dr. Ender Co\u015fkun Pamukkale \u00dcniversitesi<br>Prof. Dr. Enes ERD\u0130M F\u0131rat \u00dcniversitesi<br>Prof. Dr. ENG\u0130N GEZER Kafkas \u00dcniversitesi<br>Prof. Dr. Enver T\u00f6re Artvin \u00c7oruh \u00dcniversitesi<br>Prof. Dr. Ercan Hayto\u011flu Pamukkale \u00dcniversitesi<br>Prof. Dr. Ercan Nurcan Y\u0131lmaz Gazi \u00dcniversitesi<br>Prof. Dr. Erdo\u011fan K\u00f6se Akdeniz \u00dcniversitesi<br>Prof. Dr. Erg\u00fcn Recepo\u011flu Kastamonu \u00dcniversitesi<br>Prof. Dr. Erhan Durukan Trabzon \u00dcniversitesi<br>Prof. Dr. Erkan G\u00f6ksu Dokuz Eyl\u00fcl \u00dcniversitesi<br>Prof. Dr. Erman \u00d6nc\u00fc Trabzon \u00dcniversitesi<br>Prof. Dr. Ertu\u011frul \u0130\u015fler Pamukkale \u00dcniversitesi<br>Prof. Dr. Eser \u00dcLTAY Giresun \u00dcniversitesi<br>Prof. Dr. Ey\u00fcp \u015eim\u015fek Atat\u00fcrk \u00dcniversitesi<br>Prof. Dr. Fahri KILI\u00c7 Bolu Abant \u0130zzet Baysal \u00dcniversitesi<br>Prof. Dr. Fahri Temizy\u00fcrek Gazi \u00dcniversitesi<br>Prof. Dr. Fatih \u0130\u015fcan Konya Teknik \u00dcniversitesi<br>Prof. Dr. Fatih Kiri\u015fi\u00e7io\u011flu Hac\u0131 Bayram Veli \u00dcniversitesi<br>Prof. Dr. Fatih Sakalli Hac\u0131 Bayram Veli \u00dcniversitesi<br>Prof. Dr. Fatih SANCAKTAR \u0130stanbul \u00dcniversitesi<br>Prof. Dr. Fatih Yahya AYAZ \u00c7ukurova \u00dcniversitesi<br>Prof. Dr. Fatma A\u00e7\u0131k Gazi \u00dcniversitesi<br>Prof. Dr. Fatma \u00d6zkan Hac\u0131 Bayram Veli \u00dcniversitesi<br>Prof. Dr. Fazil Polat Atat\u00fcrk \u00dcniversitesi<br>Prof. Dr. Ferhat A\u011firman Pamukkale \u00dcniversitesi<br>Prof. Dr. Feridun SEZG\u0130N Gazi \u00dcniversitesi<br>Prof. Dr. Ferruh A\u011fca Eski\u015fehir Osman Gazi \u00dcniversitesi<br>Prof. Dr. Fevzi Ersoy Gazi \u00dcniversitesi<br>Prof. Dr. Fikret ALINCAK Gaziantep \u00dcniversitesi<br>Prof. Dr. Fikri G\u00fcl Pamukkale \u00dcniversitesi<br>Prof. Dr. Filiz Kili\u00e7 Nev\u015fehir Hac\u0131 Bekta\u015f Veli \u00dcniversitesi<br>Prof. Dr. F\u00fcsun Sara\u00e7 Marmara \u00dcniversitesi<br>Prof. Dr. Gazi Osman \u00d6zg\u00fcdenli Marmara \u00dcniversitesi<br>Prof. Dr. Gazi U\u00e7kun Kocaeli \u00dcniversitesi<br>Prof. Dr. Giray Saynur Derman Marmara \u00dcniversitesi<br>Prof. Dr. Gizem SAYGILI Karamano\u011flu Mehmetbey \u00dcniversitesi<br>Prof. Dr. G\u00f6khan \u00c7etinkaya Pamukkale \u00dcniversitesi<br>Prof. Dr. G\u00f6khan Demircio\u011flu- Trabzon \u00dcniversitesi<br>Prof. Dr. G\u00fclden Sa\u011fol Y\u00fcksekkaya Marmara \u00dcniversitesi<br>Prof. Dr. G\u00fclg\u00fcn Uyar Marmara \u00dcniversitesi<br>Prof. Dr. G\u00fclhanim \u00dcnsal Marmara \u00dcniversitesi<br>Prof. Dr. G\u00fcltekin \u00c7elik Sel\u00e7uk \u00dcniversitesi<br>Prof. Dr. G\u00fcrsoy \u015eahin-afyon Kocatepe \u00dcniversitesi<br>Prof. Dr. Haci Abdullah \u015eeng\u00fcl Nev\u015fehir Hac\u0131 Bekta\u015f Veli \u00dcniversitesi<br>Prof. Dr. Hakan Ta\u015f Marmara \u00dcniversitesi<br>Prof. Dr. Hakan YAMAN Bolu Abant \u0130zzet Baysal \u00dcniversitesi<br>Prof. Dr. Hale Bayram Marmara \u00dcniversitesi<br>Prof. Dr. Halil Altay G\u00d6DE S\u00fcleyman Demirel \u00dcniversitesi<br>Prof. Dr. Halil Aydinalp Marmara \u00dcniversitesi<br>Prof. Dr. Halil I\u015fik Van Y\u00fcz\u00fcnc\u00fc Y\u0131l \u00dcniversitesi<br>Prof. Dr. Halil Turgut S\u00fcleyman Demirel \u00dcniversitesi<br>Prof. Dr. Halit Dursuno\u011flu Atat\u00fcrk \u00dcniversitesi<br>Prof. Dr. Hamdi ONAY \u0130n\u00f6n\u00fc \u00dcniversitesi<br>Prof. Dr. Hamza Akengin Marmara \u00dcniversitesi<br>Prof. Dr. Handan M\u00fcjde Ayan Marmara \u00dcniversitesi<br>Prof. Dr. Harun Demirkaya Kocaeli \u00dcniversitesi<br>Prof. Dr. Hasan Gen\u00e7 Trabzon \u00dcniversitesi<br>Prof. Dr. Hasan H\u00fcseyin \u00d6ZKAN S\u00fcleyman Demirel \u00dcniversitesi<br>Prof. Dr. Hasan \u015eahan Akdeniz \u00dcniversitesi<br>Prof. Dr. Hasan YAYLI K\u0131r\u0131kkale \u00dcniversitesi<br>Prof. Dr. Hayati Be\u015firli Hac\u0131 Bayram Veli \u00dcniversitesi<br>Prof. Dr. Hayati Durmaz \u0130stanbul \u00dcniversitesi<br>Prof. Dr. Hediye Ergin Marmara \u00dcniversitesi<br>Prof. Dr. Hikmet AT\u0130K Necmettin Erbakan \u00dcniversitesi<br>Prof. Dr. Himmet KARADAL Bolu Abant \u0130zzet Baysal \u00dcniversitesi<br>Prof. Dr. H\u00fclya Kayali Marmara \u00dcniversitesi<br>Prof. Dr. H\u00fclya Ta\u015f Bursa Uluda\u011f \u00dcniversitesi<br>Prof. Dr. H\u00fcseyin \u00dcnl\u00fc Aksaray \u00dcniversitesi<br>Prof. Dr. \u0130brahim Dilek Hac\u0131 Bayram Veli \u00dcniversitesi<br>Prof. Dr. \u0130diris Aydin Trabzon \u00dcniversitesi<br>Prof. Dr. \u0130hsan KALENDERO\u011eLU Gazi \u00dcniversitesi<br>Prof. Dr. \u0130lyas Topsakal \u0130stanbul \u00dcniversitesi<br>Prof. Dr. \u0130sa \u00d6zkan Haci Bayram Veli \u00dcniversitesi<br>Prof. Dr. \u0130smail Erdo\u011fan Firat \u00dcniversitesi<br>Prof. Dr. \u0130smail Safa \u00dcst\u00fcn Marmara \u00dcniversitesi<br>Prof. Dr. \u0130smail \u015eahin Gazi \u00dcniversitesi<br>Prof. Dr. \u0130smail \u015eIK \u00c7ukurova \u00dcniversitesi<br>Prof. Dr. \u0130smail T\u00fcrko\u011flu Mimar Sinan G\u00fczel Sanatlar \u00dcniversitesi<br>Prof. Dr. \u0130smet \u00c7etin Gazi \u00dcniversitesi<br>Prof. Dr. \u0130zzet TA\u015eAR F\u0131rat \u00dcniversitesi<br>Prof. Dr. Kamil \u0130\u015eER\u0130 Dokuz Eyl\u00fcl \u00dcniversitesi<br>Prof. Dr. Kaya YILDIZ Bolu Abant \u0130zzet Baysal \u00dcniversitesi<br>Prof. Dr. Kaz\u0131m PAYDA\u015e Harran \u00dcniversitesi<br>Prof. Dr. Kaz\u0131m Y\u0131ld\u0131r\u0131m I\u011fd\u0131r \u00dcniversitesi<br>Prof. Dr. Korhan Karacao\u011flu Nev\u015fehir Haci Bekta\u015f Veli \u00dcniversitesi<br>Prof. Dr. Kutluk Kaan S\u00fcmer \u0130stabul \u00dcniversitesi<br>Prof. Dr. K\u00fcr\u015fat \u00d6ZDA\u015eLI Mehmet Akif Ersoy \u00dcniversitesi<br>Prof. Dr. Latif Beyreli Marmara \u00dcniversitesi<br>Prof. Dr. L\u00fctfi G\u00fcrkan G\u00f6k\u00e7ek Nev\u015fehir Haci Bekta\u015f Veli \u00dcniversitesi<br>Prof. Dr. M. Fatih Sancaktar \u0130stabul \u00dcniversitesi<br>Prof. Dr. M. Kayhan Kurtuldu Trabzon \u00dcniversitesi<br>Prof. Dr. M. Levent Aksu Gazi \u00dcniversitesi<br>Prof. Dr. M. \u00d6cal O\u011fuz Hac\u0131 Bayram Veli \u00dcniversitesi<br>Prof. Dr. Mahmut Erzengin Aksaray \u00dcniversitesi<br>Prof. Dr. Mehmet Ali \u00c7elikel Marmara \u00dcniversitesi<br>Prof. Dr. Mehmet \u00c7a\u011fri \u00c7etin Mersin \u00dcniversitesi<br>Prof. Dr. Mehmet \u00c7eriba\u015f Nev\u015fehir Hac\u0131 Bekta\u015f Veli \u00dcniversitesi<br>Prof. Dr. Mehmet DALKILI\u00c7 Karamano\u011flu Mehmetbey \u00dcniversitesi<br>Prof. Dr. Mehmet Emin S\u00d6NMEZ Gaziantep \u00dcniversitesi<br>Prof. Dr. Mehmet G\u00fcven Gazi \u00dcniversitesi<br>Prof. Dr. Mehmet Kaan Demir \u00c7anakkale Onsekiz Mart \u00dcniversitesi<br>Prof. Dr. Mehmet Kara Amasya \u00dcniversitesi<br>Prof. Dr. Mehmet KATRANCI K\u0131r\u0131kkale \u00dcniversitesi<br>Prof. Dr. Mehmet KUMARTA\u015eLI S\u00fcleyman Demirel \u00dcniversitesi<br>Prof. Dr. Mehmet Necmettin BARDAK\u00c7I S\u00fcleyman Demirel \u00dcniversitesi<br>Prof. Dr. Mehmet \u00d6nal Harran \u00dcniversitesi<br>Prof. Dr. Mehmet PINAR Van Y\u00fcz\u00fcnc\u00fc Y\u0131l \u00dcniversitesi<br>Prof. Dr. Mehmet \u015eahing\u00f6z Gazi \u00dcniversitesi<br>Prof. Dr. Mehmet TURAN \u00c7ukurova \u00dcniversitesi<br>Prof. Dr. Mehmet Vefa Nalbant Pamukkale \u00dcniversitesi<br>Prof. Dr. Mehmet Y\u0131lmaz Gazi \u00dcniversitesi<br>Prof. Dr. Mehmet Yorulmazlar Marmara \u00dcniversitesi<br>Prof. Dr. Melisa Erdilek Karabay Marmara \u00dcniversitesi<br>Prof. Dr. Meryem Nur AYDEDE Ni\u011fde \u00d6mer Halisdemir \u00dcniversitesi<br>Prof. Dr. Mete Ta\u015fliova Hac\u0131 Bayram Veli \u00dcniversitesi<br>Prof. Dr. Mithat Aydin Pamukkale \u00dcniversitesi<br>Prof. Dr. Muammer Nurlu Fransa<br>Prof. Dr. Muhammet G\u00fcr Marmara \u00dcniversitesi<br>Prof. Dr. Muhammet KO\u00c7AK Gazi \u00dcniversitesi<br>Prof. Dr. Murat Uluskan Marmara \u00dcniversitesi<br>Prof. Dr. Musa Mutlu Can \u0130stanbul \u00dcniversitesi<br>Prof. Dr. Musa \u015eamil Y\u00fcksel Hac\u0131 Bayram Veli \u00dcniversitesi<br>Prof. Dr. Musa T\u00dcRKO\u011eLU S\u00fcleyman Demirel \u00dcniversitesi<br>Prof. Dr. Mustafa Arslan Pamukkale \u00dcniversitesi<br>Prof. Dr. Mustafa BAH\u015e\u0130 Aksaray \u00dcniversitesi<br>Prof. Dr. Mustafa Delican \u0130stanbul \u00dcniversitesi<br>Prof. Dr. Mustafa Erdo\u011fan Ankara Y\u0131ld\u0131r\u0131m Beyaz\u0131t \u00dcniversitesi<br>Prof. Dr. Mustafa METE Gaziantep \u00dcniversitesi<br>Prof. Dr. Mustafa \u00d6ZDEM\u0130R Kafkas \u00dcniversitesi<br>Prof. Dr. Mustafa \u00d6ZT\u00dcRK S\u00fcleyman Demirel \u00dcniversitesi<br>Prof. Dr. Mustafa USLU Akdeniz \u00dcniversitesi<br>Prof. Dr. Mustafa YILDIZ Gazi \u00dcniversitesi<br>Prof. Dr. M\u00fcge G\u00f6ker Pakta\u015f Marmara \u00dcniversitesi<br>Prof. Dr. Naciye Yildiz Hac\u0131 Bayram Veli \u00dcniversitesi<br>Prof. Dr. Nadire Emel AKKAN Akdeniz \u00dcniversitesi<br>Prof. Dr. Nail Yildirim Kahramanmara\u015f S\u00fct\u00e7\u00fc \u0130mam \u00dcniversitesi<br>Prof. Dr. Nazmi Avci Manisa Celal Bayar \u00dcniversitesi<br>Prof. Dr. Necmi Emel Dilmen Marmara \u00dcniversitesi<br>Prof. Dr. Nedim Alev Trabzon \u00dcniversitesi<br>Prof. Dr. Nedim BAKIRCI Ni\u011fde \u00d6mer Halisdemir \u00dcniversitesi<br>Prof. Dr. Nedim Bakirci Ni\u011fde \u00d6mer Halisdemir \u00dcniversitesi<br>Prof. Dr. Nergis Biray Pamukkale \u00dcniversitesi<br>Prof. Dr. Neslihan CO\u015eKUN KARADA\u011e \u00c7ukurova \u00dcniversitesi<br>Prof. Dr. Nesrin \u00d6zdener Marmara \u00dcniversitesi<br>Prof. Dr. Ne\u015fide Y\u0131ld\u0131r\u0131m I\u011fd\u0131r \u00dcniversitesi<br>Prof. Dr. Nevzat Topal Ni\u011fde \u00d6mer Halisdemir \u00dcniversitesi<br>Prof. Dr. Nezahat G\u00fc\u00e7l\u00fc Gazi \u00dcniversitesi<br>Prof. Dr. Niyazi G\u00fcven Erdil Marmara \u00dcniversitesi<br>Prof. Dr. Nurettin \u00d6zt\u00fcrk Pamukkale \u00dcniversitesi<br>Prof. Dr. Nuri Kavak Eski\u015fehir Osman Gazi \u00dcniversitesi<br>Prof. Dr. Nur\u015fen Mazici Marmara \u00dcniversitesi<br>Prof. Dr. Nurullah Alta\u015f Marmara \u00dcniversitesi<br>Prof. Dr. O\u011fuzhan ALTING\u00dcL F\u0131rat \u00dcniversitesi<br>Prof. Dr. O\u011fuzhan KARADEN\u0130Z Zonguldak B\u00fclent Ecevit \u00dcniversitesi<br>Prof. Dr. Oktay KAYA Kafkas \u00dcniversitesi<br>Prof. Dr. Oktay KIZILKAYA Kafkas \u00dcniversitesi<br>Prof. Dr. Onur Alp KAYABA\u015eI Aksaray \u00dcniversitesi<br>Prof. Dr. Onur K\u00f6ksal Sel\u00e7uk \u00dcniversitesi<br>Prof. Dr. Orhan Kurto\u011flu Hac\u0131 Bayram Veli \u00dcniversitesi<br>Prof. Dr. Orhan SEVG\u0130 \u0130stanbul \u00dcniversitesi Cerrahpa\u015fa<br>Prof. Dr. Osman Altinta\u015f Osmaniye Korkut Ata \u00dcniversitesi<br>Prof. Dr. Osman Yorulmaz Mimar Sinan G\u00fczel Sanatlar \u00dcniversitesi<br>Prof. Dr. \u00d6mer BA\u015eKAN Bolu Abant \u0130zzet Baysal \u00dcniversitesi<br>Prof. Dr. \u00d6mer \u0130\u015fbilir Mimar Sinan G\u00fczel Sanatlar \u00dcniversitesi<br>Prof. Dr. \u00d6mer Z\u00fclfe Marmara \u00dcniversitesi<br>Prof. Dr. \u00d6zkan AKMAN S\u00fcleyman Demirel \u00dcniversitesi<br>Prof. Dr. \u00d6zkan Da\u015fdemir Erzincan Binali Y\u0131ld\u0131r\u0131m \u00dcniversitesi<br>Prof. Dr. \u00d6zkul \u00c7obano\u011flu Hacettepe \u00dcniversitesi<br>Prof. Dr. \u00d6zlem KORAY Zonguldak B\u00fclent Ecevit \u00dcniversitesi<br>Prof. Dr. Raif Kalyoncu Trabzon \u00dcniversitesi<br>Prof. Dr. Ramazan \u00c7itak Gazi \u00dcniversitesi<br>Prof. Dr. Ramazan \u00d6ZBEK \u0130n\u00f6n\u00fc \u00dcniversitesi<br>Prof. Dr. Recep Seymen \u0130stanbul \u00dcniversitesi<br>Prof. Dr. Remzi Kuzuo\u011flu Aksaray \u00dcniversitesi<br>Prof. Dr. Remziye Tuba Karatepe Marmara \u00dcniversitesi<br>Prof. Dr. S. Emre \u00d6ZCAN Manisa Celal Bayar \u00dcniv<br>Prof. Dr. S.Can Erdem Marmara \u00dcniversitesi<br>Prof. Dr. Sadik Sarisaman Afyon Kocatepe \u00dcniversitesi<br>Prof. Dr. Said TA\u015e S\u00fcleyman Demirel \u00dcniversitesi<br>Prof. Dr. Salih Zeki Gen\u00e7 \u00c7anakkale Onsekiz Mart \u00dcniversitesi<br>Prof. Dr. Salim G\u00f6k\u00e7en Erzincan Binali Y\u0131ld\u0131r\u0131m \u00dcniversitesi<br>Prof. Dr. Sebahat Deniz Marmara \u00dcniversitesi<br>Prof. Dr. Sebahattin Devecio\u011fliu F\u0131rat \u00dcniversitesi<br>Prof. Dr. Sebahattin DEVEC\u0130O\u011eLU F\u0131rat \u00dcniversitesi<br>Prof. Dr. Sedat MADEN Bayburt \u00dcniversitesi<br>Prof. Dr. Selahattin \u00d6\u011f\u00fclm\u00fc\u015f Ankara \u00dcniversitesi<br>Prof. Dr. Selami ERYILMAZ Gazi \u00dcniversitesi<br>Prof. Dr. Sel\u00e7uk Duman Giresun \u00dcniversitesi<br>Prof. Dr. Selda Uzun Marmara \u00dcniversitesi<br>Prof. Dr. Selim Y\u0131lmaz Marmara \u00dcniversitesi<br>Prof. Dr. Selma Yel Gazi \u00dcniversitesi<br>Prof. Dr. Serap Y\u00fckr\u00fck Van Y\u00fcz\u00fcnc\u00fc Y\u0131l \u00dcniversitesi<br>Prof. Dr. Serdar Sa\u011flam Hac\u0131 Bayram Veli \u00dcniversitesi<br>Prof. Dr. Serdar Y\u00fccesu Gazi \u00dcniversitesi<br>Prof. Dr. Serhat Ula\u011fli Marmara \u00dcniversitesi<br>Prof. Dr. Serkan G\u00fczel Pamukkale \u00dcniversitesi<br>Prof. Dr. Serpil A\u011eCAKAYA S\u00fcleyman Demirel \u00dcniversitesi<br>Prof. Dr. Sezai BALCI Giresun \u00dcniversitesi<br>Prof. Dr. Sinan G\u00fcner Artvin \u00c7oruh \u00dcniversitesi<br>Prof. Dr. Soner Mehmet \u00d6zdemir Mersin \u00dcniversitesi<br>Prof. Dr. Suat Ungan Trabzon \u00dcniversitesi<br>Prof. Dr. Suat \u00dcnal Trabzon \u00dcniversitesi<br>Prof. Dr. Suna KAYMAK \u00d6ZMEN Kafkas \u00dcniversitesi<br>Prof. Dr. S\u00fceda \u00d6zbent Marmara \u00dcniversitesi<br>Prof. Dr. S\u00fcleyman \u0130nan Pamukkale \u00dcniversitesi<br>Prof. Dr. S\u00fcleyman Solmaz Pamukkale \u00dcniversitesi<br>Prof. Dr. \u015eaban \u00c7ET\u0130N Gazi \u00dcniversitesi<br>Prof. Dr. \u015eahin KIZILABDULLAH Ankara \u00dcniversitesi<br>Prof. Dr. \u015eahin \u00d6zen Marmara \u00dcniversitesi<br>Prof. Dr. \u015eehnaz Yal\u00e7\u0131n Marmara \u00dcniversitesi<br>Prof. Dr. \u015eerif Korkmaz-\u00c7anakkale Onsekiz Mart \u00dcniversitesi<br>Prof. Dr. \u015eirin Dilli Giresun \u00dcniversitesi<br>Prof. Dr. \u015eule Bah\u00e7eci Trabzon \u00dcniversitesi<br>Prof. Dr. \u015e\u00fckr\u00fc KEY\u0130FL\u0130 Mehmet Akif Ersoy \u00dcniversitesi<br>Prof. Dr. Tahsin Tapur Necmettin Erbakan \u00dcniversitesi.<br>Prof. Dr. Talip KABADAYI Manisa Celal Bayar \u00dcniv.<br>Prof. Dr. Talip Kabadayi Manisa Celal Bayar \u00dcniversitesi<br>Prof. Dr. Taner Altun Trabzon \u00dcniversitesi<br>Prof. Dr. Tanju Seyhan Mimar Sinan G\u00fczel Sanatlar \u00dcniversitesi<br>Prof. Dr. Telhan \u00d6zdo\u011fan Amasya \u00dcniversitesi<br>Prof. Dr. Temel \u00c7ALIK Gazi \u00dcniversitesi<br>Prof. Dr. Timu\u00e7in Kodaman S\u00fcleyman Demirel \u00dcniversitesi<br>Prof. Dr. Tolga Kara Marmara \u00dcniversitesi<br>Prof. Dr. Tongu\u00e7 Tokol Marmara \u00dcniversitesi<br>Prof. Dr. Tuna Uysal Sel\u00e7uk \u00dcniversitesi<br>Prof. Dr. Turan \u00c7ET\u0130N Gazi \u00dcniversitesi<br>Prof. Dr. Turgut Baydar Erzincan Binali Y\u0131ld\u0131r\u0131m \u00dcniversitesi<br>Prof. Dr. Turgut Tok Pamukkale \u00dcniversitesi<br>Prof. Dr. Turhan \u00c7etin Gazi \u00dcniversitesi<br>Prof. Dr. T\u00fcrkan Erdo\u011fan Pamukkale \u00dcniversitesi<br>Prof. Dr. Ufuk Alpkaya Marmara \u00dcniversitesi<br>Prof. Dr. Ufuk Karaku\u015f Gazi \u00dcniversitesi<br>Prof. Dr. Ulvi \u015eeker Gazi \u00dcniversitesi<br>Prof. Dr. \u00dcmit \u015eim\u015fek Atat\u00fcrk \u00dcniversitesi<br>Prof. Dr. Veli TOPTA\u015e K\u0131r\u0131kkale \u00dcniversitesi<br>Prof. Dr. Y. Cemalettin \u00c7OPURO\u011eLU F\u0131rat \u00dcniversitesi<br>Prof. Dr. Yaprak T\u00fcrkan Y\u00fccelsin Marmara \u00dcniversitesi<br>Prof. Dr. Yasin Do\u011fan Pamukkale \u00dcniversitesi<br>Prof. Dr. Ya\u015far Akkan- Trabzon \u00dcniversitesi<br>Prof. Dr. Ya\u015far KOP Kafkas \u00dcniversitesi<br>Prof. Dr. Yavuz AK\u00c7\u0130 Bolu Abant \u0130zzet Baysal \u00dcniversitesi<br>Prof. Dr. Yavuz HAYKIR F\u0131rat \u00dcniversitesi<br>Prof. Dr. Yavuz Kartallio\u011flu Gazi \u00dcniversitesi<br>Prof. Dr. Y\u0131ld\u0131z KIZILABDULLAH Ankara \u00dcniversitesi<br>Prof. Dr. Yunus G\u00dcN\u0130ND\u0130 Aksaray \u00dcniversitesi<br>Prof. Dr. Yunus Ko\u00e7 Hacettepe \u00dcniversitesi<br>Prof. Dr. Yunus Yildirim Mersin \u00dcniversitesi<br>Prof. Dr. Yusuf CER\u0130T Bolu Abant \u0130zzet Baysal \u00dcniversitesi<br>Prof. Dr. Yusuf Kili\u00e7 Pamukkale \u00dcniversitesi<br>Prof. Dr. Y\u00fccel GEL\u0130\u015eL\u0130 Gazi \u00dcniversitesi<br>Prof. Dr. Y\u00fccel Ka\u015ftan Akdeniz \u00dcniversitesi<br>Prof. Dr. Zafer ATAR Manisa Celal Bayar \u00dcniv.<br>Prof. Dr. Zekeriya Karadavut Akdeniz \u00dcniversitesi<br>Prof. Dr. Zeki Kaymaz Ege \u00dcniversitesi<br>Prof. Dr. Zeki Salih Zengin Ankara Y\u0131ld\u0131r\u0131m Beyaz\u0131t \u00dcniversitesi<br>Prof. Dr. Zeynep G\u00fcrel Marmara \u00dcniversitesi<\/p>\n","protected":false},"excerpt":{"rendered":"<p>Do\u00e7. Dr. Metin A\u00c7IKYILDIZ 7 Aral\u0131k \u00dcniversitesiProf. Dr. A. M\u00fcnir YILDIRIM \u00c7ukurova \u00dcniversitesiProf. Dr. Abdulkadir EMEKS\u0130Z \u0130stanbul \u00dcniversitesiProf. Dr. Abdulvahap Kara Mimar Sinan G\u00fczel Sanatlar \u00dcniversitesiProf. Dr. Abdulvahap \u00d6zcan Pamukkale \u00dcniversitesiProf. Dr. Adem BALKAYA Kafkas \u00dcniversitesiProf. Dr. Adem \u00d6\u011fer Nev\u015fehir Hac\u0131 Bekta\u015f Veli \u00dcniversitesiProf. Dr. Adnan P\u0131nar Necmettin Erbakan \u00dcniversitesi.Prof. Dr. Ahmet Burhan \u00c7AKICI Karamano\u011flu\u2026 <span class=\"read-more\"><a href=\"https:\/\/teskongre.org\/es2024\/bilim-kurulu\/\">Read More &raquo;<\/a><\/span><\/p>\n","protected":false},"author":1,"featured_media":0,"parent":0,"menu_order":0,"comment_status":"closed","ping_status":"closed","template":"","meta":{"footnotes":""},"class_list":["post-28","page","type-page","status-publish","hentry"],"_links":{"self":[{"href":"https:\/\/teskongre.org\/es2024\/wp-json\/wp\/v2\/pages\/28","targetHints":{"allow":["GET"]}}],"collection":[{"href":"https:\/\/teskongre.org\/es2024\/wp-json\/wp\/v2\/pages"}],"about":[{"href":"https:\/\/teskongre.org\/es2024\/wp-json\/wp\/v2\/types\/page"}],"author":[{"embeddable":true,"href":"https:\/\/teskongre.org\/es2024\/wp-json\/wp\/v2\/users\/1"}],"replies":[{"embeddable":true,"href":"https:\/\/teskongre.org\/es2024\/wp-json\/wp\/v2\/comments?post=28"}],"version-history":[{"count":27,"href":"https:\/\/teskongre.org\/es2024\/wp-json\/wp\/v2\/pages\/28\/revisions"}],"predecessor-version":[{"id":711,"href":"https:\/\/teskongre.org\/es2024\/wp-json\/wp\/v2\/pages\/28\/revisions\/711"}],"wp:attachment":[{"href":"https:\/\/teskongre.org\/es2024\/wp-json\/wp\/v2\/media?parent=28"}],"curies":[{"name":"wp","href":"https:\/\/api.w.org\/{rel}","templated":true}]}}