{"id":26,"date":"2019-04-17T13:34:59","date_gmt":"2019-04-17T10:34:59","guid":{"rendered":"http:\/\/teskongre.org\/fm2019\/?page_id=26"},"modified":"2024-06-06T06:18:59","modified_gmt":"2024-06-06T06:18:59","slug":"bilim-danisma-kurulu","status":"publish","type":"page","link":"https:\/\/teskongre.org\/es2024\/bilim-danisma-kurulu\/","title":{"rendered":"Bilim Dan\u0131\u015fma Kurulu"},"content":{"rendered":"\n<p>Do\u00e7. Dr. Hasan Kaz\u0131m Kalkan (Almanya)<br>Do\u00e7. Dr. M\u00fcrteza Hasano\u011flu (Devlet \u0130darecilik Akademisi\/Azerbaycan)<br>Do\u00e7.Dr Hamza KANDEM\u0130R ISUBU Isparta Meslek Y\u00fckek Okulu<br>Dr. Abdrakhmanov Tolobek Abylovich K\u0131rg\u0131z Devlet \u00dcniversitesi<br>Dr. Amanaliev Urmat Olzhbekovich K\u0131rg\u0131z Ulusal \u00dcniversitesi<br>Dr. Elsev Brina Lopar Uksin Hoti \u00dcniversitesi Kosova<br>Dr. Matanat Amrahova, Azerbaycan Devlet \u0130ktisat \u00dcniversitesi UNEC-Azerbaycan<br>Dr. Soner Y\u0131ld\u0131r\u0131m Uksin Hoti \u00dcniversitesi Kosova<br>Dr. Toktogulov Almaz Asylbekovich K\u0131rg\u0131z Cumhuriyeti Ulusal Bilimler Akademisi<br>Prof. Dr. A. M\u00fcnir YILDIRIM \u00c7ukurova \u00dcniversitesi<br>Prof. Dr. A.Filiz \u00c7aml\u0131g\u00fcney Marmara \u00dcniversitesi<br>Prof. Dr. Abdulkadir Emeksiz \u0130stanbul \u00dcniversitesi<br>Prof. Dr. Abdullah Temizkan Ege \u00dcniversitesi<br>Prof. Dr. Abdulvahap Kara Mimar Sinan G\u00fczel Sanatlar \u00dcniversitesi<br>Prof. Dr. Adem BALKAYA Kafkas \u00dcniversitesi<br>Prof. Dr. Adem \u00d6\u011fer Nev\u015fehir Hac\u0131 Bekta\u015f Veli \u00dcniversitesi<br>Prof. Dr. Adnan Baki Trabzon \u00dcniversitesi<br>Prof. Dr. Ahmet Aks\u0131n F\u0131rat \u00dcniversitesi<br>Prof. Dr. Ahmet Aypay Anadolu \u00dcniversitesi<br>Prof. Dr. Ahmet Buran F\u0131rat \u00dcniversitesi<br>Prof. Dr. Ahmet KANKAL Y\u0131ld\u0131r\u0131m Beyaz\u0131t \u00dcniversitesi<br>Prof. Dr. Ahmet Kanl\u0131dere Marmara \u00dcniversitesi<br>Prof. Dr. Ahmet Kartal Eski\u015fehir Osmangazi \u00dcniversitesi<br>Prof. Dr. Ahmet O\u011fuz \u0130\u00e7imsoy Marmara \u00dcniversitesi<br>Prof. Dr. Ahmet O\u011fuz Nev\u015fehir Hac\u0131 Bekta\u015f Veli \u00dcniversitesi<br>Prof. Dr. Ahmet \u015eim\u015fek \u0130stanbul \u00dcniversitesi Cerrahpa\u015fa<br>Prof. Dr. Ahmet \u015eirin Marmara \u00dcniversitesi<br>Prof. Dr. Akart\u00fcrk KARAHAN Y\u0131ld\u0131r\u0131m Beyaz\u0131t \u00dcniversitesi<br>Prof. Dr. Ak\u0131n B\u0130NG\u00d6L Kafkas \u00dcniversitesi<br>Prof. Dr. Aleksander Kadirbayev (Rusya Federasyonu)<br>Prof. Dr. Ali Aky\u0131ld\u0131z . \u0130stanbul 29 May\u0131s \u00dcniversitesi<br>Prof. Dr. Ali G\u00fcl Gazi \u00dcniversitesi<br>Prof. Dr. Ali G\u00fcrsel (ABD)<br>Prof. Dr. Ali K\u0131z\u0131let Marmara \u00dcniversitesi<br>Prof. Dr. Ali Meydan Nev\u015fehir Hac\u0131 Bekta\u015f Veli \u00dcniversitesi<br>Prof. Dr. Ali Osman Bilgili Atat\u00fcrk \u00dcniversitesi<br>Prof. Dr. Ali R\u0131za G\u00f6kp\u0131nar Manisa Celal Bayar \u00dcniversitesi<br>Prof. Dr. Ali Satan Marmara \u00dcniversitesi<br>Prof. Dr. Ali Sinan Bilgili Atat\u00fcrk \u00dcniversitesi<br>Prof. Dr. Ali Ta\u015f K\u0131r\u0131kkale \u00dcniversitesi<br>Prof. Dr. Ali Tilbe Nam\u0131k Kemal \u00dcniversitesi<br>Prof. Dr. Ali Ulvi Mehmeto\u011flu Marmara \u00dcniversitesi<br>Prof. Dr. Ali Yak\u0131c\u0131 Gazi \u00dcniversitesi<br>Prof. Dr. Alikram Abdullayev (Devlet \u0130darecilik Akademisi\/Azerbaycan)<br>Prof. Dr. Alparslan Ceylan Atat\u00fcrk \u00dcniversitesi<br>Prof. Dr. Alparslan Okur Sakarya \u00dcniversitesi<br>Prof. Dr. Alpaslan Demir Tokat Gaziosmanpa\u015fa \u00dcniversitesi<br>Prof. Dr. Alptekin S\u00d6KMEN Hac\u0131 Bayram Veli \u00dcniversitesi<br>Prof. Dr. Alptekin Yava\u015f \u00c7anakkale Onsekiz Mart \u00dcniversitesi<br>Prof. Dr. Arif K\u00d6KTA\u015e Mersin \u00dcniversitesi<br>Prof. Dr. Arzu M. Demirk\u0131ran Marmara \u00dcniversitesi<br>Prof. Dr. Atilla TEMUR Van Y\u00fcz\u00fcnc\u00fc Y\u0131l \u00dcniversitesi<br>Prof. Dr. Ayd\u0131n Usta Mimar Sinan G\u00fczel Sanatlar \u00dcniversitesi<br>Prof. Dr. Ayfer \u015eahin Ahi Evran \u00dcniversitesi<br>Prof. Dr. Ay\u015fe Aypay Eski\u015fehir Osmangazi \u00dcniversitesi<br>Prof. Dr. Ay\u015fe \u00c7etin Gazi \u00dcniversitesi<br>Prof. Dr. Aytekin Soykan Marmara \u00dcniversitesi<br>Prof. Dr. Baki As\u0131lt\u00fcrk Marmara \u00dcniversitesi<br>Prof. Dr. Ba\u015faran Gen\u00e7do\u011fan Atat\u00fcrk \u00dcniversitesi<br>Prof. Dr. Bayram Durbilmez Nev\u015fehir Hac\u0131 Bekta\u015f Veli \u00dcniversitesi<br>Prof. Dr. Bayram \u015eAH\u0130N Bal\u0131kesir \u00dcniversitesi<br>Prof. Dr. Berat Birfin Bir Marmara \u00dcniversitesi<br>Prof. Dr. Bernt Brendemeon (Norve\u00e7)<br>Prof. Dr. Beyhan Kesik Giresun \u00dcniversitesi<br>Prof. Dr. Birsen G\u00fczel Marmara \u00dcniversitesi<br>Prof. Dr. B\u00fclent Bakar Marmara \u00dcniversitesi<br>Prof. Dr. B\u00fclent Bayram (Kazakistan)<br>Prof. Dr. B\u00fclent G\u00fcl Eski\u015fehir Osmangazi \u00dcniversitesi<br>Prof. Dr. B\u00fclent G\u00fcven Trabzon \u00dcniversitesi<br>Prof. Dr. Cem Sefa S\u00fct\u00e7\u00fc Marmara \u00dcniversitesi<br>Prof. Dr. Cemal TOSUN Ankara \u00dcniversitesi<br>Prof. Dr. Cemalettin \u015eahin Marmara \u00dcniversitesi<br>Prof. Dr. Cemil \u00d6zt\u00fcrk Marmara \u00dcniversitesi<br>Prof. Dr. Cengiz \u015eahin Ankara Hac\u0131 Bayram Veli \u00dcniversitesi<br>Prof. Dr. Cevdet Yakupo\u011flu Kastamonu \u00dcniversitesi<br>Prof. Dr. Cevdet Y\u0131lmaz \u00c7anakkale 18 Mart \u00dcniversitesi<br>Prof. Dr. Ceylan Gazi U\u00e7kun Kocaeli \u00dcniversitesi<br>Prof. Dr. Cihangir Do\u011fan Marmara \u00dcniversitesi<br>Prof. Dr. \u00c7avu\u015f \u015eahin \u00c7anakkale Onsekiz Mart \u00dcniversitesi<br>Prof. Dr. Davut Hut Marmara \u00dcniversitesi<br>Prof. Dr. Din\u00e7er KO\u00c7 \u0130stanbul \u00dcniversitesi<br>Prof. Dr. Dursun Ali K\u00f6se Hitit \u00dcniversitesi<br>Prof. Dr. D\u00fcndar YENER Abant \u0130zzet Baysal \u00dcniversitesi<br>Prof. Dr. D\u00fcriye BOZOK Bal\u0131kesir \u00dcniversitesi<br>Prof. Dr. Ebru \u00d6zgen Marmara \u00dcniversitesi<br>Prof. Dr. Elfina Sibgatullina (Rusya Federasyonu)<br>Prof. Dr. Elnur Hasan M\u0130KA\u0130L Kafkas \u00dcniversitesi<br>Prof. Dr. Emel Poyraz Marmara \u00dcniversitesi<br>Prof. Dr. Emine Koyuncu Marmara \u00dcniversitesi<br>Prof. Dr. Engin GEZER Kafkas \u00dcniversitesi<br>Prof. Dr. Ercan Hayto\u011flu Pamukkale \u00dcniversitesi<br>Prof. Dr. Erdal \u015eah\u0131n Marmara \u00dcniversitesi<br>Prof. Dr. Erdo\u011fan Tezci Bal\u0131kesir \u00dcniversitesi<br>Prof. Dr. Erkan G\u00f6ksu Dokuz Eyl\u00fcl \u00dcniversitesi<br>Prof. Dr. Ertan \u00d6rgen Bal\u0131kesir \u00dcniversitesi<br>Prof. Dr. Esin \u0130nan ESK\u0130TA\u015e\u00c7IO\u011eLU Van Y\u00fcz\u00fcnc\u00fc Y\u0131l \u00dcniversitesi<br>Prof. Dr. Esin \u0130nan Eskita\u015f\u00e7io\u011flu Van Y\u00fcz\u00fcnc\u00fc Y\u0131l \u00dcniversitesi<br>Prof. Dr. Esma \u015eim\u015fek F\u0131rat \u00dcniversitesi<br>Prof. Dr. Ey\u00fcp \u015eim\u015fek Atat\u00fcrk \u00dcniversitesi<br>Prof. Dr. Fahri KILI\u00c7 Abant \u0130zzet Baysal \u00dcniversitesi<br>Prof. Dr. Fahriye EMG\u0130L\u0130 Mersin \u00dcniversitesi<br>Prof. Dr. Fatma A\u00e7\u0131k Gazi \u00dcniversitesi<br>Prof. Dr. Fatma Nalan T\u00fcrkmen Marmara \u00dcniversitesi<br>Prof. Dr. Fazl\u0131 Polat Atat\u00fcrk \u00dcniversitesi<br>Prof. Dr. Fehmi Y\u0131lmaz Marmara \u00dcniversitesi<br>Prof. Dr. Ferhat A\u011f\u0131rman Pamukkale \u00dcniversitesi<br>Prof. Dr. Ferruh A\u011fca Eski\u015fehir Osman Gazi \u00dcniversitesi<br>Prof. Dr. Filiz K\u0131l\u0131\u00e7 Nev\u015fehir Hac\u0131 Bekta\u015f Veli \u00dcniversitesi<br>Prof. Dr. Fuad Memmedov (Azerbaycan)<br>Prof. Dr. Fuad Memmedov (Devlet \u0130darecilik Akademisi\/Azerbaycan)<br>Prof. Dr. Gazi Osman \u00d6zg\u00fcdenli Marmara \u00dcniversitesi<br>Prof. Dr. Gazi U\u00e7kun Kocaeli \u00dcniversitesi<br>Prof. Dr. Giray Saynur Derman Marmara \u00dcniversitesi<br>Prof. Dr. Gizem SAYGILI Karamano\u011flu Mehmetbey \u00dcniversitesi<br>Prof. Dr. G\u00f6kay DURMU\u015e Kafkas \u00dcniversitesi<br>Prof. Dr. G\u00fclay \u00d6\u011f\u00fcn Bezer Marmara \u00dcniversitesi<br>Prof. Dr. G\u00fclden Sa\u011fol Y\u00fcksekkaya Marmara \u00dcniversitesi<br>Prof. Dr. Hac\u0131 Abdullah \u015eeng\u00fcl Nev\u015fehir Hac\u0131 Bekta\u015f Veli \u00dcniversitesi<br>Prof. Dr. Hac\u0131 \u0130smail ARSLANTA\u015e Mersin \u00dcniversitesi<br>Prof. Dr. Hakan Akda\u011f Mersin \u00dcniversitesi<br>Prof. Dr. Hakan Tas Marmara \u00dcniversitesi<br>Prof. Dr. Hakan YAMAN Abant \u0130zzet Baysal \u00dcniversitesi<br>Prof. Dr. Hakk\u0131 Duru Van Y\u00fcz\u00fcnc\u00fc Y\u0131l \u00dcniversitesi<br>Prof. Dr. Hale Bayram Marmara \u00dcniversitesi<br>Prof. Dr. Halil Ayd\u0131nalp Marmara \u00dcniversitesi<br>Prof. Dr. Halil I\u015f\u0131k Van Y\u00fcz\u00fcnc\u00fc Y\u0131l \u00dcniversitesi<br>Prof. Dr. Halil Koca Atat\u00fcrk \u00dcniversitesi<br>Prof. Dr. Halil Tokcan Ni\u011fde \u00d6mer Halisdemir \u00dcniversitesi<br>Prof. Dr. Halit Dursuno\u011flu Atat\u00fcrk \u00dcniversitesi<br>Prof. Dr. Hamdi ONAY \u0130n\u00f6n\u00fc \u00dcniversitesi<br>Prof. Dr. Hamza Akengin Marmara \u00dcniversitesi<br>Prof. Dr. Handan M\u00fcjde Ayan Marmara \u00dcniversitesi<br>Prof. Dr. Hasan H\u00fcseyin \u00d6zkan S\u00fcleyman Demirel \u00dcniversitesi<br>Prof. Dr. Hasan YAYLI K\u0131r\u0131kkale \u00dcniversitesi<br>Prof. Dr. Hayati Akyol Gazi \u00dcniversitesi<br>Prof. Dr. Hayati Be\u015firli Hac\u0131 Bayram Veli \u00dcniversitesi<br>Prof. Dr. Hediye Erg\u0131n Marmara \u00dcniversitesi<br>Prof. Dr. Hikmet KORA\u015e \u00d6mer Halisdemir \u00dcniversitesi<br>Prof. Dr. Hikmet \u00d6ks\u00fcz Karadeniz Teknik \u00dcniversitesi<br>Prof. Dr. Himmet KARADAL Abant \u0130zzet Baysal \u00dcniversitesi<br>Prof. Dr. Himmet KONUR Dokuz Eyl\u00fcl \u00dcniversitesi<br>Prof. Dr. Huriye TEK\u0130N \u00d6N\u00dcR Manisa Celal Bayar \u00dcniversitesi<br>Prof. Dr. H\u00fclya Kayal\u0131 Marmara \u00dcniversitesi<br>Prof. Dr. \u0130brahim D\u0130LEK AHBV\u00dc<br>Prof. Dr. \u0130brahim Dilek Hac\u0131 Bayram Veli \u00dcniversitesi<br>Prof. Dr. \u0130brahim \u00d6r\u00fcn Aksaray \u00dcniversitesi<br>Prof. Dr. \u0130hsan Kalendero\u011flu Gazi \u00dcniversitesi<br>Prof. Dr. \u0130hsan Sabri Balkaya Atat\u00fcrk \u00dcniversitesi<br>Prof. Dr. \u0130hsanKALENDERO\u011eLU Gazi \u00dcniversitesi<br>Prof. Dr. \u0130lhan Adilo\u011fullar\u0131 \u00c7anakkale Onsekiz Mart \u00dcniversitesi<br>Prof. Dr. \u0130lyas Kemalo\u011flu Marmara \u00dcniversitesi<br>Prof. Dr. \u0130lyas Topsakal \u0130stanbul \u00dcniversitesi<br>Prof. Dr. \u0130rfan YILDIRIM Mersin \u00dcniversitesi<br>Prof. Dr. \u0130smail G\u00dcL 7 Aral\u0131k \u00dcniversitesi<br>Prof. Dr. \u0130smail Safa \u00dcst\u00fcn Marmara \u00dcniversitesi<br>Prof. Dr. \u0130smail \u015eIK \u00c7ukurova \u00dcniversitesi<br>Prof. Dr. \u0130smail T\u00fcrko\u011flu Mimar Sinan G\u00fczel Sanatlar \u00dcniversitesi<br>Prof. Dr. Kaya YILDIZ Abant \u0130zzet Baysal \u00dcniversitesi<br>Prof. Dr. Kemal Vatansever Alanya Alk\u00fc<br>Prof. Dr. Kemalettin Kuzucu Marmara \u00dcniversitesi<br>Prof. Dr. Kenan Z\u0131yata\u015f Bal\u0131kesir \u00dcniversitesi<br>Prof. Dr. Kenan Ziya TA\u015e Bal\u0131kesir \u00dcniversitesi<br>Prof. Dr. Khurghud \u0130SAYEV Kafkas \u00dcniversitesi<br>Prof. Dr. Korhan Karacao\u011flu Nev\u015fehir Hac\u0131 Bekta\u015f Veli \u00dcniversitesi<br>Prof. Dr. Kudret G\u00dcL Bal\u0131kesir \u00dcniversitesi<br>Prof. Dr. Latif Beyrel\u0131 Marmara \u00dcniversitesi<br>Prof. Dr. Levent BAYRAKTAR Y\u0131ld\u0131r\u0131m Beyaz\u0131t \u00dcniversitesi<br>Prof. Dr. Levent SON Mersin \u00dcniversitesi<br>Prof. Dr. Leyla Co\u015fan Marmara \u00dcniversitesi<br>Prof. Dr. L\u00fctfi G\u00fcrkan G\u00f6k\u00e7ek Nev\u015fehir Hac\u0131 Bekta\u015f Veli \u00dcniversitesi<br>Prof. Dr. L\u00fctfi \u00dcRED\u0130 Mersin \u00dcniversitesi<br>Prof. Dr. M. Levent Aksu Gazi \u00dcniversitesi<br>Prof. Dr. Mahir Kadakal Bayburt \u00dcniversitesi<br>Prof. Dr. Mahmut Nedim BAYUK Harran \u00dcniversitesi<br>Prof. Dr. Mahmut \u00d6ZT\u00dcRK Harran \u00dcniversitesi<br>Prof. Dr. Maria Cikia (G\u00fcrcistan)<br>Prof. Dr. Mehmet A\u00e7a Marmara \u00dcniversitesi<br>Prof. Dr. Mehmet Ak Alanya Alk\u00fc<br>Prof. Dr. Mehmet \u00c7a\u011fr\u0131 \u00c7etin Mersin \u00dcniversitesi<br>Prof. Dr. Mehmet \u00c7eriba\u015f Nev\u015fehir Hac\u0131 Bekta\u015f Veli \u00dcniversitesi<br>Prof. Dr. Mehmet \u00c7evik F\u0131rat \u00dcniversitesi<br>Prof. Dr. Mehmet DALKILI\u00c7 Karamano\u011flu Mehmetbey \u00dcniversitesi<br>Prof. Dr. Mehmet G\u00fcven Gazi \u00dcniversitesi<br>Prof. Dr. Mehmet Kaan Dem\u0131r \u00c7anakkale 18 Mart \u00dcniversitesi<br>Prof. Dr. Mehmet KATRANCI K\u0131r\u0131kkale \u00dcniversitesi<br>Prof. Dr. Mehmet Serhat Y\u0131lmaz Kastamonu \u00dcniversitesi<br>Prof. Dr. Mehmet SO\u011eUK\u00d6MERO\u011eULLARI Gaziantep \u00dcniversitesi<br>Prof. Dr. Mehmet \u015eah\u0131ng\u00f6z Gazi \u00dcniversitesi<br>Prof. Dr. Mehmet \u015eAH\u0130NG\u00d6Z Gazi \u00dcniversitesi<br>Prof. Dr. Mehmet Y\u0131lmaz Gazi \u00dcniversitesi<br>Prof. Dr. Mehmet Zeki \u0130\u015fcan Atat\u00fcrk \u00dcniversitesi<br>Prof. Dr. Mesut Er\u015fan Eski\u015fehir Osmangazi \u00dcniversitesi<br>Prof. Dr. Mesut Sa\u00e7kes . Bal\u0131kesir \u00dcniversitesi<br>Prof. Dr. Mesut Sen Marmara \u00dcniversitesi<br>Prof. Dr. Mete Ta\u015fl\u0131ova Ankara Y\u0131ld\u0131r\u0131m Beyaz\u0131t \u00dcniversitesi<br>Prof. Dr. Mete TA\u015eLIOVA Y\u0131ld\u0131r\u0131m Beyaz\u0131t \u00dcniversitesi<br>Prof. Dr. Metin Orbay Ankara Hac\u0131 Bayram Veli \u00dcniversitesi<br>Prof. Dr. Mithat Ayd\u0131n Pamukkale \u00dcniversitesi<br>Prof. Dr. Muammer Nurlu (Fransa)<br>Prof. Dr. Muhammet G\u00fcr Marmara \u00dcniversitesi<br>Prof. Dr. Muhammet Ko\u00e7ak Gazi \u00dcniversitesi<br>Prof. Dr. Murat ATE\u015e Necmettin Erbakan \u00dcniversitesi<br>Prof. Dr. Murat Do\u011fdubay Bal\u0131kesir \u00dcniversitesi<br>Prof. Dr. Murat Kald\u0131r\u0131mc\u0131 Atat\u00fcrk \u00dcniversitesi<br>Prof. Dr. Murat Uluskan Marmara \u00dcniversitesi<br>Prof. Dr. Musa \u015eamil Y\u00dcKSEL Y\u0131ld\u0131r\u0131m Beyaz\u0131t \u00dcniversitesi<br>Prof. Dr. Mustafa ARSLAN Y\u0131ld\u0131r\u0131m Beyaz\u0131t \u00dcniversitesi<br>Prof. Dr. Mustafa BAH\u015e\u0130 Aksaray \u00dcniversitesi<br>Prof. Dr. Mustafa Bilici . Marmara \u00dcniversitesi<br>Prof. Dr. Mustafa Cihan Atat\u00fcrk \u00dcniversitesi<br>Prof. Dr. Mustafa Delican \u0130stanbul \u00dcniversitesi<br>Prof. Dr. Mustafa Erdo\u011fan Ankara Y\u0131ld\u0131r\u0131m Beyaz\u0131t \u00dcniversitesi<br>Prof. Dr. Mustafa Kandemir Amasya \u00dcniversitesi<br>Prof. Dr. Mustafa Macit Atat\u00fcrk \u00dcniversitesi<br>Prof. Dr. Mustafa METE Gaziantep \u00dcniversitesi<br>Prof. Dr. Mustafa \u00d6ZDEM\u0130R Kafkas \u00dcniversitesi<br>Prof. Dr. Mustafa \u00d6zsar\u0131 Bal\u0131kesir \u00dcniversitesi<br>Prof. Dr. Mustafa Sabri K\u00fc\u00e7\u00fcka\u015f\u00e7\u0131 Fatih Sultan Mehmet Vak\u0131f \u00dcniversitesi<br>Prof. Dr. Mustafa Sinan Ka\u00e7alin Marmara \u00dcniversitesi<br>Prof. Dr. Mustafa \u015eEKER Akdeniz \u00dcniversitesi<br>Prof. Dr. Mustafa TALAS \u00d6mer Halisdemir \u00dcniversitesi<br>Prof. Dr. Mustafa YILDIRIM Necmettin Erbakan \u00dcniversitesi<br>Prof. Dr. Mustafa Y\u0131ld\u0131z Gazi \u00dcniversitesi<br>Prof. Dr. Muzaffer Do\u011fan Anadolu \u00dcniversitesi<br>Prof. Dr. Muzaffer Tepekaya Manisa Celal Bayar \u00dcniversitesi<br>Prof. Dr. Nahide \u015eim\u015fir Bal\u0131kesir \u00dcniversitesi<br>Prof. Dr. Nalan T\u00fcrkmen Marmara \u00dcniversitesi<br>Prof. Dr. Necmettin Ayg\u00fcn Aksaray \u00dcniversitesi<br>Prof. Dr. Necmi Emel D\u0131lmen Marmara \u00dcniversitesi<br>Prof. Dr. Nedim Bak\u0131rc\u0131 Ni\u011fde \u00d6mer Halisdemir \u00dcniversitesi<br>Prof. Dr. Nesrin \u00d6zdener Marmara \u00dcniversitesi<br>Prof. Dr. Nevzat Topal Ni\u011fde \u00d6mer Halisdemir \u00dcniversitesi<br>Prof. Dr. Nezahat G\u00fc\u00e7l\u00fc Gazi \u00dcniversitesi<br>Prof. Dr. Nihat \u00d6ztoprak Fatih Sultan Mehmet \u00dcniversitesi<br>Prof. Dr. Niyaz\u0131 G\u00fcven Erd\u0131l Marmara \u00dcniversitesi<br>Prof. Dr. Nuray Terzi Marmara \u00dcniversitesi<br>Prof. Dr. Nuri KARDA\u015e Van Y\u00fcz\u00fcnc\u00fc Y\u0131l \u00dcniversitesi<br>Prof. Dr. Nuri Kavak Eski\u015fehir Osmangazi \u00dcniversitesi<br>Prof. Dr. Nuriye Garipa\u011fao\u011flu Marmara \u00dcniversitesi<br>Prof. Dr. Nursen Can\u0131kl\u0131o\u011flu Marmara \u00dcniversitesi<br>Prof. Dr. Nursen Mazici Marmara \u00dcniversitesi<br>Prof. Dr. Nurullah Alta\u015f Marmara \u00dcniversitesi<br>Prof. Dr. O\u011fuzhan KARADEN\u0130Z Zonguldak B\u00fclent Ecevit \u00dcniversitesi<br>Prof. Dr. Oktay KIZILKAYA Kafkas \u00dcniversitesi<br>Prof. Dr. Onur Alp KAYABA\u015eI Aksaray \u00dcniversitesi<br>Prof. Dr. Onur K\u00f6ksal Sel\u00e7uk \u00dcniversitesi<br>Prof. Dr. Orhan K\u0131l\u0131\u00e7 F\u0131rat \u00dcniversitesi<br>Prof. Dr. Orhan Sevgi \u0130stanbul \u00dcniversitesi Cerrahpa\u015fa<br>Prof. Dr. Osman Alt\u0131nta\u015f Osmaniye Korkut Ata \u00dcniversitesi<br>Prof. Dr. Osman G\u00f6khan Antalya Marmara \u00dcniversitesi<br>Prof. Dr. Osman Yorulmaz Mimar Sinan G\u00fczel Sanatlar \u00dcniversitesi<br>Prof. Dr. \u00d6mer BA\u015eKAN Abant \u0130zzet Baysal \u00dcniversitesi<br>Prof. Dr. \u00d6mer Faruk S\u00f6nmez Tokat Gaziosmanpa\u015fa \u00dcniversitesi<br>Prof. Dr. \u00d6mer \u0130\u015fbilir Mimar Sinan G\u00fczel Sanatlar \u00dcniversitesi<br>Prof. Dr. \u00d6mer Z\u00fclfe Marmara \u00dcniversitesi<br>Prof. Dr. \u00d6zg\u00fcr Kas\u0131m Aydemir Alanya Alk\u00fc<br>Prof. Dr. \u00d6zkan DA\u015eDEM\u0130R Binali Y\u0131ld\u0131r\u0131m \u00dcniversitesi<br>Prof. Dr. \u00d6zkan Da\u015fdemir Erzincan Binali Y\u0131ld\u0131r\u0131m \u00dcniversitesi<br>Prof. Dr. \u00d6zkan \u00d6zden \u0130stanbul \u00dcniversitesi<br>Prof. Dr. \u00d6zlem KORAY Zonguldak B\u00fclent Ecevit \u00dcniversitesi<br>Prof. Dr. Rafet MET\u0130N Bayburt \u00dcniversitesi<br>Prof. Dr. Rahmi Do\u011fanay F\u0131rat \u00dcniversitesi<br>Prof. Dr. Ramazan \u00d6ZBEK \u0130n\u00f6n\u00fc \u00dcniversitesi<br>Prof. Dr. Ramazan SEVER \u0130n\u00f6n\u00fc \u00dcniversitesi<br>Prof. Dr. Ra\u015fit KO\u00c7 Van Y\u00fcz\u00fcnc\u00fc Y\u0131l \u00dcniversitesi<br>Prof. Dr. Remziye Tuba Karatepe Marmara \u00dcniversitesi<br>Prof. Dr. Roin Kavreli\u015fvili (G\u00fcrcistan)<br>Prof. Dr. Ruhi \u0130NAN Bal\u0131kesir \u00dcniversitesi<br>Prof. Dr. R\u00fcstem \u015e\u00fck\u00fcrov (Rusya Federasyonu)<br>Prof. Dr. S.Can Erdem Marmara \u00dcniversitesi<br>Prof. Dr. Said Ta\u015f S\u00fcleyman Demirel \u00dcniversitesi<br>Prof. Dr. Salih \u00c7EPN\u0130 Uluda\u011f \u00dcniversitesi<br>Prof. Dr. Salih Zeki Gen\u00e7 \u00c7anakkale 18 Mart \u00dcniversitesi<br>Prof. Dr. Salim G\u00f6k\u00e7en Erzincan Binali Y\u0131ld\u0131r\u0131m \u00dcniversitesi<br>Prof. Dr. Sebahat Deniz Marmara \u00dcniversitesi<br>Prof. Dr. Sebahattin \u015eim\u015fir Bal\u0131kesir \u00dcniversitesi<br>Prof. Dr. Sedat MADEN Bayburt \u00dcniversitesi<br>Prof. Dr. Selahattin Av\u015faro\u011flu Necmettin Erbakan \u00dcniversitesi<br>Prof. Dr. Selahattin Kaymakc\u0131 Kastamonu \u00dcniversitesi<br>Prof. Dr. Selahattin \u00d6\u011f\u00fclm\u00fc\u015f Ankara \u00dcniversitesi<br>Prof. Dr. Selahattin Turan Bursa Uluda\u011f \u00dcniversitesi<br>Prof. Dr. Sel\u00e7uk Duman Giresun \u00dcniversitesi<br>Prof. Dr. Selda Uzun Marmara \u00dcniversitesi<br>Prof. Dr. Selim Y\u0131lmaz Marmara \u00dcniversitesi<br>Prof. Dr. Selma Yel Gazi \u00dcniversitesi<br>Prof. Dr. Serhat Ula\u011fl\u0131 Marmara \u00dcniversitesi<br>Prof. Dr. Serkan G\u00fczel Pamukkale \u00dcniversitesi<br>Prof. Dr. Seyfullah YILDIRIM Gazi \u00dcniversitesi<br>Prof. Dr. Sezai Balc\u0131 Giresun \u00dcniversitesi<br>Prof. Dr. Sezgin \u00c7elik Y\u0131ld\u0131z Teknik \u00dcniversitesi<br>Prof. Dr. S\u0131dd\u0131k \u00c7ALIK Y\u0131ld\u0131r\u0131m Beyaz\u0131t \u00dcniversitesi<br>Prof. Dr. Soner Mehmet \u00d6zdemir Mersin \u00dcniversitesi<br>Prof. Dr. Suat KARA Bal\u0131kesir \u00dcniversitesi<br>Prof. Dr. Suat Ungan Trabzon \u00dcniversitesi<br>Prof. Dr. Sueda \u00d6zbent Marmara \u00dcniversitesi<br>Prof. Dr. Suna KAYMAK \u00d6ZMEN Kafkas \u00dcniversitesi<br>Prof. Dr. \u015eahin KIZILABDULLAH Ankara \u00dcniversitesi<br>Prof. Dr. \u015eahin \u00d6zen Marmara \u00dcniversitesi<br>Prof. Dr. \u015eeniz Anbarl\u0131 \u00d6ZATAY Bal\u0131kesir \u00dcniversitesi<br>Prof. Dr. \u015eerif Korkmaz \u00c7anakkale 18 Mart \u00dcniversitesi<br>Prof. Dr. \u015eerif Korkmaz \u00c7anakkale Onsekiz Mart \u00dcniversitesi<br>Prof. Dr. Taner Altun Trabzon \u00dcniversitesi<br>Prof. Dr. Tanju Seyhan Mimar Sinan G\u00fczel Sanatlar \u00dcniversitesi<br>Prof. Dr. Tar\u0131k \u00d6zcan F\u0131rat \u00dcniversitesi<br>Prof. Dr. Tayfun Akkaya Marmara \u00dcniversitesi<br>Prof. Dr. T\u0131\u011f\u0131nca Oktar Marmara \u00dcniversitesi<br>Prof. Dr. Turgay B\u0131\u00e7er Marmara \u00dcniversitesi<br>Prof. Dr. Turgut Baydar Erzincan Binali Y\u0131ld\u0131r\u0131m \u00dcniversitesi<br>Prof. Dr. Turgut Tok Pamukkale \u00dcniversitesi<br>Prof. Dr. T\u00fcrker \u015e\u0130M\u015eEK Gaziosmanpa\u015fa \u00dcniversitesi<br>Prof. Dr. Ufuk Alpkaya Marmara \u00dcniversitesi<br>Prof. Dr. U\u011fur \u00dc\u00e7\u00fcnc\u00fc Karadeniz Teknik \u00dcniversitesi<br>Prof. Dr. Uwe Blaesing (Hollanda)<br>Prof. Dr. \u00dcmit \u015eim\u015fek Atat\u00fcrk \u00dcniversitesi<br>Prof. Dr. \u00dcnsal Umdu Topsakal Y\u0131ld\u0131z Teknik \u00dcniversitesi<br>Prof. Dr. Vahdettin Engin Marmara \u00dcniversitesi<br>Prof. Dr. Veli ATMACA Mehmet Akif Ersoy \u00dcniversitesi<br>Prof. Dr. Veli Topta\u015f K\u0131r\u0131kkale \u00dcniversitesi<br>Prof. Dr. Volkan YURDADO\u011e \u00c7ukurova \u00dcniversitesi<br>Prof. Dr. Yahya Aky\u00fcz Ankara \u00dcniversitesi<br>Prof. Dr. Yal\u00e7\u0131n Sar\u0131kaya Giresun \u00dcniversitesi<br>Prof. Dr. Ya\u015far KOP Kafkas \u00dcniversitesi<br>Prof. Dr. Yavuz AK\u00c7\u0130 Abant \u0130zzet Baysal \u00dcniversitesi<br>Prof. Dr. Yavuz HAYKIR F\u0131rat \u00dcniversitesi<br>Prof. Dr. Yavuz K\u0131z\u0131l\u00e7\u0131m Atat\u00fcrk \u00dcniversitesi<br>Prof. Dr. Yunus G\u00dcN\u0130ND\u0130 Aksaray \u00dcniversitesi<br>Prof. Dr. Yusuf AYMANKUY Bal\u0131kesir \u00dcniversitesi<br>Prof. Dr. Yusuf CER\u0130T Abant \u0130zzet Baysal \u00dcniversitesi<br>Prof. Dr. Yusuf K\u0131l\u0131\u00e7 Pamukkale \u00dcniversitesi<br>Prof. Dr. Y\u00fccel Geli\u015fl\u0131 Gazi \u00dcniversitesi<br>Prof. Dr. Y\u00fccel GEL\u0130\u015eL\u0130 Gazi \u00dcniversitesi<br>Prof. Dr. Y\u00fccel \u00d6ks\u00fcz Amasya \u00dcniversitesi<br>Prof. Dr. Y\u00fcksel \u00c7elik Marmara \u00dcniversitesi<br>Prof. Dr. Y\u00fcksel Ka\u015ftan Akdeniz \u00dcniversitesi<br>Prof. Dr. Zafer YAL\u00c7IN Bal\u0131kesir \u00dcniversitesi<br>Prof. Dr. Zekeriya G\u00d6KTA\u015e Bal\u0131kesir \u00dcniversitesi<br>Prof. Dr. Zekeriya KARADAVUT Akdeniz \u00dcniversitesi<br>Prof. Dr. Zekeriya Kur\u015fun Fatih Sultan Mehmet \u00dcniversitesi<br>Prof. Dr. Zeki Salih Zengin Ankara Y\u0131ld\u0131r\u0131m Beyaz\u0131t \u00dcniversitesi<br>Prof. Dr. Zeki Salih ZENG\u0130N Y\u0131ld\u0131r\u0131m Beyaz\u0131t \u00dcniversitesi<br>Prof. Dr. Zeynabidin Abdirashidov<br>Prof. Dr. Zeynep G\u00fcrel Marmara \u00dcniversitesi<br>Prof. Dr. Zuhal Hasena Kultural Marmara \u00dcniversitesi<br>Prof. Dr. Halil TURGUT S\u00fcleyman Demirel \u00dcniversitesi<\/p>\n\n\n\n<p><\/p>\n","protected":false},"excerpt":{"rendered":"<p>Do\u00e7. Dr. Hasan Kaz\u0131m Kalkan (Almanya)Do\u00e7. Dr. M\u00fcrteza Hasano\u011flu (Devlet \u0130darecilik Akademisi\/Azerbaycan)Do\u00e7.Dr Hamza KANDEM\u0130R ISUBU Isparta Meslek Y\u00fckek OkuluDr. Abdrakhmanov Tolobek Abylovich K\u0131rg\u0131z Devlet \u00dcniversitesiDr. Amanaliev Urmat Olzhbekovich K\u0131rg\u0131z Ulusal \u00dcniversitesiDr. Elsev Brina Lopar Uksin Hoti \u00dcniversitesi KosovaDr. Matanat Amrahova, Azerbaycan Devlet \u0130ktisat \u00dcniversitesi UNEC-AzerbaycanDr. Soner Y\u0131ld\u0131r\u0131m Uksin Hoti \u00dcniversitesi KosovaDr. Toktogulov Almaz Asylbekovich K\u0131rg\u0131z\u2026 <span class=\"read-more\"><a href=\"https:\/\/teskongre.org\/es2024\/bilim-danisma-kurulu\/\">Read More &raquo;<\/a><\/span><\/p>\n","protected":false},"author":1,"featured_media":0,"parent":0,"menu_order":0,"comment_status":"closed","ping_status":"closed","template":"","meta":{"footnotes":""},"class_list":["post-26","page","type-page","status-publish","hentry"],"_links":{"self":[{"href":"https:\/\/teskongre.org\/es2024\/wp-json\/wp\/v2\/pages\/26","targetHints":{"allow":["GET"]}}],"collection":[{"href":"https:\/\/teskongre.org\/es2024\/wp-json\/wp\/v2\/pages"}],"about":[{"href":"https:\/\/teskongre.org\/es2024\/wp-json\/wp\/v2\/types\/page"}],"author":[{"embeddable":true,"href":"https:\/\/teskongre.org\/es2024\/wp-json\/wp\/v2\/users\/1"}],"replies":[{"embeddable":true,"href":"https:\/\/teskongre.org\/es2024\/wp-json\/wp\/v2\/comments?post=26"}],"version-history":[{"count":47,"href":"https:\/\/teskongre.org\/es2024\/wp-json\/wp\/v2\/pages\/26\/revisions"}],"predecessor-version":[{"id":689,"href":"https:\/\/teskongre.org\/es2024\/wp-json\/wp\/v2\/pages\/26\/revisions\/689"}],"wp:attachment":[{"href":"https:\/\/teskongre.org\/es2024\/wp-json\/wp\/v2\/media?parent=26"}],"curies":[{"name":"wp","href":"https:\/\/api.w.org\/{rel}","templated":true}]}}