{"id":24,"date":"2019-04-17T13:34:49","date_gmt":"2019-04-17T10:34:49","guid":{"rendered":"http:\/\/teskongre.org\/fm2019\/?page_id=24"},"modified":"2025-01-12T20:03:01","modified_gmt":"2025-01-12T20:03:01","slug":"bildiri-kitapcigi","status":"publish","type":"page","link":"https:\/\/teskongre.org\/es2024\/bildiri-kitapcigi\/","title":{"rendered":"Bildiri Kitap\u00e7\u0131\u011f\u0131"},"content":{"rendered":"\n<hr class=\"wp-block-separator has-alpha-channel-opacity\"\/>\n\n\n\n<p><strong>5. Uluslararas\u0131 T\u00fcrk D\u00fcnyas\u0131 E\u011fitim Bilimleri ve Sosyal Bilimler Kongresi<\/strong> <strong>Bildiriler<\/strong><\/p>\n\n\n\n<p><a href=\"https:\/\/drive.google.com\/file\/d\/1x3dh5gell9efSzrE-jzm-T_b_HEkc2mn\/view?usp=drivesdk\" data-type=\"link\" data-id=\"https:\/\/drive.google.com\/file\/d\/1x3dh5gell9efSzrE-jzm-T_b_HEkc2mn\/view?usp=drivesdk\">\u00d6zet Bildiriler Cilt 1<\/a> <\/p>\n\n\n\n<p><a href=\"https:\/\/drive.google.com\/file\/d\/1RRblaaAqtqpqlN8qIHWZEoXp4ap_TV5q\/view?usp=sharing\" data-type=\"link\" data-id=\"https:\/\/drive.google.com\/file\/d\/1RRblaaAqtqpqlN8qIHWZEoXp4ap_TV5q\/view?usp=sharing\">\u00d6zet Bildiriler Cilt II<\/a><\/p>\n\n\n\n<p><a href=\"https:\/\/drive.google.com\/file\/d\/1jA2RVrDtTEj30bKQoILmbM0m8cXn5hHL\/view?usp=sharing\" data-type=\"link\" data-id=\"https:\/\/drive.google.com\/file\/d\/1jA2RVrDtTEj30bKQoILmbM0m8cXn5hHL\/view?usp=sharing\">Ziya G\u00f6kalp \u00d6zel<\/a><\/p>\n\n\n\n<p><a href=\"https:\/\/drive.google.com\/file\/d\/10NIbL5R35UKDH0rnkskxFo1nDgb5fVX1\/view?usp=sharing\" data-type=\"link\" data-id=\"https:\/\/drive.google.com\/file\/d\/10NIbL5R35UKDH0rnkskxFo1nDgb5fVX1\/view?usp=sharing\">E\u011fitim Bilimleri  Cilt 1-A<\/a> <\/p>\n\n\n\n<p><a href=\"https:\/\/drive.google.com\/file\/d\/1FtrW8tfK7CBNweHbdR9jRZKoLTbINlXL\/view?usp=sharing\" data-type=\"link\" data-id=\"https:\/\/drive.google.com\/file\/d\/1FtrW8tfK7CBNweHbdR9jRZKoLTbINlXL\/view?usp=sharing\">E\u011fitim Bilimleri Cilt 1-B<\/a><\/p>\n\n\n\n<p>\u2060<a href=\"https:\/\/drive.google.com\/file\/d\/1Y2f3-I6Q0GN0VMRoCEdMgvZGbblmn69-\/view?usp=sharing\" data-type=\"link\" data-id=\"https:\/\/drive.google.com\/file\/d\/1Y2f3-I6Q0GN0VMRoCEdMgvZGbblmn69-\/view?usp=sharing\">E\u011fitim Bilimleri  Cilt 2<\/a><\/p>\n\n\n\n<p>\u2060<a href=\"https:\/\/drive.google.com\/file\/d\/1mwQjvWjOBP_RPEo5wFnNRGqG3-iG-_C7\/view?usp=sharing\" data-type=\"link\" data-id=\"https:\/\/drive.google.com\/file\/d\/1mwQjvWjOBP_RPEo5wFnNRGqG3-iG-_C7\/view?usp=sharing\">T\u00fcrkoloji<\/a><\/p>\n\n\n\n<p>\u2060<a href=\"https:\/\/drive.google.com\/file\/d\/1aramntsVyi1ekXr-U-ksCGBdnKlwjCNg\/view?usp=sharing\" data-type=\"link\" data-id=\"https:\/\/drive.google.com\/file\/d\/1aramntsVyi1ekXr-U-ksCGBdnKlwjCNg\/view?usp=sharing\">Tarih<\/a><\/p>\n\n\n\n<p><a href=\"https:\/\/drive.google.com\/file\/d\/1dV3JYly6PnVvomx4zQYme-il8KcOtpTK\/view?usp=sharing\" data-type=\"link\" data-id=\"https:\/\/drive.google.com\/file\/d\/1dV3JYly6PnVvomx4zQYme-il8KcOtpTK\/view?usp=sharing\">Be\u015feri ve \u0130dari Bilimler Cilt 1<\/a> <\/p>\n\n\n\n<p><a href=\"https:\/\/drive.google.com\/file\/d\/1fgmwmgzcYuPx_Kb4T5WRROf1IcZw3oXu\/view?usp=sharing\" data-type=\"link\" data-id=\"https:\/\/drive.google.com\/file\/d\/1fgmwmgzcYuPx_Kb4T5WRROf1IcZw3oXu\/view?usp=sharing\">Be\u015feri ve \u0130dari Bilimler Cilt 2<\/a><\/p>\n\n\n\n<hr class=\"wp-block-separator has-alpha-channel-opacity\"\/>\n\n\n\n<p><strong>Uluslararas\u0131 Kitap B\u00f6l\u00fcmleri<\/strong><\/p>\n\n\n\n<p><a href=\"https:\/\/drive.google.com\/file\/d\/1V2Ae06VRJP9dIWC8lxjlYWm7B6qouB-c\/view?usp=sharing\" data-type=\"link\" data-id=\"https:\/\/drive.google.com\/file\/d\/1rcVW2awllby1ajoQAdyPL_PhakiSoesu\/view?usp=sharing\">Ziya G\u00f6kalp<\/a><\/p>\n\n\n\n<p><a href=\"https:\/\/drive.google.com\/file\/d\/1gg5jgfaN2Hu93-5BZLaZjvAjwwvQ8uOI\/view?usp=sharing\" data-type=\"link\" data-id=\"https:\/\/drive.google.com\/file\/d\/1gg5jgfaN2Hu93-5BZLaZjvAjwwvQ8uOI\/view?usp=sharing\">E\u011fitim Bilimleri Cilt 1<\/a> <\/p>\n\n\n\n<p><a href=\"https:\/\/drive.google.com\/file\/d\/1iODvidJMrGB7Z1ZU-oyVQ3EAcS5bdCCf\/view?usp=sharing\" data-type=\"link\" data-id=\"https:\/\/drive.google.com\/file\/d\/1iODvidJMrGB7Z1ZU-oyVQ3EAcS5bdCCf\/view?usp=sharing\">E\u011fitim Bilimleri Cilt 2<\/a><\/p>\n\n\n\n<p><a href=\"https:\/\/drive.google.com\/file\/d\/14FkECoUII-BZAvMCi29C0OsCIa9eobiL\/view?usp=sharing\" data-type=\"link\" data-id=\"https:\/\/drive.google.com\/file\/d\/14FkECoUII-BZAvMCi29C0OsCIa9eobiL\/view?usp=sharing\">T\u00fcrkoloji<\/a><\/p>\n\n\n\n<p><a href=\"https:\/\/drive.google.com\/file\/d\/1zZQq0N3QQJ0U6nAL8m6ItN3EKCBKO4Fq\/view?usp=sharing\" data-type=\"link\" data-id=\"https:\/\/drive.google.com\/file\/d\/1zZQq0N3QQJ0U6nAL8m6ItN3EKCBKO4Fq\/view?usp=sharing\">Tarih<\/a><\/p>\n\n\n\n<p><a href=\"https:\/\/drive.google.com\/file\/d\/1ZEeHgmgQS3wo6u5V_225q98ptXG_AlCp\/view?usp=sharing\" data-type=\"link\" data-id=\"https:\/\/drive.google.com\/file\/d\/1ZEeHgmgQS3wo6u5V_225q98ptXG_AlCp\/view?usp=sharing\">Be\u015feri ve \u0130dari Bilimler Cilt 1<\/a> <\/p>\n\n\n\n<p><a href=\"https:\/\/drive.google.com\/file\/d\/1MwsnTbheYjHIDzv82o9zsdbFBshLEo0s\/view?usp=sharing\" data-type=\"link\" data-id=\"https:\/\/drive.google.com\/file\/d\/1MwsnTbheYjHIDzv82o9zsdbFBshLEo0s\/view?usp=sharing\">Be\u015feri ve \u0130dari Bilimler Cilt 2<\/a><\/p>\n\n\n\n<p><a href=\"https:\/\/docs.google.com\/document\/d\/1uvE6xyxeesz-PtycOmvIJfPEYz0ULfne\/edit?usp=sharing&amp;ouid=108368705255185754989&amp;rtpof=true&amp;sd=true\" data-type=\"link\" data-id=\"https:\/\/docs.google.com\/document\/d\/1uvE6xyxeesz-PtycOmvIJfPEYz0ULfne\/edit?usp=sharing&amp;ouid=108368705255185754989&amp;rtpof=true&amp;sd=true\">Yazar S\u00f6zle\u015fmesi<\/a> ve <a href=\"https:\/\/docs.google.com\/document\/d\/1rQBLyVSH0pbQ67GoJ69puo6TiayYO0JW\/edit?usp=sharing&amp;ouid=108368705255185754989&amp;rtpof=true&amp;sd=true\" data-type=\"link\" data-id=\"https:\/\/docs.google.com\/document\/d\/1rQBLyVSH0pbQ67GoJ69puo6TiayYO0JW\/edit?usp=sharing&amp;ouid=108368705255185754989&amp;rtpof=true&amp;sd=true\">Yazar Davet Mektubunu<\/a> indirmek i\u00e7in l\u00fctfen ilgili k\u0131sm\u0131na t\u0131klay\u0131n\u0131z<\/p>\n\n\n\n<p>Uluslararas\u0131 Yay\u0131nevi Belgesini&nbsp;<a href=\"https:\/\/drive.google.com\/file\/d\/1iPHZ5jzR4ylKZtj1Z0_4j2UgrZM8FThT\/view?usp=sharing\" data-type=\"link\" data-id=\"https:\/\/drive.google.com\/file\/d\/1iPHZ5jzR4ylKZtj1Z0_4j2UgrZM8FThT\/view?usp=sharing\">g\u00f6rmek ve indirmek i\u00e7in t\u0131klay\u0131n\u0131z<\/a><\/p>\n\n\n\n<hr class=\"wp-block-separator has-alpha-channel-opacity\"\/>\n\n\n\n<p><\/p>\n","protected":false},"excerpt":{"rendered":"<p>5. Uluslararas\u0131 T\u00fcrk D\u00fcnyas\u0131 E\u011fitim Bilimleri ve Sosyal Bilimler Kongresi Bildiriler \u00d6zet Bildiriler Cilt 1 \u00d6zet Bildiriler Cilt II Ziya G\u00f6kalp \u00d6zel E\u011fitim Bilimleri Cilt 1-A E\u011fitim Bilimleri Cilt 1-B \u2060E\u011fitim Bilimleri Cilt 2 \u2060T\u00fcrkoloji \u2060Tarih Be\u015feri ve \u0130dari Bilimler Cilt 1 Be\u015feri ve \u0130dari Bilimler Cilt 2 Uluslararas\u0131 Kitap B\u00f6l\u00fcmleri Ziya G\u00f6kalp E\u011fitim Bilimleri\u2026 <span class=\"read-more\"><a href=\"https:\/\/teskongre.org\/es2024\/bildiri-kitapcigi\/\">Read More &raquo;<\/a><\/span><\/p>\n","protected":false},"author":1,"featured_media":0,"parent":0,"menu_order":0,"comment_status":"closed","ping_status":"closed","template":"","meta":{"footnotes":""},"class_list":["post-24","page","type-page","status-publish","hentry"],"_links":{"self":[{"href":"https:\/\/teskongre.org\/es2024\/wp-json\/wp\/v2\/pages\/24","targetHints":{"allow":["GET"]}}],"collection":[{"href":"https:\/\/teskongre.org\/es2024\/wp-json\/wp\/v2\/pages"}],"about":[{"href":"https:\/\/teskongre.org\/es2024\/wp-json\/wp\/v2\/types\/page"}],"author":[{"embeddable":true,"href":"https:\/\/teskongre.org\/es2024\/wp-json\/wp\/v2\/users\/1"}],"replies":[{"embeddable":true,"href":"https:\/\/teskongre.org\/es2024\/wp-json\/wp\/v2\/comments?post=24"}],"version-history":[{"count":34,"href":"https:\/\/teskongre.org\/es2024\/wp-json\/wp\/v2\/pages\/24\/revisions"}],"predecessor-version":[{"id":772,"href":"https:\/\/teskongre.org\/es2024\/wp-json\/wp\/v2\/pages\/24\/revisions\/772"}],"wp:attachment":[{"href":"https:\/\/teskongre.org\/es2024\/wp-json\/wp\/v2\/media?parent=24"}],"curies":[{"name":"wp","href":"https:\/\/api.w.org\/{rel}","templated":true}]}}