{"id":56,"date":"2019-04-17T13:37:38","date_gmt":"2019-04-17T10:37:38","guid":{"rendered":"http:\/\/teskongre.org\/fm2019\/?page_id=56"},"modified":"2022-04-16T11:28:29","modified_gmt":"2022-04-16T11:28:29","slug":"yurutme-kurulu","status":"publish","type":"page","link":"https:\/\/teskongre.org\/2022\/yurutme-kurulu\/","title":{"rendered":"Y\u00fcr\u00fctme Kurulu"},"content":{"rendered":"\n<p>Haydar URFALI Genel Ba\u015fkan Yard\u0131mc\u0131s\u0131<\/p>\n\n\n\n<p>Seyit Ali KAPLAN Genel Ba\u015fkan Yard\u0131mc\u0131s\u0131<\/p>\n\n\n\n<p>Cengiz KOCAKAPLAN Genel Ba\u015fkan Yard\u0131mc\u0131s\u0131<\/p>\n\n\n\n<p>Orhan K\u00dcT\u00dcK Genel Ba\u015fkan Yard\u0131mc\u0131s\u0131<\/p>\n\n\n\n<p>Selahattin DOL\u011eUN Genel Ba\u015fkan Yard\u0131mc\u0131s\u0131<\/p>\n\n\n\n<p>Erhan BAYRAM Genel Ba\u015fkan Yard\u0131mc\u0131s\u0131<\/p>\n","protected":false},"excerpt":{"rendered":"<p>Haydar URFALI Genel Ba\u015fkan Yard\u0131mc\u0131s\u0131 Seyit Ali KAPLAN Genel Ba\u015fkan Yard\u0131mc\u0131s\u0131 Cengiz KOCAKAPLAN Genel Ba\u015fkan Yard\u0131mc\u0131s\u0131 Orhan K\u00dcT\u00dcK Genel Ba\u015fkan Yard\u0131mc\u0131s\u0131 Selahattin DOL\u011eUN Genel Ba\u015fkan Yard\u0131mc\u0131s\u0131 Erhan BAYRAM Genel Ba\u015fkan Yard\u0131mc\u0131s\u0131<\/p>\n","protected":false},"author":1,"featured_media":0,"parent":0,"menu_order":0,"comment_status":"closed","ping_status":"closed","template":"","meta":{"footnotes":""},"class_list":["post-56","page","type-page","status-publish","hentry"],"_links":{"self":[{"href":"https:\/\/teskongre.org\/2022\/wp-json\/wp\/v2\/pages\/56","targetHints":{"allow":["GET"]}}],"collection":[{"href":"https:\/\/teskongre.org\/2022\/wp-json\/wp\/v2\/pages"}],"about":[{"href":"https:\/\/teskongre.org\/2022\/wp-json\/wp\/v2\/types\/page"}],"author":[{"embeddable":true,"href":"https:\/\/teskongre.org\/2022\/wp-json\/wp\/v2\/users\/1"}],"replies":[{"embeddable":true,"href":"https:\/\/teskongre.org\/2022\/wp-json\/wp\/v2\/comments?post=56"}],"version-history":[{"count":5,"href":"https:\/\/teskongre.org\/2022\/wp-json\/wp\/v2\/pages\/56\/revisions"}],"predecessor-version":[{"id":479,"href":"https:\/\/teskongre.org\/2022\/wp-json\/wp\/v2\/pages\/56\/revisions\/479"}],"wp:attachment":[{"href":"https:\/\/teskongre.org\/2022\/wp-json\/wp\/v2\/media?parent=56"}],"curies":[{"name":"wp","href":"https:\/\/api.w.org\/{rel}","templated":true}]}}