{"id":54,"date":"2019-04-17T13:37:29","date_gmt":"2019-04-17T10:37:29","guid":{"rendered":"http:\/\/teskongre.org\/fm2019\/?page_id=54"},"modified":"2022-04-16T11:27:34","modified_gmt":"2022-04-16T11:27:34","slug":"yazim-kurallari","status":"publish","type":"page","link":"https:\/\/teskongre.org\/2022\/yazim-kurallari\/","title":{"rendered":"Yaz\u0131m Kurallar\u0131"},"content":{"rendered":"\n<div class=\"wp-block-group\"><div class=\"wp-block-group__inner-container is-layout-flow wp-block-group-is-layout-flow\"><\/div><\/div>\n\n\n\n<p>1-) Bildiriler ve bildiri \u00f6zetleri, T\u00fcrkiye T\u00fcrk\u00e7esi, T\u00fcrk \u015eiveleri, \u0130ngilizce ve Rus\u00e7a dillerinden biri ile sunulabilir.<\/p>\n\n\n\n<p>2-) Tebli\u011f \u00f6zetleri, en az 200 en fazla 250 kelimeden olu\u015fmal\u0131d\u0131r.<\/p>\n\n\n\n<p>3-) Tebli\u011fler daha \u00f6nce herhangi bir yerde yay\u0131mlanmam\u0131\u015f, T\u00fcrk D\u00fcnyas\u0131\u2019na y\u00f6nelik bir \u00e7al\u0131\u015fmay\u0131 i\u00e7ermelidir.<\/p>\n\n\n\n<p>4-) Tebli\u011f metinleri Times New Roman yaz\u0131 tipi ile 12 punto halinde, paragraf ba\u015f\u0131 yap\u0131lmadan 1,5 sat\u0131r aral\u0131\u011f\u0131 ile metin i\u00e7i at\u0131f\/kaynak g\u00f6sterme y\u00f6ntemi kullan\u0131larak yaz\u0131lmal\u0131d\u0131r. Metin alt\u0131nda sadece \u00f6zel a\u00e7\u0131klama ile yazar ad\u0131, \u00fcniversitesi, \u00fclkesi, ili ve elmek adresi dipnot olarak verilmelidir. Dipnotlar 10 punto ve bir sat\u0131r aral\u0131\u011f\u0131 ile yaz\u0131lmal\u0131d\u0131r.<\/p>\n\n\n\n<p>5-) Bildirilerde kullan\u0131lan tablolar, resimler, haritalar ve foto\u011fraflar jpeg format\u0131nda kay\u0131t edilerek, bildiri metninden ayr\u0131 olarak ek bir dosya \u015feklinde g\u00f6nderilmelidir. Aksi davran\u0131lmas\u0131 halinde olu\u015fabilecek; tablolardaki kaymalar, g\u00f6rsellerdeki g\u00f6r\u00fcnt\u00fc problemleri yazar\u0131n\u0131n sorumlulu\u011fundad\u0131r.<\/p>\n\n\n\n<p>5-) \u00d6zetler ve tebli\u011fler Microsoft Word ortam\u0131nda yaz\u0131lmal\u0131 ve bu haliyle belirtilen kay\u0131t sistemi \u00fczerinden g\u00f6nderilmelidir.<\/p>\n\n\n\n<p>6-) Kongrede her bir tebli\u011fin sunumu i\u00e7in ayr\u0131lan s\u00fcre 15 dakikad\u0131r. Fakat bildiriler kitab\u0131nda bas\u0131lmas\u0131 i\u00e7in g\u00f6nderilecek tam metinlerde sayfa s\u0131n\u0131rlamas\u0131 bulunmamaktad\u0131r.<\/p>\n\n\n\n<p>7-) Kat\u0131l\u0131mc\u0131lar tebli\u011f \u00f6zetleri ve metinleriyle birlikte \u00e7al\u0131\u015ft\u0131\u011f\u0131 kurum ve irtibat adreslerini de g\u00f6ndermelidir.<\/p>\n\n\n\n<p>9-) Kabul edilen tebli\u011fler, belirlenen tarihte duyurulacak, kat\u0131l\u0131mc\u0131lara kabul mektubu g\u00f6nderilecektir.<\/p>\n\n\n\n<p>10-)&nbsp; Kat\u0131l\u0131mc\u0131lar en fazla iki bildiri sunabilirler.<\/p>\n","protected":false},"excerpt":{"rendered":"<p>1-) Bildiriler ve bildiri \u00f6zetleri, T\u00fcrkiye T\u00fcrk\u00e7esi, T\u00fcrk \u015eiveleri, \u0130ngilizce ve Rus\u00e7a dillerinden biri ile sunulabilir. 2-) Tebli\u011f \u00f6zetleri, en az 200 en fazla 250 kelimeden olu\u015fmal\u0131d\u0131r. 3-) Tebli\u011fler daha \u00f6nce herhangi bir yerde yay\u0131mlanmam\u0131\u015f, T\u00fcrk D\u00fcnyas\u0131\u2019na y\u00f6nelik bir \u00e7al\u0131\u015fmay\u0131 i\u00e7ermelidir. 4-) Tebli\u011f metinleri Times New Roman yaz\u0131 tipi ile 12 punto halinde, paragraf ba\u015f\u0131\u2026 <span class=\"read-more\"><a href=\"https:\/\/teskongre.org\/2022\/yazim-kurallari\/\">Read More &raquo;<\/a><\/span><\/p>\n","protected":false},"author":1,"featured_media":0,"parent":0,"menu_order":0,"comment_status":"closed","ping_status":"closed","template":"","meta":{"footnotes":""},"class_list":["post-54","page","type-page","status-publish","hentry"],"_links":{"self":[{"href":"https:\/\/teskongre.org\/2022\/wp-json\/wp\/v2\/pages\/54","targetHints":{"allow":["GET"]}}],"collection":[{"href":"https:\/\/teskongre.org\/2022\/wp-json\/wp\/v2\/pages"}],"about":[{"href":"https:\/\/teskongre.org\/2022\/wp-json\/wp\/v2\/types\/page"}],"author":[{"embeddable":true,"href":"https:\/\/teskongre.org\/2022\/wp-json\/wp\/v2\/users\/1"}],"replies":[{"embeddable":true,"href":"https:\/\/teskongre.org\/2022\/wp-json\/wp\/v2\/comments?post=54"}],"version-history":[{"count":8,"href":"https:\/\/teskongre.org\/2022\/wp-json\/wp\/v2\/pages\/54\/revisions"}],"predecessor-version":[{"id":478,"href":"https:\/\/teskongre.org\/2022\/wp-json\/wp\/v2\/pages\/54\/revisions\/478"}],"wp:attachment":[{"href":"https:\/\/teskongre.org\/2022\/wp-json\/wp\/v2\/media?parent=54"}],"curies":[{"name":"wp","href":"https:\/\/api.w.org\/{rel}","templated":true}]}}