{"id":50,"date":"2019-04-17T13:37:11","date_gmt":"2019-04-17T10:37:11","guid":{"rendered":"http:\/\/teskongre.org\/fm2019\/?page_id=50"},"modified":"2021-05-01T12:21:40","modified_gmt":"2021-05-01T12:21:40","slug":"sunum-dilleri","status":"publish","type":"page","link":"https:\/\/teskongre.org\/2022\/sunum-dilleri\/","title":{"rendered":"Sunum Dilleri"},"content":{"rendered":"\n<p>T\u00fcrkiye T\u00fcrk\u00e7esi, T\u00fcrk Leh\u00e7eleri, Rus\u00e7a ve \u0130ngilizce dillerinden birisiyle yap\u0131lacakt\u0131r.<\/p>\n\n\n\n<p><\/p>\n","protected":false},"excerpt":{"rendered":"<p>T\u00fcrkiye T\u00fcrk\u00e7esi, T\u00fcrk Leh\u00e7eleri, Rus\u00e7a ve \u0130ngilizce dillerinden birisiyle yap\u0131lacakt\u0131r.<\/p>\n","protected":false},"author":1,"featured_media":0,"parent":0,"menu_order":0,"comment_status":"closed","ping_status":"closed","template":"","meta":{"footnotes":""},"class_list":["post-50","page","type-page","status-publish","hentry"],"_links":{"self":[{"href":"https:\/\/teskongre.org\/2022\/wp-json\/wp\/v2\/pages\/50","targetHints":{"allow":["GET"]}}],"collection":[{"href":"https:\/\/teskongre.org\/2022\/wp-json\/wp\/v2\/pages"}],"about":[{"href":"https:\/\/teskongre.org\/2022\/wp-json\/wp\/v2\/types\/page"}],"author":[{"embeddable":true,"href":"https:\/\/teskongre.org\/2022\/wp-json\/wp\/v2\/users\/1"}],"replies":[{"embeddable":true,"href":"https:\/\/teskongre.org\/2022\/wp-json\/wp\/v2\/comments?post=50"}],"version-history":[{"count":2,"href":"https:\/\/teskongre.org\/2022\/wp-json\/wp\/v2\/pages\/50\/revisions"}],"predecessor-version":[{"id":400,"href":"https:\/\/teskongre.org\/2022\/wp-json\/wp\/v2\/pages\/50\/revisions\/400"}],"wp:attachment":[{"href":"https:\/\/teskongre.org\/2022\/wp-json\/wp\/v2\/media?parent=50"}],"curies":[{"name":"wp","href":"https:\/\/api.w.org\/{rel}","templated":true}]}}