{"id":486,"date":"2022-04-17T09:38:39","date_gmt":"2022-04-17T09:38:39","guid":{"rendered":"http:\/\/teskongre.org\/2022\/?page_id=486"},"modified":"2022-04-17T09:38:39","modified_gmt":"2022-04-17T09:38:39","slug":"sergi-sergi-katilim-kurallari","status":"publish","type":"page","link":"https:\/\/teskongre.org\/2022\/sergi-sergi-katilim-kurallari\/","title":{"rendered":"Sergi &#8211; Sergi Kat\u0131l\u0131m Kurallar\u0131"},"content":{"rendered":"<p><b>\u201cT\u00fcrk K\u00fclt\u00fcr\u00fc ve B\u00fcy\u00fck Zafer\u201d Sergisi<\/b><\/p>\n<p>1 May\u0131s 2022: Sergi Kay\u0131t Sisteminin A\u00e7\u0131lmas\u0131<\/p>\n<p>10 A\u011fustos 2022 Sergi \u0130\u00e7in Son Kay\u0131t Tarihi<\/p>\n<p>14 A\u011fustos 2022: Sergiye Kabul Edilen Bildiri Eserlerin \u0130lan Edilmesi<\/p>\n<p>25-26 Kas\u0131m 2022: Eserlerin Sergilenmesi<\/p>\n<p><b>Sergi D\u00fczenleme Kurulu<span class=\"Apple-converted-space\">\u00a0<\/span><\/b><\/p>\n<p>Prof. Dr. Birsen \u00c7EKEN (Ankara Hac\u0131 Bayram Veli \u00dcniversitesi)<span class=\"Apple-converted-space\">\u00a0<\/span><\/p>\n<p>Prof. Dr. G\u00fcltekin AKENG\u0130N<span class=\"Apple-converted-space\">\u00a0 <\/span>(Ankara Hac\u0131 Bayram Veli \u00dcniversitesi)<\/p>\n<p>&nbsp;<\/p>\n<p><b>Sergi Kat\u0131l\u0131m Kurallar\u0131<\/b><\/p>\n<p>1-Eserlerin, genel ve detay foto\u011fraflar\u0131n\u0131 (jpg) format\u0131nda ba\u015fvuru formu ile birlikte \u00fcye giri\u015fi yapt\u0131ktan<span class=\"Apple-converted-space\">\u00a0 <\/span>sonra alan adlar\u0131ndan \u201cSERG\u0130\u201dyi se\u00e7erek kay\u0131t sistemine y\u00fcklenmesi gerekmektedir.<\/p>\n<p>2-Bu sergide sanat\u00e7\u0131lara konu, teknik ve malzeme konusunda herhangi bir s\u0131n\u0131rland\u0131rma getirilmemi\u015ftir.<\/p>\n<p>3-Eserlerde \u00f6l\u00e7\u00fc s\u0131n\u0131rlamas\u0131 olmamakla birlikte ba\u015fka bir yerde sergilenmemi\u015f orijinal eser olmal\u0131 ve kolay ta\u015f\u0131nabilir olmal\u0131d\u0131rlar.<\/p>\n<p>4-Sergiye en \u00e7ok iki eser ile kat\u0131l\u0131m sa\u011flanabilir.<\/p>\n<p>5-Sergiye kat\u0131lan eserler ISBN\u2019li katalog kitab\u0131nda<span class=\"Apple-converted-space\">\u00a0 <\/span>yay\u0131nlanacakt\u0131r.<\/p>\n<p>6-J\u00fcri taraf\u0131ndan yap\u0131lacak eser de\u011ferlendirme sonucu, sempozyum sitesinde ilan edilecek ve eser sahiplerine kabul mektubu g\u00f6nderilecektir.<\/p>\n<p>7-Sergi a\u00e7mak isteyenlerin sempozyuma kat\u0131l\u0131m sa\u011flamalar\u0131 zorunlu de\u011fildir. Eser kargo ile g\u00f6nderilebilir.<\/p>\n<p>8-T\u00fcm kat\u0131l\u0131mc\u0131lara sergilenen her eser i\u00e7in ayr\u0131 kat\u0131l\u0131m belgesi verilecektir.<\/p>\n<p>9- Sergiye eser g\u00f6nderecek kat\u0131l\u0131mc\u0131lar\u0131n m\u00fcracaat formunda g\u00f6nderdi\u011fi ve sanat kurulu taraf\u0131ndan kabul edilen eserleri ile kat\u0131l\u0131m imk\u00e2n\u0131 bulunmaktad\u0131r. Taraf\u0131m\u0131za g\u00f6nderilecek<span class=\"Apple-converted-space\">\u00a0 <\/span>eserler bilim kurulumuz taraf\u0131ndan b\u00fcy\u00fck titizlikle incelenecektir. Eserlerin asl\u0131 en ge\u00e7 23 Kas\u0131m 2022 \u00c7ar\u015famba g\u00fcn\u00fc saat 16.00\u2019ya<span class=\"Apple-converted-space\">\u00a0 <\/span>kadar a\u015fa\u011f\u0131da belirtilen adrese ula\u015facak \u015fekilde kargo ile g\u00f6nderilmeli veya elden teslim edilmelidir. Bu tarihten sonra gelen eserler sergi i\u00e7in de\u011ferlendirilmeyecektir.<\/p>\n<p>10- Kargo ile g\u00f6nderilen eserlerde olu\u015fabilecek gecikmelerden, hasarlardan veya kargo yolu ile kaybolan eserlerden Sergi D\u00fczenleme Kurulu sorumlu de\u011fildir ve hasar g\u00f6rm\u00fc\u015f eserler sergilenmeyecektir.<\/p>\n<p>11-Kargo \u00fccretleri kat\u0131l\u0131mc\u0131lar taraf\u0131ndan kar\u015f\u0131lanacakt\u0131r.<\/p>\n<p>12-Sergi bitiminde ilgililer eserlerini teslim almal\u0131d\u0131r. Teslim al\u0131nmayan eserlerle ilgili olarak Kongre D\u00fczenleme Kurulu ve T\u00fcrk E\u011fitim-Sen bir sorumluluk \u00fcstlenmez.<\/p>\n<p>13- Eserini kargo ile g\u00f6nderecekler i\u00e7in; kongre oteli adresi daha sonra duyurulacakt\u0131r. D\u00fczenleme Kurulu sorumlu de\u011fildir. Sorumluluk eser sahiplerine ait olup ilgili masraflar eser sahibi taraf\u0131ndan kar\u015f\u0131lanacakt\u0131r.<\/p>\n<p>14-Kargo ile g\u00f6nderilen eserler, 29 Kas\u0131m 2022 tarihinden itibaren D\u00fczenleme Kurulu taraf\u0131ndan \u00fccreti ve sorumlulu\u011fu eser sahibine ait olmak \u00fczere kargo ile adreslerine g\u00f6nderilecektir. \u0130steyen eser sahibi kongre sonras\u0131 eserini elden de alabilecektir. Eserin kongre sonras\u0131 geri g\u00f6nderilmesi gibi hususlar eser sahibinin sorumlulu\u011funda olup, ilgili masraflar eser sahibi taraf\u0131ndan kar\u015f\u0131lanacakt\u0131r.<\/p>\n","protected":false},"excerpt":{"rendered":"<p>\u201cT\u00fcrk K\u00fclt\u00fcr\u00fc ve B\u00fcy\u00fck Zafer\u201d Sergisi 1 May\u0131s 2022: Sergi Kay\u0131t Sisteminin A\u00e7\u0131lmas\u0131 10 A\u011fustos 2022 Sergi \u0130\u00e7in Son Kay\u0131t Tarihi 14 A\u011fustos 2022: Sergiye Kabul Edilen Bildiri Eserlerin \u0130lan Edilmesi 25-26 Kas\u0131m 2022: Eserlerin Sergilenmesi Sergi D\u00fczenleme Kurulu\u00a0 Prof. Dr. Birsen \u00c7EKEN (Ankara Hac\u0131 Bayram Veli \u00dcniversitesi)\u00a0 Prof. Dr. G\u00fcltekin AKENG\u0130N\u00a0 (Ankara Hac\u0131 Bayram\u2026 <span class=\"read-more\"><a href=\"https:\/\/teskongre.org\/2022\/sergi-sergi-katilim-kurallari\/\">Read More &raquo;<\/a><\/span><\/p>\n","protected":false},"author":1,"featured_media":0,"parent":0,"menu_order":0,"comment_status":"closed","ping_status":"closed","template":"","meta":{"footnotes":""},"class_list":["post-486","page","type-page","status-publish","hentry"],"_links":{"self":[{"href":"https:\/\/teskongre.org\/2022\/wp-json\/wp\/v2\/pages\/486","targetHints":{"allow":["GET"]}}],"collection":[{"href":"https:\/\/teskongre.org\/2022\/wp-json\/wp\/v2\/pages"}],"about":[{"href":"https:\/\/teskongre.org\/2022\/wp-json\/wp\/v2\/types\/page"}],"author":[{"embeddable":true,"href":"https:\/\/teskongre.org\/2022\/wp-json\/wp\/v2\/users\/1"}],"replies":[{"embeddable":true,"href":"https:\/\/teskongre.org\/2022\/wp-json\/wp\/v2\/comments?post=486"}],"version-history":[{"count":1,"href":"https:\/\/teskongre.org\/2022\/wp-json\/wp\/v2\/pages\/486\/revisions"}],"predecessor-version":[{"id":487,"href":"https:\/\/teskongre.org\/2022\/wp-json\/wp\/v2\/pages\/486\/revisions\/487"}],"wp:attachment":[{"href":"https:\/\/teskongre.org\/2022\/wp-json\/wp\/v2\/media?parent=486"}],"curies":[{"name":"wp","href":"https:\/\/api.w.org\/{rel}","templated":true}]}}