{"id":44,"date":"2019-04-17T13:36:42","date_gmt":"2019-04-17T10:36:42","guid":{"rendered":"http:\/\/teskongre.org\/fm2019\/?page_id=44"},"modified":"2022-10-28T04:30:25","modified_gmt":"2022-10-28T04:30:25","slug":"onemli-tarihler","status":"publish","type":"page","link":"https:\/\/teskongre.org\/2022\/onemli-tarihler\/","title":{"rendered":"\u00d6nemli Tarihler"},"content":{"rendered":"\n<p>1 May\u0131s 2022: Kongre Kay\u0131t Sisteminin A\u00e7\u0131lmas\u0131<\/p>\n\n\n\n<p>15 Eyl\u00fcl 2022: \u00d6zet G\u00f6nderimi \u0130\u00e7in Son Tarih<\/p>\n\n\n\n<p>30 Eyl\u00fcl 2022: Kabul Edilen Bildiri \u00d6zetlerinin \u0130lan Edilmesi<\/p>\n\n\n\n<p>28 Ekim 2022: Kongre \u00dccretlerinin Yat\u0131r\u0131lmas\u0131 \u0130\u00e7in Son Tarih<\/p>\n\n\n\n<p>30 Kas\u0131m  2022: Bildiri Tam Metinlerinin Uluslararas\u0131 Kitap B\u00f6l\u00fcm\u00fc veya Bildiri Kitab\u0131nda Bas\u0131lmas\u0131 Noktas\u0131nda Tercihlerin \u0130\u015faretlenmesi \u0130\u00e7in Son Tarih<\/p>\n\n\n\n<p>7 Kas\u0131m 2022: Ula\u015f\u0131m Kay\u0131tlar\u0131n\u0131n Yap\u0131lmas\u0131 \u0130\u00e7in Son Tarih<\/p>\n\n\n\n<p>24 Kas\u0131m 2022: Kongre Oteline Giri\u015f ve Kay\u0131tlar\u0131n Yap\u0131lmas\u0131<\/p>\n\n\n\n<p>25-26 Kas\u0131m 2022: A\u00e7\u0131l\u0131\u015f, Kongre Bildirilerinin Sunulmas\u0131, \u00d6zel Oturumlar, Kapan\u0131\u015f ve Sonu\u00e7 Bildirgesinin Sunulmas\u0131<\/p>\n\n\n\n<p>27 Kas\u0131m 2022: Kongre Otelinden \u00c7\u0131k\u0131\u015flar\u0131n Yap\u0131lmas\u0131<\/p>\n","protected":false},"excerpt":{"rendered":"<p>1 May\u0131s 2022: Kongre Kay\u0131t Sisteminin A\u00e7\u0131lmas\u0131 15 Eyl\u00fcl 2022: \u00d6zet G\u00f6nderimi \u0130\u00e7in Son Tarih 30 Eyl\u00fcl 2022: Kabul Edilen Bildiri \u00d6zetlerinin \u0130lan Edilmesi 28 Ekim 2022: Kongre \u00dccretlerinin Yat\u0131r\u0131lmas\u0131 \u0130\u00e7in Son Tarih 30 Kas\u0131m 2022: Bildiri Tam Metinlerinin Uluslararas\u0131 Kitap B\u00f6l\u00fcm\u00fc veya Bildiri Kitab\u0131nda Bas\u0131lmas\u0131 Noktas\u0131nda Tercihlerin \u0130\u015faretlenmesi \u0130\u00e7in Son Tarih 7 Kas\u0131m 2022:\u2026 <span class=\"read-more\"><a href=\"https:\/\/teskongre.org\/2022\/onemli-tarihler\/\">Read More &raquo;<\/a><\/span><\/p>\n","protected":false},"author":1,"featured_media":0,"parent":0,"menu_order":0,"comment_status":"closed","ping_status":"closed","template":"","meta":{"footnotes":""},"class_list":["post-44","page","type-page","status-publish","hentry"],"_links":{"self":[{"href":"https:\/\/teskongre.org\/2022\/wp-json\/wp\/v2\/pages\/44","targetHints":{"allow":["GET"]}}],"collection":[{"href":"https:\/\/teskongre.org\/2022\/wp-json\/wp\/v2\/pages"}],"about":[{"href":"https:\/\/teskongre.org\/2022\/wp-json\/wp\/v2\/types\/page"}],"author":[{"embeddable":true,"href":"https:\/\/teskongre.org\/2022\/wp-json\/wp\/v2\/users\/1"}],"replies":[{"embeddable":true,"href":"https:\/\/teskongre.org\/2022\/wp-json\/wp\/v2\/comments?post=44"}],"version-history":[{"count":7,"href":"https:\/\/teskongre.org\/2022\/wp-json\/wp\/v2\/pages\/44\/revisions"}],"predecessor-version":[{"id":554,"href":"https:\/\/teskongre.org\/2022\/wp-json\/wp\/v2\/pages\/44\/revisions\/554"}],"wp:attachment":[{"href":"https:\/\/teskongre.org\/2022\/wp-json\/wp\/v2\/media?parent=44"}],"curies":[{"name":"wp","href":"https:\/\/api.w.org\/{rel}","templated":true}]}}