{"id":42,"date":"2019-04-17T13:36:31","date_gmt":"2019-04-17T10:36:31","guid":{"rendered":"http:\/\/teskongre.org\/fm2019\/?page_id=42"},"modified":"2022-07-27T20:27:49","modified_gmt":"2022-07-27T20:27:49","slug":"koordinatorler","status":"publish","type":"page","link":"https:\/\/teskongre.org\/2022\/koordinatorler\/","title":{"rendered":"Koordinat\u00f6rler"},"content":{"rendered":"\n<p>Dr. Ali Osman AKALAN<\/p>\n\n\n\n<p>Dr. Bahad\u0131r Bumin \u00d6ZARSLAN<\/p>\n\n\n\n<p>Dr. Y\u0131lmaz YE\u015e\u0130L<\/p>\n\n\n\n<p>Dr. Bilgehan \u0130MAMO\u011eLU<\/p>\n","protected":false},"excerpt":{"rendered":"<p>Dr. Ali Osman AKALAN Dr. Bahad\u0131r Bumin \u00d6ZARSLAN Dr. Y\u0131lmaz YE\u015e\u0130L Dr. Bilgehan \u0130MAMO\u011eLU<\/p>\n","protected":false},"author":1,"featured_media":0,"parent":0,"menu_order":0,"comment_status":"closed","ping_status":"closed","template":"","meta":{"footnotes":""},"class_list":["post-42","page","type-page","status-publish","hentry"],"_links":{"self":[{"href":"https:\/\/teskongre.org\/2022\/wp-json\/wp\/v2\/pages\/42","targetHints":{"allow":["GET"]}}],"collection":[{"href":"https:\/\/teskongre.org\/2022\/wp-json\/wp\/v2\/pages"}],"about":[{"href":"https:\/\/teskongre.org\/2022\/wp-json\/wp\/v2\/types\/page"}],"author":[{"embeddable":true,"href":"https:\/\/teskongre.org\/2022\/wp-json\/wp\/v2\/users\/1"}],"replies":[{"embeddable":true,"href":"https:\/\/teskongre.org\/2022\/wp-json\/wp\/v2\/comments?post=42"}],"version-history":[{"count":5,"href":"https:\/\/teskongre.org\/2022\/wp-json\/wp\/v2\/pages\/42\/revisions"}],"predecessor-version":[{"id":531,"href":"https:\/\/teskongre.org\/2022\/wp-json\/wp\/v2\/pages\/42\/revisions\/531"}],"wp:attachment":[{"href":"https:\/\/teskongre.org\/2022\/wp-json\/wp\/v2\/media?parent=42"}],"curies":[{"name":"wp","href":"https:\/\/api.w.org\/{rel}","templated":true}]}}