{"id":34,"date":"2019-04-17T13:35:51","date_gmt":"2019-04-17T10:35:51","guid":{"rendered":"http:\/\/teskongre.org\/fm2019\/?page_id=34"},"modified":"2022-11-23T15:02:05","modified_gmt":"2022-11-23T15:02:05","slug":"katilim-katilim-ucreti","status":"publish","type":"page","link":"https:\/\/teskongre.org\/2022\/katilim-katilim-ucreti\/","title":{"rendered":"Konaklama, Kat\u0131l\u0131m &#8211; Kat\u0131l\u0131m \u00dccreti"},"content":{"rendered":"\n<p>Kongre, kat\u0131lmak isteyen b\u00fct\u00fcn bilim insan\u0131 ve ara\u015ft\u0131rmac\u0131lara a\u00e7\u0131kt\u0131r. T\u00fcrk E\u011fitim-Sen ve UAESEB \u00fcyesi olanlara kat\u0131l\u0131m \u00fccretinde indirimlidir. Kongre\u2019de bizzat bildiri sunan kat\u0131l\u0131mc\u0131lara bildirilerini sunduklar\u0131na dair bir belge verilecektir. Kongre bildirilerinin \u201cKongre Kitab\u0131nda\u201d yer almas\u0131 i\u00e7in; kongre kay\u0131t i\u015flemlerinin tamamlanm\u0131\u015f olmas\u0131 ve bildirinin kongrede sunulmu\u015f olmas\u0131 gerekmektedir.<\/p>\n\n\n\n<p>T\u00fcrk E\u011fitim-Sen ve UAESEB \u00fcyesi olan, kongreye kat\u0131lmak isteyen kat\u0131l\u0131mc\u0131lardan sembolik bir kat\u0131l\u0131m \u00fccreti olarak 500 TL al\u0131nacakt\u0131r. T\u00fcrk E\u011fitim-Sen \u00fcyesi olmayan kat\u0131l\u0131mc\u0131lardan 3000 TL \u00fccret al\u0131nacakt\u0131r. Bu \u00fccret kapsam\u0131nda Payla\u015f\u0131ml\u0131 odalarda 24-25-26 Kas\u0131m 2022 tarihlerini i\u00e7eren \u00fc\u00e7 gece konaklama, kongre bask\u0131 giderleri, ikramlar ve havaalan\u0131ndan otele, otelden hava alan\u0131na transferler gibi b\u00fct\u00fcn kongre giderleri T\u00fcrk E\u011fitim-Sen taraf\u0131ndan kar\u015f\u0131lanacak; kat\u0131l\u0131mc\u0131lardan al\u0131nan s\u00f6z konusu sembolik \u00fccret d\u0131\u015f\u0131nda hi\u00e7bir \u00fccret talep edilmeyecektir.<\/p>\n\n\n\n<p>Kongre \u00dccretini Yat\u0131rmak i\u00e7in hesap numaras\u0131 <\/p>\n\n\n\n<p>Ajda Co\u015far<br>TR41 0001 5001 5800 7297 0357 61<\/p>\n\n\n\n<p>Vak\u0131fbank<\/p>\n\n\n\n<p>L\u00fctfen A\u00e7\u0131klama k\u0131sm\u0131na Kongre Bildiri ID Numaras\u0131n\u0131\/Numaralar\u0131n\u0131 yaz\u0131n\u0131z<\/p>\n\n\n\n<p>4.Uluslararas\u0131 T\u00fcrk D\u00fcnyas\u0131 E\u011fitim Bilimleri ve Sosyal Bilimler Kongresi\u2019ne kat\u0131lacak k\u0131ymetli bilim insanlar\u0131;<br>kongremize havayolu ile gelecek olanlar\u0131n transferleri i\u00e7in Havaliman\u0131nda g\u00f6revli olan S\u00fcleyman \u00c7elik\u2019tir. Tel: 0538 011 61 42<\/p>\n\n\n\n<p><\/p>\n\n\n\n<p>Konaklama<\/p>\n\n\n\n<p>Mirada Del Mar Hotel<\/p>\n\n\n\n<p>Adres: G\u00f6yn\u00fck Mahallesi Ahu \u00dcnal Aysal Caddesi No:7, 07985 Kemer\/Antalya<br>Telefon: (0242) 815 14 80<\/p>\n\n\n\n<iframe src=\"https:\/\/www.google.com\/maps\/embed?pb=!1m14!1m8!1m3!1d12800.125060320996!2d30.5657588!3d36.6737493!3m2!1i1024!2i768!4f13.1!3m3!1m2!1s0x0%3A0x5856208c10f4404a!2sMirada%20Del%20Mar%20Hotel!5e0!3m2!1str!2str!4v1666258156359!5m2!1str!2str\" width=\"600\" height=\"450\" style=\"border:0;\" allowfullscreen=\"\" loading=\"lazy\" referrerpolicy=\"no-referrer-when-downgrade\"><\/iframe>\n","protected":false},"excerpt":{"rendered":"<p>Kongre, kat\u0131lmak isteyen b\u00fct\u00fcn bilim insan\u0131 ve ara\u015ft\u0131rmac\u0131lara a\u00e7\u0131kt\u0131r. T\u00fcrk E\u011fitim-Sen ve UAESEB \u00fcyesi olanlara kat\u0131l\u0131m \u00fccretinde indirimlidir. Kongre\u2019de bizzat bildiri sunan kat\u0131l\u0131mc\u0131lara bildirilerini sunduklar\u0131na dair bir belge verilecektir. Kongre bildirilerinin \u201cKongre Kitab\u0131nda\u201d yer almas\u0131 i\u00e7in; kongre kay\u0131t i\u015flemlerinin tamamlanm\u0131\u015f olmas\u0131 ve bildirinin kongrede sunulmu\u015f olmas\u0131 gerekmektedir. T\u00fcrk E\u011fitim-Sen ve UAESEB \u00fcyesi olan, kongreye kat\u0131lmak\u2026 <span class=\"read-more\"><a href=\"https:\/\/teskongre.org\/2022\/katilim-katilim-ucreti\/\">Read More &raquo;<\/a><\/span><\/p>\n","protected":false},"author":1,"featured_media":0,"parent":0,"menu_order":0,"comment_status":"closed","ping_status":"closed","template":"","meta":{"footnotes":""},"class_list":["post-34","page","type-page","status-publish","hentry"],"_links":{"self":[{"href":"https:\/\/teskongre.org\/2022\/wp-json\/wp\/v2\/pages\/34","targetHints":{"allow":["GET"]}}],"collection":[{"href":"https:\/\/teskongre.org\/2022\/wp-json\/wp\/v2\/pages"}],"about":[{"href":"https:\/\/teskongre.org\/2022\/wp-json\/wp\/v2\/types\/page"}],"author":[{"embeddable":true,"href":"https:\/\/teskongre.org\/2022\/wp-json\/wp\/v2\/users\/1"}],"replies":[{"embeddable":true,"href":"https:\/\/teskongre.org\/2022\/wp-json\/wp\/v2\/comments?post=34"}],"version-history":[{"count":8,"href":"https:\/\/teskongre.org\/2022\/wp-json\/wp\/v2\/pages\/34\/revisions"}],"predecessor-version":[{"id":569,"href":"https:\/\/teskongre.org\/2022\/wp-json\/wp\/v2\/pages\/34\/revisions\/569"}],"wp:attachment":[{"href":"https:\/\/teskongre.org\/2022\/wp-json\/wp\/v2\/media?parent=34"}],"curies":[{"name":"wp","href":"https:\/\/api.w.org\/{rel}","templated":true}]}}