{"id":28,"date":"2019-04-17T13:35:09","date_gmt":"2019-04-17T10:35:09","guid":{"rendered":"http:\/\/teskongre.org\/fm2019\/?page_id=28"},"modified":"2022-10-10T14:11:03","modified_gmt":"2022-10-10T14:11:03","slug":"bilim-kurulu","status":"publish","type":"page","link":"https:\/\/teskongre.org\/2022\/bilim-kurulu\/","title":{"rendered":"Bilim Kurulu"},"content":{"rendered":"\n<p>Prof. Dr. Abdulkadir Emeksiz \u0130stanbul \u00dcniversitesi<\/p>\n\n\n\n<p>Prof. Dr. Abdullah K\u00f6k Akdeniz \u00dcniversitesi<\/p>\n\n\n\n<p>Prof. Dr. Abdulvahap Kara Mimar Sinan G\u00fczel Sanatlar \u00dcniversitesi<\/p>\n\n\n\n<p>Prof. Dr. Abdulvahap \u00d6zcan Pamukkale \u00dcniversitesi<\/p>\n\n\n\n<p>Prof. Dr. Adem \u00d6\u011fer Nev\u015fehir Hac\u0131 Bekta\u015f Veli \u00dcniversitesi<\/p>\n\n\n\n<p>Prof. Dr. Adnan P\u0131nar Necmettin Erbakan \u00dcniversitesi.<\/p>\n\n\n\n<p>Prof. Dr. Ahat \u00dcst\u00fcner F\u0131rat \u00dcniversitesi<\/p>\n\n\n\n<p>Prof. Dr. Ahmet G\u00fcng\u00f6r Giresun \u00dcniversitesi<\/p>\n\n\n\n<p>Prof. Dr. Ahmet O\u011fuz \u0130\u00e7imsoy Marmara \u00dcniversitesi<\/p>\n\n\n\n<p>Prof. Dr. Ahmet O\u011fuz Nev\u015fehir Hac\u0131 Bekta\u015f Veli \u00dcniversitesi<\/p>\n\n\n\n<p>Prof. Dr. Ahmet \u015eirin Marmara \u00dcniversitesi<\/p>\n\n\n\n<p>Prof. Dr. Ali Ata Yi\u011fit Giresun \u00dcniversitesi<\/p>\n\n\n\n<p>Prof. Dr. Ali G\u00fcl Gazi \u00dcniversitesi<\/p>\n\n\n\n<p>Prof. Dr. Ali Kafkasyali Giresun \u00dcniversitesi<\/p>\n\n\n\n<p>Prof. Dr. Ali Meydan Nev\u015fehir Hac\u0131 Bekta\u015f Veli \u00dcniversitesi<\/p>\n\n\n\n<p>Prof. Dr. Ali Osman Bilgili Atat\u00fcrk \u00dcniversitesi<\/p>\n\n\n\n<p>Prof. Dr. Ali Satan Marmara \u00dcniversitesi<\/p>\n\n\n\n<p>Prof. Dr. Ali Tilbe Nam\u0131k Kemal \u00dcniversitesi<\/p>\n\n\n\n<p>Prof. Dr. Ali Ulvi Mehmeto\u011flu Marmara \u00dcniversitesi<\/p>\n\n\n\n<p>Prof. Dr. Ali Yak\u0131c\u0131 Gazi \u00dcniversitesi<\/p>\n\n\n\n<p>Prof. Dr. Ali Y\u0131ld\u0131r\u0131m F\u0131rat \u00dcniversitesi<\/p>\n\n\n\n<p>Prof. Dr. Aliye Uslu \u00dcstten Gazi \u00dcniversitesi<\/p>\n\n\n\n<p>Prof. Dr. Alparslan Ceylan Atat\u00fcrk \u00dcniversitesi<\/p>\n\n\n\n<p>Prof. Dr. Alpaslan Demir Tokat Gaziosmanpa\u015fa \u00dcniversitesi<\/p>\n\n\n\n<p>Prof. Dr. Altan Alperen Gazi \u00dcniversitesi<\/p>\n\n\n\n<p>Prof. Dr. Arzu M. Demirk\u0131ran Marmara \u00dcniversitesi<\/p>\n\n\n\n<p>Prof. Dr. Asim \u00c7oban Amasya \u00dcniversitesi<\/p>\n\n\n\n<p>Prof. Dr. Asl\u0131han Sezgin Amasya \u00dcniversitesi<\/p>\n\n\n\n<p>Prof. Dr. Aybaba Han\u00e7erlio\u011fullari Kastamonu \u00dcniversitesi<\/p>\n\n\n\n<p>Prof. Dr. Aydin Usta Mimar Sinan G\u00fczel Sanatlar \u00dcniversitesi<\/p>\n\n\n\n<p>Prof. Dr. Ay\u015fe Y\u00fccel \u00c7etin Gazi \u00dcniversitesi<\/p>\n\n\n\n<p>Prof. Dr. Ay\u015fin Satan Marmara \u00dcniversitesi<\/p>\n\n\n\n<p>Prof. Dr. Aytekin Soykan Marmara \u00dcniversitesi<\/p>\n\n\n\n<p>Prof. Dr. Baki Asilt\u00fcrk Marmara \u00dcniversitesi<\/p>\n\n\n\n<p>Prof. Dr. Bayram Durbilmez Nev\u015fehir Hac\u0131 Bekta\u015f Veli \u00dcniversitesi<\/p>\n\n\n\n<p>Prof. Dr. Bedri Sarica Pamukkale \u00dcniversitesi<\/p>\n\n\n\n<p>Prof. Dr. Behset Karaca S\u00fcleyman Demirel \u00dcniversitesi<\/p>\n\n\n\n<p>Prof. Dr. Bekir Ko\u00e7lar Van Y\u00fcz\u00fcnc\u00fc Y\u0131l \u00dcniversitesi<\/p>\n\n\n\n<p>Prof. Dr. Berat Birfin Bir Marmara \u00dcniversitesi<\/p>\n\n\n\n<p>Prof. Dr. Birol Alver K\u0131r\u0131kkale \u00dcniversitesi<\/p>\n\n\n\n<p>Prof. Dr. Birsen G\u00fczel Marmara \u00dcniversitesi<\/p>\n\n\n\n<p>Prof. Dr. Burcu \u00d6zcan F\u0131rat \u00dcniversitesi<\/p>\n\n\n\n<p>Prof. Dr. Bur\u00e7ak \u015eent\u00fcrk Marmara \u00dcniversitesi<\/p>\n\n\n\n<p>Prof. Dr. Burhan Baltac\u0131 Kastamonu \u00dcniversitesi<\/p>\n\n\n\n<p>Prof. Dr. B\u00fclent Aksoy Gazi \u00dcniversitesi<\/p>\n\n\n\n<p>Prof. Dr. B\u00fclent AKSOY Gazi \u00dcniversitesi<\/p>\n\n\n\n<p>Prof. Dr. B\u00fclent Bakar Marmara \u00dcniversitesi<\/p>\n\n\n\n<p>Prof. Dr. Cahit Aksu- Trabzon \u00dcniversitesi<\/p>\n\n\n\n<p>Prof. Dr. Cem Sefa S\u00fct\u00e7\u00fc Marmara \u00dcniversitesi<\/p>\n\n\n\n<p>Prof. Dr. Cemal Y\u0131lmaz Gazi \u00dcniversitesi<\/p>\n\n\n\n<p>Prof. Dr. Cemalettin \u00c7opuro\u011flu F\u0131rat \u00dcniversitesi<\/p>\n\n\n\n<p>Prof. Dr. Cengiz \u00c7inar Gazi \u00dcniversitesi<\/p>\n\n\n\n<p>Prof. Dr. Cevdet S\u00f6\u011f\u00fctl\u00fc Gazi \u00dcniversitesi<\/p>\n\n\n\n<p>Prof. Dr. Cevdet Y\u0131lmaz \u00c7anakkale Onsekiz Mart \u00dcniversitesi<\/p>\n\n\n\n<p>Prof. Dr. Cihangir Do\u011fan Marmara \u00dcniversitesi<\/p>\n\n\n\n<p>Prof. Dr. \u00c7avu\u015f \u015eahin \u00c7anakkale Onsekiz Mart \u00dcniversitesi<\/p>\n\n\n\n<p>Prof. Dr. \u00c7etin Elmas Gazi \u00dcniversitesi<\/p>\n\n\n\n<p>Prof. Dr. Davut Hut Marmara \u00dcniversitesi<\/p>\n\n\n\n<p>Prof. Dr. Din\u00e7er Ko\u00e7 \u0130stanbul \u00dcniversitesi<\/p>\n\n\n\n<p>Prof. Dr. Durmu\u015f Ekiz Trabzon \u00dcniversitesi<\/p>\n\n\n\n<p>Prof. Dr. Ebru \u00d6zgen Marmara \u00dcniversitesi<\/p>\n\n\n\n<p>Prof. Dr. Emel Poyraz Marmara \u00dcniversitesi<\/p>\n\n\n\n<p>Prof. Dr. Emine Koyuncu Marmara \u00dcniversitesi<\/p>\n\n\n\n<p>Prof. Dr. Ender Co\u015fkun Pamukkale \u00dcniversitesi<\/p>\n\n\n\n<p>Prof. Dr. Enver T\u00f6re Artvin \u00c7oruh \u00dcniversitesi<\/p>\n\n\n\n<p>Prof. Dr. Ercan Hayto\u011flu Pamukkale \u00dcniversitesi<\/p>\n\n\n\n<p>Prof. Dr. Ercan Nurcan Y\u0131lmaz Gazi \u00dcniversitesi<\/p>\n\n\n\n<p>Prof. Dr. Erdal Aksoy Hac\u0131 Bayram Veli \u00dcniversitesi<\/p>\n\n\n\n<p>Prof. Dr. Erdo\u011fan K\u00f6se Akdeniz \u00dcniversitesi<\/p>\n\n\n\n<p>Prof. Dr. Erg\u00fcn Recepo\u011flu Kastamonu \u00dcniversitesi<\/p>\n\n\n\n<p>Prof. Dr. Erhan Durukan Trabzon \u00dcniversitesi<\/p>\n\n\n\n<p>Prof. Dr. Erkan G\u00f6ksu Dokuz Eyl\u00fcl \u00dcniversitesi<\/p>\n\n\n\n<p>Prof. Dr. Erman \u00d6nc\u00fc Trabzon \u00dcniversitesi<\/p>\n\n\n\n<p>Prof. Dr. Ertu\u011frul \u0130\u015fler Pamukkale \u00dcniversitesi<\/p>\n\n\n\n<p>Prof. Dr. Esma \u015eim\u015fek F\u0131rat \u00dcniversitesi<\/p>\n\n\n\n<p>Prof. Dr. Ey\u00fcp \u015eim\u015fek Atat\u00fcrk \u00dcniversitesi<\/p>\n\n\n\n<p>Prof. Dr. Fahri Temizy\u00fcrek Gazi \u00dcniversitesi<\/p>\n\n\n\n<p>Prof. Dr. Fatih \u0130\u015fcan Konya Teknik \u00dcniversitesi<\/p>\n\n\n\n<p>Prof. Dr. Fatih Kiri\u015fi\u00e7io\u011flu Hac\u0131 Bayram Veli \u00dcniversitesi<\/p>\n\n\n\n<p>Prof. Dr. Fatih Sakalli Hac\u0131 Bayram Veli \u00dcniversitesi<\/p>\n\n\n\n<p>Prof. Dr. Fatma A\u00c7IK Gazi \u00dcniversitesi<\/p>\n\n\n\n<p>Prof. Dr. Fatma A\u00e7ik Gazi \u00dcniversitesi<\/p>\n\n\n\n<p>Prof. Dr. Fatma \u00d6zkan Hac\u0131 Bayram Veli \u00dcniversitesi<\/p>\n\n\n\n<p>Prof. Dr. Fazil Polat Atat\u00fcrk \u00dcniversitesi<\/p>\n\n\n\n<p>Prof. Dr. Ferhat A\u011firman Pamukkale \u00dcniversitesi<\/p>\n\n\n\n<p>Prof. Dr. Feridun SEZG\u0130N Gazi \u00dcniversitesi<\/p>\n\n\n\n<p>Prof. Dr. Ferruh A\u011fca Eski\u015fehir Osman Gazi \u00dcniversitesi<\/p>\n\n\n\n<p>Prof. Dr. Fevzi Ersoy Gazi \u00dcniversitesi<\/p>\n\n\n\n<p>Prof. Dr. Fikri G\u00fcl Pamukkale \u00dcniversitesi<\/p>\n\n\n\n<p>Prof. Dr. Filiz Kili\u00e7 Nev\u015fehir Hac\u0131 Bekta\u015f Veli \u00dcniversitesi<\/p>\n\n\n\n<p>Prof. Dr. F\u00fcsun Sara\u00e7 Marmara \u00dcniversitesi<\/p>\n\n\n\n<p>Prof. Dr. Gazi Osman \u00d6zg\u00fcdenli Marmara \u00dcniversitesi<\/p>\n\n\n\n<p>Prof. Dr. Gazi U\u00e7kun Kocaeli \u00dcniversitesi<\/p>\n\n\n\n<p>Prof. Dr. Giray Saynur Derman Marmara \u00dcniversitesi<\/p>\n\n\n\n<p>Prof. Dr. G\u00f6khan \u00c7etinkaya Pamukkale \u00dcniversitesi<\/p>\n\n\n\n<p>Prof. Dr. G\u00f6khan Demircio\u011flu- Trabzon \u00dcniversitesi<\/p>\n\n\n\n<p>Prof. Dr. G\u00fclden Sa\u011fol Y\u00fcksekkaya Marmara \u00dcniversitesi<\/p>\n\n\n\n<p>Prof. Dr. G\u00fclg\u00fcn Uyar Marmara \u00dcniversitesi<\/p>\n\n\n\n<p>Prof. Dr. G\u00fclhanim \u00dcnsal Marmara \u00dcniversitesi<\/p>\n\n\n\n<p>Prof. Dr. G\u00fcls\u00fcn Mehmet Hac\u0131 Bayram Veli \u00dcniversitesi<\/p>\n\n\n\n<p>Prof. Dr. G\u00fcltekin \u00c7elik Sel\u00e7uk \u00dcniversitesi<\/p>\n\n\n\n<p>Prof. Dr. G\u00fcrsoy \u015eahin-afyon Kocatepe \u00dcniversitesi<\/p>\n\n\n\n<p>Prof. Dr. Haci Abdullah \u015eeng\u00fcl Nev\u015fehir Hac\u0131 Bekta\u015f Veli \u00dcniversitesi<\/p>\n\n\n\n<p>Prof. Dr. Hakan Ta\u015f Marmara \u00dcniversitesi<\/p>\n\n\n\n<p>Prof. Dr. Hale Bayram Marmara \u00dcniversitesi<\/p>\n\n\n\n<p>Prof. Dr. Halil Aydinalp Marmara \u00dcniversitesi<\/p>\n\n\n\n<p>Prof. Dr. Halil I\u015fik Van Y\u00fcz\u00fcnc\u00fc Y\u0131l \u00dcniversitesi<\/p>\n\n\n\n<p>Prof. Dr. Halil Turgut S\u00fcleyman Demirel \u00dcniversitesi<\/p>\n\n\n\n<p>Prof. Dr. Halit Dursuno\u011flu Atat\u00fcrk \u00dcniversitesi<\/p>\n\n\n\n<p>Prof. Dr. Hamza Akengin Marmara \u00dcniversitesi<\/p>\n\n\n\n<p>Prof. Dr. Handan M\u00fcjde Ayan Marmara \u00dcniversitesi<\/p>\n\n\n\n<p>Prof. Dr. Harun Demirkaya Kocaeli \u00dcniversitesi<\/p>\n\n\n\n<p>Prof. Dr. Hasan Gen\u00e7 Trabzon \u00dcniversitesi<\/p>\n\n\n\n<p>Prof. Dr. Hasan \u015eahan Akdeniz \u00dcniversitesi<\/p>\n\n\n\n<p>Prof. Dr. Hayati Be\u015firli Hac\u0131 Bayram Veli \u00dcniversitesi<\/p>\n\n\n\n<p>Prof. Dr. Hayati Durmaz \u0130stanbul \u00dcniversitesi<\/p>\n\n\n\n<p>Prof. Dr. Hediye Ergin Marmara \u00dcniversitesi<\/p>\n\n\n\n<p>Prof. Dr. H\u00fclya Kayali Marmara \u00dcniversitesi<\/p>\n\n\n\n<p>Prof. Dr. H\u00fclya Ta\u015f Bursa Uluda\u011f \u00dcniversitesi<\/p>\n\n\n\n<p>Prof. Dr. H\u00fcseyin \u00dcnl\u00fc Aksaray \u00dcniversitesi<\/p>\n\n\n\n<p>Prof. Dr. \u0130brahim Dilek Hac\u0131 Bayram Veli \u00dcniversitesi<\/p>\n\n\n\n<p>Prof. Dr. \u0130diris Aydin Trabzon \u00dcniversitesi<\/p>\n\n\n\n<p>Prof. Dr. \u0130hsan KALENDERO\u011eLU Gazi \u00dcniversitesi<\/p>\n\n\n\n<p>Prof. Dr. \u0130lyas Topsakal \u0130stanbul \u00dcniversitesi<\/p>\n\n\n\n<p>Prof. Dr. \u0130sa \u00d6zkan Haci Bayram Veli \u00dcniversitesi<\/p>\n\n\n\n<p>Prof. Dr. \u0130smail Erdo\u011fan Firat \u00dcniversitesi<\/p>\n\n\n\n<p>Prof. Dr. \u0130smail Safa \u00dcst\u00fcn Marmara \u00dcniversitesi<\/p>\n\n\n\n<p>Prof. Dr. \u0130smail \u015eahin Gazi \u00dcniversitesi<\/p>\n\n\n\n<p>Prof. Dr. \u0130smail T\u00fcrko\u011flu Mimar Sinan G\u00fczel Sanatlar \u00dcniversitesi<\/p>\n\n\n\n<p>Prof. Dr. \u0130smet \u00c7etin Gazi \u00dcniversitesi<\/p>\n\n\n\n<p>Prof. Dr. Korhan Karacao\u011flu Nev\u015fehir Haci Bekta\u015f Veli \u00dcniversitesi<\/p>\n\n\n\n<p>Prof. Dr. Kutluk Kaan S\u00fcmer \u0130stabul \u00dcniversitesi<\/p>\n\n\n\n<p>Prof. Dr. Latif Beyreli Marmara \u00dcniversitesi<\/p>\n\n\n\n<p>Prof. Dr. L\u00fctfi G\u00fcrkan G\u00f6k\u00e7ek Nev\u015fehir Haci Bekta\u015f Veli \u00dcniversitesi<\/p>\n\n\n\n<p>Prof. Dr. M. Fatih Sancaktar \u0130stabul \u00dcniversitesi<\/p>\n\n\n\n<p>Prof. Dr. M. Kayhan Kurtuldu Trabzon \u00dcniversitesi<\/p>\n\n\n\n<p>Prof. Dr. M. Levent Aksu Gazi \u00dcniversitesi<\/p>\n\n\n\n<p>Prof. Dr. M. \u00d6cal O\u011fuz Hac\u0131 Bayram Veli \u00dcniversitesi<\/p>\n\n\n\n<p>Prof. Dr. Mahmut Erzengin Aksaray \u00dcniversitesi<\/p>\n\n\n\n<p>Prof. Dr. Mehmet Ali \u00c7elikel Marmara \u00dcniversitesi<\/p>\n\n\n\n<p>Prof. Dr. Mehmet \u00c7a\u011fri \u00c7etin Mersin \u00dcniversitesi<\/p>\n\n\n\n<p>Prof. Dr. Mehmet \u00c7eriba\u015f Nev\u015fehir Hac\u0131 Bekta\u015f Veli \u00dcniversitesi<\/p>\n\n\n\n<p>Prof. Dr. Mehmet G\u00fcven Gazi \u00dcniversitesi<\/p>\n\n\n\n<p>Prof. Dr. Mehmet Kaan Demir \u00c7anakkale Onsekiz Mart \u00dcniversitesi<\/p>\n\n\n\n<p>Prof. Dr. Mehmet Kara Amasya \u00dcniversitesi<\/p>\n\n\n\n<p>Prof. Dr. Mehmet Serhat Y\u0131lmaz Kastamonu \u00dcniversitesi<\/p>\n\n\n\n<p>Prof. Dr. Mehmet \u015eahing\u00f6z Gazi \u00dcniversitesi<\/p>\n\n\n\n<p>Prof. Dr. Mehmet Vefa Nalbant Pamukkale \u00dcniversitesi<\/p>\n\n\n\n<p>Prof. Dr. Mehmet Y\u0131lmaz Gazi \u00dcniversitesi<\/p>\n\n\n\n<p>Prof. Dr. Mehmet Yorulmazlar Marmara \u00dcniversitesi<\/p>\n\n\n\n<p>Prof. Dr. Melisa Erdilek Karabay Marmara \u00dcniversitesi<\/p>\n\n\n\n<p>Prof. Dr. Mete Ta\u015fliova Hac\u0131 Bayram Veli \u00dcniversitesi<\/p>\n\n\n\n<p>Prof. Dr. Mithat Aydin Pamukkale \u00dcniversitesi<\/p>\n\n\n\n<p>Prof. Dr. Muammer Nurlu Gazi \u00dcniversitesi<\/p>\n\n\n\n<p>Prof. Dr. Muhammet G\u00fcr Marmara \u00dcniversitesi<\/p>\n\n\n\n<p>Prof. Dr. Muhammet KO\u00c7AK Gazi \u00dcniversitesi<\/p>\n\n\n\n<p>Prof. Dr. Murat Uluskan Marmara \u00dcniversitesi<\/p>\n\n\n\n<p>Prof. Dr. Musa Mutlu Can \u0130stanbul \u00dcniversitesi<\/p>\n\n\n\n<p>Prof. Dr. Musa \u015eamil Y\u00fcksel Hac\u0131 Bayram Veli \u00dcniversitesi<\/p>\n\n\n\n<p>Prof. Dr. Mustafa Arslan Pamukkale \u00dcniversitesi<\/p>\n\n\n\n<p>Prof. Dr. Mustafa Delican \u0130stanbul \u00dcniversitesi<\/p>\n\n\n\n<p>Prof. Dr. Mustafa Erdo\u011fan Ankara Y\u0131ld\u0131r\u0131m Beyaz\u0131t \u00dcniversitesi<\/p>\n\n\n\n<p>Prof. Dr. Mustafa YILDIZ Gazi \u00dcniversitesi<\/p>\n\n\n\n<p>Prof. Dr. M\u00fcge G\u00f6ker Pakta\u015f Marmara \u00dcniversitesi<\/p>\n\n\n\n<p>Prof. Dr. Naciye Yildiz Hac\u0131 Bayram Veli \u00dcniversitesi<\/p>\n\n\n\n<p>Prof. Dr. Nail Yildirim Kahramanmara\u015f S\u00fct\u00e7\u00fc \u0130mam \u00dcniversitesi<\/p>\n\n\n\n<p>Prof. Dr. Nazmi Avci Manisa Celal Bayar \u00dcniversitesi<\/p>\n\n\n\n<p>Prof. Dr. Necmi Emel Dilmen Marmara \u00dcniversitesi<\/p>\n\n\n\n<p>Prof. Dr. Nedim Alev Trabzon \u00dcniversitesi<\/p>\n\n\n\n<p>Prof. Dr. Nedim Bakirci Ni\u011fde \u00d6mer Halisdemir \u00dcniversitesi<\/p>\n\n\n\n<p>Prof. Dr. Nergis Biray Pamukkale \u00dcniversitesi<\/p>\n\n\n\n<p>Prof. Dr. Nesrin \u00d6zdener Marmara \u00dcniversitesi<\/p>\n\n\n\n<p>Prof. Dr. Nevzat Topal Ni\u011fde \u00d6mer Halisdemir \u00dcniversitesi<\/p>\n\n\n\n<p>Prof. Dr. Nezahat G\u00fc\u00e7l\u00fc Gazi \u00dcniversitesi<\/p>\n\n\n\n<p>Prof. Dr. Niyazi G\u00fcven Erdil Marmara \u00dcniversitesi<\/p>\n\n\n\n<p>Prof. Dr. Nurettin \u00d6zt\u00fcrk Pamukkale \u00dcniversitesi<\/p>\n\n\n\n<p>Prof. Dr. Nuri Kavak Eski\u015fehir Osman Gazi \u00dcniversitesi<\/p>\n\n\n\n<p>Prof. Dr. Nur\u015fen Mazici Marmara \u00dcniversitesi<\/p>\n\n\n\n<p>Prof. Dr. Nurullah Alta\u015f Marmara \u00dcniversitesi<\/p>\n\n\n\n<p>Prof. Dr. Onur K\u00f6ksal Sel\u00e7uk \u00dcniversitesi<\/p>\n\n\n\n<p>Prof. Dr. Orhan Kurto\u011flu Hac\u0131 Bayram Veli \u00dcniversitesi<\/p>\n\n\n\n<p>Prof. Dr. Osman Altinta\u015f Osmaniye Korkut Ata \u00dcniversitesi<\/p>\n\n\n\n<p>Prof. Dr. Osman Yorulmaz Mimar Sinan G\u00fczel Sanatlar \u00dcniversitesi<\/p>\n\n\n\n<p>Prof. Dr. \u00d6mer \u0130\u015fbilir Mimar Sinan G\u00fczel Sanatlar \u00dcniversitesi<\/p>\n\n\n\n<p>Prof. Dr. \u00d6mer Z\u00fclfe Marmara \u00dcniversitesi<\/p>\n\n\n\n<p>Prof. Dr. \u00d6zkan Da\u015fdemir Erzincan Binali Y\u0131ld\u0131r\u0131m \u00dcniversitesi<\/p>\n\n\n\n<p>Prof. Dr. \u00d6zkul \u00c7obano\u011flu Hacettepe \u00dcniversitesi<\/p>\n\n\n\n<p>Prof. Dr. Raif Kalyoncu Trabzon \u00dcniversitesi<\/p>\n\n\n\n<p>Prof. Dr. Ramazan \u00c7itak Gazi \u00dcniversitesi<\/p>\n\n\n\n<p>Prof. Dr. Ramazan Sever \u0130n\u00f6n\u00fc \u00dcniversitesi<\/p>\n\n\n\n<p>Prof. Dr. Recep Seymen \u0130stanbul \u00dcniversitesi<\/p>\n\n\n\n<p>Prof. Dr. Remzi Kuzuo\u011flu Aksaray \u00dcniversitesi<\/p>\n\n\n\n<p>Prof. Dr. Remziye Tuba Karatepe Marmara \u00dcniversitesi<\/p>\n\n\n\n<p>Prof. Dr. S.Can Erdem Marmara \u00dcniversitesi<\/p>\n\n\n\n<p>Prof. Dr. Sadik Sarisaman Afyon Kocatepe \u00dcniversitesi<\/p>\n\n\n\n<p>Prof. Dr. Salih Zeki Gen\u00e7 \u00c7anakkale Onsekiz Mart \u00dcniversitesi<\/p>\n\n\n\n<p>Prof. Dr. Salim G\u00f6k\u00e7en Erzincan Binali Y\u0131ld\u0131r\u0131m \u00dcniversitesi<\/p>\n\n\n\n<p>Prof. Dr. Sami K\u0131l\u0131\u00e7 F\u0131rat \u00dcniversitesi<\/p>\n\n\n\n<p>Prof. Dr. Sebahat Deniz Marmara \u00dcniversitesi<\/p>\n\n\n\n<p>Prof. Dr. Sebahattin Devecio\u011fliu F\u0131rat \u00dcniversitesi<\/p>\n\n\n\n<p>Prof. Dr. Selahattin \u00d6\u011f\u00fclm\u00fc\u015f Ankara \u00dcniversitesi<\/p>\n\n\n\n<p>Prof. Dr. Selami ERYILMAZ Gazi \u00dcniversitesi<\/p>\n\n\n\n<p>Prof. Dr. Sel\u00e7uk Duman Giresun \u00dcniversitesi<\/p>\n\n\n\n<p>Prof. Dr. Selda Uzun Marmara \u00dcniversitesi<\/p>\n\n\n\n<p>Prof. Dr. Selim Y\u0131lmaz Marmara \u00dcniversitesi<\/p>\n\n\n\n<p>Prof. Dr. Selma Yel Gazi \u00dcniversitesi<\/p>\n\n\n\n<p>Prof. Dr. Serap Y\u00fckr\u00fck Van Y\u00fcz\u00fcnc\u00fc Y\u0131l \u00dcniversitesi<\/p>\n\n\n\n<p>Prof. Dr. Serdar Sa\u011flam Hac\u0131 Bayram Veli \u00dcniversitesi<\/p>\n\n\n\n<p>Prof. Dr. Serdar Y\u00fccesu Gazi \u00dcniversitesi<\/p>\n\n\n\n<p>Prof. Dr. Serhat Ula\u011fli Marmara \u00dcniversitesi<\/p>\n\n\n\n<p>Prof. Dr. Serkan G\u00fczel Pamukkale \u00dcniversitesi<\/p>\n\n\n\n<p>Prof. Dr. Sinan G\u00fcner Artvin \u00c7oruh \u00dcniversitesi<\/p>\n\n\n\n<p>Prof. Dr. Soner Mehmet \u00d6zdemir Mersin \u00dcniversitesi<\/p>\n\n\n\n<p>Prof. Dr. Suat Ungan Trabzon \u00dcniversitesi<\/p>\n\n\n\n<p>Prof. Dr. Suat \u00dcnal Trabzon \u00dcniversitesi<\/p>\n\n\n\n<p>Prof. Dr. S\u00fceda \u00d6zbent Marmara \u00dcniversitesi<\/p>\n\n\n\n<p>Prof. Dr. S\u00fcleyman \u0130nan Pamukkale \u00dcniversitesi<\/p>\n\n\n\n<p>Prof. Dr. S\u00fcleyman Solmaz Pamukkale \u00dcniversitesi<\/p>\n\n\n\n<p>Prof. Dr. \u015eaban \u00c7ET\u0130N Gazi \u00dcniversitesi<\/p>\n\n\n\n<p>Prof. Dr. \u015eahin \u00d6zen Marmara \u00dcniversitesi<\/p>\n\n\n\n<p>Prof. Dr. \u015eehnaz Yal\u00e7\u0131n Marmara \u00dcniversitesi<\/p>\n\n\n\n<p>Prof. Dr. \u015eerif Ali Bozkaplan Dokuz Eyl\u00fcl \u00dcniversitesi<\/p>\n\n\n\n<p>Prof. Dr. \u015eerif Korkmaz-\u00c7anakkale Onsekiz Mart \u00dcniversitesi<\/p>\n\n\n\n<p>Prof. Dr. \u015eirin Dilli Giresun \u00dcniversitesi<\/p>\n\n\n\n<p>Prof. Dr. \u015eule Bah\u00e7eci Trabzon \u00dcniversitesi<\/p>\n\n\n\n<p>Prof. Dr. Tahsin Tapur Necmettin Erbakan \u00dcniversitesi.<\/p>\n\n\n\n<p>Prof. Dr. Talip Kabadayi Manisa Celal Bayar \u00dcniversitesi<\/p>\n\n\n\n<p>Prof. Dr. Taner Altun Trabzon \u00dcniversitesi<\/p>\n\n\n\n<p>Prof. Dr. Tanju Seyhan Mimar Sinan G\u00fczel Sanatlar \u00dcniversitesi<\/p>\n\n\n\n<p>Prof. Dr. Telhan \u00d6zdo\u011fan Amasya \u00dcniversitesi<\/p>\n\n\n\n<p>Prof. Dr. Temel \u00c7ALIK Gazi \u00dcniversitesi<\/p>\n\n\n\n<p>Prof. Dr. Timu\u00e7in Kodaman S\u00fcleyman Demirel \u00dcniversitesi<\/p>\n\n\n\n<p>Prof. Dr. Tolga Kara Marmara \u00dcniversitesi<\/p>\n\n\n\n<p>Prof. Dr. Tongu\u00e7 Tokol Marmara \u00dcniversitesi<\/p>\n\n\n\n<p>Prof. Dr. Tuna Uysal Sel\u00e7uk \u00dcniversitesi<\/p>\n\n\n\n<p>Prof. Dr. Turan \u00c7ET\u0130N Gazi \u00dcniversitesi<\/p>\n\n\n\n<p>Prof. Dr. Turgut Baydar Erzincan Binali Y\u0131ld\u0131r\u0131m \u00dcniversitesi<\/p>\n\n\n\n<p>Prof. Dr. Turgut Tok Pamukkale \u00dcniversitesi<\/p>\n\n\n\n<p>Prof. Dr. Turhan \u00c7etin Gazi \u00dcniversitesi<\/p>\n\n\n\n<p>Prof. Dr. T\u00fcrkan Erdo\u011fan Pamukkale \u00dcniversitesi<\/p>\n\n\n\n<p>Prof. Dr. Ufuk Alpkaya Marmara \u00dcniversitesi<\/p>\n\n\n\n<p>Prof. Dr. Ufuk Karaku\u015f Gazi \u00dcniversitesi<\/p>\n\n\n\n<p>Prof. Dr. Ulvi \u015eeker Gazi \u00dcniversitesi<\/p>\n\n\n\n<p>Prof. Dr. \u00dcmit \u015eim\u015fek Atat\u00fcrk \u00dcniversitesi<\/p>\n\n\n\n<p>Prof. Dr. Yaprak T\u00fcrkan Y\u00fccelsin Marmara \u00dcniversitesi<\/p>\n\n\n\n<p>Prof. Dr. Yasin Do\u011fan Pamukkale \u00dcniversitesi<\/p>\n\n\n\n<p>Prof. Dr. Ya\u015far Akkan- Trabzon \u00dcniversitesi<\/p>\n\n\n\n<p>Prof. Dr. Yavuz Akba\u015f Trabzon \u00dcniversitesi<\/p>\n\n\n\n<p>Prof. Dr. Yavuz Kartallio\u011flu Gazi \u00dcniversitesi<\/p>\n\n\n\n<p>Prof. Dr. Yunus Ko\u00e7 Hacettepe \u00dcniversitesi<\/p>\n\n\n\n<p>Prof. Dr. Yunus Yildirim Mersin \u00dcniversitesi<\/p>\n\n\n\n<p>Prof. Dr. Yusuf Kili\u00e7 Pamukkale \u00dcniversitesi<\/p>\n\n\n\n<p>Prof. Dr. Y\u00fccel GEL\u0130\u015eL\u0130 Gazi \u00dcniversitesi&nbsp;&nbsp;<\/p>\n\n\n\n<p>Prof. Dr. Y\u00fccel Ka\u015ftan Akdeniz \u00dcniversitesi<\/p>\n\n\n\n<p>Prof. Dr. Zafer \u00c7akmak F\u0131rat \u00dcniversitesi<\/p>\n\n\n\n<p>Prof. Dr. Zekeriya Karadavut Akdeniz \u00dcniversitesi<\/p>\n\n\n\n<p>Prof. Dr. Zeki Kaymaz Ege \u00dcniversitesi<\/p>\n\n\n\n<p>Prof. Dr. Zeki Salih Zengin Ankara Y\u0131ld\u0131r\u0131m Beyaz\u0131t \u00dcniversitesi<\/p>\n\n\n\n<p>Prof. Dr. Zeynep G\u00fcrel Marmara \u00dcniversitesi<\/p>\n","protected":false},"excerpt":{"rendered":"<p>Prof. Dr. Abdulkadir Emeksiz \u0130stanbul \u00dcniversitesi Prof. Dr. Abdullah K\u00f6k Akdeniz \u00dcniversitesi Prof. Dr. Abdulvahap Kara Mimar Sinan G\u00fczel Sanatlar \u00dcniversitesi Prof. Dr. Abdulvahap \u00d6zcan Pamukkale \u00dcniversitesi Prof. Dr. Adem \u00d6\u011fer Nev\u015fehir Hac\u0131 Bekta\u015f Veli \u00dcniversitesi Prof. Dr. Adnan P\u0131nar Necmettin Erbakan \u00dcniversitesi. Prof. Dr. Ahat \u00dcst\u00fcner F\u0131rat \u00dcniversitesi Prof. Dr. Ahmet G\u00fcng\u00f6r Giresun \u00dcniversitesi\u2026 <span class=\"read-more\"><a href=\"https:\/\/teskongre.org\/2022\/bilim-kurulu\/\">Read More &raquo;<\/a><\/span><\/p>\n","protected":false},"author":1,"featured_media":0,"parent":0,"menu_order":0,"comment_status":"closed","ping_status":"closed","template":"","meta":{"footnotes":""},"class_list":["post-28","page","type-page","status-publish","hentry"],"_links":{"self":[{"href":"https:\/\/teskongre.org\/2022\/wp-json\/wp\/v2\/pages\/28","targetHints":{"allow":["GET"]}}],"collection":[{"href":"https:\/\/teskongre.org\/2022\/wp-json\/wp\/v2\/pages"}],"about":[{"href":"https:\/\/teskongre.org\/2022\/wp-json\/wp\/v2\/types\/page"}],"author":[{"embeddable":true,"href":"https:\/\/teskongre.org\/2022\/wp-json\/wp\/v2\/users\/1"}],"replies":[{"embeddable":true,"href":"https:\/\/teskongre.org\/2022\/wp-json\/wp\/v2\/comments?post=28"}],"version-history":[{"count":13,"href":"https:\/\/teskongre.org\/2022\/wp-json\/wp\/v2\/pages\/28\/revisions"}],"predecessor-version":[{"id":545,"href":"https:\/\/teskongre.org\/2022\/wp-json\/wp\/v2\/pages\/28\/revisions\/545"}],"wp:attachment":[{"href":"https:\/\/teskongre.org\/2022\/wp-json\/wp\/v2\/media?parent=28"}],"curies":[{"name":"wp","href":"https:\/\/api.w.org\/{rel}","templated":true}]}}