{"id":236,"date":"2019-09-16T22:28:50","date_gmt":"2019-09-16T19:28:50","guid":{"rendered":"http:\/\/teskongre.org\/fm2019\/?page_id=236"},"modified":"2021-05-01T12:19:44","modified_gmt":"2021-05-01T12:19:44","slug":"cagrili-konusmacilar","status":"publish","type":"page","link":"https:\/\/teskongre.org\/2022\/cagrili-konusmacilar\/","title":{"rendered":"\u00c7a\u011fr\u0131l\u0131 Konu\u015fmac\u0131lar"},"content":{"rendered":"\n<p>G\u00fcncellenmektedir. <\/p>\n","protected":false},"excerpt":{"rendered":"<p>G\u00fcncellenmektedir.<\/p>\n","protected":false},"author":1,"featured_media":0,"parent":0,"menu_order":0,"comment_status":"closed","ping_status":"closed","template":"","meta":{"footnotes":""},"class_list":["post-236","page","type-page","status-publish","hentry"],"_links":{"self":[{"href":"https:\/\/teskongre.org\/2022\/wp-json\/wp\/v2\/pages\/236","targetHints":{"allow":["GET"]}}],"collection":[{"href":"https:\/\/teskongre.org\/2022\/wp-json\/wp\/v2\/pages"}],"about":[{"href":"https:\/\/teskongre.org\/2022\/wp-json\/wp\/v2\/types\/page"}],"author":[{"embeddable":true,"href":"https:\/\/teskongre.org\/2022\/wp-json\/wp\/v2\/users\/1"}],"replies":[{"embeddable":true,"href":"https:\/\/teskongre.org\/2022\/wp-json\/wp\/v2\/comments?post=236"}],"version-history":[{"count":3,"href":"https:\/\/teskongre.org\/2022\/wp-json\/wp\/v2\/pages\/236\/revisions"}],"predecessor-version":[{"id":391,"href":"https:\/\/teskongre.org\/2022\/wp-json\/wp\/v2\/pages\/236\/revisions\/391"}],"wp:attachment":[{"href":"https:\/\/teskongre.org\/2022\/wp-json\/wp\/v2\/media?parent=236"}],"curies":[{"name":"wp","href":"https:\/\/api.w.org\/{rel}","templated":true}]}}