{"id":22,"date":"2019-04-17T13:34:39","date_gmt":"2019-04-17T10:34:39","guid":{"rendered":"http:\/\/teskongre.org\/fm2019\/?page_id=22"},"modified":"2022-05-09T20:30:23","modified_gmt":"2022-05-09T20:30:23","slug":"bildiri-gonderme","status":"publish","type":"page","link":"https:\/\/teskongre.org\/2022\/bildiri-gonderme\/","title":{"rendered":"Bildiri G\u00f6nderme"},"content":{"rendered":"\n<p>Bildiri sistemi i\u00e7in l\u00fctfen <a href=\"http:\/\/teskongre.sistemi.biz.tr\" data-type=\"URL\" data-id=\"teskongre.sistemi.biz.tr\">t\u0131klay\u0131n\u0131z<\/a><br>Sistem a\u015fa\u011f\u0131daki \u015fekilde sizi kar\u015f\u0131layacakt\u0131r. E\u011fer \u00fcye olmu\u015fsan\u0131z E-posta ve \u015fifrenizi yazarak sisteme girebilirsiniz. De\u011filseniz &#8220;YEN\u0130 \u00dcYEL\u0130K&#8221;\u00a0 butonuna t\u0131klaman\u0131z gerekmektedir.<\/p>\n\n\n\n<figure class=\"wp-block-image\"><img decoding=\"async\" src=\"http:\/\/teskongre.org\/e2018\/wp-content\/uploads\/2018\/05\/giris_1-300x279.png\" alt=\"\"\/><\/figure>\n\n\n\n<p>\u0130lk olarak UYRU\u011eUNUZU se\u00e7melisiniz.<\/p>\n\n\n\n<figure class=\"wp-block-image\"><img decoding=\"async\" src=\"http:\/\/teskongre.org\/e2018\/wp-content\/uploads\/2018\/05\/giris_2-300x85.png\" alt=\"\"\/><\/figure>\n\n\n\n<p>Uyruk olarak T\u00dcRK\u0130YE se\u00e7en ki\u015fiden TC K\u0130ML\u0130K No girilmesi istenir. Sistem T\u00fcrk E\u011fitim Sen ve&nbsp;UAESEB&nbsp; \u00fcyelerine a\u00e7\u0131k oldu\u011fundan, \u00fcye olmayan ki\u015filerin giri\u015fine izin vermemektedir.<\/p>\n\n\n\n<figure class=\"wp-block-image\"><img decoding=\"async\" src=\"http:\/\/teskongre.org\/e2018\/wp-content\/uploads\/2018\/05\/giris_3-300x86.png\" alt=\"\"\/><\/figure>\n\n\n\n<p>Sorgulama ekran\u0131n a\u015fa\u011f\u0131daki gibidir. Ad\u0131n\u0131, Soyad\u0131n\u0131z, cep telefon numaran\u0131z ve \u015eube Ad\u0131 otomatik olarak gelmektedir.&nbsp; E\u011fer cep telefon numaran\u0131z hatal\u0131 veya eksikse d\u00fczeltebilirsiniz. Unvan, Kurum, e-posta bilgilerini girerek kendinize bir \u015fifre belirleyiniz. Dr. unvanl\u0131 \u00fcyelerimiz istekleri halinde Hakem olarak g\u00f6rev almak istiyorlarsa &#8220;Hakem olmak istiyorum&#8221; se\u00e7meleri yeterlidir. Daha sonra Kaydet ile sisteme kay\u0131t i\u015flemini tamamlam\u0131\u015f olursunuz.<\/p>\n\n\n\n<figure class=\"wp-block-image\"><img decoding=\"async\" src=\"http:\/\/teskongre.org\/e2018\/wp-content\/uploads\/2018\/05\/giris_4-300x286.png\" alt=\"\"\/><\/figure>\n\n\n\n<p>Sisteme giri\u015f yapt\u0131\u011f\u0131n\u0131zda &#8220;Profil&#8221; sekmesinden \u00fcyelik bilgilerinizi, &#8220;Bildiri Sistemi&#8221; sekmesinden bildiri g\u00f6nderme, g\u00fcncelleme, bildirinizin durumunu g\u00f6rebilirsiniz<\/p>\n\n\n\n<figure class=\"wp-block-image\"><img decoding=\"async\" src=\"http:\/\/teskongre.org\/e2018\/wp-content\/uploads\/2018\/05\/giris_5-300x99.png\" alt=\"\"\/><\/figure>\n\n\n\n<p>Bildiriler Sekmesinde y\u00fcklemi\u015f oldu\u011funuz bildirinin no, ad\u0131, sisteme y\u00fckleme tarihini, bildiri durumunu, g\u00fcncelleme gibi i\u015flemleri yapabilirsiniz.<\/p>\n\n\n\n<figure class=\"wp-block-image\"><img decoding=\"async\" src=\"http:\/\/teskongre.org\/e2018\/wp-content\/uploads\/2018\/05\/giris_6-300x59.png\" alt=\"\"\/><\/figure>\n\n\n\n<p>\u00dcyemiz en fazla iki bildiri g\u00f6nderebilir ve bildiriler en fazla 4 yazarl\u0131 olabilir. Bildiri \u00d6zeti (T\u00fcrk\u00e7e ve ingilizce ) En az 250 , en \u00e7ok 300 kelime yaz\u0131lmal\u0131d\u0131r. Anahtar kelimeler en az 3 en fazla 5 kelime olabilir.&nbsp; Birden fazla yazarl\u0131 bildirilerde di\u011fer yazarlardan sadece&nbsp;Sistem T\u00fcrk E\u011fitim Sen ve&nbsp;UAESEB&nbsp; \u00fcyelerine kabul mektubu g\u00f6nderilece\u011finden mutlaka &#8220;TES \u00dcYES\u0130&#8221; k\u0131sm\u0131 se\u00e7ilmeli ve TC K\u0130ML\u0130K numaras\u0131 yaz\u0131larak sorgulama yap\u0131lmal\u0131d\u0131r. Bu i\u015flemin yap\u0131lamamas\u0131 halinde yazar T\u00fcrk E\u011fitim-Sen veya UAESEB kontrol\u00fc yap\u0131lamayaca\u011f\u0131ndan kabul mektubu g\u00f6nderilmeyecektir.<br>Sistem eksik olmas\u0131 halinde kay\u0131t yapmamaktad\u0131r. Hatal\u0131 olan b\u00f6l\u00fcm\u00fc k\u0131rm\u0131z\u0131 \u00e7er\u00e7eve i\u00e7erisine almaktad\u0131r.<\/p>\n\n\n\n<p><\/p>\n","protected":false},"excerpt":{"rendered":"<p>Bildiri sistemi i\u00e7in l\u00fctfen t\u0131klay\u0131n\u0131zSistem a\u015fa\u011f\u0131daki \u015fekilde sizi kar\u015f\u0131layacakt\u0131r. E\u011fer \u00fcye olmu\u015fsan\u0131z E-posta ve \u015fifrenizi yazarak sisteme girebilirsiniz. De\u011filseniz &#8220;YEN\u0130 \u00dcYEL\u0130K&#8221;\u00a0 butonuna t\u0131klaman\u0131z gerekmektedir. \u0130lk olarak UYRU\u011eUNUZU se\u00e7melisiniz. Uyruk olarak T\u00dcRK\u0130YE se\u00e7en ki\u015fiden TC K\u0130ML\u0130K No girilmesi istenir. Sistem T\u00fcrk E\u011fitim Sen ve&nbsp;UAESEB&nbsp; \u00fcyelerine a\u00e7\u0131k oldu\u011fundan, \u00fcye olmayan ki\u015filerin giri\u015fine izin vermemektedir. Sorgulama ekran\u0131n a\u015fa\u011f\u0131daki\u2026 <span class=\"read-more\"><a href=\"https:\/\/teskongre.org\/2022\/bildiri-gonderme\/\">Read More &raquo;<\/a><\/span><\/p>\n","protected":false},"author":1,"featured_media":0,"parent":0,"menu_order":0,"comment_status":"closed","ping_status":"closed","template":"","meta":{"footnotes":""},"class_list":["post-22","page","type-page","status-publish","hentry"],"_links":{"self":[{"href":"https:\/\/teskongre.org\/2022\/wp-json\/wp\/v2\/pages\/22","targetHints":{"allow":["GET"]}}],"collection":[{"href":"https:\/\/teskongre.org\/2022\/wp-json\/wp\/v2\/pages"}],"about":[{"href":"https:\/\/teskongre.org\/2022\/wp-json\/wp\/v2\/types\/page"}],"author":[{"embeddable":true,"href":"https:\/\/teskongre.org\/2022\/wp-json\/wp\/v2\/users\/1"}],"replies":[{"embeddable":true,"href":"https:\/\/teskongre.org\/2022\/wp-json\/wp\/v2\/comments?post=22"}],"version-history":[{"count":12,"href":"https:\/\/teskongre.org\/2022\/wp-json\/wp\/v2\/pages\/22\/revisions"}],"predecessor-version":[{"id":497,"href":"https:\/\/teskongre.org\/2022\/wp-json\/wp\/v2\/pages\/22\/revisions\/497"}],"wp:attachment":[{"href":"https:\/\/teskongre.org\/2022\/wp-json\/wp\/v2\/media?parent=22"}],"curies":[{"name":"wp","href":"https:\/\/api.w.org\/{rel}","templated":true}]}}