{"id":12,"date":"2019-04-17T13:19:23","date_gmt":"2019-04-17T10:19:23","guid":{"rendered":"http:\/\/teskongre.org\/fm2019\/?page_id=12"},"modified":"2022-04-16T17:16:29","modified_gmt":"2022-04-16T17:16:29","slug":"arsiv","status":"publish","type":"page","link":"https:\/\/teskongre.org\/2022\/arsiv\/","title":{"rendered":"Ar\u015fiv"},"content":{"rendered":"\n<p>01-04 Aral\u0131k 2016 tarihinde Antalya\u2019da yap\u0131lan \u201c1.Uluslararas\u0131 T\u00fcrk D\u00fcnyas\u0131 E\u011fitim Bilimleri ve Sosyal Bilimler Kongresi\u201d web sitesine ula\u015fmak i\u00e7in l\u00fctfen <a href=\"http:\/\/teskongre.org\/web\/wordpress\/\">t\u0131klay\u0131n\u0131z<\/a>. Sayfada&nbsp;Kongrede sunulan bildirilerin tam metinlerine, hakem heyetlerine sayfa \u00fczerinden ula\u015fabilirsiniz.<\/p>\n\n\n\n<hr class=\"wp-block-separator\"\/>\n\n\n\n<p>07-10 Aral\u0131k 2017&nbsp; tarihinde Antalya\u2019da yap\u0131lan \u201c1.Uluslararas\u0131 T\u00fcrk D\u00fcnyas\u0131 M\u00fchendislik ve Fen Bilimleri Kongresi \u201d web sitesine ula\u015fmak i\u00e7in l\u00fctfen <a href=\"http:\/\/teskongre.org\/web2\/wordpress\/\">t\u0131klay\u0131n\u0131z<\/a>. Sayfada&nbsp;Kongrede sunulan bildirilerin tam metinlerine, hakem heyetlerine sayfa \u00fczerinden ula\u015fabilirsiniz.<\/p>\n\n\n\n<hr class=\"wp-block-separator\"\/>\n\n\n\n<p>7-8 Aral\u0131k 2018&nbsp; tarihinde Antalya\u2019da yap\u0131lan \u201c 2.Uluslararas\u0131 T\u00fcrk D\u00fcnyas\u0131 E\u011fitim Bilimleri ve Sosyal Bilimler Kongresi \u201d web sitesine ula\u015fmak i\u00e7in l\u00fctfen <a href=\"http:\/\/teskongre.org\/e2018\/\">t\u0131klay\u0131n\u0131z<\/a>. Sayfada&nbsp;Kongrede sunulan bildirilerin tam metinlerine, hakem heyetlerine sayfa \u00fczerinden ula\u015fabilirsiniz.<\/p>\n\n\n\n<hr class=\"wp-block-separator\"\/>\n\n\n\n<p>7-10 Kas\u0131m 2019&nbsp; tarihinde Antalya\u2019da yap\u0131lan \u201c 2.Uluslararas\u0131 T\u00fcrk D\u00fcnyas\u0131 M\u00fchendislik ve Fen Bilimleri Kongresi \u201d web sitesine ula\u015fmak i\u00e7in l\u00fctfen <a href=\"http:\/\/teskongre.org\/fm2019\/\">t\u0131klay\u0131n\u0131z<\/a>. Sayfada&nbsp;Kongrede sunulan bildirilerin tam metinlerine, hakem heyetlerine sayfa \u00fczerinden ula\u015fabilirsiniz.<\/p>\n\n\n\n<hr class=\"wp-block-separator\"\/>\n\n\n\n<p><\/p>\n\n\n\n<p>12-15 Kas\u0131m 2020&nbsp; tarihinde Antalya\u2019da yap\u0131lan \u201c 3.Uluslararas\u0131 T\u00fcrk D\u00fcnyas\u0131 E\u011fitim Bilimleri ve Sosyal Bilimler Kongresi \u201d web sitesine ula\u015fmak i\u00e7in l\u00fctfen <a href=\"http:\/\/teskongre.org\/tes2020\">t\u0131klay\u0131n\u0131z<\/a>. Sayfada&nbsp;Kongrede sunulan bildirilerin tam metinlerine, hakem heyetlerine sayfa \u00fczerinden ula\u015fabilirsiniz.<\/p>\n\n\n\n<hr class=\"wp-block-separator\"\/>\n\n\n\n<p>22-24 Ekim 2021 tarihinde  \u00c7evrimi\u00e7i\/Online olarak d\u00fczenlenen &#8220;3. Uluslararas\u0131 T\u00fcrk D\u00fcnyas\u0131 M\u00fchendislik ve Fen Bilimleri Kongresi&#8221; web sitesine ula\u015fmak i\u00e7in l\u00fctfen <a rel=\"noreferrer noopener\" href=\"http:\/\/teskongre.org\/fm2021\" target=\"_blank\">t\u0131klay\u0131n\u0131z<\/a>. Sayfada&nbsp;Kongrede sunulan bildirilerin tam metinlerine, hakem heyetlerine sayfa \u00fczerinden ula\u015fabilirsiniz.<\/p>\n","protected":false},"excerpt":{"rendered":"<p>01-04 Aral\u0131k 2016 tarihinde Antalya\u2019da yap\u0131lan \u201c1.Uluslararas\u0131 T\u00fcrk D\u00fcnyas\u0131 E\u011fitim Bilimleri ve Sosyal Bilimler Kongresi\u201d web sitesine ula\u015fmak i\u00e7in l\u00fctfen t\u0131klay\u0131n\u0131z. Sayfada&nbsp;Kongrede sunulan bildirilerin tam metinlerine, hakem heyetlerine sayfa \u00fczerinden ula\u015fabilirsiniz. 07-10 Aral\u0131k 2017&nbsp; tarihinde Antalya\u2019da yap\u0131lan \u201c1.Uluslararas\u0131 T\u00fcrk D\u00fcnyas\u0131 M\u00fchendislik ve Fen Bilimleri Kongresi \u201d web sitesine ula\u015fmak i\u00e7in l\u00fctfen t\u0131klay\u0131n\u0131z. Sayfada&nbsp;Kongrede sunulan bildirilerin\u2026 <span class=\"read-more\"><a href=\"https:\/\/teskongre.org\/2022\/arsiv\/\">Read More &raquo;<\/a><\/span><\/p>\n","protected":false},"author":1,"featured_media":0,"parent":0,"menu_order":0,"comment_status":"closed","ping_status":"closed","template":"","meta":{"footnotes":""},"class_list":["post-12","page","type-page","status-publish","hentry"],"_links":{"self":[{"href":"https:\/\/teskongre.org\/2022\/wp-json\/wp\/v2\/pages\/12","targetHints":{"allow":["GET"]}}],"collection":[{"href":"https:\/\/teskongre.org\/2022\/wp-json\/wp\/v2\/pages"}],"about":[{"href":"https:\/\/teskongre.org\/2022\/wp-json\/wp\/v2\/types\/page"}],"author":[{"embeddable":true,"href":"https:\/\/teskongre.org\/2022\/wp-json\/wp\/v2\/users\/1"}],"replies":[{"embeddable":true,"href":"https:\/\/teskongre.org\/2022\/wp-json\/wp\/v2\/comments?post=12"}],"version-history":[{"count":10,"href":"https:\/\/teskongre.org\/2022\/wp-json\/wp\/v2\/pages\/12\/revisions"}],"predecessor-version":[{"id":484,"href":"https:\/\/teskongre.org\/2022\/wp-json\/wp\/v2\/pages\/12\/revisions\/484"}],"wp:attachment":[{"href":"https:\/\/teskongre.org\/2022\/wp-json\/wp\/v2\/media?parent=12"}],"curies":[{"name":"wp","href":"https:\/\/api.w.org\/{rel}","templated":true}]}}