{"id":56,"date":"2019-04-17T13:37:38","date_gmt":"2019-04-17T10:37:38","guid":{"rendered":"http:\/\/teskongre.org\/fm2019\/?page_id=56"},"modified":"2020-03-10T14:43:39","modified_gmt":"2020-03-10T14:43:39","slug":"yurutme-kurulu","status":"publish","type":"page","link":"http:\/\/teskongre.org\/tes2020\/yurutme-kurulu\/","title":{"rendered":"Y\u00dcR\u00dcTME KURULU"},"content":{"rendered":"\n<p>Musa AKKA\u015e Genel Ba\u015fkan Yard\u0131mc\u0131s\u0131<br>Seyit Ali KAPLAN Genel Ba\u015fkan Yard\u0131mc\u0131s\u0131<br>Cengiz KOCAKAPLAN Genel Ba\u015fkan Yard\u0131mc\u0131s\u0131<br>M.Ya\u015far \u015eAH\u0130NDO\u011eAN Genel Ba\u015fkan Yard\u0131mc\u0131s\u0131<br>Selahattin DOL\u011eUN Genel Ba\u015fkan Yard\u0131mc\u0131s\u0131<br>Fuat Y\u0130\u011e\u0130T Genel Ba\u015fkan Yard\u0131mc\u0131s\u0131<br>Prof. Dr. Ahmet \u00d6ZT\u00dcRK Konya 3 Nolu \u015eb. Ba\u015fkan\u0131<br>Dr.\u00d6\u011fretim \u00dcyesi Ali AHMETBEYO\u011eLU \u0130stanbul 10 Nolu \u015eb. Ba\u015fkan\u0131<br>Do\u00e7.Dr. Mehmet Hanefi BOSTAN \u0130stanbul 1 Nolu \u015eb. Ba\u015fkan\u0131<br>Dr.\u00d6\u011fretim \u00dcyesi Tayfun FINDIK Ankara 7 Nolu \u015eb. Ba\u015fkan\u0131<br>Bahad\u0131r BOZDUMAN Adana 3 Nolu \u015eb. Ba\u015fkan\u0131<br>\u0130brahim \u00c7\u00d6MEZ Ankara 1 Nolu \u015eb. Ba\u015fkan\u0131<br>Sezai U\u011eUR Denizli 2 Nolu \u015eb. Ba\u015fkan\u0131<br>Murat Erc\u00fcment KESK\u0130NLER Erzurum 2 Nolu \u015eb. Ba\u015fkan\u0131<br>G\u00fcrol YER Eski\u015fehir 2 Nolu \u015eb. Ba\u015fkan\u0131<br>H\u00fcseyin ORMANCI \u0130zmir 4 Nolu \u015eb. Ba\u015fkan\u0131<br>Metin \u0130SKENDERO\u011eLU Trabzon 2 Nolu \u015eb. Ba\u015fkan\u0131 <\/p>\n","protected":false},"excerpt":{"rendered":"<p>Musa AKKA\u015e Genel Ba\u015fkan Yard\u0131mc\u0131s\u0131Seyit Ali KAPLAN Genel Ba\u015fkan Yard\u0131mc\u0131s\u0131Cengiz KOCAKAPLAN Genel Ba\u015fkan Yard\u0131mc\u0131s\u0131M.Ya\u015far \u015eAH\u0130NDO\u011eAN Genel Ba\u015fkan Yard\u0131mc\u0131s\u0131Selahattin DOL\u011eUN Genel Ba\u015fkan Yard\u0131mc\u0131s\u0131Fuat Y\u0130\u011e\u0130T Genel Ba\u015fkan Yard\u0131mc\u0131s\u0131Prof. Dr. Ahmet \u00d6ZT\u00dcRK Konya 3 Nolu \u015eb. Ba\u015fkan\u0131Dr.\u00d6\u011fretim \u00dcyesi Ali AHMETBEYO\u011eLU \u0130stanbul 10 Nolu \u015eb. Ba\u015fkan\u0131Do\u00e7.Dr. Mehmet Hanefi BOSTAN \u0130stanbul 1 Nolu \u015eb. Ba\u015fkan\u0131Dr.\u00d6\u011fretim \u00dcyesi Tayfun FINDIK Ankara 7\u2026 <span class=\"read-more\"><a href=\"http:\/\/teskongre.org\/tes2020\/yurutme-kurulu\/\">Read More &raquo;<\/a><\/span><\/p>\n","protected":false},"author":1,"featured_media":0,"parent":0,"menu_order":0,"comment_status":"closed","ping_status":"closed","template":"","meta":[],"_links":{"self":[{"href":"http:\/\/teskongre.org\/tes2020\/wp-json\/wp\/v2\/pages\/56"}],"collection":[{"href":"http:\/\/teskongre.org\/tes2020\/wp-json\/wp\/v2\/pages"}],"about":[{"href":"http:\/\/teskongre.org\/tes2020\/wp-json\/wp\/v2\/types\/page"}],"author":[{"embeddable":true,"href":"http:\/\/teskongre.org\/tes2020\/wp-json\/wp\/v2\/users\/1"}],"replies":[{"embeddable":true,"href":"http:\/\/teskongre.org\/tes2020\/wp-json\/wp\/v2\/comments?post=56"}],"version-history":[{"count":2,"href":"http:\/\/teskongre.org\/tes2020\/wp-json\/wp\/v2\/pages\/56\/revisions"}],"predecessor-version":[{"id":339,"href":"http:\/\/teskongre.org\/tes2020\/wp-json\/wp\/v2\/pages\/56\/revisions\/339"}],"wp:attachment":[{"href":"http:\/\/teskongre.org\/tes2020\/wp-json\/wp\/v2\/media?parent=56"}],"curies":[{"name":"wp","href":"https:\/\/api.w.org\/{rel}","templated":true}]}}