{"id":52,"date":"2019-04-17T13:37:19","date_gmt":"2019-04-17T10:37:19","guid":{"rendered":"http:\/\/teskongre.org\/fm2019\/?page_id=52"},"modified":"2020-03-10T14:33:05","modified_gmt":"2020-03-10T14:33:05","slug":"ulasim","status":"publish","type":"page","link":"http:\/\/teskongre.org\/tes2020\/ulasim\/","title":{"rendered":"ULA\u015eIM"},"content":{"rendered":"\n<p>Ula\u015f\u0131m, <strong>kongre kat\u0131l\u0131mc\u0131lar\u0131na aittir<\/strong>. Antalya havaliman\u0131ndan otele ve otelden havaliman\u0131na transfer T\u00fcrk E\u011fitim-Sen Genel Merkezi\u2019nce sa\u011flanacakt\u0131r.<\/p>\n\n\n\n<p>Ula\u015f\u0131m i\u00e7in l\u00fctfen kongre sistemindeki ula\u015f\u0131m formunu\ndoldurunuz. Eri\u015fmek i\u00e7in&nbsp;t\u0131klay\u0131n\u0131z.<\/p>\n","protected":false},"excerpt":{"rendered":"<p>Ula\u015f\u0131m, kongre kat\u0131l\u0131mc\u0131lar\u0131na aittir. Antalya havaliman\u0131ndan otele ve otelden havaliman\u0131na transfer T\u00fcrk E\u011fitim-Sen Genel Merkezi\u2019nce sa\u011flanacakt\u0131r. Ula\u015f\u0131m i\u00e7in l\u00fctfen kongre sistemindeki ula\u015f\u0131m formunu doldurunuz. Eri\u015fmek i\u00e7in&nbsp;t\u0131klay\u0131n\u0131z.<\/p>\n","protected":false},"author":1,"featured_media":0,"parent":0,"menu_order":0,"comment_status":"closed","ping_status":"closed","template":"","meta":[],"_links":{"self":[{"href":"http:\/\/teskongre.org\/tes2020\/wp-json\/wp\/v2\/pages\/52"}],"collection":[{"href":"http:\/\/teskongre.org\/tes2020\/wp-json\/wp\/v2\/pages"}],"about":[{"href":"http:\/\/teskongre.org\/tes2020\/wp-json\/wp\/v2\/types\/page"}],"author":[{"embeddable":true,"href":"http:\/\/teskongre.org\/tes2020\/wp-json\/wp\/v2\/users\/1"}],"replies":[{"embeddable":true,"href":"http:\/\/teskongre.org\/tes2020\/wp-json\/wp\/v2\/comments?post=52"}],"version-history":[{"count":2,"href":"http:\/\/teskongre.org\/tes2020\/wp-json\/wp\/v2\/pages\/52\/revisions"}],"predecessor-version":[{"id":335,"href":"http:\/\/teskongre.org\/tes2020\/wp-json\/wp\/v2\/pages\/52\/revisions\/335"}],"wp:attachment":[{"href":"http:\/\/teskongre.org\/tes2020\/wp-json\/wp\/v2\/media?parent=52"}],"curies":[{"name":"wp","href":"https:\/\/api.w.org\/{rel}","templated":true}]}}