{"id":44,"date":"2019-04-17T13:36:42","date_gmt":"2019-04-17T10:36:42","guid":{"rendered":"http:\/\/teskongre.org\/fm2019\/?page_id=44"},"modified":"2020-06-15T08:29:27","modified_gmt":"2020-06-15T08:29:27","slug":"onemli-tarihler","status":"publish","type":"page","link":"http:\/\/teskongre.org\/tes2020\/onemli-tarihler\/","title":{"rendered":"\u00d6NEML\u0130 TAR\u0130HLER"},"content":{"rendered":"<p style=\"text-align: center;\"><strong>2020 Bilge Tonyukuk Y\u0131l\u0131 An\u0131s\u0131na<\/strong><\/p>\n<p style=\"text-align: center;\"><strong>3.Uluslararas\u0131 T\u00fcrk D\u00fcnyas\u0131 E\u011fitim Bilimleri ve Sosyal Bilimler Kongresi<\/strong><\/p>\n<p style=\"text-align: center;\"><strong>Kongre Ba\u015fvuru Tarihi De\u011fi\u015fikli\u011fi Duyurusu<\/strong><\/p>\n<p>Sayg\u0131de\u011fer Bilim \u0130nsanlar\u0131, E\u011fitimciler ve K\u0131ymetli T\u00fcrk E\u011fitim-Sen \u00dcyeleri,<\/p>\n<p>D\u00fcnyada ve \u00fclkemizde etkili olan COV\u0130D-19 salg\u0131n\u0131 nedeni ile gerek yurt d\u0131\u015f\u0131 gerekse yurt \u00e7ap\u0131nda \u00e7al\u0131\u015fma hayat\u0131na ara verildi\u011fi ola\u011fan\u00fcst\u00fc bir s\u00fcrecin ya\u015fanmas\u0131 hasebiyle e\u011fitim alan\u0131nda da takvimlerde mecburen bir tak\u0131m d\u00fczenlemeler h\u00e2s\u0131l olmu\u015ftur. \u00dclkemizde ba\u015flat\u0131lan normalle\u015fme s\u00fcrecinin ard\u0131ndan siz de\u011ferli bilim insan\u0131 ve kat\u0131l\u0131mc\u0131lardan gelen yo\u011fun talep ile i\u00e7inde bulundu\u011fumuz nazik durum nedeniyle kongre takviminin bildiri \u00f6zeti g\u00f6nderme son tarihi ile ilgili bir d\u00fczeleme yap\u0131lmas\u0131 ihtiyac\u0131; UAESEB Genel Merkezi, T\u00fcrk E\u011fitim-Sen Genel Merkezi ve kongre d\u00fczenleme kurulu taraf\u0131ndan uygun g\u00f6r\u00fclm\u00fc\u015ft\u00fcr.<\/p>\n<p>Buna G\u00f6re <strong>15 Haziran 2020\u2019de bitecek olan \u00d6zet G\u00f6nderimi, 15 Temmuz 2020 olarak de\u011fi\u015ftirilerek \u00fcyelerimiz ve bilim insanlar\u0131n\u0131n taleplerinin kar\u015f\u0131lanmas\u0131 kararla\u015ft\u0131r\u0131lm\u0131\u015ft\u0131r.<\/strong><\/p>\n<p><strong>G\u00dcNCEL KONGRE TAKV\u0130M\u0130<\/strong><\/p>\n<p><strong>10 Mart 2020<\/strong>: Kongre Kay\u0131t Sisteminin A\u00e7\u0131lmas\u0131<\/p>\n<p><strong><u>15 Temmuz 2020<\/u><\/strong><u>: \u00d6zet G\u00f6nderimi \u0130\u00e7in Son Tarih<\/u><\/p>\n<p><strong>15 A\u011fustos 2020<\/strong>: Kabul Edilen Bildiri \u00d6zetlerinin \u0130lan Edilmesi<\/p>\n<p><strong>13 Ekim 2020<\/strong>: Kongre \u00dccretlerinin Yat\u0131r\u0131lmas\u0131 \u0130\u00e7in Son Tarih<\/p>\n<p><strong>15 Ekim 2020<\/strong>: Bildiri Tam Metinlerinin G\u00f6nderilece\u011fi Son Tarih<\/p>\n<p><strong>25 Ekim 2020<\/strong>: Ula\u015f\u0131m Kay\u0131tlar\u0131n\u0131n Yap\u0131lmas\u0131 \u0130\u00e7in Son Tarih<\/p>\n<p><strong>12 Kas\u0131m 2020<\/strong>: Kongre Oteline Giri\u015f ve Kay\u0131tlar\u0131n Yap\u0131lmas\u0131<\/p>\n<p><strong>13-14 Kas\u0131m 2020<\/strong>: A\u00e7\u0131l\u0131\u015f, Kongre Bildirilerinin Sunulmas\u0131, \u00d6zel Oturumlar, Kapan\u0131\u015f ve Sonu\u00e7 Bildirgesinin Sunulmas\u0131<\/p>\n<p><strong>15 Kas\u0131m 2020<\/strong>: Kongre Otelinden \u00c7\u0131k\u0131\u015flar\u0131n Yap\u0131lmas\u0131<\/p>\n<p>Kamuoyuna ve ilgililere sayg\u0131 ile duyurulur.<\/p>\n\n\n<p><\/p>\n","protected":false},"excerpt":{"rendered":"<p>2020 Bilge Tonyukuk Y\u0131l\u0131 An\u0131s\u0131na 3.Uluslararas\u0131 T\u00fcrk D\u00fcnyas\u0131 E\u011fitim Bilimleri ve Sosyal Bilimler Kongresi Kongre Ba\u015fvuru Tarihi De\u011fi\u015fikli\u011fi Duyurusu Sayg\u0131de\u011fer Bilim \u0130nsanlar\u0131, E\u011fitimciler ve K\u0131ymetli T\u00fcrk E\u011fitim-Sen \u00dcyeleri, D\u00fcnyada ve \u00fclkemizde etkili olan COV\u0130D-19 salg\u0131n\u0131 nedeni ile gerek yurt d\u0131\u015f\u0131 gerekse yurt \u00e7ap\u0131nda \u00e7al\u0131\u015fma hayat\u0131na ara verildi\u011fi ola\u011fan\u00fcst\u00fc bir s\u00fcrecin ya\u015fanmas\u0131 hasebiyle e\u011fitim alan\u0131nda da\u2026 <span class=\"read-more\"><a href=\"http:\/\/teskongre.org\/tes2020\/onemli-tarihler\/\">Read More &raquo;<\/a><\/span><\/p>\n","protected":false},"author":1,"featured_media":0,"parent":0,"menu_order":0,"comment_status":"closed","ping_status":"closed","template":"","meta":[],"_links":{"self":[{"href":"http:\/\/teskongre.org\/tes2020\/wp-json\/wp\/v2\/pages\/44"}],"collection":[{"href":"http:\/\/teskongre.org\/tes2020\/wp-json\/wp\/v2\/pages"}],"about":[{"href":"http:\/\/teskongre.org\/tes2020\/wp-json\/wp\/v2\/types\/page"}],"author":[{"embeddable":true,"href":"http:\/\/teskongre.org\/tes2020\/wp-json\/wp\/v2\/users\/1"}],"replies":[{"embeddable":true,"href":"http:\/\/teskongre.org\/tes2020\/wp-json\/wp\/v2\/comments?post=44"}],"version-history":[{"count":9,"href":"http:\/\/teskongre.org\/tes2020\/wp-json\/wp\/v2\/pages\/44\/revisions"}],"predecessor-version":[{"id":394,"href":"http:\/\/teskongre.org\/tes2020\/wp-json\/wp\/v2\/pages\/44\/revisions\/394"}],"wp:attachment":[{"href":"http:\/\/teskongre.org\/tes2020\/wp-json\/wp\/v2\/media?parent=44"}],"curies":[{"name":"wp","href":"https:\/\/api.w.org\/{rel}","templated":true}]}}