{"id":40,"date":"2019-04-17T13:36:22","date_gmt":"2019-04-17T10:36:22","guid":{"rendered":"http:\/\/teskongre.org\/fm2019\/?page_id=40"},"modified":"2020-03-10T14:21:21","modified_gmt":"2020-03-10T14:21:21","slug":"konu-basliklari","status":"publish","type":"page","link":"http:\/\/teskongre.org\/tes2020\/konu-basliklari\/","title":{"rendered":"KONU BA\u015eLIKLARI"},"content":{"rendered":"<p>[pl_row pagelayer-id=&#8221;842v38d1ejbgop7v&#8221;  0=&#8221;&#8221;]<br \/>\n[pl_col pagelayer-id=&#8221;401hdta1c54l512d&#8221;  col=&#8221;12&#8243;]<br \/>\n[pl_text pagelayer-id=&#8221;5589dmbs5n9ucgph&#8221;  0=&#8221;&#8221; ele_bg_hover_delay=&#8221;&#8221;]<\/p>\n<p><strong>E\u011fitim Bilimleri Alan\u0131<\/strong><\/p>\n<p>Bilgisayar \u00d6\u011fretim Teknolojileri E\u011fitimi<\/p>\n<p>Din K\u00fclt\u00fcr\u00fc ve Ahlak Bilgisi E\u011fitimi<\/p>\n<p>E\u011fitim Bilimleri<\/p>\n<p>G\u00fczel Sanatlar E\u011fitimi<\/p>\n<p>Orta\u00f6\u011fretim Sosyal Alanlar E\u011fitimi<\/p>\n<p>Orta\u00f6\u011fretim Fen ve Matematik Alanlar E\u011fitimi<\/p>\n<p>\u00d6zel E\u011fitim<\/p>\n<p>Rehberlik ve Psikolojik Dan\u0131\u015fmanl\u0131k<\/p>\n<p>Temel E\u011fitim<\/p>\n<p>Yabanc\u0131 Dil E\u011fitimi<\/p>\n<p><strong>Filoloji<\/strong><\/p>\n<p>\u00c7a\u011fda\u015f\u00a0T\u00fcrk Leh\u00e7eleri ve Edebiyatlar\u0131<\/p>\n<p>\u00c7eviribilim<\/p>\n<p>Klasik T\u00fcrk Edebiyat\u0131<\/p>\n<p>T\u00fcrk Dili<\/p>\n<p>T\u00fcrk Halk Bilimi<\/p>\n<p>Halk K\u00fclt\u00fcr\u00fc<\/p>\n<p>Yeni T\u00fcrk Edebiyat\u0131<\/p>\n<p><strong>G\u00fczel Sanatlar<\/strong><\/p>\n<p><strong>Geleneksel T\u00fcrk Sanatlar\u0131<\/strong><\/p>\n<p><strong>Hukuk<\/strong><\/p>\n<p><strong>\u0130lahiyat<\/strong><\/p>\n<p><strong>T\u00fcrk\u00a0\u0130slam Edebiyat\u0131<\/strong><\/p>\n<p><strong>Sosyal, Be\u015feri ve\u00a0\u0130dari Bilimler<\/strong><\/p>\n<p>Arkeoloji<\/p>\n<p>Atat\u00fcrk\u00a0\u0130lkeleri<\/p>\n<p>Avrupa Birli\u011fi<\/p>\n<p>Bankac\u0131l\u0131k ve Sigortac\u0131l\u0131k<\/p>\n<p>Be\u015feri ve\u00a0\u0130ktisadi co\u011frafya<\/p>\n<p>Bilgi ve Belge Y\u00f6netimi<\/p>\n<p>T\u00fcrk D\u00fcnyas\u0131 \u0130le \u0130lgili B\u00f6lgesel \u00c7al\u0131\u015fmalar<\/p>\n<p>\u00c7a\u011fda\u015f\u00a0D\u00fcnya Tarihi<\/p>\n<p>\u00c7ocuk Geli\u015fimi<\/p>\n<p>Dilbilimi<\/p>\n<p>Ekonometri<\/p>\n<p>Eski Anadolu Tarihi<\/p>\n<p>Eski \u00d6n Asya Tarihi<\/p>\n<p>Felsefe<\/p>\n<p>Finans<\/p>\n<p>Antropoloji<\/p>\n<p>Paleoantropoloji<\/p>\n<p>Co\u011frafya<\/p>\n<p>Gazetecilik ve Medya \u00c7al\u0131\u015fmalar\u0131<\/p>\n<p>Geli\u015fim Psikolojisi<\/p>\n<p>Genel T\u00fcrk Tarihi<\/p>\n<p>G\u00f6rsel\u00a0\u0130leti\u015fim Tasar\u0131m\u0131<\/p>\n<p>Halkla\u00a0\u0130li\u015fkiler<\/p>\n<p>\u0130ktisadi D\u00fc\u015f\u00fcnce<\/p>\n<p>\u0130ktisat Tarih<\/p>\n<p>\u0130leti\u015fim \u00c7al\u0131\u015fmalar\u0131<\/p>\n<p>Kamu Y\u00f6netimi<\/p>\n<p>\u0130ktisat<\/p>\n<p>Maliye<\/p>\n<p>Muhasebe<\/p>\n<p>Organizasyon<\/p>\n<p>Tarih<\/p>\n<p>Asya Tarihi<\/p>\n<p>M\u00fcsl\u00fcman T\u00fcrk Devletleri ve Toplumlar\u0131 Tarihi<\/p>\n<p>T\u00fcrk ve\u00a0\u0130slam D\u00fc\u015f\u00fcnce Tarihi<\/p>\n<p>Osmanl\u0131 Kurumlar\u0131 ve Medeniyeti<\/p>\n<p>Psikoloji<\/p>\n<p>Pazarlama<\/p>\n<p>Reklamc\u0131l\u0131k<\/p>\n<p>Sanat Tarihi<\/p>\n<p>Sinema<\/p>\n<p>Siyasal D\u00fc\u015f\u00fcnceler<\/p>\n<p>Siyasal Hayat ve Kurumlar<\/p>\n<p>Siyaset Bilim<\/p>\n<p>Sosyal Hizmet<\/p>\n<p>Sosyal Politika<\/p>\n<p>Sosyal ve K\u00fclt\u00fcrel Antropoloji<\/p>\n<p>Sosyoloji<\/p>\n<p>Turizm<\/p>\n<p>T\u00fcrk\u00a0\u0130slam Sanat\u0131<\/p>\n<p>Uluslararas\u0131\u00a0\u0130ktisat<\/p>\n<p>Uluslararas\u0131\u00a0\u0130li\u015fkiler<\/p>\n<p>Uluslararas\u0131 Ticaret<\/p>\n<p>Yerel Y\u00f6netimler<\/p>\n<p>Y\u00f6netim<\/p>\n<p>Y\u00fcksek\u00f6\u011fretim \u00c7al\u0131\u015fmalar\u0131<\/p>\n<p>[\/pl_text]<br \/>\n[\/pl_col]<br \/>\n[\/pl_row]<\/p>\n","protected":false},"excerpt":{"rendered":"<p>[pl_row pagelayer-id=&#8221;842v38d1ejbgop7v&#8221; 0=&#8221;&#8221;] [pl_col pagelayer-id=&#8221;401hdta1c54l512d&#8221; col=&#8221;12&#8243;] [pl_text pagelayer-id=&#8221;5589dmbs5n9ucgph&#8221; 0=&#8221;&#8221; ele_bg_hover_delay=&#8221;&#8221;] E\u011fitim Bilimleri Alan\u0131 Bilgisayar \u00d6\u011fretim Teknolojileri E\u011fitimi Din K\u00fclt\u00fcr\u00fc ve Ahlak Bilgisi E\u011fitimi E\u011fitim Bilimleri G\u00fczel Sanatlar E\u011fitimi Orta\u00f6\u011fretim Sosyal Alanlar E\u011fitimi Orta\u00f6\u011fretim Fen ve Matematik Alanlar E\u011fitimi \u00d6zel E\u011fitim Rehberlik ve Psikolojik Dan\u0131\u015fmanl\u0131k Temel E\u011fitim Yabanc\u0131 Dil E\u011fitimi Filoloji \u00c7a\u011fda\u015f\u00a0T\u00fcrk Leh\u00e7eleri ve Edebiyatlar\u0131 \u00c7eviribilim\u2026 <span class=\"read-more\"><a href=\"http:\/\/teskongre.org\/tes2020\/konu-basliklari\/\">Read More &raquo;<\/a><\/span><\/p>\n","protected":false},"author":1,"featured_media":0,"parent":0,"menu_order":0,"comment_status":"closed","ping_status":"closed","template":"","meta":[],"_links":{"self":[{"href":"http:\/\/teskongre.org\/tes2020\/wp-json\/wp\/v2\/pages\/40"}],"collection":[{"href":"http:\/\/teskongre.org\/tes2020\/wp-json\/wp\/v2\/pages"}],"about":[{"href":"http:\/\/teskongre.org\/tes2020\/wp-json\/wp\/v2\/types\/page"}],"author":[{"embeddable":true,"href":"http:\/\/teskongre.org\/tes2020\/wp-json\/wp\/v2\/users\/1"}],"replies":[{"embeddable":true,"href":"http:\/\/teskongre.org\/tes2020\/wp-json\/wp\/v2\/comments?post=40"}],"version-history":[{"count":4,"href":"http:\/\/teskongre.org\/tes2020\/wp-json\/wp\/v2\/pages\/40\/revisions"}],"predecessor-version":[{"id":322,"href":"http:\/\/teskongre.org\/tes2020\/wp-json\/wp\/v2\/pages\/40\/revisions\/322"}],"wp:attachment":[{"href":"http:\/\/teskongre.org\/tes2020\/wp-json\/wp\/v2\/media?parent=40"}],"curies":[{"name":"wp","href":"https:\/\/api.w.org\/{rel}","templated":true}]}}