{"id":38,"date":"2019-04-17T13:36:11","date_gmt":"2019-04-17T10:36:11","guid":{"rendered":"http:\/\/teskongre.org\/fm2019\/?page_id=38"},"modified":"2020-11-14T16:00:31","modified_gmt":"2020-11-14T16:00:31","slug":"kongre-programi","status":"publish","type":"page","link":"http:\/\/teskongre.org\/tes2020\/kongre-programi\/","title":{"rendered":"KONGRE PROGRAMI"},"content":{"rendered":"<p>12 Kas\u0131m 2020: Ula\u015f\u0131m, Kongre Oteline Giri\u015f ve Kongre Kay\u0131tlar\u0131n\u0131n Yap\u0131lmas\u0131<\/p>\n<p>13-14 Kas\u0131m 2020: A\u00e7\u0131l\u0131\u015f, Kongre Bildirilerinin Sunulmas\u0131, \u00d6zel Oturumlar, Kapan\u0131\u015f ve Sonu\u00e7 Bildirgesinin Sunulmas\u0131<\/p>\n<p>13-14 \u201c<strong>Orhun Abideleri ve T\u00fcrk K\u00fclt\u00fcr\u00fc<\/strong>\u201d karma sergisi<\/p>\n<p>15 Kas\u0131m 2020: Kongre Otelinden \u00e7\u0131k\u0131\u015flar\u0131n yap\u0131lmas\u0131<\/p>\n<p>Detayl\u0131 kongre program\u0131 daha sonra payla\u015f\u0131lacakt\u0131r. Bu bilgiler kat\u0131l\u0131mc\u0131lar\u0131n Kongreye geli\u015f ve d\u00f6n\u00fc\u015flerini planlamak \u00fczere verilmi\u015ftir<\/p>\n<p><a href=\"https:\/\/drive.google.com\/file\/d\/1wrOwzkkkW0cIWqJbwZERm0Fs0wFkH15J\/view?usp=sharing\">Kongre Program\u0131n\u0131 \u0130ndirmek \u0130\u00e7in T\u0131klay\u0131n\u0131z<\/a><\/p>\n\n\n<p><\/p>\n","protected":false},"excerpt":{"rendered":"<p>12 Kas\u0131m 2020: Ula\u015f\u0131m, Kongre Oteline Giri\u015f ve Kongre Kay\u0131tlar\u0131n\u0131n Yap\u0131lmas\u0131 13-14 Kas\u0131m 2020: A\u00e7\u0131l\u0131\u015f, Kongre Bildirilerinin Sunulmas\u0131, \u00d6zel Oturumlar, Kapan\u0131\u015f ve Sonu\u00e7 Bildirgesinin Sunulmas\u0131 13-14 \u201cOrhun Abideleri ve T\u00fcrk K\u00fclt\u00fcr\u00fc\u201d karma sergisi 15 Kas\u0131m 2020: Kongre Otelinden \u00e7\u0131k\u0131\u015flar\u0131n yap\u0131lmas\u0131 Detayl\u0131 kongre program\u0131 daha sonra payla\u015f\u0131lacakt\u0131r. Bu bilgiler kat\u0131l\u0131mc\u0131lar\u0131n Kongreye geli\u015f ve d\u00f6n\u00fc\u015flerini planlamak \u00fczere\u2026 <span class=\"read-more\"><a href=\"http:\/\/teskongre.org\/tes2020\/kongre-programi\/\">Read More &raquo;<\/a><\/span><\/p>\n","protected":false},"author":1,"featured_media":0,"parent":0,"menu_order":0,"comment_status":"closed","ping_status":"closed","template":"","meta":[],"_links":{"self":[{"href":"http:\/\/teskongre.org\/tes2020\/wp-json\/wp\/v2\/pages\/38"}],"collection":[{"href":"http:\/\/teskongre.org\/tes2020\/wp-json\/wp\/v2\/pages"}],"about":[{"href":"http:\/\/teskongre.org\/tes2020\/wp-json\/wp\/v2\/types\/page"}],"author":[{"embeddable":true,"href":"http:\/\/teskongre.org\/tes2020\/wp-json\/wp\/v2\/users\/1"}],"replies":[{"embeddable":true,"href":"http:\/\/teskongre.org\/tes2020\/wp-json\/wp\/v2\/comments?post=38"}],"version-history":[{"count":6,"href":"http:\/\/teskongre.org\/tes2020\/wp-json\/wp\/v2\/pages\/38\/revisions"}],"predecessor-version":[{"id":422,"href":"http:\/\/teskongre.org\/tes2020\/wp-json\/wp\/v2\/pages\/38\/revisions\/422"}],"wp:attachment":[{"href":"http:\/\/teskongre.org\/tes2020\/wp-json\/wp\/v2\/media?parent=38"}],"curies":[{"name":"wp","href":"https:\/\/api.w.org\/{rel}","templated":true}]}}