{"id":36,"date":"2019-04-17T13:35:59","date_gmt":"2019-04-17T10:35:59","guid":{"rendered":"http:\/\/teskongre.org\/fm2019\/?page_id=36"},"modified":"2020-03-10T14:15:45","modified_gmt":"2020-03-10T14:15:45","slug":"konaklama","status":"publish","type":"page","link":"http:\/\/teskongre.org\/tes2020\/konaklama\/","title":{"rendered":"KONAKLAMA"},"content":{"rendered":"<p>\u201cKonaklama, yemek ve ikramlar T\u00fcrk E\u011fitim-Sen Genel Merkezi taraf\u0131ndan sa\u011flanacakt\u0131r. <strong>Konaklama iki ki\u015filik odalarda olacakt\u0131r.<\/strong><\/p>\n","protected":false},"excerpt":{"rendered":"<p>\u201cKonaklama, yemek ve ikramlar T\u00fcrk E\u011fitim-Sen Genel Merkezi taraf\u0131ndan sa\u011flanacakt\u0131r. Konaklama iki ki\u015filik odalarda olacakt\u0131r.<\/p>\n","protected":false},"author":1,"featured_media":0,"parent":0,"menu_order":0,"comment_status":"closed","ping_status":"closed","template":"","meta":[],"_links":{"self":[{"href":"http:\/\/teskongre.org\/tes2020\/wp-json\/wp\/v2\/pages\/36"}],"collection":[{"href":"http:\/\/teskongre.org\/tes2020\/wp-json\/wp\/v2\/pages"}],"about":[{"href":"http:\/\/teskongre.org\/tes2020\/wp-json\/wp\/v2\/types\/page"}],"author":[{"embeddable":true,"href":"http:\/\/teskongre.org\/tes2020\/wp-json\/wp\/v2\/users\/1"}],"replies":[{"embeddable":true,"href":"http:\/\/teskongre.org\/tes2020\/wp-json\/wp\/v2\/comments?post=36"}],"version-history":[{"count":4,"href":"http:\/\/teskongre.org\/tes2020\/wp-json\/wp\/v2\/pages\/36\/revisions"}],"predecessor-version":[{"id":318,"href":"http:\/\/teskongre.org\/tes2020\/wp-json\/wp\/v2\/pages\/36\/revisions\/318"}],"wp:attachment":[{"href":"http:\/\/teskongre.org\/tes2020\/wp-json\/wp\/v2\/media?parent=36"}],"curies":[{"name":"wp","href":"https:\/\/api.w.org\/{rel}","templated":true}]}}