{"id":341,"date":"2020-03-10T14:48:17","date_gmt":"2020-03-10T14:48:17","guid":{"rendered":"http:\/\/teskongre.org\/tes2020\/?page_id=341"},"modified":"2020-03-10T14:48:17","modified_gmt":"2020-03-10T14:48:17","slug":"yazim-kurallari-2","status":"publish","type":"page","link":"http:\/\/teskongre.org\/tes2020\/yazim-kurallari-2\/","title":{"rendered":"YAZIM KURALLARI"},"content":{"rendered":"\n<p>1-) Bildiriler ve bildiri \u00f6zetleri, T\u00fcrkiye T\u00fcrk\u00e7esi,\nT\u00fcrk \u015eiveleri, \u0130ngilizce ve Rus\u00e7a dillerinden biri ile sunulabilir.<\/p>\n\n\n\n<p>2-) Tebli\u011f \u00f6zetleri, en az 200 en fazla 250 kelimeden\nolu\u015fmal\u0131d\u0131r.<\/p>\n\n\n\n<p>3-) Tebli\u011fler daha \u00f6nce herhangi bir yerde\nyay\u0131mlanmam\u0131\u015f, T\u00fcrk D\u00fcnyas\u0131\u2019na y\u00f6nelik bir \u00e7al\u0131\u015fmay\u0131 i\u00e7ermelidir.<\/p>\n\n\n\n<p>4-) Tebli\u011f metinleri Times New Roman yaz\u0131 tipi ile 12\npunto halinde, paragraf ba\u015f\u0131 yap\u0131lmadan 1,5 sat\u0131r aral\u0131\u011f\u0131 ile metin i\u00e7i\nat\u0131f\/kaynak g\u00f6sterme y\u00f6ntemi kullan\u0131larak yaz\u0131lmal\u0131d\u0131r. Metin alt\u0131nda sadece\n\u00f6zel a\u00e7\u0131klama ile yazar ad\u0131, \u00fcniversitesi, \u00fclkesi, ili ve elmek adresi dipnot\nolarak verilmelidir. Dipnotlar 10 punto ve bir sat\u0131r aral\u0131\u011f\u0131 ile yaz\u0131lmal\u0131d\u0131r.<\/p>\n\n\n\n<p>5-) Bildirilerde kullan\u0131lan tablolar, resimler,\nharitalar ve foto\u011fraflar jpeg format\u0131nda kay\u0131t edilerek, bildiri metninden ayr\u0131\nolarak ek bir dosya \u015feklinde g\u00f6nderilmelidir. Aksi davran\u0131lmas\u0131 halinde\nolu\u015fabilecek; tablolardaki kaymalar, g\u00f6rsellerdeki g\u00f6r\u00fcnt\u00fc problemleri\nyazar\u0131n\u0131n sorumlulu\u011fundad\u0131r.<\/p>\n\n\n\n<p>5-) \u00d6zetler ve tebli\u011fler Microsoft Word ortam\u0131nda\nyaz\u0131lmal\u0131 ve bu haliyle belirtilen kay\u0131t sistemi \u00fczerinden g\u00f6nderilmelidir.<\/p>\n\n\n\n<p>6-) Kongrede her bir tebli\u011fin sunumu i\u00e7in ayr\u0131lan s\u00fcre\n15 dakikad\u0131r. Fakat bildiriler kitab\u0131nda bas\u0131lmas\u0131 i\u00e7in g\u00f6nderilecek tam\nmetinlerde sayfa s\u0131n\u0131rlamas\u0131 bulunmamaktad\u0131r.<\/p>\n\n\n\n<p>7-) Kat\u0131l\u0131mc\u0131lar tebli\u011f \u00f6zetleri ve metinleriyle\nbirlikte \u00e7al\u0131\u015ft\u0131\u011f\u0131 kurum ve irtibat adreslerini de g\u00f6ndermelidir.<\/p>\n\n\n\n<p>9-) Kabul edilen tebli\u011fler, belirlenen tarihte\nduyurulacak, kat\u0131l\u0131mc\u0131lara kabul mektubu g\u00f6nderilecektir.<\/p>\n\n\n\n<p>10-) &nbsp;Kat\u0131l\u0131mc\u0131lar en fazla iki bildiri\nsunabilirler.<\/p>\n","protected":false},"excerpt":{"rendered":"<p>1-) Bildiriler ve bildiri \u00f6zetleri, T\u00fcrkiye T\u00fcrk\u00e7esi, T\u00fcrk \u015eiveleri, \u0130ngilizce ve Rus\u00e7a dillerinden biri ile sunulabilir. 2-) Tebli\u011f \u00f6zetleri, en az 200 en fazla 250 kelimeden olu\u015fmal\u0131d\u0131r. 3-) Tebli\u011fler daha \u00f6nce herhangi bir yerde yay\u0131mlanmam\u0131\u015f, T\u00fcrk D\u00fcnyas\u0131\u2019na y\u00f6nelik bir \u00e7al\u0131\u015fmay\u0131 i\u00e7ermelidir. 4-) Tebli\u011f metinleri Times New Roman yaz\u0131 tipi ile 12 punto halinde, paragraf ba\u015f\u0131\u2026 <span class=\"read-more\"><a href=\"http:\/\/teskongre.org\/tes2020\/yazim-kurallari-2\/\">Read More &raquo;<\/a><\/span><\/p>\n","protected":false},"author":1,"featured_media":0,"parent":0,"menu_order":0,"comment_status":"closed","ping_status":"closed","template":"","meta":[],"_links":{"self":[{"href":"http:\/\/teskongre.org\/tes2020\/wp-json\/wp\/v2\/pages\/341"}],"collection":[{"href":"http:\/\/teskongre.org\/tes2020\/wp-json\/wp\/v2\/pages"}],"about":[{"href":"http:\/\/teskongre.org\/tes2020\/wp-json\/wp\/v2\/types\/page"}],"author":[{"embeddable":true,"href":"http:\/\/teskongre.org\/tes2020\/wp-json\/wp\/v2\/users\/1"}],"replies":[{"embeddable":true,"href":"http:\/\/teskongre.org\/tes2020\/wp-json\/wp\/v2\/comments?post=341"}],"version-history":[{"count":1,"href":"http:\/\/teskongre.org\/tes2020\/wp-json\/wp\/v2\/pages\/341\/revisions"}],"predecessor-version":[{"id":342,"href":"http:\/\/teskongre.org\/tes2020\/wp-json\/wp\/v2\/pages\/341\/revisions\/342"}],"wp:attachment":[{"href":"http:\/\/teskongre.org\/tes2020\/wp-json\/wp\/v2\/media?parent=341"}],"curies":[{"name":"wp","href":"https:\/\/api.w.org\/{rel}","templated":true}]}}