{"id":34,"date":"2019-04-17T13:35:51","date_gmt":"2019-04-17T10:35:51","guid":{"rendered":"http:\/\/teskongre.org\/fm2019\/?page_id=34"},"modified":"2020-03-10T14:14:11","modified_gmt":"2020-03-10T14:14:11","slug":"katilim-katilim-ucreti","status":"publish","type":"page","link":"http:\/\/teskongre.org\/tes2020\/katilim-katilim-ucreti\/","title":{"rendered":"KATILIM-KATILIM \u00dcCRET\u0130"},"content":{"rendered":"<p>[pl_row pagelayer-id=&#8221;xjry5tlvd6cdxsqn&#8221;  0=&#8221;&#8221;]<br \/>\n[pl_col pagelayer-id=&#8221;te0vnp76416wpa3m&#8221;  col=&#8221;12&#8243;]<br \/>\n[pl_text pagelayer-id=&#8221;tvkzo6v2c8f906xu&#8221;  0=&#8221;&#8221; ele_bg_hover_delay=&#8221;400&#8243;]<\/p>\n<p style=\"text-align: justify; \">Kongre, kat\u0131lmak isteyen <strong>T\u00fcrk E\u011fitim-Sen ve UAESEB \u00fcyesi olan<\/strong> herkese a\u00e7\u0131kt\u0131r. Kongre\u2019de bizzat bildiri sunan kat\u0131l\u0131mc\u0131lara bildirilerini sunduklar\u0131na dair bir belge verilecektir. Kongre bildirilerinin \u201c<strong>Kongre Kitab\u0131nda<\/strong>\u201d yer almas\u0131 i\u00e7in; kongre kay\u0131t i\u015flemlerinin tamamlanm\u0131\u015f olmas\u0131 ve bildirinin kongrede sunulmu\u015f olmas\u0131 gerekmektedir. <\/p>\n<p style=\"text-align: justify;\"><strong>T\u00fcrk E\u011fitim-Sen ve UAESEB \u00fcyesi olan<\/strong>, kongreye<br \/>\nkat\u0131lmak isteyen kat\u0131l\u0131mc\u0131lardan sembolik bir kat\u0131l\u0131m \u00fccreti olarak 300 TL<br \/>\nal\u0131nacakt\u0131r. Payla\u015f\u0131ml\u0131 odalarda 12-13-14 Kas\u0131m 2020 tarihlerini i\u00e7eren \u00fc\u00e7 gece<br \/>\nkonaklama, kongre bask\u0131 giderleri, ikramlar ve havaalan\u0131ndan otele, otelden<br \/>\nhava alan\u0131na transferler gibi b\u00fct\u00fcn kongre giderleri T\u00fcrk E\u011fitim-Sen taraf\u0131ndan<br \/>\nkar\u015f\u0131lanacak; kat\u0131l\u0131mc\u0131lardan al\u0131nan s\u00f6z konusu sembolik \u00fccret d\u0131\u015f\u0131nda hi\u00e7bir<br \/>\n\u00fccret talep edilmeyecektir.<\/p>\n<p style=\"text-align: justify;\">Kongre \u00dccretini Yat\u0131rmak i\u00e7in hesap numaras\u0131 ve \u00fccret<br \/>\nyat\u0131rmak i\u00e7in son tarih daha sonra bu sayfadan ilan edilecektir.<\/p>\n<p><\/p>\n<p style=\"text-align: justify;\"><span style=\"background-color: transparent; font-size: 12px;\">L\u00fctfen A\u00e7\u0131klama K\u0131sm\u0131na Tes Kongre Bildiri ID numaran\u0131z\u0131 yaz\u0131n\u0131z<\/span><\/p>\n<\/p>\n<p>[\/pl_text]<br \/>\n[\/pl_col]<br \/>\n[\/pl_row]<\/p>\n","protected":false},"excerpt":{"rendered":"<p>[pl_row pagelayer-id=&#8221;xjry5tlvd6cdxsqn&#8221; 0=&#8221;&#8221;] [pl_col pagelayer-id=&#8221;te0vnp76416wpa3m&#8221; col=&#8221;12&#8243;] [pl_text pagelayer-id=&#8221;tvkzo6v2c8f906xu&#8221; 0=&#8221;&#8221; ele_bg_hover_delay=&#8221;400&#8243;] Kongre, kat\u0131lmak isteyen T\u00fcrk E\u011fitim-Sen ve UAESEB \u00fcyesi olan herkese a\u00e7\u0131kt\u0131r. Kongre\u2019de bizzat bildiri sunan kat\u0131l\u0131mc\u0131lara bildirilerini sunduklar\u0131na dair bir belge verilecektir. Kongre bildirilerinin \u201cKongre Kitab\u0131nda\u201d yer almas\u0131 i\u00e7in; kongre kay\u0131t i\u015flemlerinin tamamlanm\u0131\u015f olmas\u0131 ve bildirinin kongrede sunulmu\u015f olmas\u0131 gerekmektedir. T\u00fcrk E\u011fitim-Sen ve UAESEB \u00fcyesi\u2026 <span class=\"read-more\"><a href=\"http:\/\/teskongre.org\/tes2020\/katilim-katilim-ucreti\/\">Read More &raquo;<\/a><\/span><\/p>\n","protected":false},"author":1,"featured_media":0,"parent":0,"menu_order":0,"comment_status":"closed","ping_status":"closed","template":"","meta":[],"_links":{"self":[{"href":"http:\/\/teskongre.org\/tes2020\/wp-json\/wp\/v2\/pages\/34"}],"collection":[{"href":"http:\/\/teskongre.org\/tes2020\/wp-json\/wp\/v2\/pages"}],"about":[{"href":"http:\/\/teskongre.org\/tes2020\/wp-json\/wp\/v2\/types\/page"}],"author":[{"embeddable":true,"href":"http:\/\/teskongre.org\/tes2020\/wp-json\/wp\/v2\/users\/1"}],"replies":[{"embeddable":true,"href":"http:\/\/teskongre.org\/tes2020\/wp-json\/wp\/v2\/comments?post=34"}],"version-history":[{"count":4,"href":"http:\/\/teskongre.org\/tes2020\/wp-json\/wp\/v2\/pages\/34\/revisions"}],"predecessor-version":[{"id":317,"href":"http:\/\/teskongre.org\/tes2020\/wp-json\/wp\/v2\/pages\/34\/revisions\/317"}],"wp:attachment":[{"href":"http:\/\/teskongre.org\/tes2020\/wp-json\/wp\/v2\/media?parent=34"}],"curies":[{"name":"wp","href":"https:\/\/api.w.org\/{rel}","templated":true}]}}