{"id":33,"date":"2019-04-17T13:35:31","date_gmt":"2019-04-17T10:35:31","guid":{"rendered":"http:\/\/teskongre.org\/fm2019\/?page_id=32"},"modified":"2020-03-05T14:27:46","modified_gmt":"2020-03-05T14:27:46","slug":"iletisim","status":"publish","type":"page","link":"http:\/\/teskongre.org\/tes2020\/iletisim\/","title":{"rendered":"\u0130LET\u0130\u015e\u0130M"},"content":{"rendered":"\n<p><strong>www.teskongre.org<\/strong><\/p>\n\n\n\n<p><a href=\"http:\/\/www.turkegitimsen.org.tr\"><strong>www.turkegitimsen.org.tr<\/strong><\/a><\/p>\n\n\n\n<p><a href=\"http:\/\/www.uaeseb.org\"><strong>www.uaeseb.org<\/strong><\/a><\/p>\n\n\n\n<p>Erzurum Mahallesi Talatpa\u015fa Bulvar\u0131 No:160 Kat:6 Cebeci\/ANKARA<\/p>\n\n\n\n<p>Telefon : 0 312 4240960 (8 Hat)<\/p>\n\n\n\n<p>Belgege\u00e7er : 0 312 4240968<\/p>\n\n\n\n<p>teskongre@gmail.com<\/p>\n","protected":false},"excerpt":{"rendered":"<p>www.teskongre.org www.turkegitimsen.org.tr www.uaeseb.org Erzurum Mahallesi Talatpa\u015fa Bulvar\u0131 No:160 Kat:6 Cebeci\/ANKARA Telefon : 0 312 4240960 (8 Hat) Belgege\u00e7er : 0 312 4240968 teskongre@gmail.com<\/p>\n","protected":false},"author":1,"featured_media":0,"parent":0,"menu_order":0,"comment_status":"closed","ping_status":"closed","template":"","meta":[],"_links":{"self":[{"href":"http:\/\/teskongre.org\/tes2020\/wp-json\/wp\/v2\/pages\/33"}],"collection":[{"href":"http:\/\/teskongre.org\/tes2020\/wp-json\/wp\/v2\/pages"}],"about":[{"href":"http:\/\/teskongre.org\/tes2020\/wp-json\/wp\/v2\/types\/page"}],"author":[{"embeddable":true,"href":"http:\/\/teskongre.org\/tes2020\/wp-json\/wp\/v2\/users\/1"}],"replies":[{"embeddable":true,"href":"http:\/\/teskongre.org\/tes2020\/wp-json\/wp\/v2\/comments?post=33"}],"version-history":[{"count":1,"href":"http:\/\/teskongre.org\/tes2020\/wp-json\/wp\/v2\/pages\/33\/revisions"}],"predecessor-version":[{"id":284,"href":"http:\/\/teskongre.org\/tes2020\/wp-json\/wp\/v2\/pages\/33\/revisions\/284"}],"wp:attachment":[{"href":"http:\/\/teskongre.org\/tes2020\/wp-json\/wp\/v2\/media?parent=33"}],"curies":[{"name":"wp","href":"https:\/\/api.w.org\/{rel}","templated":true}]}}