{"id":30,"date":"2019-04-17T13:34:59","date_gmt":"2019-04-17T10:34:59","guid":{"rendered":"http:\/\/teskongre.org\/fm2019\/?page_id=26"},"modified":"2020-09-28T20:12:13","modified_gmt":"2020-09-28T20:12:13","slug":"bilim-danisma-kurulu","status":"publish","type":"page","link":"http:\/\/teskongre.org\/tes2020\/bilim-danisma-kurulu\/","title":{"rendered":"B\u0130L\u0130M DANI\u015eMA KURULU"},"content":{"rendered":"<p>[pl_row pagelayer-id=&#8221;ruix58uj2d12x2ny&#8221; ]<br \/>\n[pl_col pagelayer-id=&#8221;vt315nwyo1ff9xu0&#8243; col=&#8221;12&#8243;]<br \/>\n[pl_text pagelayer-id=&#8221;scxxlshn5jq3ld1g&#8221; ele_bg_hover_delay=&#8221;400&#8243;]<\/p>\n<p class=\"MsoNormal\" style=\"margin-bottom: .0001pt; line-height: normal;\">Prof. Dr. Uwe Blaesing (Hollanda)<\/p>\n<p class=\"MsoNormal\" style=\"margin-bottom: .0001pt; line-height: normal;\">Prof. Dr. Roin Kavreli\u015fvili (G\u00fcrcistan)<\/p>\n<p class=\"MsoNormal\" style=\"margin-bottom: .0001pt; line-height: normal;\">Prof. Dr. Aleksander Kadirbayev (Rusya Federasyonu)<\/p>\n<p class=\"MsoNormal\" style=\"margin-bottom: .0001pt; line-height: normal;\">Prof. Dr. Alikram Abdullayev (Azerbaycan)<\/p>\n<p class=\"MsoNormal\" style=\"margin-bottom: .0001pt; line-height: normal;\">Prof. Dr. Elfina Sibgatullina (Rusya Federasyonu)<\/p>\n<p class=\"MsoNormal\" style=\"margin-bottom: .0001pt; line-height: normal;\">Prof. Dr. Bernt Brendemeon (Norve\u00e7)<\/p>\n<p class=\"MsoNormal\" style=\"margin-bottom: .0001pt; line-height: normal;\">Prof. Dr. Fuad Memmedov (Azerbaycan)<\/p>\n<p class=\"MsoNormal\" style=\"margin-bottom: .0001pt; line-height: normal;\">Prof. Dr. Maria Cikia (G\u00fcrcistan)<\/p>\n<p class=\"MsoNormal\" style=\"margin-bottom: .0001pt; line-height: normal;\">Prof. Dr. R\u00fcstem \u015e\u00fck\u00fcrov (Rusya Federasyonu)<\/p>\n<p class=\"MsoNormal\" style=\"margin-bottom: .0001pt; line-height: normal;\">Prof. Dr. Tacida Haf\u0131z (Pri\u015ftine \u00dcniversitesi, Pri\u015ftine \/ Kosova)<\/p>\n<p class=\"MsoNormal\" style=\"margin-bottom: .0001pt; line-height: normal;\">Prof. Dr. Ramiz ASKER Bak\u00fc Devlet \u00dcniversitesi<\/p>\n<p class=\"MsoNormal\" style=\"margin-bottom: .0001pt; line-height: normal;\">Prof.Dr. \u0130rfan Morina Hasan Prishtina \u00dcniversitesi Kosova<\/p>\n<p>Prof. Dr. Mustafa Erdo\u011fan Ankara Y\u0131ld\u0131r\u0131m Beyaz\u0131t \u00dcniversitesi<\/p>\n<p>Prof. Dr. Levent Bayraktar Ankara Y\u0131ld\u0131r\u0131m Beyaz\u0131t \u00dcniversitesi<\/p>\n<p>Prof. Dr. Zeki Salih Zengin Ankara Y\u0131ld\u0131r\u0131m Beyaz\u0131t \u00dcniversitesi<\/p>\n<p>Prof. Dr. Kenan Olgun Ankara Y\u0131ld\u0131r\u0131m Beyaz\u0131t \u00dcniversitesi<\/p>\n<p>Prof. Dr. \u0130brahim T\u00fczer Ankara Y\u0131ld\u0131r\u0131m Beyaz\u0131t \u00dcniversitesi<\/p>\n<p>Prof. Dr. Mete Ta\u015fl\u0131ova Ankara Y\u0131ld\u0131r\u0131m Beyaz\u0131t \u00dcniversitesi<\/p>\n<p class=\"MsoNormal\" style=\"margin-bottom: .0001pt; line-height: normal;\">Prof.Dr. Qara\u015fov H\u00fcseyn Tapd\u0131q o\u011flu Azerbaycan \u00c7al\u0131\u015fma ve Sosyal \u0130li\u015fkiler Akademisi Azerbaycan<\/p>\n<p class=\"MsoNormal\" style=\"margin-bottom: .0001pt; line-height: normal;\">Prof.Dr. Velieva Naila Tofik, Azerbaycan Devlet \u0130ktisat \u00dcniversitesi UNEC \u2013 Azerbaycan<\/p>\n<p class=\"MsoNormal\" style=\"margin-bottom: .0001pt; line-height: normal;\">Do\u00e7.Dr. Tarana Khalilova, Azerbaycan Devlet \u0130ktisat \u00dcniversitesi UNEC \u2013 Azerbaycan<\/p>\n<p class=\"MsoNormal\" style=\"margin-bottom: .0001pt; line-height: normal;\">Do\u00e7. Dr. Elman Nesirov (Azerbaycan)<\/p>\n<p class=\"MsoNormal\" style=\"margin-bottom: .0001pt; line-height: normal;\">Do\u00e7. Dr. Naz\u0131m Cafersoy (Azerbaycan)<\/p>\n<p class=\"MsoNormal\" style=\"margin-bottom: .0001pt; line-height: normal;\">Do\u00e7. Dr. Korkmaz Mustafayev (Azerbaycan)<\/p>\n<p class=\"MsoNormal\" style=\"margin-bottom: .0001pt; line-height: normal;\">Do\u00e7. Dr. M\u00fcrteza Hasano\u011flu (Azerbaycan)<\/p>\n<p class=\"MsoNormal\" style=\"margin-bottom: .0001pt; line-height: normal;\">Do\u00e7. Bekturov Ermek Shakirovich K\u0131rg\u0131z Devlet \u00dcniversitesi<\/p>\n<p class=\"MsoNormal\" style=\"margin-bottom: .0001pt; line-height: normal;\">Do\u00e7. Eghamberdiev Sherali Mannabovich K\u0131rg\u0131z \u00d6zbek \u00dcniversitesi<\/p>\n<p class=\"MsoNormal\" style=\"margin-bottom: .0001pt; line-height: normal;\">Do\u00e7. Nagiyev Humbat Hasan Azerbaycan \u00c7al\u0131\u015fma ve Sosyal \u0130li\u015fkiler Akademisi Azerbaycan<\/p>\n<p>Do\u00e7. Dr. Akart\u00fcrk\u00a0 Karahan Ankara Y\u0131ld\u0131r\u0131m Beyaz\u0131t \u00dcniversitesi<\/p>\n<p>Do\u00e7. Dr. S\u0131dd\u0131k \u00c7al\u0131k Ankara Y\u0131ld\u0131r\u0131m Beyaz\u0131t \u00dcniversitesi<\/p>\n<p class=\"MsoNormal\" style=\"margin-bottom: .0001pt; line-height: normal;\">Yrd. Do\u00e7. Aliya Kuzhabekova Nazarbayev \u00dcniversitesi Kazakistan<\/p>\n<p class=\"MsoNormal\" style=\"margin-bottom: .0001pt; line-height: normal;\">Dr. Daniyar Sapargaliev Bilimsel Ara\u015ft\u0131rma Merkezi Direkt\u00f6r\u00fc Y\u00f6netim \u00dcniversitesi Kazakistan<\/p>\n<p class=\"MsoNormal\" style=\"margin-bottom: .0001pt; line-height: normal;\">Dr. \u0130rina Kayan-Pokrovskaya (Ukrayna)<\/p>\n<p class=\"MsoNormal\" style=\"margin-bottom: .0001pt; line-height: normal;\">Dr. Stale Knudsen (Norve\u00e7)<\/p>\n<p class=\"MsoNormal\" style=\"margin-bottom: .0001pt; line-height: normal;\">Dr. Ya\u015far Demir (Starasbourg \u00dcniversitesi-Fransa)<\/p>\n<p class=\"MsoNormal\" style=\"margin-bottom: .0001pt; line-height: normal;\">Dr. Elsev Brina Lopar Uksin Hoti \u00dcniversitesi Kosova<\/p>\n<p class=\"MsoNormal\" style=\"margin-bottom: .0001pt; line-height: normal;\">Dr. Soner Y\u0131ld\u0131r\u0131m Uksin Hoti \u00dcniversitesi Kosova<\/p>\n<p class=\"MsoNormal\" style=\"margin-bottom: .0001pt; line-height: normal;\">Dr. Abdrakhmanov Tolobek Abylovich K\u0131rg\u0131z Devlet \u00dcniversitesi<\/p>\n<p class=\"MsoNormal\" style=\"margin-bottom: .0001pt; line-height: normal;\">Dr. Toktogulov Almaz Asylbekovich K\u0131rg\u0131z Cumhuriyeti Ulusal Bilimler Akademisi<\/p>\n<p class=\"MsoNormal\" style=\"margin-bottom: .0001pt; line-height: normal;\">Dr. Amanaliev Urmat Olzhbekovich K\u0131rg\u0131z Ulusal \u00dcniversitesi<\/p>\n<p class=\"MsoNormal\" style=\"margin-bottom: .0001pt; line-height: normal;\">Dr. Matanat Amrahova, Azerbaycan Devlet \u0130ktisat \u00dcniversitesi UNEC-Azerbaycan<\/p>\n<p>[\/pl_text]<br \/>\n[\/pl_col]<br \/>\n[\/pl_row]<\/p>\n","protected":false},"excerpt":{"rendered":"<p>[pl_row pagelayer-id=&#8221;ruix58uj2d12x2ny&#8221; ] [pl_col pagelayer-id=&#8221;vt315nwyo1ff9xu0&#8243; col=&#8221;12&#8243;] [pl_text pagelayer-id=&#8221;scxxlshn5jq3ld1g&#8221; ele_bg_hover_delay=&#8221;400&#8243;] Prof. Dr. Uwe Blaesing (Hollanda) Prof. Dr. Roin Kavreli\u015fvili (G\u00fcrcistan) Prof. Dr. Aleksander Kadirbayev (Rusya Federasyonu) Prof. Dr. Alikram Abdullayev (Azerbaycan) Prof. Dr. Elfina Sibgatullina (Rusya Federasyonu) Prof. Dr. Bernt Brendemeon (Norve\u00e7) Prof. Dr. Fuad Memmedov (Azerbaycan) Prof. Dr. Maria Cikia (G\u00fcrcistan) Prof. Dr. R\u00fcstem \u015e\u00fck\u00fcrov\u2026 <span class=\"read-more\"><a href=\"http:\/\/teskongre.org\/tes2020\/bilim-danisma-kurulu\/\">Read More &raquo;<\/a><\/span><\/p>\n","protected":false},"author":1,"featured_media":0,"parent":0,"menu_order":0,"comment_status":"closed","ping_status":"closed","template":"","meta":[],"_links":{"self":[{"href":"http:\/\/teskongre.org\/tes2020\/wp-json\/wp\/v2\/pages\/30"}],"collection":[{"href":"http:\/\/teskongre.org\/tes2020\/wp-json\/wp\/v2\/pages"}],"about":[{"href":"http:\/\/teskongre.org\/tes2020\/wp-json\/wp\/v2\/types\/page"}],"author":[{"embeddable":true,"href":"http:\/\/teskongre.org\/tes2020\/wp-json\/wp\/v2\/users\/1"}],"replies":[{"embeddable":true,"href":"http:\/\/teskongre.org\/tes2020\/wp-json\/wp\/v2\/comments?post=30"}],"version-history":[{"count":6,"href":"http:\/\/teskongre.org\/tes2020\/wp-json\/wp\/v2\/pages\/30\/revisions"}],"predecessor-version":[{"id":416,"href":"http:\/\/teskongre.org\/tes2020\/wp-json\/wp\/v2\/pages\/30\/revisions\/416"}],"wp:attachment":[{"href":"http:\/\/teskongre.org\/tes2020\/wp-json\/wp\/v2\/media?parent=30"}],"curies":[{"name":"wp","href":"https:\/\/api.w.org\/{rel}","templated":true}]}}