{"id":236,"date":"2019-09-16T22:28:50","date_gmt":"2019-09-16T19:28:50","guid":{"rendered":"http:\/\/teskongre.org\/fm2019\/?page_id=236"},"modified":"2020-03-05T14:26:41","modified_gmt":"2020-03-05T14:26:41","slug":"cagrili-konusmacilar","status":"publish","type":"page","link":"http:\/\/teskongre.org\/tes2020\/cagrili-konusmacilar\/","title":{"rendered":"\u00c7A\u011eRILI KONU\u015eMACILAR"},"content":{"rendered":"<p>[pl_row pagelayer-id=&#8221;vw6ucn92kseed0pj&#8221;  0=&#8221;&#8221;]<br \/>\n[pl_col pagelayer-id=&#8221;kiokk37e12l9f1la&#8221;  col=&#8221;12&#8243;]<br \/>\n[\/pl_col]<br \/>\n[\/pl_row]<\/p>\n","protected":false},"excerpt":{"rendered":"<p>[pl_row pagelayer-id=&#8221;vw6ucn92kseed0pj&#8221; 0=&#8221;&#8221;] [pl_col pagelayer-id=&#8221;kiokk37e12l9f1la&#8221; col=&#8221;12&#8243;] [\/pl_col] [\/pl_row]<\/p>\n","protected":false},"author":1,"featured_media":0,"parent":0,"menu_order":0,"comment_status":"closed","ping_status":"closed","template":"","meta":[],"_links":{"self":[{"href":"http:\/\/teskongre.org\/tes2020\/wp-json\/wp\/v2\/pages\/236"}],"collection":[{"href":"http:\/\/teskongre.org\/tes2020\/wp-json\/wp\/v2\/pages"}],"about":[{"href":"http:\/\/teskongre.org\/tes2020\/wp-json\/wp\/v2\/types\/page"}],"author":[{"embeddable":true,"href":"http:\/\/teskongre.org\/tes2020\/wp-json\/wp\/v2\/users\/1"}],"replies":[{"embeddable":true,"href":"http:\/\/teskongre.org\/tes2020\/wp-json\/wp\/v2\/comments?post=236"}],"version-history":[{"count":3,"href":"http:\/\/teskongre.org\/tes2020\/wp-json\/wp\/v2\/pages\/236\/revisions"}],"predecessor-version":[{"id":280,"href":"http:\/\/teskongre.org\/tes2020\/wp-json\/wp\/v2\/pages\/236\/revisions\/280"}],"wp:attachment":[{"href":"http:\/\/teskongre.org\/tes2020\/wp-json\/wp\/v2\/media?parent=236"}],"curies":[{"name":"wp","href":"https:\/\/api.w.org\/{rel}","templated":true}]}}