{"id":19,"date":"2020-03-05T14:06:32","date_gmt":"2020-03-05T14:06:32","guid":{"rendered":"http:\/\/teskongre.org\/tes2020\/?page_id=19"},"modified":"2020-03-10T14:56:25","modified_gmt":"2020-03-10T14:56:25","slug":"arsiv","status":"publish","type":"page","link":"http:\/\/teskongre.org\/tes2020\/arsiv\/","title":{"rendered":"AR\u015e\u0130V"},"content":{"rendered":"<p>01-04 Aral\u0131k 2016 tarihinde Antalya\u2019da yap\u0131lan \u201c1.Uluslararas\u0131 T\u00fcrk D\u00fcnyas\u0131 E\u011fitim Bilimleri ve Sosyal Bilimler Kongresi\u201d web sitesine ula\u015fmak i\u00e7in l\u00fctfen <a href=\"http:\/\/teskongre.org\/web\/wordpress\/\">t\u0131klay\u0131n\u0131z<\/a>.<\/p>\n<p>Sayfada\u00a0Kongrede sunulan bildirilerin tam metinlerine, hakem heyetlerine sayfa \u00fczerinden ula\u015fabilirsiniz.<\/p>\n<hr class=\"wp-block-separator\" \/>\n<p>07-10 Aral\u0131k 2017\u00a0 tarihinde Antalya\u2019da yap\u0131lan \u201c1.Uluslararas\u0131 T\u00fcrk D\u00fcnyas\u0131 M\u00fchendislik ve Fen Bilimleri Kongresi \u201d web sitesine ula\u015fmak i\u00e7in l\u00fctfen <a href=\"http:\/\/teskongre.org\/web2\/wordpress\/\">t\u0131klay\u0131n\u0131z<\/a>.<\/p>\n<p>Sayfada\u00a0Kongrede sunulan bildirilerin tam metinlerine, hakem heyetlerine sayfa \u00fczerinden ula\u015fabilirsiniz.<\/p>\n<hr class=\"wp-block-separator\" \/>\n<p>7-8 Aral\u0131k 2018\u00a0 tarihinde Antalya\u2019da yap\u0131lan \u201c 2.Uluslararas\u0131 T\u00fcrk D\u00fcnyas\u0131 E\u011fitim Bilimleri ve Sosyal Bilimler Kongresi \u201d web sitesine ula\u015fmak i\u00e7in l\u00fctfen <a href=\"http:\/\/teskongre.org\/e2018\/\">t\u0131klay\u0131n\u0131z<\/a>.<\/p>\n<p>Sayfada\u00a0Kongrede sunulan bildirilerin tam metinlerine, hakem heyetlerine sayfa \u00fczerinden ula\u015fabilirsiniz.<\/p>\n<hr \/>\n<p>7-10 Kas\u0131m 2019\u00a0 tarihinde Antalya\u2019da yap\u0131lan \u201c 2.Uluslararas\u0131 T\u00fcrk D\u00fcnyas\u0131 M\u00fchendislik ve Fen Bilimleri Kongresi \u201d web sitesine ula\u015fmak i\u00e7in l\u00fctfen <a href=\"http:\/\/teskongre.org\/fm2019\/\">t\u0131klay\u0131n\u0131z<\/a>.<\/p>\n<p>Sayfada\u00a0Kongrede sunulan bildirilerin tam metinlerine, hakem heyetlerine sayfa \u00fczerinden ula\u015fabilirsiniz.<\/p>\n","protected":false},"excerpt":{"rendered":"<p>01-04 Aral\u0131k 2016 tarihinde Antalya\u2019da yap\u0131lan \u201c1.Uluslararas\u0131 T\u00fcrk D\u00fcnyas\u0131 E\u011fitim Bilimleri ve Sosyal Bilimler Kongresi\u201d web sitesine ula\u015fmak i\u00e7in l\u00fctfen t\u0131klay\u0131n\u0131z. Sayfada\u00a0Kongrede sunulan bildirilerin tam metinlerine, hakem heyetlerine sayfa \u00fczerinden ula\u015fabilirsiniz. 07-10 Aral\u0131k 2017\u00a0 tarihinde Antalya\u2019da yap\u0131lan \u201c1.Uluslararas\u0131 T\u00fcrk D\u00fcnyas\u0131 M\u00fchendislik ve Fen Bilimleri Kongresi \u201d web sitesine ula\u015fmak i\u00e7in l\u00fctfen t\u0131klay\u0131n\u0131z. Sayfada\u00a0Kongrede sunulan bildirilerin\u2026 <span class=\"read-more\"><a href=\"http:\/\/teskongre.org\/tes2020\/arsiv\/\">Read More &raquo;<\/a><\/span><\/p>\n","protected":false},"author":1,"featured_media":0,"parent":0,"menu_order":0,"comment_status":"closed","ping_status":"closed","template":"","meta":[],"_links":{"self":[{"href":"http:\/\/teskongre.org\/tes2020\/wp-json\/wp\/v2\/pages\/19"}],"collection":[{"href":"http:\/\/teskongre.org\/tes2020\/wp-json\/wp\/v2\/pages"}],"about":[{"href":"http:\/\/teskongre.org\/tes2020\/wp-json\/wp\/v2\/types\/page"}],"author":[{"embeddable":true,"href":"http:\/\/teskongre.org\/tes2020\/wp-json\/wp\/v2\/users\/1"}],"replies":[{"embeddable":true,"href":"http:\/\/teskongre.org\/tes2020\/wp-json\/wp\/v2\/comments?post=19"}],"version-history":[{"count":7,"href":"http:\/\/teskongre.org\/tes2020\/wp-json\/wp\/v2\/pages\/19\/revisions"}],"predecessor-version":[{"id":346,"href":"http:\/\/teskongre.org\/tes2020\/wp-json\/wp\/v2\/pages\/19\/revisions\/346"}],"wp:attachment":[{"href":"http:\/\/teskongre.org\/tes2020\/wp-json\/wp\/v2\/media?parent=19"}],"curies":[{"name":"wp","href":"https:\/\/api.w.org\/{rel}","templated":true}]}}