{"id":16,"date":"2020-03-05T14:03:41","date_gmt":"2020-03-05T14:03:41","guid":{"rendered":"http:\/\/teskongre.org\/tes2020\/?page_id=16"},"modified":"2020-06-18T11:06:53","modified_gmt":"2020-06-18T11:06:53","slug":"ana-sayfa","status":"publish","type":"page","link":"http:\/\/teskongre.org\/tes2020\/","title":{"rendered":"ANA SAYFA"},"content":{"rendered":"<p style=\"text-align: justify;\"><img loading=\"lazy\" class=\"wp-image-399 size-medium alignleft\" src=\"http:\/\/teskongre.org\/tes2020\/wp-content\/uploads\/2020\/06\/Kongre-Afis\u0327-en-son-1-214x300.jpg\" alt=\"\" width=\"214\" height=\"300\" srcset=\"http:\/\/teskongre.org\/tes2020\/wp-content\/uploads\/2020\/06\/Kongre-Afis\u0327-en-son-1-214x300.jpg 214w, http:\/\/teskongre.org\/tes2020\/wp-content\/uploads\/2020\/06\/Kongre-Afis\u0327-en-son-1-731x1024.jpg 731w, http:\/\/teskongre.org\/tes2020\/wp-content\/uploads\/2020\/06\/Kongre-Afis\u0327-en-son-1-768x1076.jpg 768w, http:\/\/teskongre.org\/tes2020\/wp-content\/uploads\/2020\/06\/Kongre-Afis\u0327-en-son-1-660x924.jpg 660w, http:\/\/teskongre.org\/tes2020\/wp-content\/uploads\/2020\/06\/Kongre-Afis\u0327-en-son-1.jpg 914w\" sizes=\"(max-width: 214px) 100vw, 214px\" \/>D\u00fcnyan\u0131n yarat\u0131lmas\u0131ndan g\u00fcn\u00fcm\u00fcze kadar say\u0131s\u0131z kavim ve uygarl\u0131k yery\u00fcz\u00fcnde var olmu\u015f, bunlardan baz\u0131lar\u0131 varl\u0131klar\u0131n\u0131 bulunduklar\u0131 co\u011frafyaya damgalar\u0131n\u0131 vurarak ya da etkile\u015fimde bulundu\u011fu di\u011fer topluluklara kendi tesirlerini n\u00fcfuz ettirerek s\u00fcrd\u00fcrme imk\u00e2n\u0131 bulabilmi\u015ftir. T\u00fcrk milleti \u015f\u00fcphesiz ki insanl\u0131k tarihine y\u00f6n veren, insanl\u0131k tarihini etkileyen en eski ve en \u00f6nemli milletlerden biri olarak tarih sahnesinde yerini alm\u0131\u015ft\u0131r. Kurmu\u015f oldu\u011fu devletler, olu\u015fturmu\u015f oldu\u011fu medeniyetler vas\u0131tas\u0131yla hem T\u00fcrk tarihine hem de d\u00fcnya uygarl\u0131\u011f\u0131na ad\u0131n\u0131 alt\u0131n harflerle yazd\u0131rm\u0131\u015ft\u0131r. Medeniyete katm\u0131\u015f oldu\u011fu bulu\u015flar ile varl\u0131\u011f\u0131n\u0131 gelecek nesillere aktarm\u0131\u015f olan T\u00fcrk milletinin, as\u0131rlar \u00f6ncesinden g\u00fcn\u00fcm\u00fcze ula\u015fan an\u0131tlar\u0131 k\u00fclt\u00fcrel ve tarihi k\u00f6klerimizin ne kadar derinlerde oldu\u011funun bir ni\u015fanesi olarak g\u00f6r\u00fclmelidir. Orhun Abideleri, Dede Korkut, Divan-\u0131 L\u00fcgat\u2019it T\u00fcrk, Hoca Ahmet Yesevi, Yunus Emre, Hac\u0131 Bekta\u015f Veli, Mimar Sinan gibi de\u011ferlerimiz bunlardan sadece birka\u00e7 tanesi olarak ifade edilebilir.<\/p>\n<p style=\"text-align: justify;\">Orhun Abideleri T\u00fcrk k\u00fclt\u00fcr tarihinin bilinen ilk yaz\u0131l\u0131 belgeleri olmalar\u0131 T\u00fcrk milletinin tarihini, toplumsal hayat\u0131n\u0131, yasama bi\u00e7imini ve d\u00fcnyaya bak\u0131\u015f a\u00e7\u0131s\u0131n\u0131 g\u00fcn\u00fcm\u00fcze kadar ta\u015f\u0131yabilmesi a\u00e7\u0131s\u0131ndan \u00f6nemli bir kaynakt\u0131r. Her ad\u0131m\u0131n\u0131 T\u00fcrk milletinden yana tav\u0131r almak ve e\u011fitim \u00e7al\u0131\u015fanlar\u0131n\u0131n talep ve beklentilerine cevap vermek ekseninde planlayan T\u00fcrk E\u011fitim-Sen, hem bu yaz\u0131tlardan Bilge Tonyukuk abidesinin dikili\u015finin 1300. Y\u0131l\u0131\u2019n\u0131n UNESCO taraf\u0131ndan Bilge Tonyukuk Y\u0131l\u0131 ilan edilmesi m\u00fcnasebetiyle T\u00fcrk tarihinde m\u00fcstesna yeri olan Orhun Abidelerine dikkatleri \u00e7ekmek hem de akademisyen, ara\u015ft\u0131rmac\u0131 ve e\u011fitim \u00e7al\u0131\u015fanlar\u0131n\u0131n talebi olan bir kongreyi bir arada ger\u00e7ekle\u015ftirebilmek amac\u0131 ile Uluslararas\u0131 Avrasya E\u011fitim Sendikalar\u0131 Birli\u011fi ile i\u015fbirli\u011fi i\u00e7erisinde bir uluslararas\u0131 kongre d\u00fczenlemi\u015ftir.<\/p>\n<p style=\"text-align: justify;\">Bilimsel toplant\u0131lar, T\u00fcrk D\u00fcnyas\u0131n\u0131 olu\u015fturan \u00fclke ve topluluklar\u0131n demokratik birer millet olarak geli\u015fmeleri, reel egemenliklerinde art\u0131\u015f sa\u011flayabilmeleri ve d\u00fcnya bar\u0131\u015f\u0131na katk\u0131da bulunabilmelerinin ba\u015fl\u0131ca hamlesi bilgi toplumu do\u011frultusunda i\u015fbirli\u011fine dayal\u0131 at\u0131lacak ad\u0131mlar\u0131n ba\u015flang\u0131c\u0131 ya da meyvesi olarak kar\u015f\u0131m\u0131za \u00e7\u0131kmaktad\u0131r. T\u00fcrk D\u00fcnyas\u0131\u2019na ili\u015fkilerin politik, siyasi, ekonomik, askeri ve k\u00fclt\u00fcrel oldu\u011fu kadar bilimsel olarak da geli\u015ftirilmesi T\u00fcrk D\u00fcnyas\u0131\u2019n\u0131n gelece\u011fi ad\u0131na ihmal edilmemesi gereken bir davran\u0131\u015f olarak de\u011ferlendirilmelidir. Ara\u015ft\u0131rmac\u0131, akademisyen ve e\u011fitim \u00e7al\u0131\u015fanlar\u0131n\u0131n bir araya gelmesi uzun vadede k\u00fclt\u00fcrel kimlik ve milli ortakl\u0131klar\u0131m\u0131zdan yola \u00e7\u0131karak bilimsel birliktelik ile ta\u00e7land\u0131raca\u011f\u0131m\u0131z \u00e7al\u0131\u015fmalar hem T\u00fcrk milletinin hem de Avrasya co\u011frafyas\u0131n\u0131n kaderini belirleyecektir.<\/p>\n<p style=\"text-align: justify;\">Bu do\u011frultuda T\u00fcrk E\u011fitim-Sen ve UAESEB olarak; 2016 Y\u0131l\u0131n\u0131n UNESCO taraf\u0131ndan Hoca Ahmet Yesevi Y\u0131l\u0131 ilan edilmesi nedeniyle 1-4 Aral\u0131k 2016 tarihlerinde Uluslararas\u0131 T\u00fcrk D\u00fcnyas\u0131 E\u011fitim Bilimleri ve Sosyal Bilimler Kongresi\u2019ni d\u00fczenleyerek ba\u015flatm\u0131\u015f oldu\u011fumuz T\u00fcrk D\u00fcnyas\u0131\u2019na y\u00f6nelik uluslararas\u0131 kongreleri, 7-10 Aral\u0131k 2017 tarihleri aras\u0131nda Uluslararas\u0131 T\u00fcrk D\u00fcnyas\u0131 M\u00fchendislik ve Fen Bilimleri Kongresi, 6-9 Aral\u0131k 2018 tarihinde 2. Uluslararas\u0131 T\u00fcrk D\u00fcnyas\u0131 E\u011fitim Bilimleri ve Sosyal Bilimler Kongresi, 7-10 Kas\u0131m 2019 2. Uluslararas\u0131 T\u00fcrk D\u00fcnyas\u0131 M\u00fchendislik ve Fen Bilimleri Kongresi ile devam ettirmi\u015f olduk.<\/p>\n<p style=\"text-align: justify;\">Kongrelere genel olarak her y\u0131l 1000\u2019den fazla akademisyen, ara\u015ft\u0131rmac\u0131 ve e\u011fitim \u00e7al\u0131\u015fan\u0131n\u0131n kat\u0131lmas\u0131 ortalama 500\u2019den fazla bildirini sunulmas\u0131 ve ciltlerce yay\u0131n\u0131n ortaya \u00e7\u0131kmas\u0131, uluslararas\u0131 kat\u0131l\u0131mlar neticesinde Nobel \u00f6d\u00fcll\u00fc ara\u015ft\u0131rmac\u0131lar ile T\u00fcrk d\u00fcnyas\u0131 ara\u015ft\u0131rmac\u0131lar\u0131n\u0131n kayna\u015farak yeni proje ve fikir al\u0131\u015fveri\u015finde bulunmas\u0131 duyulan tevecc\u00fch\u00fcn a\u00e7\u0131k bir g\u00f6stergesi olmu\u015ftur.<\/p>\n<p style=\"text-align: justify;\">T\u00fcrk D\u00fcnyas\u0131\u2019n\u0131n gelece\u011fine yat\u0131r\u0131m yapmak ve bilimsel i\u015fbirli\u011fine yeni bir katk\u0131 sunmak amac\u0131yla, T\u00fcrk E\u011fitim-Sen Genel Merkezi ve UAESEB taraf\u0131ndan 2020 y\u0131l\u0131nda da \u201cBilge Tonyukuk Y\u0131l\u0131 An\u0131s\u0131na\u201d 3. Uluslararas\u0131 T\u00fcrk D\u00fcnyas\u0131 E\u011fitim Bilimleri ve Sosyal Bilimler Kongresi d\u00fczenleyece\u011fiz. Kongremiz; 12-15 Kas\u0131m 2020 tarihleri Antalya\u2019da ger\u00e7ekle\u015ftirilecektir. Ayr\u0131ca kongre esnas\u0131nda Orhun Abideleri ve T\u00fcrk k\u00fclt\u00fcr\u00fc Karma Sergisi d\u00fczenlenecektir. Bu kongre ve serginin de gerek T\u00fcrk Cumhuriyetlerinden gerekse di\u011fer \u00fclkelerden kat\u0131lan bilim insanlar\u0131n\u0131n T\u00fcrk D\u00fcnyas\u0131\u2019n\u0131n sosyal bilimler ve e\u011fitim alan\u0131ndaki meselelerinin tart\u0131\u015fmas\u0131 ve ortak bir sonu\u00e7 bildirgesinin yay\u0131nlanmas\u0131 bak\u0131m\u0131ndan son derece b\u00fcy\u00fck katk\u0131lara matuf olacakt\u0131r.<\/p>\n<p style=\"text-align: justify;\">Bu anlamda e\u011fitim sendikalar\u0131m\u0131z aras\u0131nda yap\u0131lan bu faaliyet kendi kab\u0131n\u0131 a\u015farak kurulan irtibatlar ve ileti\u015fim k\u00f6pr\u00fcleri sayesinde ba\u015fta yerel y\u00f6netimler ve b\u00fcrokrasi olmak \u00fczere ticaret ve sivil toplum gibi alanlarda da yeni i\u015fbirli\u011fi sahalar\u0131 olu\u015fturacakt\u0131r. \u0130\u015fbirli\u011fi platformlar\u0131ndaki bilimsel \u00e7al\u0131\u015fmalar; geli\u015fme, s\u0131n\u0131r a\u015fan sorunlara y\u00f6nelik \u00e7\u00f6z\u00fcmler \u00fcretme, siyasi ve k\u00fclt\u00fcrel yak\u0131nla\u015fmay\u0131 artt\u0131rma, yeni ortakl\u0131klar\u0131n tesisi noktas\u0131nda \u00f6nemli rol oynayacakt\u0131r. 12-15 Kas\u0131m 2020 tarihinde d\u00fczenlenecek ve sadece T\u00fcrk E\u011fitim-Sen ve UAESEB \u00fcyelerinin kat\u0131l\u0131m\u0131na a\u00e7\u0131k olan 3. Uluslararas\u0131 T\u00fcrk D\u00fcnyas\u0131 E\u011fitim Bilimleri ve Sosyal Bilimler Kongresinin T\u00fcrk bilimine katk\u0131lar sunmas\u0131n\u0131, T\u00fcrk D\u00fcnyas\u0131n\u0131n birli\u011fine ve dirli\u011fine y\u00f6nelik politikalar \u00fcretmesi hususunda faydal\u0131 olmas\u0131n\u0131 diliyoruz.<\/p>\n\n\n<p><\/p>\n","protected":false},"excerpt":{"rendered":"<p>D\u00fcnyan\u0131n yarat\u0131lmas\u0131ndan g\u00fcn\u00fcm\u00fcze kadar say\u0131s\u0131z kavim ve uygarl\u0131k yery\u00fcz\u00fcnde var olmu\u015f, bunlardan baz\u0131lar\u0131 varl\u0131klar\u0131n\u0131 bulunduklar\u0131 co\u011frafyaya damgalar\u0131n\u0131 vurarak ya da etkile\u015fimde bulundu\u011fu di\u011fer topluluklara kendi tesirlerini n\u00fcfuz ettirerek s\u00fcrd\u00fcrme imk\u00e2n\u0131 bulabilmi\u015ftir. T\u00fcrk milleti \u015f\u00fcphesiz ki insanl\u0131k tarihine y\u00f6n veren, insanl\u0131k tarihini etkileyen en eski ve en \u00f6nemli milletlerden biri olarak tarih sahnesinde yerini alm\u0131\u015ft\u0131r. Kurmu\u015f\u2026 <span class=\"read-more\"><a href=\"http:\/\/teskongre.org\/tes2020\/\">Read More &raquo;<\/a><\/span><\/p>\n","protected":false},"author":1,"featured_media":0,"parent":0,"menu_order":0,"comment_status":"closed","ping_status":"closed","template":"","meta":[],"_links":{"self":[{"href":"http:\/\/teskongre.org\/tes2020\/wp-json\/wp\/v2\/pages\/16"}],"collection":[{"href":"http:\/\/teskongre.org\/tes2020\/wp-json\/wp\/v2\/pages"}],"about":[{"href":"http:\/\/teskongre.org\/tes2020\/wp-json\/wp\/v2\/types\/page"}],"author":[{"embeddable":true,"href":"http:\/\/teskongre.org\/tes2020\/wp-json\/wp\/v2\/users\/1"}],"replies":[{"embeddable":true,"href":"http:\/\/teskongre.org\/tes2020\/wp-json\/wp\/v2\/comments?post=16"}],"version-history":[{"count":10,"href":"http:\/\/teskongre.org\/tes2020\/wp-json\/wp\/v2\/pages\/16\/revisions"}],"predecessor-version":[{"id":401,"href":"http:\/\/teskongre.org\/tes2020\/wp-json\/wp\/v2\/pages\/16\/revisions\/401"}],"wp:attachment":[{"href":"http:\/\/teskongre.org\/tes2020\/wp-json\/wp\/v2\/media?parent=16"}],"curies":[{"name":"wp","href":"https:\/\/api.w.org\/{rel}","templated":true}]}}