{"id":42,"date":"2019-04-17T13:36:31","date_gmt":"2019-04-17T10:36:31","guid":{"rendered":"http:\/\/teskongre.org\/fm2019\/?page_id=42"},"modified":"2023-09-22T08:56:02","modified_gmt":"2023-09-22T08:56:02","slug":"koordinatorler","status":"publish","type":"page","link":"http:\/\/teskongre.org\/fm2023ing\/koordinatorler\/","title":{"rendered":"COORDINATORS"},"content":{"rendered":"\n<p>Dr. Mehmet Serkan YILDIRIM (Gazi University)<\/p>\n\n\n\n<p>Lecturer Mehmet G\u00dcLS\u00dcN (Gazi University)<\/p>\n\n\n\n<p>Research Assistant U\u011fur \u00d6ZDEM\u0130R (Gazi University)<\/p>\n\n\n\n<p>Research Assistant Neslihan TOP (Gazi University)<\/p>\n\n\n\n<p>Research Assistant O\u011fulcan EREN (Gazi University)<\/p>\n","protected":false},"excerpt":{"rendered":"<p>Dr. Mehmet Serkan YILDIRIM (Gazi University) Lecturer Mehmet G\u00dcLS\u00dcN (Gazi University) Research Assistant U\u011fur \u00d6ZDEM\u0130R (Gazi University) Research Assistant Neslihan TOP (Gazi University) Research Assistant O\u011fulcan EREN (Gazi University)<\/p>\n","protected":false},"author":1,"featured_media":0,"parent":0,"menu_order":0,"comment_status":"closed","ping_status":"closed","template":"","meta":{"footnotes":""},"class_list":["post-42","page","type-page","status-publish","hentry"],"_links":{"self":[{"href":"http:\/\/teskongre.org\/fm2023ing\/wp-json\/wp\/v2\/pages\/42","targetHints":{"allow":["GET"]}}],"collection":[{"href":"http:\/\/teskongre.org\/fm2023ing\/wp-json\/wp\/v2\/pages"}],"about":[{"href":"http:\/\/teskongre.org\/fm2023ing\/wp-json\/wp\/v2\/types\/page"}],"author":[{"embeddable":true,"href":"http:\/\/teskongre.org\/fm2023ing\/wp-json\/wp\/v2\/users\/1"}],"replies":[{"embeddable":true,"href":"http:\/\/teskongre.org\/fm2023ing\/wp-json\/wp\/v2\/comments?post=42"}],"version-history":[{"count":7,"href":"http:\/\/teskongre.org\/fm2023ing\/wp-json\/wp\/v2\/pages\/42\/revisions"}],"predecessor-version":[{"id":577,"href":"http:\/\/teskongre.org\/fm2023ing\/wp-json\/wp\/v2\/pages\/42\/revisions\/577"}],"wp:attachment":[{"href":"http:\/\/teskongre.org\/fm2023ing\/wp-json\/wp\/v2\/media?parent=42"}],"curies":[{"name":"wp","href":"https:\/\/api.w.org\/{rel}","templated":true}]}}