{"id":32,"date":"2019-04-17T13:35:31","date_gmt":"2019-04-17T10:35:31","guid":{"rendered":"http:\/\/teskongre.org\/fm2019\/?page_id=32"},"modified":"2023-04-30T20:00:54","modified_gmt":"2023-04-30T20:00:54","slug":"iletisim","status":"publish","type":"page","link":"http:\/\/teskongre.org\/fm2023ing\/iletisim\/","title":{"rendered":"COMMUNICATION"},"content":{"rendered":"\n<p><strong>www.teskongre.org<\/strong><\/p>\n\n\n\n<p><a href=\"http:\/\/www.turkegitimsen.org.tr\"><strong>www.turkegitimsen.org.tr<\/strong><\/a><\/p>\n\n\n\n<p><\/p>\n\n\n\n<p>Erzurum Mahallesi Talatpa\u015fa Bulvar\u0131 No:160 Kat:6 Cebeci\/ANKARA<\/p>\n\n\n\n<p>Tel : 0 312 4240960 (8 Hat)<\/p>\n\n\n\n<p>Fax  : 0 312 4240968<\/p>\n\n\n\n<p>\u00d6\u011fr. G\u00f6r. Mehmet Serkan YILDIRIM +90 (554) 200 43 67<\/p>\n\n\n\n<p><a href=\"mailto:teskongremuhendislik@gmail.com\">teskongremuhendislik@gmail.com<\/a><\/p>\n","protected":false},"excerpt":{"rendered":"<p>www.teskongre.org www.turkegitimsen.org.tr Erzurum Mahallesi Talatpa\u015fa Bulvar\u0131 No:160 Kat:6 Cebeci\/ANKARA Tel : 0 312 4240960 (8 Hat) Fax : 0 312 4240968 \u00d6\u011fr. G\u00f6r. Mehmet Serkan YILDIRIM +90 (554) 200 43 67 teskongremuhendislik@gmail.com<\/p>\n","protected":false},"author":1,"featured_media":0,"parent":0,"menu_order":0,"comment_status":"closed","ping_status":"closed","template":"","meta":{"footnotes":""},"class_list":["post-32","page","type-page","status-publish","hentry"],"_links":{"self":[{"href":"http:\/\/teskongre.org\/fm2023ing\/wp-json\/wp\/v2\/pages\/32","targetHints":{"allow":["GET"]}}],"collection":[{"href":"http:\/\/teskongre.org\/fm2023ing\/wp-json\/wp\/v2\/pages"}],"about":[{"href":"http:\/\/teskongre.org\/fm2023ing\/wp-json\/wp\/v2\/types\/page"}],"author":[{"embeddable":true,"href":"http:\/\/teskongre.org\/fm2023ing\/wp-json\/wp\/v2\/users\/1"}],"replies":[{"embeddable":true,"href":"http:\/\/teskongre.org\/fm2023ing\/wp-json\/wp\/v2\/comments?post=32"}],"version-history":[{"count":7,"href":"http:\/\/teskongre.org\/fm2023ing\/wp-json\/wp\/v2\/pages\/32\/revisions"}],"predecessor-version":[{"id":551,"href":"http:\/\/teskongre.org\/fm2023ing\/wp-json\/wp\/v2\/pages\/32\/revisions\/551"}],"wp:attachment":[{"href":"http:\/\/teskongre.org\/fm2023ing\/wp-json\/wp\/v2\/media?parent=32"}],"curies":[{"name":"wp","href":"https:\/\/api.w.org\/{rel}","templated":true}]}}