{"id":28,"date":"2019-04-17T13:35:09","date_gmt":"2019-04-17T10:35:09","guid":{"rendered":"http:\/\/teskongre.org\/fm2019\/?page_id=28"},"modified":"2024-08-01T09:28:19","modified_gmt":"2024-08-01T09:28:19","slug":"bilim-kurulu","status":"publish","type":"page","link":"http:\/\/teskongre.org\/fm2023ing\/bilim-kurulu\/","title":{"rendered":"SCIENCE BOARD"},"content":{"rendered":"\n<p>Prof. Dr. Abid ABU-TAIR (British University in Dubai)<\/p>\n\n\n\n<p>Prof. Dr. Ahmed F. ZOBAA (Brunel University)<\/p>\n\n\n\n<p>Prof. Dr. Adil EL-KORDI (Beirut Arab University)<\/p>\n\n\n\n<p>Prof. Dr. Ali Fuat BOZ (Sakarya University)<\/p>\n\n\n\n<p>Prof. Dr. Adilkhan ZHANGAZ\u0130YEV (Taraz State Pedagogical University)<\/p>\n\n\n\n<p>Prof. Dr. Abd\u0131kal\u0131kov Ak\u0131lbek ABDIKALIKOV\u0130CH (Kyrgyz State University of Construction, Transportation and Architecture)<\/p>\n\n\n\n<p>Prof. Dr. Adel ELKORD\u0130 (Beirut Arab University)<\/p>\n\n\n\n<p>Prof. Dr. Agron BAJRAKTARI (University of Applied Sciences in Ferizaj)<\/p>\n\n\n\n<p>Prof. Dr. Andres SECO (University of Navarra)<\/p>\n\n\n\n<p>Prof. Dr. \u018flizad\u0259 Rasim \u0130SMAYIL O\u011eLU (Azerbaijan Technical University)<\/p>\n\n\n\n<p>Prof. Dr. \u018fliyev \u018fli B\u0130NN\u018fT O\u011eLU (Azerbaijan University of Architecture and Construction)<\/p>\n\n\n\n<p>Prof. Dr. \u018fhm\u0259dov Hikm\u0259t \u0130N\u015eALLA O\u011eLU (Baku State University)<\/p>\n\n\n\n<p>Prof. Dr. Germ\u00e1n F. DE LA FUENTE (University of Zaragoza)<\/p>\n\n\n\n<p>Prof. Dr. Behnam MOHAMMADI-IVATLOO (University of Tabriz)<\/p>\n\n\n\n<p>Prof. Dr. Can HA\u015e\u0130MO\u011eLU (Sakarya University)<\/p>\n\n\n\n<p>Prof. Dr. \u00c7etin ELMAS (Gazi University)<\/p>\n\n\n\n<p>Prof. Dr. F. P. Garcia MARQUEZ (University of Castilla-La Mancha)<\/p>\n\n\n\n<p>Prof. Dr. Jamal KHAT\u0130B (Beirut Arab University)<\/p>\n\n\n\n<p>Prof. Dr. Jerzy SMARDZEWSK\u0130 (Poznan University)<\/p>\n\n\n\n<p>Prof. Dr. John KINUTHIA (University of South Wales)<\/p>\n\n\n\n<p>Prof. Dr. Luis Alberto ANGUREL (University of Zaragoza)<\/p>\n\n\n\n<p>Prof. Dr. Marat ZHUR\u0130NOV (National Academy of Sciences of Kazakhstan)<\/p>\n\n\n\n<p>Prof. Dr. Md Shahriar HOSSA\u0130N (University of Wollongong Australia)<\/p>\n\n\n\n<p>Prof. Dr. Musayev Na\u011f\u0131 ALM\u018fMM\u018fD O\u011eLU (Baku State University)<\/p>\n\n\n\n<p>Prof. Dr. Neamullah KHAN (NCEAC University of Sindlt)<\/p>\n\n\n\n<p>Prof. Dr. Najib CHEGGOUR (Florida State University)<\/p>\n\n\n\n<p>Prof. Dr. Naoyuki AMEMIYA (Kyoto University)<\/p>\n\n\n\n<p>Prof. Dr. Nihat Sinan I\u015eIK (Gazi University)<\/p>\n\n\n\n<p>Prof. Dr. Tayirov Mitalip TAY\u0130ROV\u0130CH (Batken State University)<\/p>\n\n\n\n<p>Prof. Dr. Pascal NZOKOU (Michigan State University)<\/p>\n\n\n\n<p>Prof. Dr. Alaattin KA\u00c7AL (Dumlup\u0131nar University)<\/p>\n\n\n\n<p>Prof. Dr. Recep B\u0130RG\u00dcL (Carroll College)<\/p>\n\n\n\n<p>Prof. Dr. G\u00fcrkan \u00d6ZDEN (Dokuz Eyl\u00fcl University)<\/p>\n\n\n\n<p>Prof. Dr. Igbal BABAYEV (Azerbaijan Technical University)<\/p>\n\n\n\n<p>Prof. Dr. Maksud BOBOJANOV (Tashkent State Technical University)<\/p>\n\n\n\n<p>Prof. Dr. M\u00fcrsel ERDAL (Gazi University)<\/p>\n\n\n\n<p>Prof. Dr. Nurali YUSUFBEYL\u0130 (Azerbaijan Technical University)<\/p>\n\n\n\n<p>Prof. Dr. \u00d6mer EYERC\u0130O\u011eLU (Gaziantep University)<\/p>\n\n\n\n<p>Prof. Dr. Sergey BUSHIYEV (Azerbaijan Technical University)<\/p>\n\n\n\n<p>Prof. Dr. Saleh SULTANSOY (Tobb Technology University)<\/p>\n\n\n\n<p>Prof. Dr. Selami CANDAN (Gazi University)<\/p>\n\n\n\n<p>Prof. Dr. Zulkhayir MANSUROV (Institute of Combustion Problems)<\/p>\n\n\n\n<p>Prof. Dr. Halim BOUSSABAINE (Project Management)<\/p>\n\n\n\n<p>Prof. Dr. Kareem TAHBOUB (Mechanical Engineering)<\/p>\n\n\n\n<p>Prof. Dr. Hakan KARSLI (Karadeniz Technical University)<\/p>\n\n\n\n<p>Do\u00e7. Dr. \u00d6zcan \u00d6ZYURT (Karadeniz Technical University)<\/p>\n\n\n\n<p>Prof. Dr. Shikhaliyev Namiq QURBET OGLU (Baku State University)<\/p>\n\n\n\n<p>Prof. Dr. Zafer USUNDAG (Dumlupinar University)<\/p>\n\n\n\n<p>Prof. Dr. Zulpuyev Abdivap ZUPUYEVICH (Batken State University)<\/p>\n\n\n\n<p>Prof. Dr. Qocayev Niftali MEHRALI OGLU (Baku Engineering University)<\/p>\n\n\n\n<p>Prof. Dr. Necati CATBAS (University of Central Florida)<\/p>\n\n\n\n<p>Prof. Dr. Mumtaz USMEN (Wayne State University)<\/p>\n\n\n\n<p>Prof. Dr. Tuncay YIGIT (Suleyman Demirel University)<\/p>\n\n\n\n<p>Prof. Dr. Vilayet VELIYEV (Azerbaijan Technical University)<\/p>\n\n\n\n<p>Prof. Dr. Z. ABDUL-MALEK (Universiti Teknologi Malaysia)<\/p>\n\n\n\n<p>Assoc. Prof. Dr. Giuseppe LOPRENCIPE (Sapienza University of Rome)<\/p>\n\n\n\n<p>Assoc. Prof. Dr.  Rrahim SEDJIU (University of Applied Sciences in Ferizaj)<\/p>\n\n\n\n<p>Assoc. Prof. Dr. Ramazan CAKIROGLU (Gazi University)<\/p>\n\n\n\n<p>Assoc. Prof. Dr. Burak ERKAYMAN (Ataturk University)<\/p>\n\n\n\n<p>Associate Professor Raad AZZAWI (University of Texas at Arlington)<\/p>\n\n\n\n<p>Assoc. Prof. Dr. S. H. E. Abdel ALEEM (Valley High Institute of Eng. and Tech.)<\/p>\n\n\n\n<p>Assistant Professor Himan Hojat JALALI (University of Texas at Arlington)<\/p>\n\n\n\n<p>Assistant Professor Musab Aied Qissab AL-JANABI (Al-Nahrain University)<\/p>\n\n\n\n<p>Associate Professor Lyubomir ZDRAVKOV (University of Architecture)<\/p>\n\n\n\n<p>Dr. Onur ALTUNTAS (National Defense University)<\/p>\n\n\n\n<p>Dr. Mehrdad AGHAGHOLIZADEH (Southern Methodist University)<\/p>\n\n\n\n<p>Dr. Margaret CARTER (Manchester University)<\/p>\n\n\n\n<p>Dr. Mahsa Seyyedian CHOOBI (Technical University Of Denmark)<\/p>\n\n\n\n<p>Dr. Michael LISYUK (Director for Development Georeconstruction Group of Companies)<\/p>\n\n\n\n<p>Dr. Abbas RABIEE (University of Zanjan)<\/p>\n\n\n\n<p>Dr. Ali AHMADIAN (University of Bonab)<\/p>\n\n\n\n<p>Dr. Amin Mohammadpour SHOTORBANI (University of British Columbia)<\/p>\n\n\n\n<p>Dr. D. R. ALMALYK (The Islam Karimov Tashkent State Technical University)<\/p>\n\n\n\n<p>Dr. Morteza Zare OSKOUEI (Qatar University)<\/p>\n\n\n\n<p>Dr. Pouya IFAEI (Kyung Hee University)<\/p>\n\n\n\n<p>Dr. Saeed PEYGHAMI (Aalborg University)<\/p>\n\n\n\n<p>Dr. Vahid VAHIDINASAB (Nottingham Trent University)<\/p>\n\n\n\n<p>Dr. Zeynep HASIRCI TUGCU (Karadeniz Technical University)<\/p>\n","protected":false},"excerpt":{"rendered":"<p>Prof. Dr. Abid ABU-TAIR (British University in Dubai) Prof. Dr. Ahmed F. ZOBAA (Brunel University) Prof. Dr. Adil EL-KORDI (Beirut Arab University) Prof. Dr. Ali Fuat BOZ (Sakarya University) Prof. Dr. Adilkhan ZHANGAZ\u0130YEV (Taraz State Pedagogical University) Prof. Dr. Abd\u0131kal\u0131kov Ak\u0131lbek ABDIKALIKOV\u0130CH (Kyrgyz State University of Construction, Transportation and Architecture) Prof. Dr. Adel ELKORD\u0130 (Beirut\u2026 <span class=\"read-more\"><a href=\"http:\/\/teskongre.org\/fm2023ing\/bilim-kurulu\/\">Read More &raquo;<\/a><\/span><\/p>\n","protected":false},"author":1,"featured_media":0,"parent":0,"menu_order":0,"comment_status":"closed","ping_status":"closed","template":"","meta":{"footnotes":""},"class_list":["post-28","page","type-page","status-publish","hentry"],"_links":{"self":[{"href":"http:\/\/teskongre.org\/fm2023ing\/wp-json\/wp\/v2\/pages\/28","targetHints":{"allow":["GET"]}}],"collection":[{"href":"http:\/\/teskongre.org\/fm2023ing\/wp-json\/wp\/v2\/pages"}],"about":[{"href":"http:\/\/teskongre.org\/fm2023ing\/wp-json\/wp\/v2\/types\/page"}],"author":[{"embeddable":true,"href":"http:\/\/teskongre.org\/fm2023ing\/wp-json\/wp\/v2\/users\/1"}],"replies":[{"embeddable":true,"href":"http:\/\/teskongre.org\/fm2023ing\/wp-json\/wp\/v2\/comments?post=28"}],"version-history":[{"count":13,"href":"http:\/\/teskongre.org\/fm2023ing\/wp-json\/wp\/v2\/pages\/28\/revisions"}],"predecessor-version":[{"id":587,"href":"http:\/\/teskongre.org\/fm2023ing\/wp-json\/wp\/v2\/pages\/28\/revisions\/587"}],"wp:attachment":[{"href":"http:\/\/teskongre.org\/fm2023ing\/wp-json\/wp\/v2\/media?parent=28"}],"curies":[{"name":"wp","href":"https:\/\/api.w.org\/{rel}","templated":true}]}}