{"id":44,"date":"2019-04-17T13:36:42","date_gmt":"2019-04-17T10:36:42","guid":{"rendered":"http:\/\/teskongre.org\/fm2019\/?page_id=44"},"modified":"2021-06-02T12:14:00","modified_gmt":"2021-06-02T12:14:00","slug":"onemli-tarihler","status":"publish","type":"page","link":"http:\/\/teskongre.org\/fm2021\/onemli-tarihler\/","title":{"rendered":"\u00d6nemli Tarihler"},"content":{"rendered":"\n<p>\u00d6zet G\u00f6nderme: 8 \u015eubat-30 Haziran 2021<br>(Abstract Submission: 8 February-30 June 2021)<\/p>\n\n\n\n<p>\u00d6zet De\u011ferlendirmelerinin Yazarlara Bildirilmesi: 7 Temmuz 2021<br>(Abstract Notification: 7 July 2021)<\/p>\n\n\n\n<p>Tam Metinlerin G\u00f6nderilmesi: 7 Temmuz-1 Eyl\u00fcl 2021<br>(Full Paper Submission: 7 July-1 September 2021 )<\/p>\n\n\n\n<p>Tam Metin De\u011ferlendirmelerinin Yazarlara G\u00f6nderilmesi: 20 Eyl\u00fcl 2021<br>(Full Paper Notification: 20 September 2021)<\/p>\n\n\n\n<p>D\u00fczeltilmi\u015f Tam Metinlerin G\u00f6nderilmesi: 22 Eyl\u00fcl 2021<br>(Reviewed Full Paper Submission: 22 September 2021)<\/p>\n","protected":false},"excerpt":{"rendered":"<p>\u00d6zet G\u00f6nderme: 8 \u015eubat-30 Haziran 2021(Abstract Submission: 8 February-30 June 2021) \u00d6zet De\u011ferlendirmelerinin Yazarlara Bildirilmesi: 7 Temmuz 2021(Abstract Notification: 7 July 2021) Tam Metinlerin G\u00f6nderilmesi: 7 Temmuz-1 Eyl\u00fcl 2021(Full Paper Submission: 7 July-1 September 2021 ) Tam Metin De\u011ferlendirmelerinin Yazarlara G\u00f6nderilmesi: 20 Eyl\u00fcl 2021(Full Paper Notification: 20 September 2021) D\u00fczeltilmi\u015f Tam Metinlerin G\u00f6nderilmesi: 22 Eyl\u00fcl\u2026 <span class=\"read-more\"><a href=\"http:\/\/teskongre.org\/fm2021\/onemli-tarihler\/\">Read More &raquo;<\/a><\/span><\/p>\n","protected":false},"author":1,"featured_media":0,"parent":0,"menu_order":0,"comment_status":"closed","ping_status":"closed","template":"","meta":{"footnotes":""},"class_list":["post-44","page","type-page","status-publish","hentry"],"_links":{"self":[{"href":"http:\/\/teskongre.org\/fm2021\/wp-json\/wp\/v2\/pages\/44","targetHints":{"allow":["GET"]}}],"collection":[{"href":"http:\/\/teskongre.org\/fm2021\/wp-json\/wp\/v2\/pages"}],"about":[{"href":"http:\/\/teskongre.org\/fm2021\/wp-json\/wp\/v2\/types\/page"}],"author":[{"embeddable":true,"href":"http:\/\/teskongre.org\/fm2021\/wp-json\/wp\/v2\/users\/1"}],"replies":[{"embeddable":true,"href":"http:\/\/teskongre.org\/fm2021\/wp-json\/wp\/v2\/comments?post=44"}],"version-history":[{"count":4,"href":"http:\/\/teskongre.org\/fm2021\/wp-json\/wp\/v2\/pages\/44\/revisions"}],"predecessor-version":[{"id":413,"href":"http:\/\/teskongre.org\/fm2021\/wp-json\/wp\/v2\/pages\/44\/revisions\/413"}],"wp:attachment":[{"href":"http:\/\/teskongre.org\/fm2021\/wp-json\/wp\/v2\/media?parent=44"}],"curies":[{"name":"wp","href":"https:\/\/api.w.org\/{rel}","templated":true}]}}