{"id":38,"date":"2019-04-17T13:36:11","date_gmt":"2019-04-17T10:36:11","guid":{"rendered":"http:\/\/teskongre.org\/fm2019\/?page_id=38"},"modified":"2021-10-21T10:01:19","modified_gmt":"2021-10-21T10:01:19","slug":"kongre-programi","status":"publish","type":"page","link":"http:\/\/teskongre.org\/fm2021\/kongre-programi\/","title":{"rendered":"Kongre Program\u0131"},"content":{"rendered":"\n<p>Kongre Program\u0131na ula\u015fmak i\u00e7in <a href=\"https:\/\/drive.google.com\/file\/d\/18ZcXCPpg4f6YVHJ_6fR7JXuNHWfRf-dR\/view?usp=sharing\">t\u0131klay\u0131n\u0131z<\/a><\/p>\n","protected":false},"excerpt":{"rendered":"<p>Kongre Program\u0131na ula\u015fmak i\u00e7in t\u0131klay\u0131n\u0131z<\/p>\n","protected":false},"author":1,"featured_media":0,"parent":0,"menu_order":0,"comment_status":"closed","ping_status":"closed","template":"","meta":{"footnotes":""},"class_list":["post-38","page","type-page","status-publish","hentry"],"_links":{"self":[{"href":"http:\/\/teskongre.org\/fm2021\/wp-json\/wp\/v2\/pages\/38","targetHints":{"allow":["GET"]}}],"collection":[{"href":"http:\/\/teskongre.org\/fm2021\/wp-json\/wp\/v2\/pages"}],"about":[{"href":"http:\/\/teskongre.org\/fm2021\/wp-json\/wp\/v2\/types\/page"}],"author":[{"embeddable":true,"href":"http:\/\/teskongre.org\/fm2021\/wp-json\/wp\/v2\/users\/1"}],"replies":[{"embeddable":true,"href":"http:\/\/teskongre.org\/fm2021\/wp-json\/wp\/v2\/comments?post=38"}],"version-history":[{"count":5,"href":"http:\/\/teskongre.org\/fm2021\/wp-json\/wp\/v2\/pages\/38\/revisions"}],"predecessor-version":[{"id":425,"href":"http:\/\/teskongre.org\/fm2021\/wp-json\/wp\/v2\/pages\/38\/revisions\/425"}],"wp:attachment":[{"href":"http:\/\/teskongre.org\/fm2021\/wp-json\/wp\/v2\/media?parent=38"}],"curies":[{"name":"wp","href":"https:\/\/api.w.org\/{rel}","templated":true}]}}