{"id":34,"date":"2019-04-17T13:35:51","date_gmt":"2019-04-17T10:35:51","guid":{"rendered":"http:\/\/teskongre.org\/fm2019\/?page_id=34"},"modified":"2021-05-01T12:20:23","modified_gmt":"2021-05-01T12:20:23","slug":"katilim-katilim-ucreti","status":"publish","type":"page","link":"http:\/\/teskongre.org\/fm2021\/katilim-katilim-ucreti\/","title":{"rendered":"Kat\u0131l\u0131m &#8211; Kat\u0131l\u0131m \u00dccreti"},"content":{"rendered":"\n<p>Kongre, kat\u0131lmak isteyen <strong>T\u00fcrk E\u011fitim-Sen ve UAESEB<\/strong> \u00fcyesi olan herkese a\u00e7\u0131kt\u0131r. Kongre\u2019de bizzat bildiri sunan kat\u0131l\u0131mc\u0131lara bildirilerini sunduklar\u0131na dair bir belge verilecektir. Kongre bildirilerinin \u201c<strong>Kongre Kitab\u0131nda<\/strong>\u201d yer almas\u0131 i\u00e7in; kongre kay\u0131t i\u015flemlerinin tamamlanm\u0131\u015f olmas\u0131 ve bildirinin kongrede sunulmu\u015f olmas\u0131 gerekmektedir. <\/p>\n\n\n\n<p>Kongre Kat\u0131l\u0131m \u00fccreti yoktur.<\/p>\n\n\n\n<p><\/p>\n","protected":false},"excerpt":{"rendered":"<p>Kongre, kat\u0131lmak isteyen T\u00fcrk E\u011fitim-Sen ve UAESEB \u00fcyesi olan herkese a\u00e7\u0131kt\u0131r. Kongre\u2019de bizzat bildiri sunan kat\u0131l\u0131mc\u0131lara bildirilerini sunduklar\u0131na dair bir belge verilecektir. Kongre bildirilerinin \u201cKongre Kitab\u0131nda\u201d yer almas\u0131 i\u00e7in; kongre kay\u0131t i\u015flemlerinin tamamlanm\u0131\u015f olmas\u0131 ve bildirinin kongrede sunulmu\u015f olmas\u0131 gerekmektedir. Kongre Kat\u0131l\u0131m \u00fccreti yoktur.<\/p>\n","protected":false},"author":1,"featured_media":0,"parent":0,"menu_order":0,"comment_status":"closed","ping_status":"closed","template":"","meta":{"footnotes":""},"class_list":["post-34","page","type-page","status-publish","hentry"],"_links":{"self":[{"href":"http:\/\/teskongre.org\/fm2021\/wp-json\/wp\/v2\/pages\/34","targetHints":{"allow":["GET"]}}],"collection":[{"href":"http:\/\/teskongre.org\/fm2021\/wp-json\/wp\/v2\/pages"}],"about":[{"href":"http:\/\/teskongre.org\/fm2021\/wp-json\/wp\/v2\/types\/page"}],"author":[{"embeddable":true,"href":"http:\/\/teskongre.org\/fm2021\/wp-json\/wp\/v2\/users\/1"}],"replies":[{"embeddable":true,"href":"http:\/\/teskongre.org\/fm2021\/wp-json\/wp\/v2\/comments?post=34"}],"version-history":[{"count":3,"href":"http:\/\/teskongre.org\/fm2021\/wp-json\/wp\/v2\/pages\/34\/revisions"}],"predecessor-version":[{"id":394,"href":"http:\/\/teskongre.org\/fm2021\/wp-json\/wp\/v2\/pages\/34\/revisions\/394"}],"wp:attachment":[{"href":"http:\/\/teskongre.org\/fm2021\/wp-json\/wp\/v2\/media?parent=34"}],"curies":[{"name":"wp","href":"https:\/\/api.w.org\/{rel}","templated":true}]}}